{"id":167,"date":"2022-05-03T18:47:56","date_gmt":"2022-05-03T16:47:56","guid":{"rendered":"https:\/\/site.educa.madrid.org\/ies.rodriguezdevalcarcel.madrid\/?page_id=167"},"modified":"2023-10-25T01:47:55","modified_gmt":"2023-10-24T23:47:55","slug":"bolsa-de-empleo","status":"publish","type":"page","link":"https:\/\/site.educa.madrid.org\/ies.rodriguezdevalcarcel.madrid\/index.php\/bolsa-de-empleo\/","title":{"rendered":"Bolsa de empleo"},"content":{"rendered":"\n<figure class=\"wp-block-image size-full\"><img decoding=\"async\" src=\"https:\/\/site.educa.madrid.org\/ies.rodriguezdevalcarcel.madrid\/\/wp-content\/uploads\/ies.rodriguezdevalcarcel.madrid\/2023\/05\/bolsa-empleo2.jpg\" alt=\"\" class=\"wp-image-742\"\/><\/figure>\n\n\n\n<p>El IFP CMR Valc\u00e1rcel cuenta con una bolsa de empleo propia a trav\u00e9s de la que gestionamos todas las <strong>ofertas de empleo <\/strong>que llegan a nuestro Centro:<\/p>\n\n\n\n<p>Si eres <strong>EMPRESA<\/strong>, puedes enviarnos tu oferta y nosotros se la haremos llegar al alumnado que cumpla con los requisitos del perfil profesional que deseas cubrir.<\/p>\n\n\n\n<p>Si eres <strong>ALUMNO\/A<\/strong> o antiguo alumno\/a, <a href=\"https:\/\/site.educa.madrid.org\/ies.rodriguezdevalcarcel.madrid\/index.php\/alta-en-la-bolsa-de-empleo\/\" data-type=\"page\" data-id=\"1856\"><strong>puedes darte de alta en nuestra bolsa<\/strong><\/a> para recibir las ofertas que mejor se adec\u00faen a tu formaci\u00f3n y habilidades.<\/p>\n\n\n\n<p>Adem\u00e1s, el l IFP CMR de Valc\u00e1rcel est\u00e1 inscrito en la plataforma <a rel=\"noreferrer noopener\" href=\"https:\/\/www.empleafp.com\/site\/index.html#\/\" target=\"_blank\"><strong>EmpleaFP<\/strong><\/a>, bolsa de empleo especializada en Formaci\u00f3n Profesional con una amplia base de profesionales titulados en FP y empresas de todos los sectores productivos. Tanto si eres alumno\/a como empresa puedes darte de alta en: <a rel=\"noreferrer noopener\" href=\"http:\/\/empleafp.es\/\" target=\"_blank\">http:\/\/empleafp.es<\/a><\/p>\n\n\n\n<p>Contacto: <a href=\"mailto:bolsaempleo.ies.rodriguezdevalcarcel.madrid@educa.madrid.org\">bolsaempleo.ies.rodriguezdevalcarcel.madrid@educa.madrid.org<\/a><\/p>\n\n\n\n<p><a href=\"https:\/\/view.genial.ly\/63862bbb5cc87600194ffa83\/interactive-content-guia-de-empleo-red-de-oficinas-de-informacion-juvenil-madrid\" target=\"_blank\" rel=\"noreferrer noopener\"><strong>GU\u00cdA DE EMPLEO<\/strong><\/a><\/p>\n\n\n\n<p><a href=\"https:\/\/site.educa.madrid.org\/ies.rodriguezdevalcarcel.madrid\/\/wp-content\/uploads\/ies.rodriguezdevalcarcel.madrid\/2023\/01\/GuiaEmpleoEuropa.pdf\" target=\"_blank\" rel=\"noreferrer noopener\">Empleo Europa<\/a><\/p>\n","protected":false},"excerpt":{"rendered":"<p>El IFP CMR Valc\u00e1rcel cuenta con una bolsa de empleo propia a trav\u00e9s de la que gestionamos todas las ofertas de empleo [&hellip;]<\/p>\n","protected":false},"author":2,"featured_media":0,"parent":0,"menu_order":0,"comment_status":"closed","ping_status":"closed","template":"","meta":{"footnotes":""},"class_list":["post-167","page","type-page","status-publish","hentry"],"rttpg_featured_image_url":null,"rttpg_author":{"display_name":"tic.ies.rodriguezdevalcarcel.madrid","author_link":"https:\/\/site.educa.madrid.org\/ies.rodriguezdevalcarcel.madrid\/index.php\/author\/cuenta_tic-ies-rodriguezdevalcarcel-madrid\/"},"rttpg_comment":0,"rttpg_category":null,"rttpg_excerpt":"El IFP CMR Valc\u00e1rcel cuenta con una bolsa de empleo propia a trav\u00e9s de la que gestionamos todas las ofertas de empleo [&hellip;]","post_mailing_queue_ids":[],"_links":{"self":[{"href":"https:\/\/site.educa.madrid.org\/ies.rodriguezdevalcarcel.madrid\/index.php\/wp-json\/wp\/v2\/pages\/167","targetHints":{"allow":["GET"]}}],"collection":[{"href":"https:\/\/site.educa.madrid.org\/ies.rodriguezdevalcarcel.madrid\/index.php\/wp-json\/wp\/v2\/pages"}],"about":[{"href":"https:\/\/site.educa.madrid.org\/ies.rodriguezdevalcarcel.madrid\/index.php\/wp-json\/wp\/v2\/types\/page"}],"author":[{"embeddable":true,"href":"https:\/\/site.educa.madrid.org\/ies.rodriguezdevalcarcel.madrid\/index.php\/wp-json\/wp\/v2\/users\/2"}],"replies":[{"embeddable":true,"href":"https:\/\/site.educa.madrid.org\/ies.rodriguezdevalcarcel.madrid\/index.php\/wp-json\/wp\/v2\/comments?post=167"}],"version-history":[{"count":16,"href":"https:\/\/site.educa.madrid.org\/ies.rodriguezdevalcarcel.madrid\/index.php\/wp-json\/wp\/v2\/pages\/167\/revisions"}],"predecessor-version":[{"id":2423,"href":"https:\/\/site.educa.madrid.org\/ies.rodriguezdevalcarcel.madrid\/index.php\/wp-json\/wp\/v2\/pages\/167\/revisions\/2423"}],"wp:attachment":[{"href":"https:\/\/site.educa.madrid.org\/ies.rodriguezdevalcarcel.madrid\/index.php\/wp-json\/wp\/v2\/media?parent=167"}],"curies":[{"name":"wp","href":"https:\/\/api.w.org\/{rel}","templated":true}]}}