{"id":169,"date":"2022-05-03T18:48:16","date_gmt":"2022-05-03T16:48:16","guid":{"rendered":"https:\/\/site.educa.madrid.org\/ies.rodriguezdevalcarcel.madrid\/?page_id=169"},"modified":"2025-10-01T11:24:52","modified_gmt":"2025-10-01T09:24:52","slug":"erasmus","status":"publish","type":"page","link":"https:\/\/site.educa.madrid.org\/ies.rodriguezdevalcarcel.madrid\/index.php\/erasmus\/","title":{"rendered":"Programa Erasmus+"},"content":{"rendered":"\n<p>Erasmus+ es el programa de la Uni\u00f3n Europea en el \u00e1mbito de la educaci\u00f3n, la formaci\u00f3n, la juventud y el deporte para el periodo 2021-2027 que permite que nuestro alumnado de grado superior y profesorado pueda realizar <strong>movilidades para formaci\u00f3n pr\u00e1ctica<\/strong> en empresas, escuelas e instituciones ubicadas en pa\u00edses de la Uni\u00f3n Europea con la ayuda de una beca.<\/p>\n\n\n\n<p>En el IFP Valc\u00e1rcel disponemos de la <strong>Carta Erasmus de Educaci\u00f3n Superior<\/strong> desde el a\u00f1o 2011 y desde entonces tenemos con una amplia experiencia de movilidades de alumnas y alumnos que han podido cursar en m\u00f3dulo FCT en empresas socias en pa\u00edses del programa, a las cuales hemos sumado recientemente las movilidades del personal docente.<\/p>\n\n\n\n<p>Nuestras movilidades son de dos tipos:<\/p>\n\n\n\n<ul class=\"wp-block-list\">\n<li>Movilidades de <strong>estudiantes de ciclos de grado superior<\/strong> para un periodo de formaci\u00f3n pr\u00e1ctica de tres meses en empresas europeas para cursar:\n<ul class=\"wp-block-list\">\n<li>El m\u00f3dulo FCT.<\/li>\n\n\n\n<li>Pr\u00e1cticas en empresas para alumnado reci\u00e9n titulado.<\/li>\n<\/ul>\n<\/li>\n\n\n\n<li>Movilidades del <strong>profesorado para formaci\u00f3n en escuelas<\/strong> asociadas donde se impartan ense\u00f1anzas de educaci\u00f3n superior del sector audiovisual con vocaci\u00f3n internacional.<\/li>\n<\/ul>\n\n\n\n<p><strong>N\u00famero de becas disponibles:<\/strong><\/p>\n\n\n\n<p>Var\u00eda cada curso en funci\u00f3n de las concedidas por el Servicio Espa\u00f1ol para la Internacionalizaci\u00f3n de la Educaci\u00f3n.<\/p>\n\n\n\n<p><strong>Calendario de FCT Erasmus:<\/strong><\/p>\n\n\n\n<ul class=\"wp-block-list\">\n<li>Solicitud de becas para alumnos: octubre.<\/li>\n\n\n\n<li>Resoluci\u00f3n de becas: diciembre.<\/li>\n\n\n\n<li>FCT Erasmus: entre los meses de marzo a junio.<\/li>\n<\/ul>\n\n\n\n<p>En el departamento de Erasmus colaboramos estrechamente con nuestro socio <strong>Xarxa FP<\/strong>, que dispone de oficinas en gran parte de pa\u00edses de la Uni\u00f3n Europea y son nuestro enlace con empresas, centros educativos e instituciones participantes en programas de movilidad en ciudades como M\u00fanich en Alemania, Rovaniemi o Kuopio en Finlandia.<\/p>\n\n\n\n<h2 class=\"wp-block-heading\">Movilidades del curso 2021-2022<\/h2>\n\n\n\n<p>Este a\u00f1o acad\u00e9mico M\u00fanich (Alemania) ha sido la ciudad europea que ha acogido todas las movilidades realizadas:<\/p>\n\n\n\n<ul class=\"wp-block-list\">\n<li>Pr\u00e1cticas en empresas para reci\u00e9n titulada una alumna del ciclo de grado superior de Sonido para Audiovisuales y Espect\u00e1culos en el centro cultural B\u00fcrgerhaus Glockenbachverkstatt durante 3 meses.<\/li>\n\n\n\n<li>M\u00f3dulo de m\u00f3dulo FCT para una alumna del ciclo de grado superior de Iluminaci\u00f3n, Captaci\u00f3n y Tratamiento de Imagen en Kulturreferat (Ayuntamento de M\u00fanich) durante 3 meses.<\/li>\n\n\n\n<li>Movilidad de personal docente para cuatro profesores del centro para formaci\u00f3n en las escuelas St\u00e4dliche Berufschule f\u00fcr Medienberufe, Mediaschool Bayern y Berufliches Schulzentrum Alois Senefelder.<\/li>\n<\/ul>\n\n\n\n<h2 class=\"wp-block-heading\">Documentos para descargar<\/h2>\n\n\n\n<p><a href=\"https:\/\/site.educa.madrid.org\/ies.rodriguezdevalcarcel.madrid\/\/wp-content\/uploads\/ies.rodriguezdevalcarcel.madrid\/2025\/09\/Carta_de_compromiso_Erasmus_2026.pdf\" target=\"_blank\" rel=\"noreferrer noopener\">Carta de compromiso<\/a><\/p>\n\n\n\n<p><a href=\"https:\/\/site.educa.madrid.org\/ies.rodriguezdevalcarcel.madrid\/\/wp-content\/uploads\/ies.rodriguezdevalcarcel.madrid\/2022\/06\/solicitud-de-inscripcion-erasmus-2021-2022.pdf\" target=\"_blank\" rel=\"noreferrer noopener\">Solicitud de inscripci\u00f3n<\/a><\/p>\n\n\n\n<h2 class=\"wp-block-heading\">Documentos de consulta<\/h2>\n\n\n\n<p><a href=\"https:\/\/site.educa.madrid.org\/ies.rodriguezdevalcarcel.madrid\/\/wp-content\/uploads\/ies.rodriguezdevalcarcel.madrid\/2022\/06\/Erasmus-Charter-for-Higher-Education-2021-2027.pdf\" target=\"_blank\" rel=\"noreferrer noopener\">Carta Erasmus 2021-2027<\/a><\/p>\n\n\n\n<p><a href=\"https:\/\/site.educa.madrid.org\/ies.rodriguezdevalcarcel.madrid\/\/wp-content\/uploads\/ies.rodriguezdevalcarcel.madrid\/2022\/06\/eps.pdf\" target=\"_blank\" rel=\"noreferrer noopener\">Erasmus Polity Statement<\/a><\/p>\n\n\n\n<p><br><br>Contacto: <a href=\"mailto:erasmus.ies.rodriguezdevalcarcel.madrid@educa.madrid.org\">erasmus.ies.rodriguezdevalcarcel.madrid@educa.madrid.org<\/a><\/p>\n\n\n\n<p>Instagram: @erasmus_ifpvalcarcel &#8211; <a rel=\"noreferrer noopener\" href=\"https:\/\/www.instagram.com\/erasmus_ifpvalcarcel\/\" target=\"_blank\">https:\/\/www.instagram.com\/erasmus_ifpvalcarcel\/<\/a><\/p>\n\n\n\n<h2 class=\"wp-block-heading\">Movilidad de nuestro profesorado a M\u00fanich<\/h2>\n\n\n\n<div class=\"wp-block-columns is-layout-flex wp-container-core-columns-is-layout-9d6595d7 wp-block-columns-is-layout-flex\">\n<div class=\"wp-block-column is-layout-flow wp-block-column-is-layout-flow\">\n<figure class=\"wp-block-image size-full\"><a href=\"https:\/\/site.educa.madrid.org\/ies.rodriguezdevalcarcel.madrid\/\/wp-content\/uploads\/ies.rodriguezdevalcarcel.madrid\/2022\/06\/alois.jpg\" target=\"_blank\" rel=\"noopener\"><img loading=\"lazy\" decoding=\"async\" width=\"1024\" height=\"768\" src=\"https:\/\/site.educa.madrid.org\/ies.rodriguezdevalcarcel.madrid\/\/wp-content\/uploads\/ies.rodriguezdevalcarcel.madrid\/2022\/06\/alois.jpg\" alt=\"\" class=\"wp-image-731\" srcset=\"https:\/\/site.educa.madrid.org\/ies.rodriguezdevalcarcel.madrid\/\/wp-content\/uploads\/ies.rodriguezdevalcarcel.madrid\/2022\/06\/alois.jpg 1024w, https:\/\/site.educa.madrid.org\/ies.rodriguezdevalcarcel.madrid\/\/wp-content\/uploads\/ies.rodriguezdevalcarcel.madrid\/2022\/06\/alois-300x225.jpg 300w, https:\/\/site.educa.madrid.org\/ies.rodriguezdevalcarcel.madrid\/\/wp-content\/uploads\/ies.rodriguezdevalcarcel.madrid\/2022\/06\/alois-768x576.jpg 768w, https:\/\/site.educa.madrid.org\/ies.rodriguezdevalcarcel.madrid\/\/wp-content\/uploads\/ies.rodriguezdevalcarcel.madrid\/2022\/06\/alois-920x690.jpg 920w, https:\/\/site.educa.madrid.org\/ies.rodriguezdevalcarcel.madrid\/\/wp-content\/uploads\/ies.rodriguezdevalcarcel.madrid\/2022\/06\/alois-230x173.jpg 230w, https:\/\/site.educa.madrid.org\/ies.rodriguezdevalcarcel.madrid\/\/wp-content\/uploads\/ies.rodriguezdevalcarcel.madrid\/2022\/06\/alois-350x263.jpg 350w, https:\/\/site.educa.madrid.org\/ies.rodriguezdevalcarcel.madrid\/\/wp-content\/uploads\/ies.rodriguezdevalcarcel.madrid\/2022\/06\/alois-480x360.jpg 480w\" sizes=\"auto, (max-width: 1024px) 100vw, 1024px\" \/><\/a><\/figure>\n<\/div>\n\n\n\n<div class=\"wp-block-column is-layout-flow wp-block-column-is-layout-flow\">\n<figure class=\"wp-block-image size-full\"><a href=\"https:\/\/site.educa.madrid.org\/ies.rodriguezdevalcarcel.madrid\/\/wp-content\/uploads\/ies.rodriguezdevalcarcel.madrid\/2022\/06\/MediaschoolBayern2.jpg\" target=\"_blank\" rel=\"noopener\"><img loading=\"lazy\" decoding=\"async\" width=\"1024\" height=\"768\" src=\"https:\/\/site.educa.madrid.org\/ies.rodriguezdevalcarcel.madrid\/\/wp-content\/uploads\/ies.rodriguezdevalcarcel.madrid\/2022\/06\/MediaschoolBayern2.jpg\" alt=\"\" class=\"wp-image-730\" srcset=\"https:\/\/site.educa.madrid.org\/ies.rodriguezdevalcarcel.madrid\/\/wp-content\/uploads\/ies.rodriguezdevalcarcel.madrid\/2022\/06\/MediaschoolBayern2.jpg 1024w, https:\/\/site.educa.madrid.org\/ies.rodriguezdevalcarcel.madrid\/\/wp-content\/uploads\/ies.rodriguezdevalcarcel.madrid\/2022\/06\/MediaschoolBayern2-300x225.jpg 300w, https:\/\/site.educa.madrid.org\/ies.rodriguezdevalcarcel.madrid\/\/wp-content\/uploads\/ies.rodriguezdevalcarcel.madrid\/2022\/06\/MediaschoolBayern2-768x576.jpg 768w, https:\/\/site.educa.madrid.org\/ies.rodriguezdevalcarcel.madrid\/\/wp-content\/uploads\/ies.rodriguezdevalcarcel.madrid\/2022\/06\/MediaschoolBayern2-920x690.jpg 920w, https:\/\/site.educa.madrid.org\/ies.rodriguezdevalcarcel.madrid\/\/wp-content\/uploads\/ies.rodriguezdevalcarcel.madrid\/2022\/06\/MediaschoolBayern2-230x173.jpg 230w, https:\/\/site.educa.madrid.org\/ies.rodriguezdevalcarcel.madrid\/\/wp-content\/uploads\/ies.rodriguezdevalcarcel.madrid\/2022\/06\/MediaschoolBayern2-350x263.jpg 350w, https:\/\/site.educa.madrid.org\/ies.rodriguezdevalcarcel.madrid\/\/wp-content\/uploads\/ies.rodriguezdevalcarcel.madrid\/2022\/06\/MediaschoolBayern2-480x360.jpg 480w\" sizes=\"auto, (max-width: 1024px) 100vw, 1024px\" \/><\/a><\/figure>\n<\/div>\n<\/div>\n\n\n\n<div class=\"wp-block-columns is-layout-flex wp-container-core-columns-is-layout-9d6595d7 wp-block-columns-is-layout-flex\">\n<div class=\"wp-block-column is-layout-flow wp-block-column-is-layout-flow\">\n<figure class=\"wp-block-image size-full\"><a href=\"https:\/\/site.educa.madrid.org\/ies.rodriguezdevalcarcel.madrid\/\/wp-content\/uploads\/ies.rodriguezdevalcarcel.madrid\/2022\/06\/Kulturreferat.jpg\" target=\"_blank\" rel=\"noopener\"><img loading=\"lazy\" decoding=\"async\" width=\"1024\" height=\"768\" src=\"https:\/\/site.educa.madrid.org\/ies.rodriguezdevalcarcel.madrid\/\/wp-content\/uploads\/ies.rodriguezdevalcarcel.madrid\/2022\/06\/Kulturreferat.jpg\" alt=\"\" class=\"wp-image-729\" srcset=\"https:\/\/site.educa.madrid.org\/ies.rodriguezdevalcarcel.madrid\/\/wp-content\/uploads\/ies.rodriguezdevalcarcel.madrid\/2022\/06\/Kulturreferat.jpg 1024w, https:\/\/site.educa.madrid.org\/ies.rodriguezdevalcarcel.madrid\/\/wp-content\/uploads\/ies.rodriguezdevalcarcel.madrid\/2022\/06\/Kulturreferat-300x225.jpg 300w, https:\/\/site.educa.madrid.org\/ies.rodriguezdevalcarcel.madrid\/\/wp-content\/uploads\/ies.rodriguezdevalcarcel.madrid\/2022\/06\/Kulturreferat-768x576.jpg 768w, https:\/\/site.educa.madrid.org\/ies.rodriguezdevalcarcel.madrid\/\/wp-content\/uploads\/ies.rodriguezdevalcarcel.madrid\/2022\/06\/Kulturreferat-920x690.jpg 920w, https:\/\/site.educa.madrid.org\/ies.rodriguezdevalcarcel.madrid\/\/wp-content\/uploads\/ies.rodriguezdevalcarcel.madrid\/2022\/06\/Kulturreferat-230x173.jpg 230w, https:\/\/site.educa.madrid.org\/ies.rodriguezdevalcarcel.madrid\/\/wp-content\/uploads\/ies.rodriguezdevalcarcel.madrid\/2022\/06\/Kulturreferat-350x263.jpg 350w, https:\/\/site.educa.madrid.org\/ies.rodriguezdevalcarcel.madrid\/\/wp-content\/uploads\/ies.rodriguezdevalcarcel.madrid\/2022\/06\/Kulturreferat-480x360.jpg 480w\" sizes=\"auto, (max-width: 1024px) 100vw, 1024px\" \/><\/a><\/figure>\n<\/div>\n\n\n\n<div class=\"wp-block-column is-layout-flow wp-block-column-is-layout-flow\">\n<figure class=\"wp-block-image size-full\"><a href=\"https:\/\/site.educa.madrid.org\/ies.rodriguezdevalcarcel.madrid\/\/wp-content\/uploads\/ies.rodriguezdevalcarcel.madrid\/2022\/06\/MediaschoolBayern.jpg\" target=\"_blank\" rel=\"noopener\"><img loading=\"lazy\" decoding=\"async\" width=\"1024\" height=\"768\" src=\"https:\/\/site.educa.madrid.org\/ies.rodriguezdevalcarcel.madrid\/\/wp-content\/uploads\/ies.rodriguezdevalcarcel.madrid\/2022\/06\/MediaschoolBayern.jpg\" alt=\"\" class=\"wp-image-728\" srcset=\"https:\/\/site.educa.madrid.org\/ies.rodriguezdevalcarcel.madrid\/\/wp-content\/uploads\/ies.rodriguezdevalcarcel.madrid\/2022\/06\/MediaschoolBayern.jpg 1024w, https:\/\/site.educa.madrid.org\/ies.rodriguezdevalcarcel.madrid\/\/wp-content\/uploads\/ies.rodriguezdevalcarcel.madrid\/2022\/06\/MediaschoolBayern-300x225.jpg 300w, https:\/\/site.educa.madrid.org\/ies.rodriguezdevalcarcel.madrid\/\/wp-content\/uploads\/ies.rodriguezdevalcarcel.madrid\/2022\/06\/MediaschoolBayern-768x576.jpg 768w, https:\/\/site.educa.madrid.org\/ies.rodriguezdevalcarcel.madrid\/\/wp-content\/uploads\/ies.rodriguezdevalcarcel.madrid\/2022\/06\/MediaschoolBayern-920x690.jpg 920w, https:\/\/site.educa.madrid.org\/ies.rodriguezdevalcarcel.madrid\/\/wp-content\/uploads\/ies.rodriguezdevalcarcel.madrid\/2022\/06\/MediaschoolBayern-230x173.jpg 230w, https:\/\/site.educa.madrid.org\/ies.rodriguezdevalcarcel.madrid\/\/wp-content\/uploads\/ies.rodriguezdevalcarcel.madrid\/2022\/06\/MediaschoolBayern-350x263.jpg 350w, https:\/\/site.educa.madrid.org\/ies.rodriguezdevalcarcel.madrid\/\/wp-content\/uploads\/ies.rodriguezdevalcarcel.madrid\/2022\/06\/MediaschoolBayern-480x360.jpg 480w\" sizes=\"auto, (max-width: 1024px) 100vw, 1024px\" \/><\/a><\/figure>\n<\/div>\n<\/div>\n\n\n\n<h2 class=\"wp-block-heading\">Objetivos del IFP CMR de Valc\u00e1rcel dentro del programa Erasmus<\/h2>\n\n\n\n<ul class=\"wp-block-list\">\n<li>Facilitar la adaptaci\u00f3n del alumnado a adaptarse a las demandas del mercado de trabajo audiovisual en el \u00e1mbito europea.<\/li>\n\n\n\n<li>Mejorar las capacidades del alumnado y profesorado para poner en pr\u00e1ctica sus conocimientos y capacidades dentro de contextos nuevos.<\/li>\n\n\n\n<li>Aumentar de las competencias ling\u00fc\u00edsticas, t\u00e9cnicas y sociales, potenciando el aprendizaje de lenguas extranjeras.<\/li>\n\n\n\n<li>Mejorar la comprensi\u00f3n del entorno econ\u00f3mico y social del pa\u00eds de destino, con el objetivo de adquirir una experiencia laboral.<\/li>\n\n\n\n<li>Desarrollar las capacidades sociales del alumnado y personal docente, d\u00e1ndoles la oportunidad de adaptarse a nuevas realidades.<\/li>\n\n\n\n<li>Mejorar el conocimiento de las\/os participantes en la dimensi\u00f3n europea de la formaci\u00f3n as\u00ed como favorecer una mayor movilidad.<\/li>\n\n\n\n<li>Ayudar al alumnado a adquirir un esp\u00edritu emprendedor mediante la participaci\u00f3n en un proyecto real y asumiendo una responsabilidad real.<\/li>\n\n\n\n<li>Reforzar la colaboraci\u00f3n entre el mundo profesional y el de la formaci\u00f3n.<\/li>\n\n\n\n<li>Crecer en el \u00e1mbito internacional y potenciar la colaboraci\u00f3n con centros, empresas e instituciones socias.<\/li>\n\n\n\n<li>Promover la igualdad de oportunidades, la inclusi\u00f3n, la diversidad y la equidad en los procesos de selecci\u00f3n de movilidades.<\/li>\n\n\n\n<li>Apoyar el desarrollo de competencias digitales en el alumnado y personal participante.<\/li>\n<\/ul>\n","protected":false},"excerpt":{"rendered":"<p>Erasmus+ es el programa de la Uni\u00f3n Europea en el \u00e1mbito de la educaci\u00f3n, la formaci\u00f3n, la juventud y el deporte para [&hellip;]<\/p>\n","protected":false},"author":2,"featured_media":0,"parent":0,"menu_order":0,"comment_status":"closed","ping_status":"closed","template":"","meta":{"footnotes":""},"class_list":["post-169","page","type-page","status-publish","hentry"],"rttpg_featured_image_url":null,"rttpg_author":{"display_name":"tic.ies.rodriguezdevalcarcel.madrid","author_link":"https:\/\/site.educa.madrid.org\/ies.rodriguezdevalcarcel.madrid\/index.php\/author\/cuenta_tic-ies-rodriguezdevalcarcel-madrid\/"},"rttpg_comment":0,"rttpg_category":null,"rttpg_excerpt":"Erasmus+ es el programa de la Uni\u00f3n Europea en el \u00e1mbito de la educaci\u00f3n, la formaci\u00f3n, la juventud y el deporte para [&hellip;]","post_mailing_queue_ids":[],"_links":{"self":[{"href":"https:\/\/site.educa.madrid.org\/ies.rodriguezdevalcarcel.madrid\/index.php\/wp-json\/wp\/v2\/pages\/169","targetHints":{"allow":["GET"]}}],"collection":[{"href":"https:\/\/site.educa.madrid.org\/ies.rodriguezdevalcarcel.madrid\/index.php\/wp-json\/wp\/v2\/pages"}],"about":[{"href":"https:\/\/site.educa.madrid.org\/ies.rodriguezdevalcarcel.madrid\/index.php\/wp-json\/wp\/v2\/types\/page"}],"author":[{"embeddable":true,"href":"https:\/\/site.educa.madrid.org\/ies.rodriguezdevalcarcel.madrid\/index.php\/wp-json\/wp\/v2\/users\/2"}],"replies":[{"embeddable":true,"href":"https:\/\/site.educa.madrid.org\/ies.rodriguezdevalcarcel.madrid\/index.php\/wp-json\/wp\/v2\/comments?post=169"}],"version-history":[{"count":24,"href":"https:\/\/site.educa.madrid.org\/ies.rodriguezdevalcarcel.madrid\/index.php\/wp-json\/wp\/v2\/pages\/169\/revisions"}],"predecessor-version":[{"id":3479,"href":"https:\/\/site.educa.madrid.org\/ies.rodriguezdevalcarcel.madrid\/index.php\/wp-json\/wp\/v2\/pages\/169\/revisions\/3479"}],"wp:attachment":[{"href":"https:\/\/site.educa.madrid.org\/ies.rodriguezdevalcarcel.madrid\/index.php\/wp-json\/wp\/v2\/media?parent=169"}],"curies":[{"name":"wp","href":"https:\/\/api.w.org\/{rel}","templated":true}]}}