{"id":1707,"date":"2023-04-23T15:57:49","date_gmt":"2023-04-23T13:57:49","guid":{"rendered":"https:\/\/site.educa.madrid.org\/ies.rodriguezdevalcarcel.madrid\/?page_id=1707"},"modified":"2023-05-26T17:08:06","modified_gmt":"2023-05-26T15:08:06","slug":"programa-valcarcel-colabora","status":"publish","type":"page","link":"https:\/\/site.educa.madrid.org\/ies.rodriguezdevalcarcel.madrid\/index.php\/programa-valcarcel-colabora\/","title":{"rendered":"Programa Valc\u00e1rcel Colabora"},"content":{"rendered":"\n<figure class=\"wp-block-image size-large\"><img loading=\"lazy\" decoding=\"async\" width=\"1024\" height=\"534\" src=\"https:\/\/site.educa.madrid.org\/ies.rodriguezdevalcarcel.madrid\/\/wp-content\/uploads\/ies.rodriguezdevalcarcel.madrid\/2023\/05\/CABECERA-1024x534.png\" alt=\"\" class=\"wp-image-1889\" srcset=\"https:\/\/site.educa.madrid.org\/ies.rodriguezdevalcarcel.madrid\/\/wp-content\/uploads\/ies.rodriguezdevalcarcel.madrid\/2023\/05\/CABECERA-1024x534.png 1024w, https:\/\/site.educa.madrid.org\/ies.rodriguezdevalcarcel.madrid\/\/wp-content\/uploads\/ies.rodriguezdevalcarcel.madrid\/2023\/05\/CABECERA-300x157.png 300w, https:\/\/site.educa.madrid.org\/ies.rodriguezdevalcarcel.madrid\/\/wp-content\/uploads\/ies.rodriguezdevalcarcel.madrid\/2023\/05\/CABECERA-768x401.png 768w, https:\/\/site.educa.madrid.org\/ies.rodriguezdevalcarcel.madrid\/\/wp-content\/uploads\/ies.rodriguezdevalcarcel.madrid\/2023\/05\/CABECERA-1536x802.png 1536w, https:\/\/site.educa.madrid.org\/ies.rodriguezdevalcarcel.madrid\/\/wp-content\/uploads\/ies.rodriguezdevalcarcel.madrid\/2023\/05\/CABECERA-920x480.png 920w, https:\/\/site.educa.madrid.org\/ies.rodriguezdevalcarcel.madrid\/\/wp-content\/uploads\/ies.rodriguezdevalcarcel.madrid\/2023\/05\/CABECERA-230x120.png 230w, https:\/\/site.educa.madrid.org\/ies.rodriguezdevalcarcel.madrid\/\/wp-content\/uploads\/ies.rodriguezdevalcarcel.madrid\/2023\/05\/CABECERA-350x183.png 350w, https:\/\/site.educa.madrid.org\/ies.rodriguezdevalcarcel.madrid\/\/wp-content\/uploads\/ies.rodriguezdevalcarcel.madrid\/2023\/05\/CABECERA-480x251.png 480w, https:\/\/site.educa.madrid.org\/ies.rodriguezdevalcarcel.madrid\/\/wp-content\/uploads\/ies.rodriguezdevalcarcel.madrid\/2023\/05\/CABECERA.png 1920w\" sizes=\"auto, (max-width: 1024px) 100vw, 1024px\" \/><\/figure>\n\n\n\n<p><a rel=\"noreferrer noopener\" href=\"https:\/\/www.instagram.com\/valcarcelcolabora\/\" target=\"_blank\"><strong>@valcarcelcolabora<\/strong><\/a><\/p>\n\n\n\n<p>Valc\u00e1rcel Colabora es una iniciativa docente impulsada por el IFP\nValc\u00e1rcel con el objetivo de facilitar colaboraciones con entidades de\ninter\u00e9s social. Esta es una iniciativa que aborda el proceso de\nense\u00f1anza-aprendizaje de la imagen fotogr\u00e1fica, audiovisual y sonora a\ntrav\u00e9s de una metodolog\u00eda de trabajo espec\u00edfica y basada en el\ndesarrollo de proyectos. Nuestra meta es la puesta en pr\u00e1ctica de las\nt\u00e9cnicas y procedimientos de imagen y sonido que forman parte de\nnuestros programas formativos.<\/p>\n\n\n\n<h2 class=\"wp-block-heading\">NUESTRO ENTORNO<\/h2>\n\n\n\n<p>El cambio en nuestra sociedad respecto a los usos de las <strong>imagen<\/strong> fotogr\u00e1fica y audiovisual ha sido repentino. La implantaci\u00f3n de la <strong>tecnolog\u00eda<\/strong> digital, internet, la telefon\u00eda m\u00f3vil y las redes sociales conforma una <strong>cultura<\/strong> en red que emplea las im\u00e1genes de una manera masiva, en todos los espacios de lo social y lo privado. Sin embargo, estos nuevos <strong>usos<\/strong> no implican que sean tomadas, comprendidas y difundidas de una forma mejorada. En el actual contexto econ\u00f3mico y social, aprender a extraer los <strong>significados<\/strong> de unas im\u00e1genes de forma cr\u00edtica, situando la forma en la que son producidas y difundidas, asegura una mejor comprensi\u00f3n de las diferentes posibilidades y limitaciones que ofrece el propio <strong>medio<\/strong> fotogr\u00e1fico, audiovisual y multimedia en general. En el reto de incorporar una <strong>educaci\u00f3n<\/strong> visual y sonora efectiva, este equipo docente establece y adapta esta metodolog\u00eda de ense\u00f1anza-aprendizaje.<\/p>\n\n\n\n<h2 class=\"wp-block-heading\">NUESTRO M\u00c9TODO<\/h2>\n\n\n\n<p>En este proceso de ense\u00f1anza-aprendizaje el profesor abandona el\npapel de suministrador de unos conocimientos para pasar a ser un\nfacilitador del proceso de desarrollo de cada proyecto, definiendo cada\npaso para su construcci\u00f3n y aportando una experiencia en el manejo\nde las referencias adecuadas, tanto a un nivel formal como de unos\ncontenidos. El resultado de este proceso aplicado a la formaci\u00f3n\nprofesional son unos proyectos fotogr\u00e1ficos y audiovisuales que\nresponden a unos formatos que son reconocibles y demandados por\nun p\u00fablico y una industria. De esta manera, hacemos posible una toma\nde posici\u00f3n efectiva de estos alumnos en el entorno productivo y de\nintercambio de la imagen y el sonido profesional.<\/p>\n\n\n\n<h2 class=\"wp-block-heading\">EN PROCESO<\/h2>\n\n\n\n<p>En estos momentos tenemos activa una exposici\u00f3n itinerante del Proyecto Sahara en la red de bibliotecas p\u00fablicas municipales de Madrid. El montaje incluye una sesi\u00f3n de m\u00fasica y visuales en directo de unos veinte minutos de duraci\u00f3n y a modo de pre\u00e1mbulo de la exposici\u00f3n fotogr\u00e1fica. Las sesiones en directo se realizan los s\u00e1bados a mediod\u00eda y se acompa\u00f1an de un aperitivo. La exposici\u00f3n de fotograf\u00edas permanece en cada biblioteca un m\u00ednimo de tres semanas.<\/p>\n\n\n\n<figure class=\"wp-block-image size-large\"><a href=\"https:\/\/site.educa.madrid.org\/ies.rodriguezdevalcarcel.madrid\/index.php\/proyecto-sahara\/\"><img decoding=\"async\" src=\"https:\/\/site.educa.madrid.org\/ies.rodriguezdevalcarcel.madrid\/\/wp-content\/uploads\/ies.rodriguezdevalcarcel.madrid\/2023\/05\/CARTEL-1.png\" alt=\"\" class=\"wp-image-1907\"\/><\/a><\/figure>\n\n\n\n<h2 class=\"wp-block-heading\">NUESTROS SOCIOS<\/h2>\n\n\n\n<div class=\"wp-block-columns is-layout-flex wp-container-core-columns-is-layout-9d6595d7 wp-block-columns-is-layout-flex\">\n<div class=\"wp-block-column is-layout-flow wp-block-column-is-layout-flow\">\n<figure class=\"wp-block-image size-full\"><a href=\"http:\/\/www.saharamarathon.org\/\" target=\"_blank\" rel=\"noopener\"><img loading=\"lazy\" decoding=\"async\" width=\"405\" height=\"230\" src=\"https:\/\/site.educa.madrid.org\/ies.rodriguezdevalcarcel.madrid\/\/wp-content\/uploads\/ies.rodriguezdevalcarcel.madrid\/2023\/05\/01.png\" alt=\"\" class=\"wp-image-1911\" srcset=\"https:\/\/site.educa.madrid.org\/ies.rodriguezdevalcarcel.madrid\/\/wp-content\/uploads\/ies.rodriguezdevalcarcel.madrid\/2023\/05\/01.png 405w, https:\/\/site.educa.madrid.org\/ies.rodriguezdevalcarcel.madrid\/\/wp-content\/uploads\/ies.rodriguezdevalcarcel.madrid\/2023\/05\/01-300x170.png 300w, https:\/\/site.educa.madrid.org\/ies.rodriguezdevalcarcel.madrid\/\/wp-content\/uploads\/ies.rodriguezdevalcarcel.madrid\/2023\/05\/01-230x131.png 230w, https:\/\/site.educa.madrid.org\/ies.rodriguezdevalcarcel.madrid\/\/wp-content\/uploads\/ies.rodriguezdevalcarcel.madrid\/2023\/05\/01-350x199.png 350w\" sizes=\"auto, (max-width: 405px) 100vw, 405px\" \/><\/a><\/figure>\n<\/div>\n\n\n\n<div class=\"wp-block-column is-layout-flow wp-block-column-is-layout-flow\">\n<figure class=\"wp-block-image size-full\"><a href=\"https:\/\/www.escueladecinedelsahara.org\/\" target=\"_blank\" rel=\"noopener\"><img loading=\"lazy\" decoding=\"async\" width=\"405\" height=\"230\" src=\"https:\/\/site.educa.madrid.org\/ies.rodriguezdevalcarcel.madrid\/\/wp-content\/uploads\/ies.rodriguezdevalcarcel.madrid\/2023\/05\/02.png\" alt=\"\" class=\"wp-image-1912\" srcset=\"https:\/\/site.educa.madrid.org\/ies.rodriguezdevalcarcel.madrid\/\/wp-content\/uploads\/ies.rodriguezdevalcarcel.madrid\/2023\/05\/02.png 405w, https:\/\/site.educa.madrid.org\/ies.rodriguezdevalcarcel.madrid\/\/wp-content\/uploads\/ies.rodriguezdevalcarcel.madrid\/2023\/05\/02-300x170.png 300w, https:\/\/site.educa.madrid.org\/ies.rodriguezdevalcarcel.madrid\/\/wp-content\/uploads\/ies.rodriguezdevalcarcel.madrid\/2023\/05\/02-230x131.png 230w, https:\/\/site.educa.madrid.org\/ies.rodriguezdevalcarcel.madrid\/\/wp-content\/uploads\/ies.rodriguezdevalcarcel.madrid\/2023\/05\/02-350x199.png 350w\" sizes=\"auto, (max-width: 405px) 100vw, 405px\" \/><\/a><\/figure>\n<\/div>\n\n\n\n<div class=\"wp-block-column is-layout-flow wp-block-column-is-layout-flow\">\n<figure class=\"wp-block-image size-full\"><a href=\"https:\/\/fisahara.es\/\" target=\"_blank\" rel=\"noopener\"><img decoding=\"async\" src=\"https:\/\/site.educa.madrid.org\/ies.rodriguezdevalcarcel.madrid\/\/wp-content\/uploads\/ies.rodriguezdevalcarcel.madrid\/2023\/05\/03.png\" alt=\"\" class=\"wp-image-1827\"\/><\/a><\/figure>\n<\/div>\n<\/div>\n\n\n\n<div class=\"wp-block-columns is-layout-flex wp-container-core-columns-is-layout-9d6595d7 wp-block-columns-is-layout-flex\">\n<div class=\"wp-block-column is-layout-flow wp-block-column-is-layout-flow\">\n<figure class=\"wp-block-image size-full\"><a href=\"https:\/\/nomadshrc.org\/\" target=\"_blank\" rel=\"noopener\"><img loading=\"lazy\" decoding=\"async\" width=\"405\" height=\"230\" src=\"https:\/\/site.educa.madrid.org\/ies.rodriguezdevalcarcel.madrid\/\/wp-content\/uploads\/ies.rodriguezdevalcarcel.madrid\/2023\/05\/04.png\" alt=\"\" class=\"wp-image-1910\" srcset=\"https:\/\/site.educa.madrid.org\/ies.rodriguezdevalcarcel.madrid\/\/wp-content\/uploads\/ies.rodriguezdevalcarcel.madrid\/2023\/05\/04.png 405w, https:\/\/site.educa.madrid.org\/ies.rodriguezdevalcarcel.madrid\/\/wp-content\/uploads\/ies.rodriguezdevalcarcel.madrid\/2023\/05\/04-300x170.png 300w, https:\/\/site.educa.madrid.org\/ies.rodriguezdevalcarcel.madrid\/\/wp-content\/uploads\/ies.rodriguezdevalcarcel.madrid\/2023\/05\/04-230x131.png 230w, https:\/\/site.educa.madrid.org\/ies.rodriguezdevalcarcel.madrid\/\/wp-content\/uploads\/ies.rodriguezdevalcarcel.madrid\/2023\/05\/04-350x199.png 350w\" sizes=\"auto, (max-width: 405px) 100vw, 405px\" \/><\/a><\/figure>\n<\/div>\n\n\n\n<div class=\"wp-block-column is-layout-flow wp-block-column-is-layout-flow\">\n<figure class=\"wp-block-image size-full\"><a href=\"https:\/\/bibliotecas.madrid.es\/portal\/site\/bibliotecas\" target=\"_blank\" rel=\"noopener\"><img decoding=\"async\" src=\"https:\/\/site.educa.madrid.org\/ies.rodriguezdevalcarcel.madrid\/\/wp-content\/uploads\/ies.rodriguezdevalcarcel.madrid\/2023\/05\/05.png\" alt=\"\" class=\"wp-image-1831\"\/><\/a><\/figure>\n<\/div>\n\n\n\n<div class=\"wp-block-column is-layout-flow wp-block-column-is-layout-flow\"><\/div>\n<\/div>\n","protected":false},"excerpt":{"rendered":"<p>@valcarcelcolabora Valc\u00e1rcel Colabora es una iniciativa docente impulsada por el IFP Valc\u00e1rcel con el objetivo de facilitar colaboraciones con entidades de inter\u00e9s [&hellip;]<\/p>\n","protected":false},"author":2,"featured_media":0,"parent":0,"menu_order":0,"comment_status":"closed","ping_status":"closed","template":"","meta":{"footnotes":""},"class_list":["post-1707","page","type-page","status-publish","hentry"],"rttpg_featured_image_url":null,"rttpg_author":{"display_name":"tic.ies.rodriguezdevalcarcel.madrid","author_link":"https:\/\/site.educa.madrid.org\/ies.rodriguezdevalcarcel.madrid\/index.php\/author\/cuenta_tic-ies-rodriguezdevalcarcel-madrid\/"},"rttpg_comment":0,"rttpg_category":null,"rttpg_excerpt":"@valcarcelcolabora Valc\u00e1rcel Colabora es una iniciativa docente impulsada por el IFP Valc\u00e1rcel con el objetivo de facilitar colaboraciones con entidades de inter\u00e9s [&hellip;]","post_mailing_queue_ids":[],"_links":{"self":[{"href":"https:\/\/site.educa.madrid.org\/ies.rodriguezdevalcarcel.madrid\/index.php\/wp-json\/wp\/v2\/pages\/1707","targetHints":{"allow":["GET"]}}],"collection":[{"href":"https:\/\/site.educa.madrid.org\/ies.rodriguezdevalcarcel.madrid\/index.php\/wp-json\/wp\/v2\/pages"}],"about":[{"href":"https:\/\/site.educa.madrid.org\/ies.rodriguezdevalcarcel.madrid\/index.php\/wp-json\/wp\/v2\/types\/page"}],"author":[{"embeddable":true,"href":"https:\/\/site.educa.madrid.org\/ies.rodriguezdevalcarcel.madrid\/index.php\/wp-json\/wp\/v2\/users\/2"}],"replies":[{"embeddable":true,"href":"https:\/\/site.educa.madrid.org\/ies.rodriguezdevalcarcel.madrid\/index.php\/wp-json\/wp\/v2\/comments?post=1707"}],"version-history":[{"count":29,"href":"https:\/\/site.educa.madrid.org\/ies.rodriguezdevalcarcel.madrid\/index.php\/wp-json\/wp\/v2\/pages\/1707\/revisions"}],"predecessor-version":[{"id":1940,"href":"https:\/\/site.educa.madrid.org\/ies.rodriguezdevalcarcel.madrid\/index.php\/wp-json\/wp\/v2\/pages\/1707\/revisions\/1940"}],"wp:attachment":[{"href":"https:\/\/site.educa.madrid.org\/ies.rodriguezdevalcarcel.madrid\/index.php\/wp-json\/wp\/v2\/media?parent=1707"}],"curies":[{"name":"wp","href":"https:\/\/api.w.org\/{rel}","templated":true}]}}