{"id":1722,"date":"2023-04-23T17:06:27","date_gmt":"2023-04-23T15:06:27","guid":{"rendered":"https:\/\/site.educa.madrid.org\/ies.rodriguezdevalcarcel.madrid\/?page_id=1722"},"modified":"2023-05-26T17:21:03","modified_gmt":"2023-05-26T15:21:03","slug":"proyecto-sahara","status":"publish","type":"page","link":"https:\/\/site.educa.madrid.org\/ies.rodriguezdevalcarcel.madrid\/index.php\/proyecto-sahara\/","title":{"rendered":"Proyecto S\u00e1hara"},"content":{"rendered":"\n<figure class=\"wp-block-image size-large\"><img loading=\"lazy\" decoding=\"async\" width=\"1024\" height=\"534\" src=\"https:\/\/site.educa.madrid.org\/ies.rodriguezdevalcarcel.madrid\/\/wp-content\/uploads\/ies.rodriguezdevalcarcel.madrid\/2023\/05\/CABECERA-1024x534.png\" alt=\"\" class=\"wp-image-1889\" srcset=\"https:\/\/site.educa.madrid.org\/ies.rodriguezdevalcarcel.madrid\/\/wp-content\/uploads\/ies.rodriguezdevalcarcel.madrid\/2023\/05\/CABECERA-1024x534.png 1024w, https:\/\/site.educa.madrid.org\/ies.rodriguezdevalcarcel.madrid\/\/wp-content\/uploads\/ies.rodriguezdevalcarcel.madrid\/2023\/05\/CABECERA-300x157.png 300w, https:\/\/site.educa.madrid.org\/ies.rodriguezdevalcarcel.madrid\/\/wp-content\/uploads\/ies.rodriguezdevalcarcel.madrid\/2023\/05\/CABECERA-768x401.png 768w, https:\/\/site.educa.madrid.org\/ies.rodriguezdevalcarcel.madrid\/\/wp-content\/uploads\/ies.rodriguezdevalcarcel.madrid\/2023\/05\/CABECERA-1536x802.png 1536w, https:\/\/site.educa.madrid.org\/ies.rodriguezdevalcarcel.madrid\/\/wp-content\/uploads\/ies.rodriguezdevalcarcel.madrid\/2023\/05\/CABECERA-920x480.png 920w, https:\/\/site.educa.madrid.org\/ies.rodriguezdevalcarcel.madrid\/\/wp-content\/uploads\/ies.rodriguezdevalcarcel.madrid\/2023\/05\/CABECERA-230x120.png 230w, https:\/\/site.educa.madrid.org\/ies.rodriguezdevalcarcel.madrid\/\/wp-content\/uploads\/ies.rodriguezdevalcarcel.madrid\/2023\/05\/CABECERA-350x183.png 350w, https:\/\/site.educa.madrid.org\/ies.rodriguezdevalcarcel.madrid\/\/wp-content\/uploads\/ies.rodriguezdevalcarcel.madrid\/2023\/05\/CABECERA-480x251.png 480w, https:\/\/site.educa.madrid.org\/ies.rodriguezdevalcarcel.madrid\/\/wp-content\/uploads\/ies.rodriguezdevalcarcel.madrid\/2023\/05\/CABECERA.png 1920w\" sizes=\"auto, (max-width: 1024px) 100vw, 1024px\" \/><\/figure>\n\n\n\n<p><a rel=\"noreferrer noopener\" href=\"https:\/\/www.instagram.com\/valcarcelcolabora\/\" target=\"_blank\"><strong>@valcarcelcolabora<\/strong><\/a><\/p>\n\n\n\n<p>Proyecto Sahara es el primer proyecto del programa Valc\u00e1rcel Colabora y ha sido posible gracias a la colaboraci\u00f3n del IFP Valc\u00e1rcel con dos de las organizaciones que trabajan en los campamentos de refugiados saharauis en territorio argelino, Proyecto Sahara y Sahara Marat\u00f3n.<\/p>\n\n\n\n<p>El acuerdo de colaboraci\u00f3n estableci\u00f3 una recogida de material escolar, productos de higiene y otros bienes no perecederos con destino al campo de refugiados saharauis de Smara. El acuerdo tambi\u00e9n incluy\u00f3 una visita de una semana al campamento de refugiados de un equipo compuesto por tres docentes y trece alumnos.<\/p>\n\n\n\n<p>Adem\u00e1s del equipo humano, el IFP Valc\u00e1rcel proporcion\u00f3 el equipo t\u00e9cnico necesario para realizaci\u00f3n de peque\u00f1as piezas de car\u00e1cter promocional para la difusi\u00f3n de este evento deportivo y solidario.<\/p>\n\n\n\n<figure class=\"wp-block-video\" style=\"margin-top:40px;margin-bottom:30px\"><video height=\"720\" style=\"aspect-ratio: 1280 \/ 720;\" width=\"1280\" controls src=\"https:\/\/site.educa.madrid.org\/ies.rodriguezdevalcarcel.madrid\/\/wp-content\/uploads\/ies.rodriguezdevalcarcel.madrid\/2023\/04\/multimedia-sahara-john-grajera.mov\"><\/video><figcaption style=\"text-align:center\">Composici\u00f3n multimedia para Proyecto S\u00e1hara por parte de nuestro alumno John Grajera<\/figcaption><\/figure>\n\n\n\n<p>El trabajo de la expedici\u00f3n adem\u00e1s facilit\u00f3 un contacto directo del IFP Valc\u00e1rcel con dos de las organizaciones que trabajan sobre el terreno en materias que forman parte de nuestros programas formativos:<\/p>\n\n\n\n<ul class=\"wp-block-list\"><li><strong>FISAHARA: <\/strong>El Festival Internacional de Cine del S\u00e1hara Occidental fue creado en 2003 por la comunidad saharaui de los campamentos y la sociedad civil espa\u00f1ola. FiSahara es un festival anual de cine, cultura y derechos humanos que busca entretener y empoderar al Pueblo Saharaui a trav\u00e9s del cine, as\u00ed como visibilizar internacionalmente el conflicto ignorado del S\u00e1hara Occidental.<br><br> <\/li><li><strong>EFA Abidin Kaid Saleh: <\/strong>La escuela de formaci\u00f3n audiovisual Abidin Kaid Saleh abri\u00f3 sus puertas en 2011 con la misi\u00f3n de capacitar a j\u00f3venes refugiades saharauis en la producci\u00f3n de cine y v\u00eddeo, en el retrato de sus vidas, en formas de abordar problemas cr\u00edticos y soluciones para visibilizar y empoderar a sus comunidades. Estes j\u00f3venes convertidos en la primera generaci\u00f3n de cineastas saharauis y en la actualidad algunos de elles han llegado a ser los actuales formadores y gestores de la escuela.<\/li><\/ul>\n\n\n\n<p>Los acuerdos alcanzados incluyen una colaboraci\u00f3n con FiSahara en las diferentes \u00e1reas de producci\u00f3n y realizaci\u00f3n del festival, as\u00ed como la elaboraci\u00f3n de diferentes piezas audiovisuales para su promoci\u00f3n. Del mismo modo, se abre la posibilidad para nuestres alumnes de formar parte de la expedici\u00f3n que organice la pr\u00f3xima edici\u00f3n del festival internacional en los campamentos. Con respecto a la escuela Saharaui de formaci\u00f3n audiovisual Abidin Kaid Saleh se establece una donaci\u00f3n por parte del IFP Valc\u00e1rcel de varios equipos completos para trabajo ENG, as\u00ed como la posibilidad de abrir un programa de visitas de profesores de nuestro centro educativo para impartir m\u00f3dulos formativos de tres semanas de duraci\u00f3n en \u00e1reas espec\u00edficas de nuestro trabajo. Tambi\u00e9n se establece la necesidad de evaluar la posibilidad de realizar residencias de alumnes saharauis en el IFP Valc\u00e1rcel.<\/p>\n\n\n\n<figure class=\"wp-block-image size-large\" id=\"fotosaharaescritorio\"><img loading=\"lazy\" decoding=\"async\" width=\"1024\" height=\"205\" src=\"https:\/\/site.educa.madrid.org\/ies.rodriguezdevalcarcel.madrid\/\/wp-content\/uploads\/ies.rodriguezdevalcarcel.madrid\/2023\/05\/montaje-fotos-escritorio-sahara-1024x205.png\" alt=\"\" class=\"wp-image-1894\" srcset=\"https:\/\/site.educa.madrid.org\/ies.rodriguezdevalcarcel.madrid\/\/wp-content\/uploads\/ies.rodriguezdevalcarcel.madrid\/2023\/05\/montaje-fotos-escritorio-sahara-1024x205.png 1024w, https:\/\/site.educa.madrid.org\/ies.rodriguezdevalcarcel.madrid\/\/wp-content\/uploads\/ies.rodriguezdevalcarcel.madrid\/2023\/05\/montaje-fotos-escritorio-sahara-300x60.png 300w, https:\/\/site.educa.madrid.org\/ies.rodriguezdevalcarcel.madrid\/\/wp-content\/uploads\/ies.rodriguezdevalcarcel.madrid\/2023\/05\/montaje-fotos-escritorio-sahara-768x154.png 768w, https:\/\/site.educa.madrid.org\/ies.rodriguezdevalcarcel.madrid\/\/wp-content\/uploads\/ies.rodriguezdevalcarcel.madrid\/2023\/05\/montaje-fotos-escritorio-sahara-1536x307.png 1536w, https:\/\/site.educa.madrid.org\/ies.rodriguezdevalcarcel.madrid\/\/wp-content\/uploads\/ies.rodriguezdevalcarcel.madrid\/2023\/05\/montaje-fotos-escritorio-sahara-920x184.png 920w, https:\/\/site.educa.madrid.org\/ies.rodriguezdevalcarcel.madrid\/\/wp-content\/uploads\/ies.rodriguezdevalcarcel.madrid\/2023\/05\/montaje-fotos-escritorio-sahara-230x46.png 230w, https:\/\/site.educa.madrid.org\/ies.rodriguezdevalcarcel.madrid\/\/wp-content\/uploads\/ies.rodriguezdevalcarcel.madrid\/2023\/05\/montaje-fotos-escritorio-sahara-350x70.png 350w, https:\/\/site.educa.madrid.org\/ies.rodriguezdevalcarcel.madrid\/\/wp-content\/uploads\/ies.rodriguezdevalcarcel.madrid\/2023\/05\/montaje-fotos-escritorio-sahara-480x96.png 480w, https:\/\/site.educa.madrid.org\/ies.rodriguezdevalcarcel.madrid\/\/wp-content\/uploads\/ies.rodriguezdevalcarcel.madrid\/2023\/05\/montaje-fotos-escritorio-sahara.png 1600w\" sizes=\"auto, (max-width: 1024px) 100vw, 1024px\" \/><figcaption>Reportaje en formato anal\u00f3gico realizado por nuestra alumna Marina Gonz\u00e1lez<\/figcaption><\/figure>\n\n\n\n<figure class=\"wp-block-image size-full\" id=\"fotosaharamovil\"><img loading=\"lazy\" decoding=\"async\" width=\"964\" height=\"320\" src=\"https:\/\/site.educa.madrid.org\/ies.rodriguezdevalcarcel.madrid\/\/wp-content\/uploads\/ies.rodriguezdevalcarcel.madrid\/2023\/05\/montaje-fotos-movil-sahara.png\" alt=\"\" class=\"wp-image-1895\" srcset=\"https:\/\/site.educa.madrid.org\/ies.rodriguezdevalcarcel.madrid\/\/wp-content\/uploads\/ies.rodriguezdevalcarcel.madrid\/2023\/05\/montaje-fotos-movil-sahara.png 964w, https:\/\/site.educa.madrid.org\/ies.rodriguezdevalcarcel.madrid\/\/wp-content\/uploads\/ies.rodriguezdevalcarcel.madrid\/2023\/05\/montaje-fotos-movil-sahara-300x100.png 300w, https:\/\/site.educa.madrid.org\/ies.rodriguezdevalcarcel.madrid\/\/wp-content\/uploads\/ies.rodriguezdevalcarcel.madrid\/2023\/05\/montaje-fotos-movil-sahara-768x255.png 768w, https:\/\/site.educa.madrid.org\/ies.rodriguezdevalcarcel.madrid\/\/wp-content\/uploads\/ies.rodriguezdevalcarcel.madrid\/2023\/05\/montaje-fotos-movil-sahara-920x305.png 920w, https:\/\/site.educa.madrid.org\/ies.rodriguezdevalcarcel.madrid\/\/wp-content\/uploads\/ies.rodriguezdevalcarcel.madrid\/2023\/05\/montaje-fotos-movil-sahara-230x76.png 230w, https:\/\/site.educa.madrid.org\/ies.rodriguezdevalcarcel.madrid\/\/wp-content\/uploads\/ies.rodriguezdevalcarcel.madrid\/2023\/05\/montaje-fotos-movil-sahara-350x116.png 350w, https:\/\/site.educa.madrid.org\/ies.rodriguezdevalcarcel.madrid\/\/wp-content\/uploads\/ies.rodriguezdevalcarcel.madrid\/2023\/05\/montaje-fotos-movil-sahara-480x159.png 480w\" sizes=\"auto, (max-width: 964px) 100vw, 964px\" \/><figcaption>Reportaje en formato anal\u00f3gico realizado por nuestra alumna Marina Gonz\u00e1lez<\/figcaption><\/figure>\n","protected":false},"excerpt":{"rendered":"<p>@valcarcelcolabora Proyecto Sahara es el primer proyecto del programa Valc\u00e1rcel Colabora y ha sido posible gracias a la colaboraci\u00f3n del IFP Valc\u00e1rcel [&hellip;]<\/p>\n","protected":false},"author":2,"featured_media":0,"parent":0,"menu_order":0,"comment_status":"closed","ping_status":"closed","template":"","meta":{"footnotes":""},"class_list":["post-1722","page","type-page","status-publish","hentry"],"rttpg_featured_image_url":null,"rttpg_author":{"display_name":"tic.ies.rodriguezdevalcarcel.madrid","author_link":"https:\/\/site.educa.madrid.org\/ies.rodriguezdevalcarcel.madrid\/index.php\/author\/cuenta_tic-ies-rodriguezdevalcarcel-madrid\/"},"rttpg_comment":0,"rttpg_category":null,"rttpg_excerpt":"@valcarcelcolabora Proyecto Sahara es el primer proyecto del programa Valc\u00e1rcel Colabora y ha sido posible gracias a la colaboraci\u00f3n del IFP Valc\u00e1rcel [&hellip;]","post_mailing_queue_ids":[],"_links":{"self":[{"href":"https:\/\/site.educa.madrid.org\/ies.rodriguezdevalcarcel.madrid\/index.php\/wp-json\/wp\/v2\/pages\/1722","targetHints":{"allow":["GET"]}}],"collection":[{"href":"https:\/\/site.educa.madrid.org\/ies.rodriguezdevalcarcel.madrid\/index.php\/wp-json\/wp\/v2\/pages"}],"about":[{"href":"https:\/\/site.educa.madrid.org\/ies.rodriguezdevalcarcel.madrid\/index.php\/wp-json\/wp\/v2\/types\/page"}],"author":[{"embeddable":true,"href":"https:\/\/site.educa.madrid.org\/ies.rodriguezdevalcarcel.madrid\/index.php\/wp-json\/wp\/v2\/users\/2"}],"replies":[{"embeddable":true,"href":"https:\/\/site.educa.madrid.org\/ies.rodriguezdevalcarcel.madrid\/index.php\/wp-json\/wp\/v2\/comments?post=1722"}],"version-history":[{"count":21,"href":"https:\/\/site.educa.madrid.org\/ies.rodriguezdevalcarcel.madrid\/index.php\/wp-json\/wp\/v2\/pages\/1722\/revisions"}],"predecessor-version":[{"id":1942,"href":"https:\/\/site.educa.madrid.org\/ies.rodriguezdevalcarcel.madrid\/index.php\/wp-json\/wp\/v2\/pages\/1722\/revisions\/1942"}],"wp:attachment":[{"href":"https:\/\/site.educa.madrid.org\/ies.rodriguezdevalcarcel.madrid\/index.php\/wp-json\/wp\/v2\/media?parent=1722"}],"curies":[{"name":"wp","href":"https:\/\/api.w.org\/{rel}","templated":true}]}}