{"id":2436,"date":"2023-11-09T00:06:39","date_gmt":"2023-11-08T23:06:39","guid":{"rendered":"https:\/\/site.educa.madrid.org\/ies.rodriguezdevalcarcel.madrid\/?page_id=2436"},"modified":"2026-04-09T02:27:44","modified_gmt":"2026-04-09T00:27:44","slug":"sostenibilidad","status":"publish","type":"page","link":"https:\/\/site.educa.madrid.org\/ies.rodriguezdevalcarcel.madrid\/index.php\/sostenibilidad\/","title":{"rendered":"Sostenibilidad"},"content":{"rendered":"\n<figure class=\"wp-block-image\"><img loading=\"lazy\" decoding=\"async\" width=\"1024\" height=\"768\" src=\"https:\/\/site.educa.madrid.org\/ies.rodriguezdevalcarcel.madrid\/\/wp-content\/uploads\/ies.rodriguezdevalcarcel.madrid\/2023\/11\/FOTO-SOSTENIBILIDAD-1.jpg\" alt=\"\" class=\"wp-image-2440\" srcset=\"https:\/\/site.educa.madrid.org\/ies.rodriguezdevalcarcel.madrid\/\/wp-content\/uploads\/ies.rodriguezdevalcarcel.madrid\/2023\/11\/FOTO-SOSTENIBILIDAD-1.jpg 1024w, https:\/\/site.educa.madrid.org\/ies.rodriguezdevalcarcel.madrid\/\/wp-content\/uploads\/ies.rodriguezdevalcarcel.madrid\/2023\/11\/FOTO-SOSTENIBILIDAD-1-300x225.jpg 300w, https:\/\/site.educa.madrid.org\/ies.rodriguezdevalcarcel.madrid\/\/wp-content\/uploads\/ies.rodriguezdevalcarcel.madrid\/2023\/11\/FOTO-SOSTENIBILIDAD-1-768x576.jpg 768w, https:\/\/site.educa.madrid.org\/ies.rodriguezdevalcarcel.madrid\/\/wp-content\/uploads\/ies.rodriguezdevalcarcel.madrid\/2023\/11\/FOTO-SOSTENIBILIDAD-1-1000x750.jpg 1000w, https:\/\/site.educa.madrid.org\/ies.rodriguezdevalcarcel.madrid\/\/wp-content\/uploads\/ies.rodriguezdevalcarcel.madrid\/2023\/11\/FOTO-SOSTENIBILIDAD-1-230x173.jpg 230w, https:\/\/site.educa.madrid.org\/ies.rodriguezdevalcarcel.madrid\/\/wp-content\/uploads\/ies.rodriguezdevalcarcel.madrid\/2023\/11\/FOTO-SOSTENIBILIDAD-1-350x263.jpg 350w, https:\/\/site.educa.madrid.org\/ies.rodriguezdevalcarcel.madrid\/\/wp-content\/uploads\/ies.rodriguezdevalcarcel.madrid\/2023\/11\/FOTO-SOSTENIBILIDAD-1-480x360.jpg 480w\" sizes=\"auto, (max-width: 1024px) 100vw, 1024px\" \/><\/figure>\n\n\n\n<p>En el IFP CMR Valc\u00e1rcel hemos adquirido un compromiso con el cuidado del medioambiente, el uso sostenible de recursos, la mitigaci\u00f3n y adaptaci\u00f3n al cambio clim\u00e1tico y la protecci\u00f3n de la biodiversidad y los ecosistemas. Estamos certificados en la norma de Gesti\u00f3n Ambiental ISO 14001:2015.<\/p>\n\n\n\n<figure class=\"wp-block-image size-full\"><img loading=\"lazy\" decoding=\"async\" width=\"724\" height=\"1024\" src=\"https:\/\/site.educa.madrid.org\/ies.rodriguezdevalcarcel.madrid\/\/wp-content\/uploads\/ies.rodriguezdevalcarcel.madrid\/2026\/04\/certificado-iso14001-abril-2026.png\" alt=\"\" class=\"wp-image-3682\" srcset=\"https:\/\/site.educa.madrid.org\/ies.rodriguezdevalcarcel.madrid\/\/wp-content\/uploads\/ies.rodriguezdevalcarcel.madrid\/2026\/04\/certificado-iso14001-abril-2026.png 724w, https:\/\/site.educa.madrid.org\/ies.rodriguezdevalcarcel.madrid\/\/wp-content\/uploads\/ies.rodriguezdevalcarcel.madrid\/2026\/04\/certificado-iso14001-abril-2026-212x300.png 212w, https:\/\/site.educa.madrid.org\/ies.rodriguezdevalcarcel.madrid\/\/wp-content\/uploads\/ies.rodriguezdevalcarcel.madrid\/2026\/04\/certificado-iso14001-abril-2026-230x325.png 230w, https:\/\/site.educa.madrid.org\/ies.rodriguezdevalcarcel.madrid\/\/wp-content\/uploads\/ies.rodriguezdevalcarcel.madrid\/2026\/04\/certificado-iso14001-abril-2026-350x495.png 350w, https:\/\/site.educa.madrid.org\/ies.rodriguezdevalcarcel.madrid\/\/wp-content\/uploads\/ies.rodriguezdevalcarcel.madrid\/2026\/04\/certificado-iso14001-abril-2026-480x679.png 480w\" sizes=\"auto, (max-width: 724px) 100vw, 724px\" \/><\/figure>\n\n\n\n<h2 class=\"wp-block-heading\">REDUCIMOS CONSUMO<\/h2>\n\n\n\n<ul class=\"wp-block-list\">\n<li>Papel (evitar su uso en lo posible)<\/li>\n\n\n\n<li>Agua<\/li>\n\n\n\n<li>Electricidad<ul><li>Instalaci\u00f3n de Placas Solares.<\/li><\/ul><ul><li>Cambio de luminarias a LED.<\/li><\/ul>\n<ul class=\"wp-block-list\">\n<li>Sensores de movimiento para apagado-encendido de luces.<\/li>\n<\/ul>\n<\/li>\n<\/ul>\n\n\n\n<h2 class=\"wp-block-heading\">RECOMENDACIONES<\/h2>\n\n\n\n<ul class=\"wp-block-list\">\n<li>Electricidad<ul><li>Usar luz natural siempre que sea posible.<\/li><\/ul>\n<ul class=\"wp-block-list\">\n<li>Apagar luces y equipos cuando no se est\u00e9n utilizando.<\/li>\n<\/ul>\n<\/li>\n\n\n\n<li>Envases<ul><li>Instalaci\u00f3n de fuentes para evitar la utilizaci\u00f3n de botellas de un solo uso.<\/li><\/ul>\n<ul class=\"wp-block-list\">\n<li>Recomendamos uso de botellas y tazas reutilizables.<\/li>\n<\/ul>\n<\/li>\n<\/ul>\n\n\n\n<h2 class=\"wp-block-heading\">REUTILIZAR<\/h2>\n\n\n\n<ul class=\"wp-block-list\">\n<li>Cuidamos el material y los equipos, los reparamos y les damos un segundo uso en otros espacios.<\/li>\n\n\n\n<li>Reducimos el uso de papel y lo reutilizamos por ambas caras cuandoes necesario.<\/li>\n<\/ul>\n\n\n\n<h2 class=\"wp-block-heading\">RECICLAR<\/h2>\n\n\n\n<figure class=\"wp-block-image size-full\"><img loading=\"lazy\" decoding=\"async\" width=\"463\" height=\"348\" src=\"https:\/\/site.educa.madrid.org\/ies.rodriguezdevalcarcel.madrid\/\/wp-content\/uploads\/ies.rodriguezdevalcarcel.madrid\/2023\/11\/FOTO-SOSTENIBILIDAD-2.jpg\" alt=\"\" class=\"wp-image-2437\" srcset=\"https:\/\/site.educa.madrid.org\/ies.rodriguezdevalcarcel.madrid\/\/wp-content\/uploads\/ies.rodriguezdevalcarcel.madrid\/2023\/11\/FOTO-SOSTENIBILIDAD-2.jpg 463w, https:\/\/site.educa.madrid.org\/ies.rodriguezdevalcarcel.madrid\/\/wp-content\/uploads\/ies.rodriguezdevalcarcel.madrid\/2023\/11\/FOTO-SOSTENIBILIDAD-2-300x225.jpg 300w, https:\/\/site.educa.madrid.org\/ies.rodriguezdevalcarcel.madrid\/\/wp-content\/uploads\/ies.rodriguezdevalcarcel.madrid\/2023\/11\/FOTO-SOSTENIBILIDAD-2-230x173.jpg 230w, https:\/\/site.educa.madrid.org\/ies.rodriguezdevalcarcel.madrid\/\/wp-content\/uploads\/ies.rodriguezdevalcarcel.madrid\/2023\/11\/FOTO-SOSTENIBILIDAD-2-350x263.jpg 350w\" sizes=\"auto, (max-width: 463px) 100vw, 463px\" \/><\/figure>\n\n\n\n<ul class=\"wp-block-list\">\n<li>Contenedores de reciclaje.<ul><li>Pilas: hall de entrada junto a conserjer\u00eda.<\/li><\/ul><ul><li>Papel: papeleras en aulas y pasillos.<\/li><\/ul><ul><li>Envases: contenedor con etiqueta amarilla en pasillos.<\/li><\/ul><ul><li>Restos: contenedor con etiqueta roja en<\/li><\/ul>\n<ul class=\"wp-block-list\">\n<li>pasillos.<\/li>\n<\/ul>\n<\/li>\n\n\n\n<li>Adem\u00e1s se gestiona la retirada de: t\u00f3ner, led, residuos electr\u00f3nicos y residuos qu\u00edmicos.<\/li>\n<\/ul>\n\n\n\n<figure class=\"wp-block-image size-full\"><img loading=\"lazy\" decoding=\"async\" width=\"805\" height=\"532\" src=\"https:\/\/site.educa.madrid.org\/ies.rodriguezdevalcarcel.madrid\/\/wp-content\/uploads\/ies.rodriguezdevalcarcel.madrid\/2023\/11\/FOTO-SENSIBILIDAD-3.jpg\" alt=\"\" class=\"wp-image-2439\" srcset=\"https:\/\/site.educa.madrid.org\/ies.rodriguezdevalcarcel.madrid\/\/wp-content\/uploads\/ies.rodriguezdevalcarcel.madrid\/2023\/11\/FOTO-SENSIBILIDAD-3.jpg 805w, https:\/\/site.educa.madrid.org\/ies.rodriguezdevalcarcel.madrid\/\/wp-content\/uploads\/ies.rodriguezdevalcarcel.madrid\/2023\/11\/FOTO-SENSIBILIDAD-3-300x198.jpg 300w, https:\/\/site.educa.madrid.org\/ies.rodriguezdevalcarcel.madrid\/\/wp-content\/uploads\/ies.rodriguezdevalcarcel.madrid\/2023\/11\/FOTO-SENSIBILIDAD-3-768x508.jpg 768w, https:\/\/site.educa.madrid.org\/ies.rodriguezdevalcarcel.madrid\/\/wp-content\/uploads\/ies.rodriguezdevalcarcel.madrid\/2023\/11\/FOTO-SENSIBILIDAD-3-230x152.jpg 230w, https:\/\/site.educa.madrid.org\/ies.rodriguezdevalcarcel.madrid\/\/wp-content\/uploads\/ies.rodriguezdevalcarcel.madrid\/2023\/11\/FOTO-SENSIBILIDAD-3-350x231.jpg 350w, https:\/\/site.educa.madrid.org\/ies.rodriguezdevalcarcel.madrid\/\/wp-content\/uploads\/ies.rodriguezdevalcarcel.madrid\/2023\/11\/FOTO-SENSIBILIDAD-3-480x317.jpg 480w\" sizes=\"auto, (max-width: 805px) 100vw, 805px\" \/><\/figure>\n\n\n\n<h2 class=\"wp-block-heading\">MOVILIDAD SOSTENIBLE: RECOMENDAMOS<\/h2>\n\n\n\n<ul class=\"wp-block-list\">\n<li>Andando para distancias cortas.<\/li>\n\n\n\n<li>Aparca-bicis y patinetes en la entrada principal y cerca de la misma.<\/li>\n\n\n\n<li>En transporte p\u00fablico: metro y autobuses cercanos.<\/li>\n\n\n\n<li>Punto de bicicletas compartidas (Bicimad) cercano.<\/li>\n<\/ul>\n\n\n\n<h2 class=\"wp-block-heading\">SOFTWARE DE CONTROL DE CONSUMO<\/h2>\n\n\n\n<p><strong><a href=\"https:\/\/region04eu5.fusionsolar.huawei.com\/pvmswebsite\/nologin\/assets\/build\/index.html#\/kiosk?kk=d0BoDvpwbqFuDrfJ4y5MDaANj13cgQa8\" target=\"_blank\" rel=\"noreferrer noopener\">CONSULTA A TIEMPO REAL DEL CONSUMO ENERG\u00c9TICO DEL INSTITUTO<\/a><\/strong><\/p>\n\n\n\n<h2 class=\"wp-block-heading\">CONTACTO para sugerencias sobre sostenibilidad medioambiental<\/h2>\n\n\n\n<p><a href=\"mailto:sostenibilidad.ies.rodriguezdevalcarcel.madrid@educa.madrid.org\">sostenibilidad.ies.rodriguezdevalcarcel.madrid@educa.madrid.org<\/a><\/p>\n","protected":false},"excerpt":{"rendered":"<p>En el IFP CMR Valc\u00e1rcel hemos adquirido un compromiso con el cuidado del medioambiente, el uso sostenible de recursos, la mitigaci\u00f3n y [&hellip;]<\/p>\n","protected":false},"author":2,"featured_media":0,"parent":0,"menu_order":0,"comment_status":"closed","ping_status":"closed","template":"","meta":{"footnotes":""},"class_list":["post-2436","page","type-page","status-publish","hentry"],"rttpg_featured_image_url":null,"rttpg_author":{"display_name":"tic.ies.rodriguezdevalcarcel.madrid","author_link":"https:\/\/site.educa.madrid.org\/ies.rodriguezdevalcarcel.madrid\/index.php\/author\/cuenta_tic-ies-rodriguezdevalcarcel-madrid\/"},"rttpg_comment":0,"rttpg_category":null,"rttpg_excerpt":"En el IFP CMR Valc\u00e1rcel hemos adquirido un compromiso con el cuidado del medioambiente, el uso sostenible de recursos, la mitigaci\u00f3n y [&hellip;]","post_mailing_queue_ids":[],"_links":{"self":[{"href":"https:\/\/site.educa.madrid.org\/ies.rodriguezdevalcarcel.madrid\/index.php\/wp-json\/wp\/v2\/pages\/2436","targetHints":{"allow":["GET"]}}],"collection":[{"href":"https:\/\/site.educa.madrid.org\/ies.rodriguezdevalcarcel.madrid\/index.php\/wp-json\/wp\/v2\/pages"}],"about":[{"href":"https:\/\/site.educa.madrid.org\/ies.rodriguezdevalcarcel.madrid\/index.php\/wp-json\/wp\/v2\/types\/page"}],"author":[{"embeddable":true,"href":"https:\/\/site.educa.madrid.org\/ies.rodriguezdevalcarcel.madrid\/index.php\/wp-json\/wp\/v2\/users\/2"}],"replies":[{"embeddable":true,"href":"https:\/\/site.educa.madrid.org\/ies.rodriguezdevalcarcel.madrid\/index.php\/wp-json\/wp\/v2\/comments?post=2436"}],"version-history":[{"count":13,"href":"https:\/\/site.educa.madrid.org\/ies.rodriguezdevalcarcel.madrid\/index.php\/wp-json\/wp\/v2\/pages\/2436\/revisions"}],"predecessor-version":[{"id":3683,"href":"https:\/\/site.educa.madrid.org\/ies.rodriguezdevalcarcel.madrid\/index.php\/wp-json\/wp\/v2\/pages\/2436\/revisions\/3683"}],"wp:attachment":[{"href":"https:\/\/site.educa.madrid.org\/ies.rodriguezdevalcarcel.madrid\/index.php\/wp-json\/wp\/v2\/media?parent=2436"}],"curies":[{"name":"wp","href":"https:\/\/api.w.org\/{rel}","templated":true}]}}