{"id":2686,"date":"2024-01-12T14:19:45","date_gmt":"2024-01-12T13:19:45","guid":{"rendered":"https:\/\/site.educa.madrid.org\/ies.rodriguezdevalcarcel.madrid\/?page_id=2686"},"modified":"2024-01-22T11:01:19","modified_gmt":"2024-01-22T10:01:19","slug":"proteccion-de-datos","status":"publish","type":"page","link":"https:\/\/site.educa.madrid.org\/ies.rodriguezdevalcarcel.madrid\/index.php\/proteccion-de-datos\/","title":{"rendered":"Protecci\u00f3n de Datos"},"content":{"rendered":"\n<p><br><strong style=\"color:#4e4f51 !important\">INFORMACI\u00d3N EN MATERIA DE PROTECCI\u00d3N DE DATOS<\/strong><\/p>\n\n\n\n<p><strong style=\"color:#4e4f51 !important\">Delegaci\u00f3n de Protecci\u00f3n de Datos.<br>Consejer\u00eda de Educaci\u00f3n, Ciencia y Universidades<\/strong><br><strong><a rel=\"noopener\" href=\"tel:917204068\" target=\"_blank\">917 20 40 68<\/a><br><a rel=\"noopener\" href=\"mailto:protecciondatos.educacion@madrid.org\" target=\"_blank\">protecciondatos.educacion@madrid.org<\/a><br><a rel=\"noopener\" href=\"https:\/\/dpd.educa2.madrid.org\" target=\"_blank\">https:\/\/dpd.educa2.madrid.org<\/a><\/strong><\/p>\n\n\n\n<p><br>Por parte de esta Delegaci\u00f3n de Protecci\u00f3n de Datos se da difusi\u00f3n de los <a href=\"https:\/\/www.aepd.es\/es\/documento\/criterios-tratamiento-datos-personales-centros-educativos.pdf\" target=\"_blank\" style=\"display:inline !important; background:none !important; text-decoration:underline !important; padding-left: 0px !important\" rel=\"noopener\">Criterios para el Tratamiento de datos personales en Centros Educativos publicados por la Agencia Espa\u00f1ola de Protecci\u00f3n de Datos<\/a>.<\/p>\n\n\n\n<p>As\u00ed tambi\u00e9n, aprovechamos la ocasi\u00f3n para recordar lo siguiente:<\/p>\n\n\n\n<ul class=\"wp-block-list\">\n<li>Los centros educativos p\u00fablicos de la Comunidad de Madrid cuentan con la Delegaci\u00f3n de Protecci\u00f3n de Datos de la Consejer\u00eda de Educaci\u00f3n, Ciencia y Universidades para <strong>informaci\u00f3n y asesoramiento <\/strong>en la materia.\n<ul class=\"wp-block-list\">\n<li>Pueden consultar dudas frecuentes y modelos en la web de la <strong><a href=\"https:\/\/dpd.educa2.madrid.org\/inicio\" target=\"_blank\" rel=\"noopener\">Delegaci\u00f3n de Protecci\u00f3n de Datos.<\/a><\/strong><\/li>\n\n\n\n<li>Pueden trasladarnos sus consultas sobre privacidad y protecci\u00f3n de datos personales a trav\u00e9s del correo electr\u00f3nico a nuestro buz\u00f3n <strong><a href=\"mailto:protecciondatos.educacion@madrid.org\" target=\"_blank\" rel=\"noopener\">protecciondatos.educacion@madrid.org<\/a><\/strong>.<br><br><\/li>\n<\/ul>\n<\/li>\n\n\n\n<li><strong>El responsable en materia de protecci\u00f3n de datos, <\/strong>en el caso los centros educativos p\u00fablicos, lo ser\u00e1 por regla general la Direcci\u00f3n General a la que se encuentren adscrita org\u00e1nicamente el centro educativo.<br><br><\/li>\n\n\n\n<li>Los ciudadanos pueden <strong>ejercer sus derechos en materia de protecci\u00f3n de datos <\/strong>dirigiendo su solicitud a trav\u00e9s del registro electr\u00f3nico de la Comunidad de Madrid, accediendo al <strong><a href=\"https:\/\/www.comunidad.madrid\/gobierno\/informacion-juridica-legislacion\/proteccion-datos-mis-derechos-su-ejercicio\" target=\"_blank\" rel=\"noopener\">formulario para el ejercicio de derechos que se encuentra en la web de la Comunidad de Madrid<\/a><\/strong>.<br><br><\/li>\n\n\n\n<li><strong>Las reclamaciones en materia datos personales <\/strong>competencia de esta Consejer\u00eda de Educaci\u00f3n, Ciencia y Universidades, pueden presentarse a trav\u00e9s del <strong><a href=\"https:\/\/sede.comunidad.madrid\/\" target=\"_blank\" rel=\"noopener\">registro electr\u00f3nico o presencial<\/a><\/strong>, indicando en el asunto: <em>Reclamaci\u00f3n en materia y protecci\u00f3n de datos<\/em>, con la descripci\u00f3n de hechos, indicando el centro educativo y aportando los documentos que considere oportunos.<br><br><\/li>\n\n\n\n<li>En los <a href=\"https:\/\/www.aepd.es\/es\/documento\/quien-es-quien-centros-docentes.pdf\" target=\"_blank\" style=\"display:inline !important; background:none !important; text-decoration:underline !important; padding-left: 0px !important\" rel=\"noopener\">tratamientos de datos personales<\/a> realizados<strong> por los centros concertados y privados <\/strong>en la Comunidad de Madrid, el Delegado de Protecci\u00f3n de Datos ser\u00e1 nombrado por el centro educativo y el responsable ser\u00e1 el propio centro educativo (fundaci\u00f3n, congregaci\u00f3n religiosa, cooperativa, etc.).<\/li>\n<\/ul>\n","protected":false},"excerpt":{"rendered":"<p>INFORMACI\u00d3N EN MATERIA DE PROTECCI\u00d3N DE DATOS Delegaci\u00f3n de Protecci\u00f3n de Datos.Consejer\u00eda de Educaci\u00f3n, Ciencia y Universidades917 20 40 68protecciondatos.educacion@madrid.orghttps:\/\/dpd.educa2.madrid.org Por parte [&hellip;]<\/p>\n","protected":false},"author":2,"featured_media":0,"parent":0,"menu_order":0,"comment_status":"closed","ping_status":"closed","template":"","meta":{"footnotes":""},"class_list":["post-2686","page","type-page","status-publish","hentry"],"rttpg_featured_image_url":null,"rttpg_author":{"display_name":"tic.ies.rodriguezdevalcarcel.madrid","author_link":"https:\/\/site.educa.madrid.org\/ies.rodriguezdevalcarcel.madrid\/index.php\/author\/cuenta_tic-ies-rodriguezdevalcarcel-madrid\/"},"rttpg_comment":0,"rttpg_category":null,"rttpg_excerpt":"INFORMACI\u00d3N EN MATERIA DE PROTECCI\u00d3N DE DATOS Delegaci\u00f3n de Protecci\u00f3n de Datos.Consejer\u00eda de Educaci\u00f3n, Ciencia y Universidades917 20 40 68protecciondatos.educacion@madrid.orghttps:\/\/dpd.educa2.madrid.org Por parte [&hellip;]","post_mailing_queue_ids":[],"_links":{"self":[{"href":"https:\/\/site.educa.madrid.org\/ies.rodriguezdevalcarcel.madrid\/index.php\/wp-json\/wp\/v2\/pages\/2686","targetHints":{"allow":["GET"]}}],"collection":[{"href":"https:\/\/site.educa.madrid.org\/ies.rodriguezdevalcarcel.madrid\/index.php\/wp-json\/wp\/v2\/pages"}],"about":[{"href":"https:\/\/site.educa.madrid.org\/ies.rodriguezdevalcarcel.madrid\/index.php\/wp-json\/wp\/v2\/types\/page"}],"author":[{"embeddable":true,"href":"https:\/\/site.educa.madrid.org\/ies.rodriguezdevalcarcel.madrid\/index.php\/wp-json\/wp\/v2\/users\/2"}],"replies":[{"embeddable":true,"href":"https:\/\/site.educa.madrid.org\/ies.rodriguezdevalcarcel.madrid\/index.php\/wp-json\/wp\/v2\/comments?post=2686"}],"version-history":[{"count":30,"href":"https:\/\/site.educa.madrid.org\/ies.rodriguezdevalcarcel.madrid\/index.php\/wp-json\/wp\/v2\/pages\/2686\/revisions"}],"predecessor-version":[{"id":2758,"href":"https:\/\/site.educa.madrid.org\/ies.rodriguezdevalcarcel.madrid\/index.php\/wp-json\/wp\/v2\/pages\/2686\/revisions\/2758"}],"wp:attachment":[{"href":"https:\/\/site.educa.madrid.org\/ies.rodriguezdevalcarcel.madrid\/index.php\/wp-json\/wp\/v2\/media?parent=2686"}],"curies":[{"name":"wp","href":"https:\/\/api.w.org\/{rel}","templated":true}]}}