{"id":288,"date":"2022-05-10T18:08:27","date_gmt":"2022-05-10T16:08:27","guid":{"rendered":"https:\/\/site.educa.madrid.org\/ies.rodriguezdevalcarcel.madrid\/?page_id=288"},"modified":"2022-06-24T18:47:28","modified_gmt":"2022-06-24T16:47:28","slug":"imagen-y-sonido","status":"publish","type":"page","link":"https:\/\/site.educa.madrid.org\/ies.rodriguezdevalcarcel.madrid\/index.php\/imagen-y-sonido\/","title":{"rendered":"Imagen y sonido"},"content":{"rendered":"\n<figure class=\"wp-block-image size-full\"><img loading=\"lazy\" decoding=\"async\" width=\"1000\" height=\"667\" src=\"https:\/\/site.educa.madrid.org\/ies.rodriguezdevalcarcel.madrid\/\/wp-content\/uploads\/ies.rodriguezdevalcarcel.madrid\/2022\/06\/imagen-y-sonido.jpg\" alt=\"\" class=\"wp-image-1267\" srcset=\"https:\/\/site.educa.madrid.org\/ies.rodriguezdevalcarcel.madrid\/\/wp-content\/uploads\/ies.rodriguezdevalcarcel.madrid\/2022\/06\/imagen-y-sonido.jpg 1000w, https:\/\/site.educa.madrid.org\/ies.rodriguezdevalcarcel.madrid\/\/wp-content\/uploads\/ies.rodriguezdevalcarcel.madrid\/2022\/06\/imagen-y-sonido-300x200.jpg 300w, https:\/\/site.educa.madrid.org\/ies.rodriguezdevalcarcel.madrid\/\/wp-content\/uploads\/ies.rodriguezdevalcarcel.madrid\/2022\/06\/imagen-y-sonido-768x512.jpg 768w, https:\/\/site.educa.madrid.org\/ies.rodriguezdevalcarcel.madrid\/\/wp-content\/uploads\/ies.rodriguezdevalcarcel.madrid\/2022\/06\/imagen-y-sonido-391x260.jpg 391w, https:\/\/site.educa.madrid.org\/ies.rodriguezdevalcarcel.madrid\/\/wp-content\/uploads\/ies.rodriguezdevalcarcel.madrid\/2022\/06\/imagen-y-sonido-920x614.jpg 920w, https:\/\/site.educa.madrid.org\/ies.rodriguezdevalcarcel.madrid\/\/wp-content\/uploads\/ies.rodriguezdevalcarcel.madrid\/2022\/06\/imagen-y-sonido-230x153.jpg 230w, https:\/\/site.educa.madrid.org\/ies.rodriguezdevalcarcel.madrid\/\/wp-content\/uploads\/ies.rodriguezdevalcarcel.madrid\/2022\/06\/imagen-y-sonido-350x233.jpg 350w, https:\/\/site.educa.madrid.org\/ies.rodriguezdevalcarcel.madrid\/\/wp-content\/uploads\/ies.rodriguezdevalcarcel.madrid\/2022\/06\/imagen-y-sonido-480x320.jpg 480w, https:\/\/site.educa.madrid.org\/ies.rodriguezdevalcarcel.madrid\/\/wp-content\/uploads\/ies.rodriguezdevalcarcel.madrid\/2022\/06\/imagen-y-sonido-272x182.jpg 272w\" sizes=\"auto, (max-width: 1000px) 100vw, 1000px\" \/><\/figure>\n\n\n\n<p>El Departamento de Imagen y Sonido se encarga de<strong> impartir los m\u00f3dulos t\u00e9cnicos de los seis ciclos formativos<\/strong> que conforman la oferta formativa del centro. En la actualidad, contamos con los seis ciclos formativos de nuestra profesional: el Ciclo de Grado Medio de V\u00eddeo Disc-jockey y Sonido y los Ciclos de Grado Superior de Producci\u00f3n de Audiovisuales y Espect\u00e1culos; Iluminaci\u00f3n, Captaci\u00f3n y Tratamiento de Imagen; Sonido para Audiovisuales y Espect\u00e1culos; Animaci\u00f3n 3D, Juegos y Entornos Interactivos; Realizaci\u00f3n de Proyectos de Audiovisuales y Espect\u00e1culos. Todos ellos tanto en turno diurno como vespertino.<\/p>\n\n\n\n<p>Dentro de nuestra labor docente, trabajamos con el objetivo de dotar al alumnado de las m\u00e1s adecuadas competencias profesionales. Buena muestra de ello son las <strong>Pr\u00e1cticas Interc\u00edclicas<\/strong>, en las que el alumnado de los diferentes ciclos formativos del centro colaboran para enfrentarse a diversas situaciones y actividades reales del entorno profesional, como conciertos, eventos y espect\u00e1culos o magazines y otros formatos televisivos. En este sentido, tambi\u00e9n se organizan Jornadas T\u00e9cnicas, en las que profesionales del sector nos acercan las \u00faltimas novedades y flujos de trabajo que utilizan en las empresas.<\/p>\n\n\n\n<p>Desde el departamento se coordina tambi\u00e9n el <strong>m\u00f3dulo de Formaci\u00f3n en Centros de Trabajo<\/strong>, en el que el alumnado realiza las pr\u00e1cticas en empresa al finalizar su formaci\u00f3n en el centro. Contamos con m\u00e1s 1000 convenios con diferentes empresas del sector para asegurar que el alumnado pueda completar su formaci\u00f3n pr\u00e1ctica y asomarse por primera vez al mundo laboral.<\/p>\n\n\n\n<p>Contacto: <a href=\"mailto:depimagensonido.ies.rodriguezdevalcarcel.madrid@educa.madrid.org\">depimagensonido.ies.rodriguezdevalcarcel.madrid@educa.madrid.org<\/a><\/p>\n","protected":false},"excerpt":{"rendered":"<p>El Departamento de Imagen y Sonido se encarga de impartir los m\u00f3dulos t\u00e9cnicos de los seis ciclos formativos que conforman la oferta [&hellip;]<\/p>\n","protected":false},"author":2,"featured_media":0,"parent":0,"menu_order":0,"comment_status":"closed","ping_status":"closed","template":"","meta":{"footnotes":""},"class_list":["post-288","page","type-page","status-publish","hentry"],"rttpg_featured_image_url":null,"rttpg_author":{"display_name":"tic.ies.rodriguezdevalcarcel.madrid","author_link":"https:\/\/site.educa.madrid.org\/ies.rodriguezdevalcarcel.madrid\/index.php\/author\/cuenta_tic-ies-rodriguezdevalcarcel-madrid\/"},"rttpg_comment":0,"rttpg_category":null,"rttpg_excerpt":"El Departamento de Imagen y Sonido se encarga de impartir los m\u00f3dulos t\u00e9cnicos de los seis ciclos formativos que conforman la oferta [&hellip;]","post_mailing_queue_ids":[],"_links":{"self":[{"href":"https:\/\/site.educa.madrid.org\/ies.rodriguezdevalcarcel.madrid\/index.php\/wp-json\/wp\/v2\/pages\/288","targetHints":{"allow":["GET"]}}],"collection":[{"href":"https:\/\/site.educa.madrid.org\/ies.rodriguezdevalcarcel.madrid\/index.php\/wp-json\/wp\/v2\/pages"}],"about":[{"href":"https:\/\/site.educa.madrid.org\/ies.rodriguezdevalcarcel.madrid\/index.php\/wp-json\/wp\/v2\/types\/page"}],"author":[{"embeddable":true,"href":"https:\/\/site.educa.madrid.org\/ies.rodriguezdevalcarcel.madrid\/index.php\/wp-json\/wp\/v2\/users\/2"}],"replies":[{"embeddable":true,"href":"https:\/\/site.educa.madrid.org\/ies.rodriguezdevalcarcel.madrid\/index.php\/wp-json\/wp\/v2\/comments?post=288"}],"version-history":[{"count":6,"href":"https:\/\/site.educa.madrid.org\/ies.rodriguezdevalcarcel.madrid\/index.php\/wp-json\/wp\/v2\/pages\/288\/revisions"}],"predecessor-version":[{"id":1269,"href":"https:\/\/site.educa.madrid.org\/ies.rodriguezdevalcarcel.madrid\/index.php\/wp-json\/wp\/v2\/pages\/288\/revisions\/1269"}],"wp:attachment":[{"href":"https:\/\/site.educa.madrid.org\/ies.rodriguezdevalcarcel.madrid\/index.php\/wp-json\/wp\/v2\/media?parent=288"}],"curies":[{"name":"wp","href":"https:\/\/api.w.org\/{rel}","templated":true}]}}