{"id":294,"date":"2022-05-10T18:09:24","date_gmt":"2022-05-10T16:09:24","guid":{"rendered":"https:\/\/site.educa.madrid.org\/ies.rodriguezdevalcarcel.madrid\/?page_id=294"},"modified":"2022-06-22T21:29:25","modified_gmt":"2022-06-22T19:29:25","slug":"extraescolares","status":"publish","type":"page","link":"https:\/\/site.educa.madrid.org\/ies.rodriguezdevalcarcel.madrid\/index.php\/extraescolares\/","title":{"rendered":"Extraescolares"},"content":{"rendered":"\n<p>El Departamento de Actividades Complementarias y Extraescolares (DACE) tiene como objetivo principal <strong>dinamizar la vida del centro potenciando la realizaci\u00f3n de actividades extraescolares y complementarias<\/strong>, necesarias para la formaci\u00f3n integral del alumnado. A trav\u00e9s de este departamento:<\/p>\n\n\n\n<ul class=\"wp-block-list\"><li>Se difunde la informaci\u00f3n relativa a las posibles actividades que puedan interesar a los miembros de la comunidad escolar para el desarrollo de su actividad docente.<\/li><li>Se coordinan y organizan las actividades extraescolares y complementarias dentro y fuera del centro.<\/li><li>Junto con la jefatura del Departamento de Imagen y Sonido, se genera el calendario de trabajo para integrar todos los proyectos interc\u00edclicos (PIC) e intermodulares, dentro de la actividad del centro; coordinando y generando los protocolos de trabajo para que puedan realizarse adecuadamente.<\/li><li>Se encarga de la promoci\u00f3n del Centro a trav\u00e9s de los acuerdos que se realizan con empresas, asociaciones e instituciones externas y la publicaci\u00f3n de informaci\u00f3n en sus redes sociales.<\/li><\/ul>\n\n\n\n<p>Contacto: <a href=\"mailto:depextraescolares.ies.rodriguezdevalcarcel.madrid@educa.madrid.org\">depextraescolares.ies.rodriguezdevalcarcel.madrid@educa.madrid.org<\/a><\/p>\n","protected":false},"excerpt":{"rendered":"<p>El Departamento de Actividades Complementarias y Extraescolares (DACE) tiene como objetivo principal dinamizar la vida del centro potenciando la realizaci\u00f3n de actividades [&hellip;]<\/p>\n","protected":false},"author":2,"featured_media":0,"parent":0,"menu_order":0,"comment_status":"closed","ping_status":"closed","template":"","meta":{"footnotes":""},"class_list":["post-294","page","type-page","status-publish","hentry"],"rttpg_featured_image_url":null,"rttpg_author":{"display_name":"tic.ies.rodriguezdevalcarcel.madrid","author_link":"https:\/\/site.educa.madrid.org\/ies.rodriguezdevalcarcel.madrid\/index.php\/author\/cuenta_tic-ies-rodriguezdevalcarcel-madrid\/"},"rttpg_comment":0,"rttpg_category":null,"rttpg_excerpt":"El Departamento de Actividades Complementarias y Extraescolares (DACE) tiene como objetivo principal dinamizar la vida del centro potenciando la realizaci\u00f3n de actividades [&hellip;]","post_mailing_queue_ids":[],"_links":{"self":[{"href":"https:\/\/site.educa.madrid.org\/ies.rodriguezdevalcarcel.madrid\/index.php\/wp-json\/wp\/v2\/pages\/294","targetHints":{"allow":["GET"]}}],"collection":[{"href":"https:\/\/site.educa.madrid.org\/ies.rodriguezdevalcarcel.madrid\/index.php\/wp-json\/wp\/v2\/pages"}],"about":[{"href":"https:\/\/site.educa.madrid.org\/ies.rodriguezdevalcarcel.madrid\/index.php\/wp-json\/wp\/v2\/types\/page"}],"author":[{"embeddable":true,"href":"https:\/\/site.educa.madrid.org\/ies.rodriguezdevalcarcel.madrid\/index.php\/wp-json\/wp\/v2\/users\/2"}],"replies":[{"embeddable":true,"href":"https:\/\/site.educa.madrid.org\/ies.rodriguezdevalcarcel.madrid\/index.php\/wp-json\/wp\/v2\/comments?post=294"}],"version-history":[{"count":6,"href":"https:\/\/site.educa.madrid.org\/ies.rodriguezdevalcarcel.madrid\/index.php\/wp-json\/wp\/v2\/pages\/294\/revisions"}],"predecessor-version":[{"id":1232,"href":"https:\/\/site.educa.madrid.org\/ies.rodriguezdevalcarcel.madrid\/index.php\/wp-json\/wp\/v2\/pages\/294\/revisions\/1232"}],"wp:attachment":[{"href":"https:\/\/site.educa.madrid.org\/ies.rodriguezdevalcarcel.madrid\/index.php\/wp-json\/wp\/v2\/media?parent=294"}],"curies":[{"name":"wp","href":"https:\/\/api.w.org\/{rel}","templated":true}]}}