{"id":3,"date":"2018-07-12T07:27:21","date_gmt":"2018-07-12T07:27:21","guid":{"rendered":"http:\/\/172.16.4.151\/WordpressCopia\/?page_id=3"},"modified":"2022-06-08T23:03:48","modified_gmt":"2022-06-08T21:03:48","slug":"politica-privacidad","status":"publish","type":"page","link":"https:\/\/site.educa.madrid.org\/ies.rodriguezdevalcarcel.madrid\/index.php\/politica-privacidad\/","title":{"rendered":"Pol\u00edtica de privacidad"},"content":{"rendered":"\n<p>En cumplimiento del Reglamento (UE) 2016\/679 del Parlamento Europeo y del Consejo, de 27 de abril de 2016, relativo a la protecci\u00f3n de las personas f\u00edsicas en lo que respecta al tratamiento de datos personales, por el que se deroga la directiva 95\/46\/CE (en adelante, RGPD), de la Ley 34\/2002, de 11 de julio, de servicios de la sociedad de la informaci\u00f3n y de comercio electr\u00f3nico (en adelante, LSSI-CE) y de la Ley Org\u00e1nica 3\/2018, de Protecci\u00f3n de Datos Personales y garant\u00eda de los derechos digitales, IES CARLOS MAR\u00cdA RODR\u00cdGUEZ DE VALC\u00c1RCEL garantiza la protecci\u00f3n y confidencialidad de los datos personales, de cualquier tipo que nos proporcionen nuestros clientes, de acuerdo con lo dispuesto en el Reglamento General de Protecci\u00f3n de Datos de Car\u00e1cter Personal.<\/p>\n\n\n\n<p>La Pol\u00edtica de Protecci\u00f3n de Datos de IES CARLOS MAR\u00cdA RODR\u00cdGUEZ DE VALC\u00c1RCEL descansa en el principio de responsabilidad proactiva, seg\u00fan el cual el Responsable del tratamiento es responsable del cumplimiento del marco normativo y jurisprudencial, siendo capaz de demostrarlo ante las autoridades de control correspondientes.<\/p>\n\n\n\n<p>Los datos facilitados ser\u00e1n tratados en los t\u00e9rminos establecidos en el RGPD; en este sentido, IES CARLOS MAR\u00cdA RODR\u00cdGUEZ DE VALC\u00c1RCEL ha adoptado los niveles de protecci\u00f3n que legalmente se exigen, y ha instalado todas las medidas t\u00e9cnicas a su alcance para evitar la p\u00e9rdida, mal uso, alteraci\u00f3n, acceso no autorizado por terceros, expuestos a continuaci\u00f3n. No obstante, el usuario debe ser consciente de que las medidas de seguridad en Internet no son inexpugnables.<\/p>\n\n\n\n<h2 class=\"wp-block-heading\">Responsable del tratamiento: \u00bfQui\u00e9nes somos?<\/h2>\n\n\n\n<p>Institutos de educaci\u00f3n secundaria y centros p\u00fablicos espec\u00edficos de formaci\u00f3n profesional y de ense\u00f1anzas de r\u00e9gimen especial, as\u00ed como centros de educaci\u00f3n de personas adultas:<br>Direcci\u00f3n General de Educaci\u00f3n Secundaria, Formaci\u00f3n Profesional y R\u00e9gimen Especial<br>C\/ O\u2019Donnell, 12<br>C. P. 28009 (Madrid)<br><a href=\"mailto:dg.formacionprofesional@madrid.org\">dg.formacionprofesional@madrid.org<\/a><\/p>\n\n\n\n<h2 class=\"wp-block-heading\">Delegado de protecci\u00f3n de datos<\/h2>\n\n\n\n<p><a rel=\"noreferrer noopener\" href=\"mailto:protecciondatos.educacion@madrid.org\" target=\"_blank\">protecciondatos.educacion@madrid.org<\/a><br><a rel=\"noreferrer noopener\" href=\"https:\/\/dpd.educa2.madrid.org\/\" target=\"_blank\">https:\/\/dpd.educa2.madrid.org<\/a><br>C\/ Alcal\u00e1, 32. Planta baja<br>C. P. 28014 (Madrid)<\/p>\n\n\n\n<h2 class=\"wp-block-heading\">Finalidad del tratamiento: \u00bfPara qu\u00e9 usaremos sus datos?<\/h2>\n\n\n\n<p>Los datos que se recojan para actividades extraescolares o similares se utilizar\u00e1n \u00fanicamente para una actividad concreta. Con car\u00e1cter general, los datos personales incorporados para cada actividad se conservar\u00e1n durante el tiempo que sea necesario para cumplir con la finalidad para la que se recabaron y para determinar las posibles responsabilidades que se pudieran derivar de dicha finalidad y del tratamiento de los datos. Los datos personales que figuren en los listados publicados estar\u00e1n expuestos durante el per\u00edodo estrictamente necesario y ser\u00e1 eliminados comprobando que no quedan indexados a ning\u00fan buscador o p\u00e1gina web.&nbsp;<\/p>\n\n\n\n<h2 class=\"wp-block-heading\">Legitimaci\u00f3n<\/h2>\n\n\n\n<p>El centro docente y la Administraci\u00f3n educativa est\u00e1n legitimados para recabar y tratar los datos personales, conforme a lo dispuesto en art\u00edculo 6.1, letras c) y e) del Reglamento Europeo 2016\/679 de Protecci\u00f3n de Datos Personales. Cuando los alumnos hayan sido autorizados por sus tutores legales para participar en una actividad extraescolar o similar, el tratamiento de los datos es necesario para poder llevar a cabo dicha actividad.<\/p>\n\n\n\n<h2 class=\"wp-block-heading\">Legitimidad del tratamiento: \u00bfPor qu\u00e9 necesitamos sus datos?<\/h2>\n\n\n\n<p>a) Relaci\u00f3n contractual: Es la que aplica cuando contrata alguno de nuestros servicios.<br>b) Inter\u00e9s leg\u00edtimo: Para atender a las consultas y reclamaciones que nos plantee y para gestionar el cobro de las cantidades adeudadas.<br>c) Su consentimiento: Si es usuario de nuestra web, mediante la marcaci\u00f3n de la casilla que figura en el formulario de contacto, nos autoriza a que le remitamos las comunicaciones necesarias para dar respuesta a la consulta o solicitud de informaci\u00f3n planteada.<\/p>\n\n\n\n<h2 class=\"wp-block-heading\">Destinatarios: \u00bfCon qui\u00e9n compartimos sus datos?<\/h2>\n\n\n\n<p>No se realizan cesiones de datos personales salvo las que en su caso se establezcan por ley y a las empresas prestadoras del servicio correspondiente a la actividad extraescolar.<\/p>\n\n\n\n<h2 class=\"wp-block-heading\">Comunicaci\u00f3n: \u00bfD\u00f3nde podr\u00edamos enviar tus datos?<\/h2>\n\n\n\n<p>No realizaremos transferencias internacionales de sus datos personales para ninguna de las finalidades indicadas.<\/p>\n\n\n\n<h2 class=\"wp-block-heading\">Conservaci\u00f3n: \u00bfCu\u00e1nto tiempo mantendremos tus datos?<\/h2>\n\n\n\n<p>Solo conservaremos sus datos personales durante el tiempo que resulte necesario para lograr los fines para los que fueron recabados. A la hora de determinar el oportuno periodo de conservaci\u00f3n, examinamos los riesgos que conlleva el tratamiento, as\u00ed como nuestras obligaciones contractuales, legales y normativas, las pol\u00edticas internas de conservaci\u00f3n de datos y nuestros intereses de negocio leg\u00edtimos descritos en el presente Aviso de Privacidad y Pol\u00edtica de Cookies.<\/p>\n\n\n\n<p>En este sentido, IES CARLOS MAR\u00cdA RODR\u00cdGUEZ DE VALC\u00c1RCEL conservar\u00e1 los datos personales una vez terminada su relaci\u00f3n con Ud., debidamente bloqueados, durante el plazo de prescripci\u00f3n de las acciones que pudieran derivarse de la relaci\u00f3n mantenida con el interesado.<\/p>\n\n\n\n<p>Una vez bloqueados, sus datos resultar\u00e1n inaccesibles para IES CARLOS MAR\u00cdA RODR\u00cdGUEZ DE VALC\u00c1RCEL, y no ser\u00e1n tratados excepto para su puesta a disposici\u00f3n a las Administraciones p\u00fablicas, Jueces y Tribunales, para la atenci\u00f3n de las posibles responsabilidades nacidas de los tratamientos, as\u00ed como para el ejercicio y defensa de reclamaciones ante la Agencia Espa\u00f1ola de Protecci\u00f3n de Datos.<\/p>\n\n\n\n<h2 class=\"wp-block-heading\">Seguridad: \u00bfC\u00f3mo vamos a proteger sus datos?<\/h2>\n\n\n\n<p>Empleamos todos los esfuerzos razonables para mantener la confidencialidad de la informaci\u00f3n personal que se trate en nuestros sistemas. Mantenemos estrictos niveles de seguridad para proteger los datos de car\u00e1cter personal que procesamos frente a p\u00e9rdidas fortuitas y a accesos, tratamientos o revelaciones no autorizados, habida cuenta del estado de la tecnolog\u00eda, la naturaleza y los riesgos a que est\u00e1n expuestos los datos. No obstante, no podemos responsabilizarnos del uso que Ud. haga de los datos (incluido usuario y contrase\u00f1a) que utilice en nuestra web. Nuestro personal sigue estrictas normas de privacidad y en el caso de que contratemos a terceros para prestar servicios de soporte, les exigimos que acaten las mismas normas y nos permitan auditarles para verificar su cumplimiento.<\/p>\n\n\n\n<h2 class=\"wp-block-heading\">Sus derechos: \u00bfQu\u00e9 derechos puede ejercer como interesado?<\/h2>\n\n\n\n<p>Los participantes en los servicios o sus representantes legales pueden ejercitar, si lo desean, los derechos de acceso y rectificaci\u00f3n de datos, as\u00ed como solicitar que se limite el tratamiento de sus datos personales u oponerse al mismo, dentro de lo dispuesto en la normativa vigente, dirigiendo una solicitud al centro docente, o bien a la Direcci\u00f3n General responsable del tratamiento o al Delegado de Protecci\u00f3n de Datos de la Consejer\u00eda competente en materia de Educaci\u00f3n, por el registro (electr\u00f3nico o presencial) de la Comunidad de Madrid, rellenando el formulario correspondiente y aportando la documentaci\u00f3n que considere oportuna.<\/p>\n\n\n\n<p>La calidad de profesor o alumno exige el tratamiento de sus datos durante todo el tiempo de permanencia en el mismo, por lo tanto, no podr\u00e1 ejercerse el derecho de oposici\u00f3n o limitaci\u00f3n hasta que se cause baja en el mismo.<\/p>\n\n\n\n<p>Adem\u00e1s, en caso de disconformidad con el tratamiento de los datos personales, podr\u00e1n interponer una reclamaci\u00f3n ante la Agencia Espa\u00f1ola de Protecci\u00f3n de Datos mediante escrito (C\/ Jorge Juan, 6, 28001-Madrid) o formulario en su Sede electr\u00f3nica:&nbsp;<a rel=\"noreferrer noopener\" href=\"https:\/\/sedeagpd.gob.es\/\" target=\"_blank\">https:\/\/sedeagpd.gob.es\/<\/a><\/p>\n\n\n\n<h2 class=\"wp-block-heading\">Tutela de derechos: \u00bfD\u00f3nde puede formular una reclamaci\u00f3n?<\/h2>\n\n\n\n<p>En caso de que entienda que sus derechos han sido desatendidos por nuestra entidad, puede formular una reclamaci\u00f3n en la Agencia Espa\u00f1ola de Protecci\u00f3n de Datos, a trav\u00e9s de alguno de los medios siguientes:<br>&#8211; Sede electr\u00f3nica:&nbsp;<a rel=\"noreferrer noopener\" href=\"https:\/\/www.aepd.es\/\" target=\"_blank\">https:\/\/www.aepd.es<\/a><br>&#8211; Correo postal: Agencia Espa\u00f1ola de Protecci\u00f3n de Datos, C\/ Jorge Juan, 6, 28001, Madrid<br>&#8211; Tel\u00e9fono: 901.100.099 y 912.663.517<\/p>\n\n\n\n<p>Formular una reclamaci\u00f3n en la Agencia Espa\u00f1ola de Protecci\u00f3n de Datos no conlleva ning\u00fan coste y no es necesaria la asistencia de abogado ni procurador.<\/p>\n\n\n\n<h2 class=\"wp-block-heading\">Actualizaciones: \u00bfQu\u00e9 cambios puede haber en esta Pol\u00edtica de Privacidad?<\/h2>\n\n\n\n<p>IES CARLOS MAR\u00cdA RODR\u00cdGUEZ DE VALC\u00c1RCEL se reserva el derecho a modificar la presente pol\u00edtica para adaptarla a novedades legislativas o jurisprudenciales que puedan afectar el cumplimiento de la misma.<\/p>\n\n\n\n<h2 class=\"wp-block-heading\">M\u00e1s informaci\u00f3n<\/h2>\n\n\n\n<p>Puede consultar, adicional y detalladamente, la informaci\u00f3n y normativa aplicable en materia de protecci\u00f3n de datos en la web de la Agencia Espa\u00f1ola de Protecci\u00f3n de Datos:\u00a0<a rel=\"noreferrer noopener\" href=\"https:\/\/www.aepd.es\/\" target=\"_blank\">https:\/\/www.aepd.es\/<\/a>.<\/p>\n\n\n\n<p>Adem\u00e1s, en la web de la Comunidad de Madrid (<a rel=\"noreferrer noopener\" href=\"https:\/\/www.comunidad.madrid\/\" target=\"_blank\">https:\/\/www.comunidad.madrid<\/a>), podr\u00e1 consultar diversos aspectos sobre la protecci\u00f3n de datos personales.<\/p>\n","protected":false},"excerpt":{"rendered":"<p>En cumplimiento del Reglamento (UE) 2016\/679 del Parlamento Europeo y del Consejo, de 27 de abril de 2016, relativo a la protecci\u00f3n [&hellip;]<\/p>\n","protected":false},"author":1,"featured_media":0,"parent":0,"menu_order":0,"comment_status":"closed","ping_status":"open","template":"","meta":{"footnotes":""},"class_list":["post-3","page","type-page","status-publish","hentry"],"rttpg_featured_image_url":null,"rttpg_author":{"display_name":"jirafa20","author_link":"https:\/\/site.educa.madrid.org\/ies.rodriguezdevalcarcel.madrid\/index.php\/author\/educa\/"},"rttpg_comment":0,"rttpg_category":null,"rttpg_excerpt":"En cumplimiento del Reglamento (UE) 2016\/679 del Parlamento Europeo y del Consejo, de 27 de abril de 2016, relativo a la protecci\u00f3n [&hellip;]","post_mailing_queue_ids":[],"_links":{"self":[{"href":"https:\/\/site.educa.madrid.org\/ies.rodriguezdevalcarcel.madrid\/index.php\/wp-json\/wp\/v2\/pages\/3","targetHints":{"allow":["GET"]}}],"collection":[{"href":"https:\/\/site.educa.madrid.org\/ies.rodriguezdevalcarcel.madrid\/index.php\/wp-json\/wp\/v2\/pages"}],"about":[{"href":"https:\/\/site.educa.madrid.org\/ies.rodriguezdevalcarcel.madrid\/index.php\/wp-json\/wp\/v2\/types\/page"}],"author":[{"embeddable":true,"href":"https:\/\/site.educa.madrid.org\/ies.rodriguezdevalcarcel.madrid\/index.php\/wp-json\/wp\/v2\/users\/1"}],"replies":[{"embeddable":true,"href":"https:\/\/site.educa.madrid.org\/ies.rodriguezdevalcarcel.madrid\/index.php\/wp-json\/wp\/v2\/comments?post=3"}],"version-history":[{"count":7,"href":"https:\/\/site.educa.madrid.org\/ies.rodriguezdevalcarcel.madrid\/index.php\/wp-json\/wp\/v2\/pages\/3\/revisions"}],"predecessor-version":[{"id":677,"href":"https:\/\/site.educa.madrid.org\/ies.rodriguezdevalcarcel.madrid\/index.php\/wp-json\/wp\/v2\/pages\/3\/revisions\/677"}],"wp:attachment":[{"href":"https:\/\/site.educa.madrid.org\/ies.rodriguezdevalcarcel.madrid\/index.php\/wp-json\/wp\/v2\/media?parent=3"}],"curies":[{"name":"wp","href":"https:\/\/api.w.org\/{rel}","templated":true}]}}