{"id":308,"date":"2022-05-10T18:13:48","date_gmt":"2022-05-10T16:13:48","guid":{"rendered":"https:\/\/site.educa.madrid.org\/ies.rodriguezdevalcarcel.madrid\/?page_id=308"},"modified":"2022-06-24T19:00:15","modified_gmt":"2022-06-24T17:00:15","slug":"tic","status":"publish","type":"page","link":"https:\/\/site.educa.madrid.org\/ies.rodriguezdevalcarcel.madrid\/index.php\/tic\/","title":{"rendered":"TIC"},"content":{"rendered":"\n<figure class=\"wp-block-image size-full\"><img loading=\"lazy\" decoding=\"async\" width=\"1000\" height=\"633\" src=\"https:\/\/site.educa.madrid.org\/ies.rodriguezdevalcarcel.madrid\/\/wp-content\/uploads\/ies.rodriguezdevalcarcel.madrid\/2022\/06\/tic.jpg\" alt=\"\" class=\"wp-image-1270\" srcset=\"https:\/\/site.educa.madrid.org\/ies.rodriguezdevalcarcel.madrid\/\/wp-content\/uploads\/ies.rodriguezdevalcarcel.madrid\/2022\/06\/tic.jpg 1000w, https:\/\/site.educa.madrid.org\/ies.rodriguezdevalcarcel.madrid\/\/wp-content\/uploads\/ies.rodriguezdevalcarcel.madrid\/2022\/06\/tic-300x190.jpg 300w, https:\/\/site.educa.madrid.org\/ies.rodriguezdevalcarcel.madrid\/\/wp-content\/uploads\/ies.rodriguezdevalcarcel.madrid\/2022\/06\/tic-768x486.jpg 768w, https:\/\/site.educa.madrid.org\/ies.rodriguezdevalcarcel.madrid\/\/wp-content\/uploads\/ies.rodriguezdevalcarcel.madrid\/2022\/06\/tic-920x582.jpg 920w, https:\/\/site.educa.madrid.org\/ies.rodriguezdevalcarcel.madrid\/\/wp-content\/uploads\/ies.rodriguezdevalcarcel.madrid\/2022\/06\/tic-230x146.jpg 230w, https:\/\/site.educa.madrid.org\/ies.rodriguezdevalcarcel.madrid\/\/wp-content\/uploads\/ies.rodriguezdevalcarcel.madrid\/2022\/06\/tic-350x222.jpg 350w, https:\/\/site.educa.madrid.org\/ies.rodriguezdevalcarcel.madrid\/\/wp-content\/uploads\/ies.rodriguezdevalcarcel.madrid\/2022\/06\/tic-480x304.jpg 480w\" sizes=\"auto, (max-width: 1000px) 100vw, 1000px\" \/><\/figure>\n\n\n\n<p>El Departamento de <strong>Tecnolog\u00edas de la Informaci\u00f3n y la Comunicaci\u00f3n (TIC)<\/strong> tiene como objetivo coordinar y dinamizar la integraci\u00f3n curricular de las TIC en el Centro, as\u00ed como ayudar a la gesti\u00f3n de recursos inform\u00e1ticos\u00a0y asesorar al profesorado y al alumnado en cuestiones relativas de las tecnolog\u00edas de la informaci\u00f3n y comunicaci\u00f3n (dotaciones, aplicaciones, etc.)<\/p>\n\n\n\n<p>El Centro tambi\u00e9n cuenta con un profesor<strong> (ComDigEdu), <\/strong>que junto con el equipo directivo, son los encargados de impulsar el plan de digitalizaci\u00f3n del Centro. Para ello, cuentan adem\u00e1s con el apoyo de una Asesora T\u00e9cnica Docente, dentro del Marco de Referencia de la Competencia Digital Docente.<\/p>\n\n\n\n<p>Correo electr\u00f3nico:&nbsp;<a rel=\"noreferrer noopener\" href=\"mailto:tic.ies.rodriguezdevalcarcel.madrid@educa.madrid.org\" target=\"_blank\">tic.ies.rodriguezdevalcarcel.madrid@educa.madrid.org<\/a><\/p>\n","protected":false},"excerpt":{"rendered":"<p>El Departamento de Tecnolog\u00edas de la Informaci\u00f3n y la Comunicaci\u00f3n (TIC) tiene como objetivo coordinar y dinamizar la integraci\u00f3n curricular de las [&hellip;]<\/p>\n","protected":false},"author":2,"featured_media":0,"parent":0,"menu_order":0,"comment_status":"closed","ping_status":"closed","template":"","meta":{"footnotes":""},"class_list":["post-308","page","type-page","status-publish","hentry"],"rttpg_featured_image_url":null,"rttpg_author":{"display_name":"tic.ies.rodriguezdevalcarcel.madrid","author_link":"https:\/\/site.educa.madrid.org\/ies.rodriguezdevalcarcel.madrid\/index.php\/author\/cuenta_tic-ies-rodriguezdevalcarcel-madrid\/"},"rttpg_comment":0,"rttpg_category":null,"rttpg_excerpt":"El Departamento de Tecnolog\u00edas de la Informaci\u00f3n y la Comunicaci\u00f3n (TIC) tiene como objetivo coordinar y dinamizar la integraci\u00f3n curricular de las [&hellip;]","post_mailing_queue_ids":[],"_links":{"self":[{"href":"https:\/\/site.educa.madrid.org\/ies.rodriguezdevalcarcel.madrid\/index.php\/wp-json\/wp\/v2\/pages\/308","targetHints":{"allow":["GET"]}}],"collection":[{"href":"https:\/\/site.educa.madrid.org\/ies.rodriguezdevalcarcel.madrid\/index.php\/wp-json\/wp\/v2\/pages"}],"about":[{"href":"https:\/\/site.educa.madrid.org\/ies.rodriguezdevalcarcel.madrid\/index.php\/wp-json\/wp\/v2\/types\/page"}],"author":[{"embeddable":true,"href":"https:\/\/site.educa.madrid.org\/ies.rodriguezdevalcarcel.madrid\/index.php\/wp-json\/wp\/v2\/users\/2"}],"replies":[{"embeddable":true,"href":"https:\/\/site.educa.madrid.org\/ies.rodriguezdevalcarcel.madrid\/index.php\/wp-json\/wp\/v2\/comments?post=308"}],"version-history":[{"count":7,"href":"https:\/\/site.educa.madrid.org\/ies.rodriguezdevalcarcel.madrid\/index.php\/wp-json\/wp\/v2\/pages\/308\/revisions"}],"predecessor-version":[{"id":1271,"href":"https:\/\/site.educa.madrid.org\/ies.rodriguezdevalcarcel.madrid\/index.php\/wp-json\/wp\/v2\/pages\/308\/revisions\/1271"}],"wp:attachment":[{"href":"https:\/\/site.educa.madrid.org\/ies.rodriguezdevalcarcel.madrid\/index.php\/wp-json\/wp\/v2\/media?parent=308"}],"curies":[{"name":"wp","href":"https:\/\/api.w.org\/{rel}","templated":true}]}}