{"id":313,"date":"2022-05-10T18:15:34","date_gmt":"2022-05-10T16:15:34","guid":{"rendered":"https:\/\/site.educa.madrid.org\/ies.rodriguezdevalcarcel.madrid\/?page_id=313"},"modified":"2025-10-16T08:56:18","modified_gmt":"2025-10-16T06:56:18","slug":"grado-medio","status":"publish","type":"page","link":"https:\/\/site.educa.madrid.org\/ies.rodriguezdevalcarcel.madrid\/index.php\/grado-medio\/","title":{"rendered":"Grado Medio"},"content":{"rendered":"\n<figure class=\"wp-block-image size-full\"><img loading=\"lazy\" decoding=\"async\" width=\"1000\" height=\"624\" src=\"https:\/\/site.educa.madrid.org\/ies.rodriguezdevalcarcel.madrid\/\/wp-content\/uploads\/ies.rodriguezdevalcarcel.madrid\/2022\/06\/grado-medio.jpg\" alt=\"\" class=\"wp-image-923\" srcset=\"https:\/\/site.educa.madrid.org\/ies.rodriguezdevalcarcel.madrid\/\/wp-content\/uploads\/ies.rodriguezdevalcarcel.madrid\/2022\/06\/grado-medio.jpg 1000w, https:\/\/site.educa.madrid.org\/ies.rodriguezdevalcarcel.madrid\/\/wp-content\/uploads\/ies.rodriguezdevalcarcel.madrid\/2022\/06\/grado-medio-300x187.jpg 300w, https:\/\/site.educa.madrid.org\/ies.rodriguezdevalcarcel.madrid\/\/wp-content\/uploads\/ies.rodriguezdevalcarcel.madrid\/2022\/06\/grado-medio-768x479.jpg 768w, https:\/\/site.educa.madrid.org\/ies.rodriguezdevalcarcel.madrid\/\/wp-content\/uploads\/ies.rodriguezdevalcarcel.madrid\/2022\/06\/grado-medio-920x574.jpg 920w, https:\/\/site.educa.madrid.org\/ies.rodriguezdevalcarcel.madrid\/\/wp-content\/uploads\/ies.rodriguezdevalcarcel.madrid\/2022\/06\/grado-medio-230x144.jpg 230w, https:\/\/site.educa.madrid.org\/ies.rodriguezdevalcarcel.madrid\/\/wp-content\/uploads\/ies.rodriguezdevalcarcel.madrid\/2022\/06\/grado-medio-350x218.jpg 350w, https:\/\/site.educa.madrid.org\/ies.rodriguezdevalcarcel.madrid\/\/wp-content\/uploads\/ies.rodriguezdevalcarcel.madrid\/2022\/06\/grado-medio-480x300.jpg 480w\" sizes=\"auto, (max-width: 1000px) 100vw, 1000px\" \/><\/figure>\n\n\n\n<h2 class=\"wp-block-heading\">CICLO GRADO MEDIO VIDEO DJ Y SONIDO<\/h2>\n\n\n\n<p>F\u00f3rmate c\u00f3mo T\u00e9cnico en Video Disc jockey y Sonido y, al finalizar tus estudios, podr\u00e1s ser capaz de realizar <strong>sesiones<\/strong> <strong>de animaci\u00f3n musical y visual<\/strong> en vivo, realizar la <strong>toma y grabaci\u00f3n de imagen<\/strong> (foto y v\u00eddeo) y <strong>sonido de eventos<\/strong> y peque\u00f1as producciones, hacer <strong>mezclas de audio<\/strong>, <strong>editar <\/strong>y tratar<strong> fotos<\/strong>, <strong>sonido y v\u00eddeo<\/strong>&#8230;<\/p>\n\n\n\n<p>Algunas <strong>salidas profesionales<\/strong> para este perfil profesional son: ayudante de <strong>sonido o microfonista<\/strong>, <strong>disc-jockey<\/strong>, video-jockey, video-disc-jockey, light-jockey, <strong>retocador\/a fotogr\u00e1fico digital<\/strong>, <strong>t\u00e9cnico de imagen y sonido<\/strong>,&#8230;<\/p>\n\n\n\n<p>Modalidad: <strong>presencial.<\/strong><\/p>\n\n\n\n<p>Duraci\u00f3n: <strong>2000 horas<\/strong> repartidas en dos cursos acad\u00e9micos<\/p>\n\n\n\n<p>Turnos: <strong>diurno<\/strong> (8.30 a 14.30) y <strong>vespertino<\/strong> (15.30 a 21.30)<\/p>\n\n\n\n<h3 class=\"wp-block-heading\">Enlaces de inter\u00e9s<\/h3>\n\n\n\n<p><a href=\"http:\/\/www.comunidad.madrid\/servicios\/educacion\/estudiar-fp-ciclos-formativos-grado-medio\" target=\"_blank\" rel=\"noopener\"><strong>Informaci\u00f3n Comunidad de Madrid<\/strong><\/a><\/p>\n\n\n\n<p><a rel=\"noreferrer noopener\" href=\"https:\/\/site.educa.madrid.org\/ies.rodriguezdevalcarcel.madrid\/\/wp-content\/uploads\/ies.rodriguezdevalcarcel.madrid\/2025\/10\/imsm01_video_disc_jockey_y_sonido.pdf\" target=\"_blank\">Ficha informativa.<span style=\"font-size: 16px;color: #233452;font-weight:normal\"> Acceso a la ficha del ciclo<\/span><\/a><\/p>\n\n\n\n<p><a href=\"https:\/\/www.boe.es\/boe\/dias\/2012\/04\/18\/pdfs\/BOE-A-2012-5239.pdf\" target=\"_blank\" rel=\"noreferrer noopener\">ENSE\u00d1ANZAS M\u00cdNIMAS<span style=\"font-size: 16px;color: #233452;font-weight:normal\">. Real Decreto 556\/2012, de 23 de marzo (B0E 18\/04\/2012)<\/span><\/a><\/p>\n\n\n\n<p><a href=\"http:\/\/www.comunidad.madrid\/sites\/default\/files\/doc\/educacion\/fp\/FP-Ensenanza-IMSM01-LOE-Curriculo-D20160086.pdf\" target=\"_blank\" rel=\"noreferrer noopener\">CURR\u00cdCULO<span style=\"font-size: 16px;color: #233452;font-weight:normal\">. Decreto 86\/2016, de 19 de septiembre (BOCM 22\/09\/2016)<\/span><\/a><\/p>\n","protected":false},"excerpt":{"rendered":"<p>CICLO GRADO MEDIO VIDEO DJ Y SONIDO F\u00f3rmate c\u00f3mo T\u00e9cnico en Video Disc jockey y Sonido y, al finalizar tus estudios, podr\u00e1s [&hellip;]<\/p>\n","protected":false},"author":2,"featured_media":0,"parent":0,"menu_order":0,"comment_status":"closed","ping_status":"closed","template":"","meta":{"footnotes":""},"class_list":["post-313","page","type-page","status-publish","hentry"],"rttpg_featured_image_url":null,"rttpg_author":{"display_name":"tic.ies.rodriguezdevalcarcel.madrid","author_link":"https:\/\/site.educa.madrid.org\/ies.rodriguezdevalcarcel.madrid\/index.php\/author\/cuenta_tic-ies-rodriguezdevalcarcel-madrid\/"},"rttpg_comment":0,"rttpg_category":null,"rttpg_excerpt":"CICLO GRADO MEDIO VIDEO DJ Y SONIDO F\u00f3rmate c\u00f3mo T\u00e9cnico en Video Disc jockey y Sonido y, al finalizar tus estudios, podr\u00e1s [&hellip;]","post_mailing_queue_ids":[],"_links":{"self":[{"href":"https:\/\/site.educa.madrid.org\/ies.rodriguezdevalcarcel.madrid\/index.php\/wp-json\/wp\/v2\/pages\/313","targetHints":{"allow":["GET"]}}],"collection":[{"href":"https:\/\/site.educa.madrid.org\/ies.rodriguezdevalcarcel.madrid\/index.php\/wp-json\/wp\/v2\/pages"}],"about":[{"href":"https:\/\/site.educa.madrid.org\/ies.rodriguezdevalcarcel.madrid\/index.php\/wp-json\/wp\/v2\/types\/page"}],"author":[{"embeddable":true,"href":"https:\/\/site.educa.madrid.org\/ies.rodriguezdevalcarcel.madrid\/index.php\/wp-json\/wp\/v2\/users\/2"}],"replies":[{"embeddable":true,"href":"https:\/\/site.educa.madrid.org\/ies.rodriguezdevalcarcel.madrid\/index.php\/wp-json\/wp\/v2\/comments?post=313"}],"version-history":[{"count":5,"href":"https:\/\/site.educa.madrid.org\/ies.rodriguezdevalcarcel.madrid\/index.php\/wp-json\/wp\/v2\/pages\/313\/revisions"}],"predecessor-version":[{"id":3500,"href":"https:\/\/site.educa.madrid.org\/ies.rodriguezdevalcarcel.madrid\/index.php\/wp-json\/wp\/v2\/pages\/313\/revisions\/3500"}],"wp:attachment":[{"href":"https:\/\/site.educa.madrid.org\/ies.rodriguezdevalcarcel.madrid\/index.php\/wp-json\/wp\/v2\/media?parent=313"}],"curies":[{"name":"wp","href":"https:\/\/api.w.org\/{rel}","templated":true}]}}