{"id":3236,"date":"2025-01-21T01:29:38","date_gmt":"2025-01-21T00:29:38","guid":{"rendered":"https:\/\/site.educa.madrid.org\/ies.rodriguezdevalcarcel.madrid\/?page_id=3236"},"modified":"2025-03-05T01:03:36","modified_gmt":"2025-03-05T00:03:36","slug":"concierto-inmersivo","status":"publish","type":"page","link":"https:\/\/site.educa.madrid.org\/ies.rodriguezdevalcarcel.madrid\/index.php\/concierto-inmersivo\/","title":{"rendered":"Concierto inmersivo"},"content":{"rendered":"\n<figure class=\"wp-block-image size-large\"><img loading=\"lazy\" decoding=\"async\" width=\"1024\" height=\"333\" src=\"https:\/\/site.educa.madrid.org\/ies.rodriguezdevalcarcel.madrid\/\/wp-content\/uploads\/ies.rodriguezdevalcarcel.madrid\/2025\/03\/Inmersivo-1-1024x333.jpg\" alt=\"\" class=\"wp-image-3263\" srcset=\"https:\/\/site.educa.madrid.org\/ies.rodriguezdevalcarcel.madrid\/\/wp-content\/uploads\/ies.rodriguezdevalcarcel.madrid\/2025\/03\/Inmersivo-1-1024x333.jpg 1024w, https:\/\/site.educa.madrid.org\/ies.rodriguezdevalcarcel.madrid\/\/wp-content\/uploads\/ies.rodriguezdevalcarcel.madrid\/2025\/03\/Inmersivo-1-300x98.jpg 300w, https:\/\/site.educa.madrid.org\/ies.rodriguezdevalcarcel.madrid\/\/wp-content\/uploads\/ies.rodriguezdevalcarcel.madrid\/2025\/03\/Inmersivo-1-768x250.jpg 768w, https:\/\/site.educa.madrid.org\/ies.rodriguezdevalcarcel.madrid\/\/wp-content\/uploads\/ies.rodriguezdevalcarcel.madrid\/2025\/03\/Inmersivo-1-1000x325.jpg 1000w, https:\/\/site.educa.madrid.org\/ies.rodriguezdevalcarcel.madrid\/\/wp-content\/uploads\/ies.rodriguezdevalcarcel.madrid\/2025\/03\/Inmersivo-1-230x75.jpg 230w, https:\/\/site.educa.madrid.org\/ies.rodriguezdevalcarcel.madrid\/\/wp-content\/uploads\/ies.rodriguezdevalcarcel.madrid\/2025\/03\/Inmersivo-1-350x114.jpg 350w, https:\/\/site.educa.madrid.org\/ies.rodriguezdevalcarcel.madrid\/\/wp-content\/uploads\/ies.rodriguezdevalcarcel.madrid\/2025\/03\/Inmersivo-1-480x156.jpg 480w, https:\/\/site.educa.madrid.org\/ies.rodriguezdevalcarcel.madrid\/\/wp-content\/uploads\/ies.rodriguezdevalcarcel.madrid\/2025\/03\/Inmersivo-1.jpg 1200w\" sizes=\"auto, (max-width: 1024px) 100vw, 1024px\" \/><\/figure>\n\n\n\n<h2 class=\"wp-block-heading\">REALIZACI\u00d3N DE AUDIO Y V\u00cdDEO DE UN CONCIERTO COMO EXPERIENCIA INMERSIVA<\/h2>\n\n\n\n<p>En la VIII edici\u00f3n de la Convocatoria de Ayudas de CaixaBank Dualiza y FPEmpresa han seleccionado nuestro Proyecto de Innovaci\u00f3n \u201cRealizaci\u00f3n de Audio y V\u00eddeo como Experiencia Inmersiva\u201d. Lo han considerado uno de los 32 m\u00e1s innovadores de Espa\u00f1a.<\/p>\n\n\n\n<p>El proyecto consiste en la producci\u00f3n de un concierto en directo utilizando t\u00e9cnicas de grabaci\u00f3n inmersivas, con el fin de implementar el producto audiovisual resultante en gafas de realidad virtual y plataformas digitales.<\/p>\n\n\n\n<p>El futuro de los eventos en directo viene de la mano de la realidad virtual. El usuario podr\u00e1 disfrutar del mismo en primera persona, pero en cualquier momento y lugar. Son propuestas innovadoras que empiezan a surgir en la industria audiovisual para ampliar el p\u00fablico y que ya se est\u00e1n aplicando por ejemplo en f\u00fatbol. Ver el partido en tiempo real con visi\u00f3n 360\u00ba como si estuvieras en la grada, pero desde el sal\u00f3n de tu casa.<\/p>\n\n\n\n<p>Nosotros nos llevamos la propuesta a la cultura. Grabamos a la Malasa\u00f1a Big Band en nuestro plat\u00f3, con 2 c\u00e1maras 360\u00ba y 6 c\u00e1maras m\u00e1s, 25 micr\u00f3fonos y un equipo de 100 alumnos y 8 profesores.<\/p>\n\n\n\n<p>El 24 de enero de la mano de la empresa Caronte realizamos dos sesiones (diurno y vespertino) de formaci\u00f3n en audio y v\u00eddeo inmersivo 360\u00ba.<\/p>\n\n\n\n<p>El 5 de febrero presentamos el Proyecto a la prensa y a las autoridades educativas con un desayuno informativo en nuestra reci\u00e9n estrenada Aula de Tecnolog\u00eda Aplicada. Asistieron el evento:<\/p>\n\n\n\n<ul class=\"wp-block-list\">\n<li>Don Jos\u00e9 Carlos Fern\u00e1ndez Borreguero, Viceconsejero de Pol\u00edtica y Organizaci\u00f3n Educativa<\/li>\n\n\n\n<li>Do\u00f1a Mar\u00eda Luz Rodr\u00edguez de Llera Tejera, Directora General de Educaci\u00f3n Secundaria, FP y R\u00e9gimen Especial<\/li>\n\n\n\n<li>Do\u00f1a Coral B\u00e1ez Oterm\u00edn, Directora del \u00c1rea Territorial de Madrid-Capital.<\/li>\n\n\n\n<li>Paula San Luis, directora de CaixaBank Dualiza<\/li>\n\n\n\n<li>Tom\u00e1s Alonso\u00a0vicepresidente de FP empresa<\/li>\n<\/ul>\n\n\n\n<figure class=\"wp-block-image size-full\"><img loading=\"lazy\" decoding=\"async\" width=\"900\" height=\"675\" src=\"https:\/\/site.educa.madrid.org\/ies.rodriguezdevalcarcel.madrid\/\/wp-content\/uploads\/ies.rodriguezdevalcarcel.madrid\/2025\/03\/Inmersivo-2.jpg\" alt=\"\" class=\"wp-image-3258\" srcset=\"https:\/\/site.educa.madrid.org\/ies.rodriguezdevalcarcel.madrid\/\/wp-content\/uploads\/ies.rodriguezdevalcarcel.madrid\/2025\/03\/Inmersivo-2.jpg 900w, https:\/\/site.educa.madrid.org\/ies.rodriguezdevalcarcel.madrid\/\/wp-content\/uploads\/ies.rodriguezdevalcarcel.madrid\/2025\/03\/Inmersivo-2-300x225.jpg 300w, https:\/\/site.educa.madrid.org\/ies.rodriguezdevalcarcel.madrid\/\/wp-content\/uploads\/ies.rodriguezdevalcarcel.madrid\/2025\/03\/Inmersivo-2-768x576.jpg 768w, https:\/\/site.educa.madrid.org\/ies.rodriguezdevalcarcel.madrid\/\/wp-content\/uploads\/ies.rodriguezdevalcarcel.madrid\/2025\/03\/Inmersivo-2-230x173.jpg 230w, https:\/\/site.educa.madrid.org\/ies.rodriguezdevalcarcel.madrid\/\/wp-content\/uploads\/ies.rodriguezdevalcarcel.madrid\/2025\/03\/Inmersivo-2-350x263.jpg 350w, https:\/\/site.educa.madrid.org\/ies.rodriguezdevalcarcel.madrid\/\/wp-content\/uploads\/ies.rodriguezdevalcarcel.madrid\/2025\/03\/Inmersivo-2-480x360.jpg 480w\" sizes=\"auto, (max-width: 900px) 100vw, 900px\" \/><\/figure>\n\n\n\n<p>Los asistentes se pusieron las gafas de realidad virtual para ver una peque\u00f1a demo de v\u00eddeo en 360\u00ba y visitaron el plat\u00f3 de televisi\u00f3n donde se realiz\u00f3 el concierto.<\/p>\n\n\n\n<figure class=\"wp-block-image size-full\"><img loading=\"lazy\" decoding=\"async\" width=\"800\" height=\"600\" src=\"https:\/\/site.educa.madrid.org\/ies.rodriguezdevalcarcel.madrid\/\/wp-content\/uploads\/ies.rodriguezdevalcarcel.madrid\/2025\/03\/Inmersivo-3.jpg\" alt=\"\" class=\"wp-image-3259\" srcset=\"https:\/\/site.educa.madrid.org\/ies.rodriguezdevalcarcel.madrid\/\/wp-content\/uploads\/ies.rodriguezdevalcarcel.madrid\/2025\/03\/Inmersivo-3.jpg 800w, https:\/\/site.educa.madrid.org\/ies.rodriguezdevalcarcel.madrid\/\/wp-content\/uploads\/ies.rodriguezdevalcarcel.madrid\/2025\/03\/Inmersivo-3-300x225.jpg 300w, https:\/\/site.educa.madrid.org\/ies.rodriguezdevalcarcel.madrid\/\/wp-content\/uploads\/ies.rodriguezdevalcarcel.madrid\/2025\/03\/Inmersivo-3-768x576.jpg 768w, https:\/\/site.educa.madrid.org\/ies.rodriguezdevalcarcel.madrid\/\/wp-content\/uploads\/ies.rodriguezdevalcarcel.madrid\/2025\/03\/Inmersivo-3-230x173.jpg 230w, https:\/\/site.educa.madrid.org\/ies.rodriguezdevalcarcel.madrid\/\/wp-content\/uploads\/ies.rodriguezdevalcarcel.madrid\/2025\/03\/Inmersivo-3-350x263.jpg 350w, https:\/\/site.educa.madrid.org\/ies.rodriguezdevalcarcel.madrid\/\/wp-content\/uploads\/ies.rodriguezdevalcarcel.madrid\/2025\/03\/Inmersivo-3-480x360.jpg 480w\" sizes=\"auto, (max-width: 800px) 100vw, 800px\" \/><\/figure>\n\n\n\n<p>El 18 de febrero nuestros\/as alumnos\/as produjeron, iluminaron, sonorizaron y realizaron en directo un concierto de la Malasa\u00f1a Big Band con t\u00e9cnicas inmersivas.<\/p>\n\n\n\n<figure class=\"wp-block-image size-full\"><img loading=\"lazy\" decoding=\"async\" width=\"900\" height=\"599\" src=\"https:\/\/site.educa.madrid.org\/ies.rodriguezdevalcarcel.madrid\/\/wp-content\/uploads\/ies.rodriguezdevalcarcel.madrid\/2025\/03\/Inmersivo-4.jpg\" alt=\"\" class=\"wp-image-3260\" srcset=\"https:\/\/site.educa.madrid.org\/ies.rodriguezdevalcarcel.madrid\/\/wp-content\/uploads\/ies.rodriguezdevalcarcel.madrid\/2025\/03\/Inmersivo-4.jpg 900w, https:\/\/site.educa.madrid.org\/ies.rodriguezdevalcarcel.madrid\/\/wp-content\/uploads\/ies.rodriguezdevalcarcel.madrid\/2025\/03\/Inmersivo-4-300x200.jpg 300w, https:\/\/site.educa.madrid.org\/ies.rodriguezdevalcarcel.madrid\/\/wp-content\/uploads\/ies.rodriguezdevalcarcel.madrid\/2025\/03\/Inmersivo-4-768x511.jpg 768w, https:\/\/site.educa.madrid.org\/ies.rodriguezdevalcarcel.madrid\/\/wp-content\/uploads\/ies.rodriguezdevalcarcel.madrid\/2025\/03\/Inmersivo-4-391x260.jpg 391w, https:\/\/site.educa.madrid.org\/ies.rodriguezdevalcarcel.madrid\/\/wp-content\/uploads\/ies.rodriguezdevalcarcel.madrid\/2025\/03\/Inmersivo-4-230x153.jpg 230w, https:\/\/site.educa.madrid.org\/ies.rodriguezdevalcarcel.madrid\/\/wp-content\/uploads\/ies.rodriguezdevalcarcel.madrid\/2025\/03\/Inmersivo-4-350x233.jpg 350w, https:\/\/site.educa.madrid.org\/ies.rodriguezdevalcarcel.madrid\/\/wp-content\/uploads\/ies.rodriguezdevalcarcel.madrid\/2025\/03\/Inmersivo-4-480x319.jpg 480w, https:\/\/site.educa.madrid.org\/ies.rodriguezdevalcarcel.madrid\/\/wp-content\/uploads\/ies.rodriguezdevalcarcel.madrid\/2025\/03\/Inmersivo-4-272x182.jpg 272w\" sizes=\"auto, (max-width: 900px) 100vw, 900px\" \/><\/figure>\n\n\n\n<figure class=\"wp-block-image size-full\"><img loading=\"lazy\" decoding=\"async\" width=\"900\" height=\"600\" src=\"https:\/\/site.educa.madrid.org\/ies.rodriguezdevalcarcel.madrid\/\/wp-content\/uploads\/ies.rodriguezdevalcarcel.madrid\/2025\/03\/Inmersivo-5.jpg\" alt=\"\" class=\"wp-image-3261\" srcset=\"https:\/\/site.educa.madrid.org\/ies.rodriguezdevalcarcel.madrid\/\/wp-content\/uploads\/ies.rodriguezdevalcarcel.madrid\/2025\/03\/Inmersivo-5.jpg 900w, https:\/\/site.educa.madrid.org\/ies.rodriguezdevalcarcel.madrid\/\/wp-content\/uploads\/ies.rodriguezdevalcarcel.madrid\/2025\/03\/Inmersivo-5-300x200.jpg 300w, https:\/\/site.educa.madrid.org\/ies.rodriguezdevalcarcel.madrid\/\/wp-content\/uploads\/ies.rodriguezdevalcarcel.madrid\/2025\/03\/Inmersivo-5-768x512.jpg 768w, https:\/\/site.educa.madrid.org\/ies.rodriguezdevalcarcel.madrid\/\/wp-content\/uploads\/ies.rodriguezdevalcarcel.madrid\/2025\/03\/Inmersivo-5-391x260.jpg 391w, https:\/\/site.educa.madrid.org\/ies.rodriguezdevalcarcel.madrid\/\/wp-content\/uploads\/ies.rodriguezdevalcarcel.madrid\/2025\/03\/Inmersivo-5-230x153.jpg 230w, https:\/\/site.educa.madrid.org\/ies.rodriguezdevalcarcel.madrid\/\/wp-content\/uploads\/ies.rodriguezdevalcarcel.madrid\/2025\/03\/Inmersivo-5-350x233.jpg 350w, https:\/\/site.educa.madrid.org\/ies.rodriguezdevalcarcel.madrid\/\/wp-content\/uploads\/ies.rodriguezdevalcarcel.madrid\/2025\/03\/Inmersivo-5-480x320.jpg 480w, https:\/\/site.educa.madrid.org\/ies.rodriguezdevalcarcel.madrid\/\/wp-content\/uploads\/ies.rodriguezdevalcarcel.madrid\/2025\/03\/Inmersivo-5-272x182.jpg 272w\" sizes=\"auto, (max-width: 900px) 100vw, 900px\" \/><\/figure>\n\n\n\n<figure class=\"wp-block-image size-full\"><img loading=\"lazy\" decoding=\"async\" width=\"678\" height=\"904\" src=\"https:\/\/site.educa.madrid.org\/ies.rodriguezdevalcarcel.madrid\/\/wp-content\/uploads\/ies.rodriguezdevalcarcel.madrid\/2025\/03\/Inmersivo-6.jpg\" alt=\"\" class=\"wp-image-3262\" srcset=\"https:\/\/site.educa.madrid.org\/ies.rodriguezdevalcarcel.madrid\/\/wp-content\/uploads\/ies.rodriguezdevalcarcel.madrid\/2025\/03\/Inmersivo-6.jpg 678w, https:\/\/site.educa.madrid.org\/ies.rodriguezdevalcarcel.madrid\/\/wp-content\/uploads\/ies.rodriguezdevalcarcel.madrid\/2025\/03\/Inmersivo-6-225x300.jpg 225w, https:\/\/site.educa.madrid.org\/ies.rodriguezdevalcarcel.madrid\/\/wp-content\/uploads\/ies.rodriguezdevalcarcel.madrid\/2025\/03\/Inmersivo-6-300x400.jpg 300w, https:\/\/site.educa.madrid.org\/ies.rodriguezdevalcarcel.madrid\/\/wp-content\/uploads\/ies.rodriguezdevalcarcel.madrid\/2025\/03\/Inmersivo-6-230x307.jpg 230w, https:\/\/site.educa.madrid.org\/ies.rodriguezdevalcarcel.madrid\/\/wp-content\/uploads\/ies.rodriguezdevalcarcel.madrid\/2025\/03\/Inmersivo-6-350x467.jpg 350w, https:\/\/site.educa.madrid.org\/ies.rodriguezdevalcarcel.madrid\/\/wp-content\/uploads\/ies.rodriguezdevalcarcel.madrid\/2025\/03\/Inmersivo-6-480x640.jpg 480w\" sizes=\"auto, (max-width: 678px) 100vw, 678px\" \/><\/figure>\n\n\n\n<p>Ya hemos comenzado con toda la postproducci\u00f3n tanto de audio como de v\u00eddeo, as\u00ed como la implementaci\u00f3n en las gafas de realidad virtual y en junio presentaremos el producto final.<\/p>\n\n\n\n<p>Nos pod\u00e9is seguir en la web y en redes sociales.<\/p>\n","protected":false},"excerpt":{"rendered":"<p>REALIZACI\u00d3N DE AUDIO Y V\u00cdDEO DE UN CONCIERTO COMO EXPERIENCIA INMERSIVA En la VIII edici\u00f3n de la Convocatoria de Ayudas de CaixaBank [&hellip;]<\/p>\n","protected":false},"author":2,"featured_media":0,"parent":0,"menu_order":0,"comment_status":"closed","ping_status":"closed","template":"","meta":{"footnotes":""},"class_list":["post-3236","page","type-page","status-publish","hentry"],"rttpg_featured_image_url":null,"rttpg_author":{"display_name":"tic.ies.rodriguezdevalcarcel.madrid","author_link":"https:\/\/site.educa.madrid.org\/ies.rodriguezdevalcarcel.madrid\/index.php\/author\/cuenta_tic-ies-rodriguezdevalcarcel-madrid\/"},"rttpg_comment":0,"rttpg_category":null,"rttpg_excerpt":"REALIZACI\u00d3N DE AUDIO Y V\u00cdDEO DE UN CONCIERTO COMO EXPERIENCIA INMERSIVA En la VIII edici\u00f3n de la Convocatoria de Ayudas de CaixaBank [&hellip;]","post_mailing_queue_ids":[],"_links":{"self":[{"href":"https:\/\/site.educa.madrid.org\/ies.rodriguezdevalcarcel.madrid\/index.php\/wp-json\/wp\/v2\/pages\/3236","targetHints":{"allow":["GET"]}}],"collection":[{"href":"https:\/\/site.educa.madrid.org\/ies.rodriguezdevalcarcel.madrid\/index.php\/wp-json\/wp\/v2\/pages"}],"about":[{"href":"https:\/\/site.educa.madrid.org\/ies.rodriguezdevalcarcel.madrid\/index.php\/wp-json\/wp\/v2\/types\/page"}],"author":[{"embeddable":true,"href":"https:\/\/site.educa.madrid.org\/ies.rodriguezdevalcarcel.madrid\/index.php\/wp-json\/wp\/v2\/users\/2"}],"replies":[{"embeddable":true,"href":"https:\/\/site.educa.madrid.org\/ies.rodriguezdevalcarcel.madrid\/index.php\/wp-json\/wp\/v2\/comments?post=3236"}],"version-history":[{"count":3,"href":"https:\/\/site.educa.madrid.org\/ies.rodriguezdevalcarcel.madrid\/index.php\/wp-json\/wp\/v2\/pages\/3236\/revisions"}],"predecessor-version":[{"id":3264,"href":"https:\/\/site.educa.madrid.org\/ies.rodriguezdevalcarcel.madrid\/index.php\/wp-json\/wp\/v2\/pages\/3236\/revisions\/3264"}],"wp:attachment":[{"href":"https:\/\/site.educa.madrid.org\/ies.rodriguezdevalcarcel.madrid\/index.php\/wp-json\/wp\/v2\/media?parent=3236"}],"curies":[{"name":"wp","href":"https:\/\/api.w.org\/{rel}","templated":true}]}}