{"id":324,"date":"2022-05-10T18:18:39","date_gmt":"2022-05-10T16:18:39","guid":{"rendered":"https:\/\/site.educa.madrid.org\/ies.rodriguezdevalcarcel.madrid\/?page_id=324"},"modified":"2022-06-16T19:37:51","modified_gmt":"2022-06-16T17:37:51","slug":"proyectos","status":"publish","type":"page","link":"https:\/\/site.educa.madrid.org\/ies.rodriguezdevalcarcel.madrid\/index.php\/proyectos\/","title":{"rendered":"Proyectos"},"content":{"rendered":"\n<p>El desarrollo de las Pr\u00e1cticas Interc\u00edclicas supone un trabajo interdisciplinar en el que participan equipos de alumnos y alumnas de todos los ciclos de la familia de Imagen y Sonido, desempe\u00f1ando los roles propios de su ciclo formativo.&nbsp;&nbsp;<\/p>\n\n\n\n<p>El objetivo de estas pr\u00e1cticas es crear un producto audiovisual o esc\u00e9nico para los participantes ajenos al centro como grupos musicales, actores\/actrices, compa\u00f1\u00edas teatrales, compa\u00f1\u00edas de danza, ponentes, expertos, etc. La pr\u00e1ctica proporciona la posibilidad de que el alumnado comprenda mejor las rutinas de trabajo y se esfuerce cada vez m\u00e1s en alcanzar la m\u00e1xima calidad profesional en los resultados.<\/p>\n\n\n\n<p><a href=\"https:\/\/www.youtube.com\/channel\/UCmlRScIzNbOwdUaKQQ_ZIXg\" target=\"_blank\" rel=\"noreferrer noopener\" class=\"youtube\">Canal de Youtube de Proyectos<\/a><\/p>\n","protected":false},"excerpt":{"rendered":"<p>El desarrollo de las Pr\u00e1cticas Interc\u00edclicas supone un trabajo interdisciplinar en el que participan equipos de alumnos y alumnas de todos los [&hellip;]<\/p>\n","protected":false},"author":2,"featured_media":0,"parent":0,"menu_order":0,"comment_status":"closed","ping_status":"closed","template":"","meta":{"footnotes":""},"class_list":["post-324","page","type-page","status-publish","hentry"],"rttpg_featured_image_url":null,"rttpg_author":{"display_name":"tic.ies.rodriguezdevalcarcel.madrid","author_link":"https:\/\/site.educa.madrid.org\/ies.rodriguezdevalcarcel.madrid\/index.php\/author\/cuenta_tic-ies-rodriguezdevalcarcel-madrid\/"},"rttpg_comment":0,"rttpg_category":null,"rttpg_excerpt":"El desarrollo de las Pr\u00e1cticas Interc\u00edclicas supone un trabajo interdisciplinar en el que participan equipos de alumnos y alumnas de todos los [&hellip;]","post_mailing_queue_ids":[],"_links":{"self":[{"href":"https:\/\/site.educa.madrid.org\/ies.rodriguezdevalcarcel.madrid\/index.php\/wp-json\/wp\/v2\/pages\/324","targetHints":{"allow":["GET"]}}],"collection":[{"href":"https:\/\/site.educa.madrid.org\/ies.rodriguezdevalcarcel.madrid\/index.php\/wp-json\/wp\/v2\/pages"}],"about":[{"href":"https:\/\/site.educa.madrid.org\/ies.rodriguezdevalcarcel.madrid\/index.php\/wp-json\/wp\/v2\/types\/page"}],"author":[{"embeddable":true,"href":"https:\/\/site.educa.madrid.org\/ies.rodriguezdevalcarcel.madrid\/index.php\/wp-json\/wp\/v2\/users\/2"}],"replies":[{"embeddable":true,"href":"https:\/\/site.educa.madrid.org\/ies.rodriguezdevalcarcel.madrid\/index.php\/wp-json\/wp\/v2\/comments?post=324"}],"version-history":[{"count":2,"href":"https:\/\/site.educa.madrid.org\/ies.rodriguezdevalcarcel.madrid\/index.php\/wp-json\/wp\/v2\/pages\/324\/revisions"}],"predecessor-version":[{"id":1073,"href":"https:\/\/site.educa.madrid.org\/ies.rodriguezdevalcarcel.madrid\/index.php\/wp-json\/wp\/v2\/pages\/324\/revisions\/1073"}],"wp:attachment":[{"href":"https:\/\/site.educa.madrid.org\/ies.rodriguezdevalcarcel.madrid\/index.php\/wp-json\/wp\/v2\/media?parent=324"}],"curies":[{"name":"wp","href":"https:\/\/api.w.org\/{rel}","templated":true}]}}