{"id":326,"date":"2022-05-10T18:19:04","date_gmt":"2022-05-10T16:19:04","guid":{"rendered":"https:\/\/site.educa.madrid.org\/ies.rodriguezdevalcarcel.madrid\/?page_id=326"},"modified":"2022-06-16T20:43:00","modified_gmt":"2022-06-16T18:43:00","slug":"reportajes","status":"publish","type":"page","link":"https:\/\/site.educa.madrid.org\/ies.rodriguezdevalcarcel.madrid\/index.php\/reportajes\/","title":{"rendered":"Reportajes"},"content":{"rendered":"\n<p>Este proyecto se centra en la producci\u00f3n, grabaci\u00f3n y postproducci\u00f3n de reportajes en lugares emblem\u00e1ticos del centro de Madrid. Es el alumnado de primero de los ciclos superiores el que decide el tema del reportaje, el enfoque, las posibles entrevistas, etc. y hace todas las gestiones pertinentes para poder efectuar la grabaci\u00f3n del mismo. Trabajan en equipos desempe\u00f1ando las funciones profesionales de cada especialidad. La tem\u00e1tica es libre y tambi\u00e9n son ellos y ellas los que decidir\u00e1n las entrevistas, entradillas del periodista, voz en off y cualquier otro recurso que se considere.<\/p>\n\n\n\n<p><a href=\"https:\/\/www.youtube.com\/watch?v=BlYZx1ARxjs&amp;list=PL158TaBgj0pU3DeY7fjM_RrPorCvxeRsJ\" target=\"_blank\" rel=\"noreferrer noopener\" class=\"youtube\">Canal de Youtube de reportajes<\/a><\/p>\n","protected":false},"excerpt":{"rendered":"<p>Este proyecto se centra en la producci\u00f3n, grabaci\u00f3n y postproducci\u00f3n de reportajes en lugares emblem\u00e1ticos del centro de Madrid. Es el alumnado [&hellip;]<\/p>\n","protected":false},"author":2,"featured_media":0,"parent":0,"menu_order":0,"comment_status":"closed","ping_status":"closed","template":"","meta":{"footnotes":""},"class_list":["post-326","page","type-page","status-publish","hentry"],"rttpg_featured_image_url":null,"rttpg_author":{"display_name":"tic.ies.rodriguezdevalcarcel.madrid","author_link":"https:\/\/site.educa.madrid.org\/ies.rodriguezdevalcarcel.madrid\/index.php\/author\/cuenta_tic-ies-rodriguezdevalcarcel-madrid\/"},"rttpg_comment":0,"rttpg_category":null,"rttpg_excerpt":"Este proyecto se centra en la producci\u00f3n, grabaci\u00f3n y postproducci\u00f3n de reportajes en lugares emblem\u00e1ticos del centro de Madrid. Es el alumnado [&hellip;]","post_mailing_queue_ids":[],"_links":{"self":[{"href":"https:\/\/site.educa.madrid.org\/ies.rodriguezdevalcarcel.madrid\/index.php\/wp-json\/wp\/v2\/pages\/326","targetHints":{"allow":["GET"]}}],"collection":[{"href":"https:\/\/site.educa.madrid.org\/ies.rodriguezdevalcarcel.madrid\/index.php\/wp-json\/wp\/v2\/pages"}],"about":[{"href":"https:\/\/site.educa.madrid.org\/ies.rodriguezdevalcarcel.madrid\/index.php\/wp-json\/wp\/v2\/types\/page"}],"author":[{"embeddable":true,"href":"https:\/\/site.educa.madrid.org\/ies.rodriguezdevalcarcel.madrid\/index.php\/wp-json\/wp\/v2\/users\/2"}],"replies":[{"embeddable":true,"href":"https:\/\/site.educa.madrid.org\/ies.rodriguezdevalcarcel.madrid\/index.php\/wp-json\/wp\/v2\/comments?post=326"}],"version-history":[{"count":2,"href":"https:\/\/site.educa.madrid.org\/ies.rodriguezdevalcarcel.madrid\/index.php\/wp-json\/wp\/v2\/pages\/326\/revisions"}],"predecessor-version":[{"id":1076,"href":"https:\/\/site.educa.madrid.org\/ies.rodriguezdevalcarcel.madrid\/index.php\/wp-json\/wp\/v2\/pages\/326\/revisions\/1076"}],"wp:attachment":[{"href":"https:\/\/site.educa.madrid.org\/ies.rodriguezdevalcarcel.madrid\/index.php\/wp-json\/wp\/v2\/media?parent=326"}],"curies":[{"name":"wp","href":"https:\/\/api.w.org\/{rel}","templated":true}]}}