{"id":328,"date":"2022-05-10T18:19:27","date_gmt":"2022-05-10T16:19:27","guid":{"rendered":"https:\/\/site.educa.madrid.org\/ies.rodriguezdevalcarcel.madrid\/?page_id=328"},"modified":"2022-06-16T20:54:51","modified_gmt":"2022-06-16T18:54:51","slug":"entrevistas","status":"publish","type":"page","link":"https:\/\/site.educa.madrid.org\/ies.rodriguezdevalcarcel.madrid\/index.php\/entrevistas\/","title":{"rendered":"Entrevistas"},"content":{"rendered":"\n<p>En este proyecto el alumnado de primero de los ciclos superiores asume la producci\u00f3n, grabaci\u00f3n y postproducci\u00f3n de entrevistas monogr\u00e1ficas a personajes que ejercen su labor profesional en un \u00e1mbito relacionado con la producci\u00f3n audiovisual y\/o de espect\u00e1culos (productores, directores, fot\u00f3grafos, mezcladores de sonido, directores de fotograf\u00eda, editores, etc.). Simulando entornos reales de trabajo, en los que desempe\u00f1ar los roles espec\u00edficos de cada ciclo.<\/p>\n\n\n\n<p><a href=\"https:\/\/www.youtube.com\/watch?v=66ehNs3qKEs&amp;list=PL158TaBgj0pXeopz86F2Cg0EXXi3D7vS1\" target=\"_blank\" rel=\"noreferrer noopener\" class=\"youtube\">Canal de Youtube de entrevistas<\/a><\/p>\n","protected":false},"excerpt":{"rendered":"<p>En este proyecto el alumnado de primero de los ciclos superiores asume la producci\u00f3n, grabaci\u00f3n y postproducci\u00f3n de entrevistas monogr\u00e1ficas a personajes [&hellip;]<\/p>\n","protected":false},"author":2,"featured_media":0,"parent":0,"menu_order":0,"comment_status":"closed","ping_status":"closed","template":"","meta":{"footnotes":""},"class_list":["post-328","page","type-page","status-publish","hentry"],"rttpg_featured_image_url":null,"rttpg_author":{"display_name":"tic.ies.rodriguezdevalcarcel.madrid","author_link":"https:\/\/site.educa.madrid.org\/ies.rodriguezdevalcarcel.madrid\/index.php\/author\/cuenta_tic-ies-rodriguezdevalcarcel-madrid\/"},"rttpg_comment":0,"rttpg_category":null,"rttpg_excerpt":"En este proyecto el alumnado de primero de los ciclos superiores asume la producci\u00f3n, grabaci\u00f3n y postproducci\u00f3n de entrevistas monogr\u00e1ficas a personajes [&hellip;]","post_mailing_queue_ids":[],"_links":{"self":[{"href":"https:\/\/site.educa.madrid.org\/ies.rodriguezdevalcarcel.madrid\/index.php\/wp-json\/wp\/v2\/pages\/328","targetHints":{"allow":["GET"]}}],"collection":[{"href":"https:\/\/site.educa.madrid.org\/ies.rodriguezdevalcarcel.madrid\/index.php\/wp-json\/wp\/v2\/pages"}],"about":[{"href":"https:\/\/site.educa.madrid.org\/ies.rodriguezdevalcarcel.madrid\/index.php\/wp-json\/wp\/v2\/types\/page"}],"author":[{"embeddable":true,"href":"https:\/\/site.educa.madrid.org\/ies.rodriguezdevalcarcel.madrid\/index.php\/wp-json\/wp\/v2\/users\/2"}],"replies":[{"embeddable":true,"href":"https:\/\/site.educa.madrid.org\/ies.rodriguezdevalcarcel.madrid\/index.php\/wp-json\/wp\/v2\/comments?post=328"}],"version-history":[{"count":3,"href":"https:\/\/site.educa.madrid.org\/ies.rodriguezdevalcarcel.madrid\/index.php\/wp-json\/wp\/v2\/pages\/328\/revisions"}],"predecessor-version":[{"id":1082,"href":"https:\/\/site.educa.madrid.org\/ies.rodriguezdevalcarcel.madrid\/index.php\/wp-json\/wp\/v2\/pages\/328\/revisions\/1082"}],"wp:attachment":[{"href":"https:\/\/site.educa.madrid.org\/ies.rodriguezdevalcarcel.madrid\/index.php\/wp-json\/wp\/v2\/media?parent=328"}],"curies":[{"name":"wp","href":"https:\/\/api.w.org\/{rel}","templated":true}]}}