{"id":332,"date":"2022-05-10T18:20:30","date_gmt":"2022-05-10T16:20:30","guid":{"rendered":"https:\/\/site.educa.madrid.org\/ies.rodriguezdevalcarcel.madrid\/?page_id=332"},"modified":"2022-06-16T21:00:58","modified_gmt":"2022-06-16T19:00:58","slug":"web-series","status":"publish","type":"page","link":"https:\/\/site.educa.madrid.org\/ies.rodriguezdevalcarcel.madrid\/index.php\/web-series\/","title":{"rendered":"Web series"},"content":{"rendered":"\n<p>Los alumnos y alumnas de segundo de los ciclos superiores producen, iluminan, sonorizan y realizan en directo web series. Participan en todo el proceso de creaci\u00f3n de cada proyecto, desde el desarrollo de los guiones, preproducci\u00f3n, postproducci\u00f3n \u201cfina\u201d y publicaci\u00f3n en la web. Trabajan en equipos adecuando sus tareas a las propias del perfil profesional.<\/p>\n\n\n\n<p><a href=\"https:\/\/www.youtube.com\/playlist?list=PL158TaBgj0pUQtf5UCXKhuHq-_WNX2KgT\" target=\"_blank\" rel=\"noreferrer noopener\" class=\"youtube\">Canal de Youtube de web series<\/a><\/p>\n","protected":false},"excerpt":{"rendered":"<p>Los alumnos y alumnas de segundo de los ciclos superiores producen, iluminan, sonorizan y realizan en directo web series. Participan en todo [&hellip;]<\/p>\n","protected":false},"author":2,"featured_media":0,"parent":0,"menu_order":0,"comment_status":"closed","ping_status":"closed","template":"","meta":{"footnotes":""},"class_list":["post-332","page","type-page","status-publish","hentry"],"rttpg_featured_image_url":null,"rttpg_author":{"display_name":"tic.ies.rodriguezdevalcarcel.madrid","author_link":"https:\/\/site.educa.madrid.org\/ies.rodriguezdevalcarcel.madrid\/index.php\/author\/cuenta_tic-ies-rodriguezdevalcarcel-madrid\/"},"rttpg_comment":0,"rttpg_category":null,"rttpg_excerpt":"Los alumnos y alumnas de segundo de los ciclos superiores producen, iluminan, sonorizan y realizan en directo web series. Participan en todo [&hellip;]","post_mailing_queue_ids":[],"_links":{"self":[{"href":"https:\/\/site.educa.madrid.org\/ies.rodriguezdevalcarcel.madrid\/index.php\/wp-json\/wp\/v2\/pages\/332","targetHints":{"allow":["GET"]}}],"collection":[{"href":"https:\/\/site.educa.madrid.org\/ies.rodriguezdevalcarcel.madrid\/index.php\/wp-json\/wp\/v2\/pages"}],"about":[{"href":"https:\/\/site.educa.madrid.org\/ies.rodriguezdevalcarcel.madrid\/index.php\/wp-json\/wp\/v2\/types\/page"}],"author":[{"embeddable":true,"href":"https:\/\/site.educa.madrid.org\/ies.rodriguezdevalcarcel.madrid\/index.php\/wp-json\/wp\/v2\/users\/2"}],"replies":[{"embeddable":true,"href":"https:\/\/site.educa.madrid.org\/ies.rodriguezdevalcarcel.madrid\/index.php\/wp-json\/wp\/v2\/comments?post=332"}],"version-history":[{"count":2,"href":"https:\/\/site.educa.madrid.org\/ies.rodriguezdevalcarcel.madrid\/index.php\/wp-json\/wp\/v2\/pages\/332\/revisions"}],"predecessor-version":[{"id":1086,"href":"https:\/\/site.educa.madrid.org\/ies.rodriguezdevalcarcel.madrid\/index.php\/wp-json\/wp\/v2\/pages\/332\/revisions\/1086"}],"wp:attachment":[{"href":"https:\/\/site.educa.madrid.org\/ies.rodriguezdevalcarcel.madrid\/index.php\/wp-json\/wp\/v2\/media?parent=332"}],"curies":[{"name":"wp","href":"https:\/\/api.w.org\/{rel}","templated":true}]}}