{"id":3481,"date":"2025-10-01T11:27:42","date_gmt":"2025-10-01T09:27:42","guid":{"rendered":"https:\/\/site.educa.madrid.org\/ies.rodriguezdevalcarcel.madrid\/?page_id=3481"},"modified":"2025-10-01T11:38:56","modified_gmt":"2025-10-01T09:38:56","slug":"movilidades-entrantes","status":"publish","type":"page","link":"https:\/\/site.educa.madrid.org\/ies.rodriguezdevalcarcel.madrid\/index.php\/movilidades-entrantes\/","title":{"rendered":"Movilidades entrantes"},"content":{"rendered":"<p><strong>Itinerario<\/strong>: Llegada desde el Aeropuerto al Centro de Madrid<\/p>\n<p>Para todas las movilidades entrantes, tanto de estudiantes como de personal, hemos preparado una breve gu\u00eda para ayudarte a llegar desde el aeropuerto hasta el centro de la ciudad (conocido como Sol) y tambi\u00e9n la forma m\u00e1s sencilla de llegar al IFP Valc\u00e1rcel.<\/p>\n<p><a href=\"https:\/\/site.educa.madrid.org\/ies.rodriguezdevalcarcel.madrid\/\/wp-content\/uploads\/ies.rodriguezdevalcarcel.madrid\/2025\/10\/Travel-Itinerary-Planner.pdf\" target=\"_blank\" rel=\"noopener\">Descarga la gu\u00eda aqu\u00ed<\/a><\/p>\n<p>\u00a0<\/p>\n\n\n<figure class=\"wp-block-image size-large\"><a href=\"https:\/\/site.educa.madrid.org\/ies.rodriguezdevalcarcel.madrid\/\/wp-content\/uploads\/ies.rodriguezdevalcarcel.madrid\/2025\/10\/Travel-Itinerary-Planner.pdf\" target=\"_blank\" rel=\" noreferrer noopener\" style=\"background: no-repeat url() !important; padding-left: 0px !important; padding-top: 0px !important; min-height: 0px !important; margin-bottom: 0px !important;\"><img loading=\"lazy\" decoding=\"async\" width=\"724\" height=\"1024\" src=\"https:\/\/site.educa.madrid.org\/ies.rodriguezdevalcarcel.madrid\/\/wp-content\/uploads\/ies.rodriguezdevalcarcel.madrid\/2025\/10\/Travel-Itinerary-Planner-724x1024.png\" alt=\"\" class=\"wp-image-3486\" srcset=\"https:\/\/site.educa.madrid.org\/ies.rodriguezdevalcarcel.madrid\/\/wp-content\/uploads\/ies.rodriguezdevalcarcel.madrid\/2025\/10\/Travel-Itinerary-Planner-724x1024.png 724w, https:\/\/site.educa.madrid.org\/ies.rodriguezdevalcarcel.madrid\/\/wp-content\/uploads\/ies.rodriguezdevalcarcel.madrid\/2025\/10\/Travel-Itinerary-Planner-212x300.png 212w, https:\/\/site.educa.madrid.org\/ies.rodriguezdevalcarcel.madrid\/\/wp-content\/uploads\/ies.rodriguezdevalcarcel.madrid\/2025\/10\/Travel-Itinerary-Planner-768x1086.png 768w, https:\/\/site.educa.madrid.org\/ies.rodriguezdevalcarcel.madrid\/\/wp-content\/uploads\/ies.rodriguezdevalcarcel.madrid\/2025\/10\/Travel-Itinerary-Planner-1086x1536.png 1086w, https:\/\/site.educa.madrid.org\/ies.rodriguezdevalcarcel.madrid\/\/wp-content\/uploads\/ies.rodriguezdevalcarcel.madrid\/2025\/10\/Travel-Itinerary-Planner-1000x1414.png 1000w, https:\/\/site.educa.madrid.org\/ies.rodriguezdevalcarcel.madrid\/\/wp-content\/uploads\/ies.rodriguezdevalcarcel.madrid\/2025\/10\/Travel-Itinerary-Planner-230x325.png 230w, https:\/\/site.educa.madrid.org\/ies.rodriguezdevalcarcel.madrid\/\/wp-content\/uploads\/ies.rodriguezdevalcarcel.madrid\/2025\/10\/Travel-Itinerary-Planner-350x495.png 350w, https:\/\/site.educa.madrid.org\/ies.rodriguezdevalcarcel.madrid\/\/wp-content\/uploads\/ies.rodriguezdevalcarcel.madrid\/2025\/10\/Travel-Itinerary-Planner-480x679.png 480w, https:\/\/site.educa.madrid.org\/ies.rodriguezdevalcarcel.madrid\/\/wp-content\/uploads\/ies.rodriguezdevalcarcel.madrid\/2025\/10\/Travel-Itinerary-Planner.png 1414w\" sizes=\"auto, (max-width: 724px) 100vw, 724px\" \/><\/a><\/figure>\n","protected":false},"excerpt":{"rendered":"<p>Itinerario: Llegada desde el Aeropuerto al Centro de Madrid Para todas las movilidades entrantes, tanto de estudiantes como de personal, hemos preparado [&hellip;]<\/p>\n","protected":false},"author":2,"featured_media":0,"parent":0,"menu_order":0,"comment_status":"closed","ping_status":"closed","template":"","meta":{"footnotes":""},"class_list":["post-3481","page","type-page","status-publish","hentry"],"rttpg_featured_image_url":null,"rttpg_author":{"display_name":"tic.ies.rodriguezdevalcarcel.madrid","author_link":"https:\/\/site.educa.madrid.org\/ies.rodriguezdevalcarcel.madrid\/index.php\/author\/cuenta_tic-ies-rodriguezdevalcarcel-madrid\/"},"rttpg_comment":0,"rttpg_category":null,"rttpg_excerpt":"Itinerario: Llegada desde el Aeropuerto al Centro de Madrid Para todas las movilidades entrantes, tanto de estudiantes como de personal, hemos preparado [&hellip;]","post_mailing_queue_ids":[],"_links":{"self":[{"href":"https:\/\/site.educa.madrid.org\/ies.rodriguezdevalcarcel.madrid\/index.php\/wp-json\/wp\/v2\/pages\/3481","targetHints":{"allow":["GET"]}}],"collection":[{"href":"https:\/\/site.educa.madrid.org\/ies.rodriguezdevalcarcel.madrid\/index.php\/wp-json\/wp\/v2\/pages"}],"about":[{"href":"https:\/\/site.educa.madrid.org\/ies.rodriguezdevalcarcel.madrid\/index.php\/wp-json\/wp\/v2\/types\/page"}],"author":[{"embeddable":true,"href":"https:\/\/site.educa.madrid.org\/ies.rodriguezdevalcarcel.madrid\/index.php\/wp-json\/wp\/v2\/users\/2"}],"replies":[{"embeddable":true,"href":"https:\/\/site.educa.madrid.org\/ies.rodriguezdevalcarcel.madrid\/index.php\/wp-json\/wp\/v2\/comments?post=3481"}],"version-history":[{"count":5,"href":"https:\/\/site.educa.madrid.org\/ies.rodriguezdevalcarcel.madrid\/index.php\/wp-json\/wp\/v2\/pages\/3481\/revisions"}],"predecessor-version":[{"id":3491,"href":"https:\/\/site.educa.madrid.org\/ies.rodriguezdevalcarcel.madrid\/index.php\/wp-json\/wp\/v2\/pages\/3481\/revisions\/3491"}],"wp:attachment":[{"href":"https:\/\/site.educa.madrid.org\/ies.rodriguezdevalcarcel.madrid\/index.php\/wp-json\/wp\/v2\/media?parent=3481"}],"curies":[{"name":"wp","href":"https:\/\/api.w.org\/{rel}","templated":true}]}}