{"id":349,"date":"2022-05-10T18:25:21","date_gmt":"2022-05-10T16:25:21","guid":{"rendered":"https:\/\/site.educa.madrid.org\/ies.rodriguezdevalcarcel.madrid\/?page_id=349"},"modified":"2025-09-26T10:03:17","modified_gmt":"2025-09-26T08:03:17","slug":"fct","status":"publish","type":"page","link":"https:\/\/site.educa.madrid.org\/ies.rodriguezdevalcarcel.madrid\/index.php\/fct\/","title":{"rendered":"FFE"},"content":{"rendered":"\n<p>La Fase de Formaci\u00f3n en Empresas (FFE) es una parte obligatoria y fundamental del proceso de formaci\u00f3n del alumnado en Formaci\u00f3n Profesional. Los alumnos\/as acuden a empresas y\/o asociaciones, con el objetivo de aplicar lo aprendido en el centro educativo en un entorno profesional real.<\/p>\n\n\n\n<p>La FFE tiene una duraci\u00f3n de <strong>500 horas repartidas en los dos cursos formativos, realizando 140 horas en primero y 360 en segundo.<\/strong><\/p>\n\n\n\n<p>Esta fase formativa no tiene car\u00e1cter laboral, los alumnos\/as que lo cursan contin\u00faan siendo estudiantes matriculados en ense\u00f1anzas regladas, aunque <strong>si hay una cotizaci\u00f3n a la Seguridad Social de las horas trabajadas, cuyo coste asume la Comunidad de Madrid<\/strong> (no la empresa).<\/p>\n\n\n\n<p>Con esta formaci\u00f3n pretendemos que el alumnado:&nbsp;<\/p>\n\n\n\n<ol start=\"1\" style=\"list-style-type:lower-alpha\" class=\"wp-block-list\">\n<li>Complete la adquisici\u00f3n de competencias profesionales propias del t\u00edtulo que cursan.<\/li>\n\n\n\n<li>Adquiera una identidad y madurez profesional motivadoras para el aprendizaje a lo largo de la vida y para las adaptaciones a los cambios que generen nuevas necesidades de cualificaci\u00f3n profesional.<\/li>\n\n\n\n<li>Complete conocimientos relacionados con la producci\u00f3n, la comercializaci\u00f3n, la gesti\u00f3n econ\u00f3mica y el sistema de relaciones sociolaborales de las empresas, con el fin de facilitar su inserci\u00f3n laboral.<\/li>\n\n\n\n<li>Experimente situaciones reales de trabajo que acrediten la cualificaci\u00f3n para el empleo.<\/li>\n<\/ol>\n\n\n\n<p>La FFE en datos pr\u00e1cticos se puede resumir en:<\/p>\n\n\n\n<ul class=\"wp-block-list\">\n<li><strong>Periodos de FCT:<\/strong>\n<ul class=\"wp-block-list\">\n<li>En primero lo realizan en el mes de mayo.<\/li>\n\n\n\n<li>En segundo hay dos periodos de FFE: de septiembre a enero y de marzo a junio.<\/li>\n<\/ul>\n<\/li>\n\n\n\n<li><strong>N\u00famero de horas:<\/strong>500 horas divididas en dos cursos.<\/li>\n\n\n\n<li><strong>Horas al d\u00eda:&nbsp;<\/strong>7 \u2013 8 horas.<\/li>\n\n\n\n<li><strong>D\u00edas a la semana:<\/strong>&nbsp;5 (tambi\u00e9n flexibles seg\u00fan necesidades de trabajo). Normalmente de lunes a viernes aunque es muy habitual en fines de semana, festivos y periodos no lectivos si es necesario.\n<ul class=\"wp-block-list\">\n<li>Podr\u00edamos extender la jornada a horario nocturno (de 00.00 a 23.59 horas), fines de semana, festivos y d\u00edas no lectivos. Solo necesitamos que las empresas nos lo comuniquen previamente. Estas ampliaciones las tramitamos nosotros directamente con la Consejer\u00eda de Educaci\u00f3n y da mucha m\u00e1s flexibilidad para colocar las horas de pr\u00e1cticas a lo largo de la semana y durante la jornada.<\/li>\n<\/ul>\n<\/li>\n\n\n\n<li>Los alumnos\/as est\u00e1n cubiertos por la Seguridad Social.<\/li>\n\n\n\n<li>Pueden estar en un r\u00e9gimen presencia, r\u00e9gimen de teletrabajo e incluso mixto combinando ambas opciones seg\u00fan necesidades.<\/li>\n\n\n\n<li>La colaboraci\u00f3n entre la empresa y el IFP Valc\u00e1rcel comienza estableciendo un <strong>convenio<\/strong>, que no implica exclusividad ni la obligatoriedad de colaborar a\u00f1o a a\u00f1o, sino tener abierta esa posibilidad para cuando la empresa lo considere. Adjuntamos un modelo de convenio para su consulta.\n<ul class=\"wp-block-list\">\n<li>Las <strong>cl\u00e1usulas<\/strong> del convenio son las mismas para todos los institutos de la Comunidad de Madrid. Una vez establecido el convenio, posteriormente por cada alumno que haga sus pr\u00e1cticas habr\u00eda que hacer un nuevo documento (Anexo II) que establecer\u00eda las fechas de las pr\u00e1cticas, las horas diarias y el nombre de la alumno\/a.<\/li>\n<\/ul>\n<\/li>\n\n\n\n<li>El alumnado <strong>no percibe ning\u00fan salario<\/strong> por parte de la empresa en el periodo de pr\u00e1cticas, pues estas pr\u00e1cticas forman parte de su formaci\u00f3n. Son, por as\u00ed decirlo una asignatura m\u00e1s del plan de estudios.<\/li>\n\n\n\n<li>El IFP Valc\u00e1rcel cuenta con profesorado que tutoriza las FFE del alumnado y que colabora estrechamente con la empresa en:\n<ul class=\"wp-block-list\">\n<li>La selecci\u00f3n de la alumno\/a que realizar\u00e1 las pr\u00e1cticas.<\/li>\n\n\n\n<li>Facilitar la gesti\u00f3n documental del convenio y los anexos que se generen.<\/li>\n\n\n\n<li>Hacer un seguimiento del progreso del alumnado en el centro de trabajo.<\/li>\n\n\n\n<li>Evaluar al alumnado en funci\u00f3n de los resultados alcanzados.<\/li>\n<\/ul>\n<\/li>\n\n\n\n<li>La empresa se compromete a designar una <strong>tutor\/a <\/strong>que se encargar\u00e1 marcar tareas y supervisarlas, adem\u00e1s de mantener un contacto fluido con el tutor en el centro educativo y de hacer un seguimiento de la formaci\u00f3n de la alumna\/o.<\/li>\n\n\n\n<li>Ambos tutores\/as, el del centro y el de la empresa, acordar\u00e1n un plan de pr\u00e1cticas antes del inicio y calificar\u00e1n como \u201csuperado\u201d o \u201cno superado\u201d al alumnado.<\/li>\n<\/ul>\n\n\n\n<p>Para m\u00e1s informaci\u00f3n, pueden ponerse en contacto con el Coordinador de FFE, <strong>Alberto Serrano Tordable<\/strong><br><a href=\"mailto:fct.ies.rodriguezdevalcarcel.madrid@educa.madrid.org\">fct.ies.rodriguezdevalcarcel.madrid@educa.madrid.org<\/a> \u2013 <a href=\"tel:914393570\">914 39 35 70<\/a><\/p>\n\n\n\n<p><a href=\"https:\/\/site.educa.madrid.org\/ies.rodriguezdevalcarcel.madrid\/\/wp-content\/uploads\/ies.rodriguezdevalcarcel.madrid\/2024\/02\/Convenio_2024_SS_Clausulas.pdf\" target=\"_blank\" rel=\"noopener\">Convenio de colaboraci\u00f3n<\/a><br><\/p>\n\n\n\n<h2>Formulario de contacto para las empresas<\/h2>\n\n\n\n<div class=\"wp-block-contact-form-7-contact-form-selector\">\n<div class=\"wpcf7 no-js\" id=\"wpcf7-f3469-o1\" lang=\"es-ES\" dir=\"ltr\">\n<div class=\"screen-reader-response\"><p role=\"status\" aria-live=\"polite\" aria-atomic=\"true\"><\/p> <ul><\/ul><\/div>\n<form action=\"\/ies.rodriguezdevalcarcel.madrid\/index.php\/wp-json\/wp\/v2\/pages\/349#wpcf7-f3469-o1\" method=\"post\" class=\"wpcf7-form init\" aria-label=\"Formulario de contacto\" novalidate=\"novalidate\" data-status=\"init\">\n<div style=\"display: none;\">\n<input type=\"hidden\" name=\"_wpcf7\" value=\"3469\" \/>\n<input type=\"hidden\" name=\"_wpcf7_version\" value=\"5.9.7\" \/>\n<input type=\"hidden\" name=\"_wpcf7_locale\" value=\"es_ES\" \/>\n<input type=\"hidden\" name=\"_wpcf7_unit_tag\" value=\"wpcf7-f3469-o1\" \/>\n<input type=\"hidden\" name=\"_wpcf7_container_post\" value=\"0\" \/>\n<input type=\"hidden\" name=\"_wpcf7_posted_data_hash\" value=\"\" \/>\n<\/div>\n<p><label> Nombre de la empresa: *<br \/>\n<span class=\"wpcf7-form-control-wrap\" data-name=\"empresa\"><input size=\"40\" maxlength=\"400\" class=\"wpcf7-form-control wpcf7-text wpcf7-validates-as-required\" autocomplete=\"name\" aria-required=\"true\" aria-invalid=\"false\" value=\"\" type=\"text\" name=\"empresa\" \/><\/span> <\/label>\n<\/p>\n<p><label> Persona de contacto: *<br \/>\n<span class=\"wpcf7-form-control-wrap\" data-name=\"persona\"><input size=\"40\" maxlength=\"400\" class=\"wpcf7-form-control wpcf7-text wpcf7-validates-as-required\" autocomplete=\"email\" aria-required=\"true\" aria-invalid=\"false\" value=\"\" type=\"text\" name=\"persona\" \/><\/span> <\/label>\n<\/p>\n<p><label> Correo electr\u00f3nico: *<br \/>\n<span class=\"wpcf7-form-control-wrap\" data-name=\"correo\"><input size=\"40\" maxlength=\"400\" class=\"wpcf7-form-control wpcf7-email wpcf7-validates-as-required wpcf7-text wpcf7-validates-as-email\" aria-required=\"true\" aria-invalid=\"false\" value=\"\" type=\"email\" name=\"correo\" \/><\/span> <\/label>\n<\/p>\n<p><label> Tel\u00e9fono:<br \/>\n<span class=\"wpcf7-form-control-wrap\" data-name=\"telefono\"><input size=\"40\" maxlength=\"400\" class=\"wpcf7-form-control wpcf7-tel wpcf7-validates-as-required wpcf7-text wpcf7-validates-as-tel\" aria-required=\"true\" aria-invalid=\"false\" value=\"\" type=\"tel\" name=\"telefono\" \/><\/span><\/label>\n<\/p>\n<p><label> Mensaje: *<br \/>\n<span class=\"wpcf7-form-control-wrap\" data-name=\"mensaje\"><textarea cols=\"40\" rows=\"10\" maxlength=\"2000\" class=\"wpcf7-form-control wpcf7-textarea wpcf7-validates-as-required\" aria-required=\"true\" aria-invalid=\"false\" name=\"mensaje\"><\/textarea><\/span> <\/label>\n<\/p>\n<p><span class=\"wpcf7-form-control-wrap\" data-name=\"privacy-consent\"><span class=\"wpcf7-form-control wpcf7-acceptance\"><span class=\"wpcf7-list-item\"><label><input type=\"checkbox\" name=\"privacy-consent\" value=\"1\" aria-invalid=\"false\" \/><span class=\"wpcf7-list-item-label\">He le\u00eddo y acepto la <a href=\"https:\/\/site.educa.madrid.org\/ies.rodriguezdevalcarcel.madrid\/index.php\/politica-privacidad\/\" target=\"_blank\" rel=\"noopener noreferrer\">Pol\u00edtica de privacidad y protecci\u00f3n de datos<\/a>.<\/span><\/label><\/span><\/span><\/span>\n<\/p>\n<p class=\"aiowps-captcha hide-when-displaying-tfa-input\"><label for=\"aiowps-captcha-answer\">Por favor, introduce una respuesta en d\u00edgitos:<\/label>\n<\/p>\n<div class=\"aiowps-captcha-equation hide-when-displaying-tfa-input\">\n\t<p><strong>10 &#8722; 8 = <input type=\"hidden\" name=\"aiowps-captcha-string-info\" class=\"aiowps-captcha-string-info\" value=\"6o2fe1m0sv\" \/><input type=\"hidden\" name=\"aiowps-captcha-temp-string\" class=\"aiowps-captcha-temp-string\" value=\"1778605679\" \/><input type=\"text\" size=\"2\" class=\"aiowps-captcha-answer\" name=\"aiowps-captcha-answer\" value=\"\" autocomplete=\"off\" \/><\/strong>\n\t<\/p>\n<\/div>\n<p><span class='wpcf7-form-control-wrap' data-name='aiowps-captcha'><\/span><input class=\"wpcf7-form-control wpcf7-submit has-spinner\" type=\"submit\" value=\"Enviar\" \/>\n<\/p><p style=\"display: none !important;\" class=\"akismet-fields-container\" data-prefix=\"_wpcf7_ak_\"><label>&#916;<textarea name=\"_wpcf7_ak_hp_textarea\" cols=\"45\" rows=\"8\" maxlength=\"100\"><\/textarea><\/label><input type=\"hidden\" id=\"ak_js_1\" name=\"_wpcf7_ak_js\" value=\"59\"\/><script>document.getElementById( \"ak_js_1\" ).setAttribute( \"value\", ( new Date() ).getTime() );<\/script><\/p><div class=\"wpcf7-response-output\" aria-hidden=\"true\"><\/div>\n<\/form>\n<\/div>\n<\/div>\n","protected":false},"excerpt":{"rendered":"<p>La Fase de Formaci\u00f3n en Empresas (FFE) es una parte obligatoria y fundamental del proceso de formaci\u00f3n del alumnado en Formaci\u00f3n Profesional. [&hellip;]<\/p>\n","protected":false},"author":2,"featured_media":0,"parent":0,"menu_order":0,"comment_status":"closed","ping_status":"closed","template":"","meta":{"footnotes":""},"class_list":["post-349","page","type-page","status-publish","hentry"],"rttpg_featured_image_url":null,"rttpg_author":{"display_name":"tic.ies.rodriguezdevalcarcel.madrid","author_link":"https:\/\/site.educa.madrid.org\/ies.rodriguezdevalcarcel.madrid\/index.php\/author\/cuenta_tic-ies-rodriguezdevalcarcel-madrid\/"},"rttpg_comment":0,"rttpg_category":null,"rttpg_excerpt":"La Fase de Formaci\u00f3n en Empresas (FFE) es una parte obligatoria y fundamental del proceso de formaci\u00f3n del alumnado en Formaci\u00f3n Profesional. [&hellip;]","post_mailing_queue_ids":[],"_links":{"self":[{"href":"https:\/\/site.educa.madrid.org\/ies.rodriguezdevalcarcel.madrid\/index.php\/wp-json\/wp\/v2\/pages\/349","targetHints":{"allow":["GET"]}}],"collection":[{"href":"https:\/\/site.educa.madrid.org\/ies.rodriguezdevalcarcel.madrid\/index.php\/wp-json\/wp\/v2\/pages"}],"about":[{"href":"https:\/\/site.educa.madrid.org\/ies.rodriguezdevalcarcel.madrid\/index.php\/wp-json\/wp\/v2\/types\/page"}],"author":[{"embeddable":true,"href":"https:\/\/site.educa.madrid.org\/ies.rodriguezdevalcarcel.madrid\/index.php\/wp-json\/wp\/v2\/users\/2"}],"replies":[{"embeddable":true,"href":"https:\/\/site.educa.madrid.org\/ies.rodriguezdevalcarcel.madrid\/index.php\/wp-json\/wp\/v2\/comments?post=349"}],"version-history":[{"count":24,"href":"https:\/\/site.educa.madrid.org\/ies.rodriguezdevalcarcel.madrid\/index.php\/wp-json\/wp\/v2\/pages\/349\/revisions"}],"predecessor-version":[{"id":3478,"href":"https:\/\/site.educa.madrid.org\/ies.rodriguezdevalcarcel.madrid\/index.php\/wp-json\/wp\/v2\/pages\/349\/revisions\/3478"}],"wp:attachment":[{"href":"https:\/\/site.educa.madrid.org\/ies.rodriguezdevalcarcel.madrid\/index.php\/wp-json\/wp\/v2\/media?parent=349"}],"curies":[{"name":"wp","href":"https:\/\/api.w.org\/{rel}","templated":true}]}}