{"id":351,"date":"2022-05-10T18:26:03","date_gmt":"2022-05-10T16:26:03","guid":{"rendered":"https:\/\/site.educa.madrid.org\/ies.rodriguezdevalcarcel.madrid\/?page_id=351"},"modified":"2026-04-23T01:49:53","modified_gmt":"2026-04-22T23:49:53","slug":"tramites","status":"publish","type":"page","link":"https:\/\/site.educa.madrid.org\/ies.rodriguezdevalcarcel.madrid\/index.php\/tramites\/","title":{"rendered":"Tr\u00e1mites"},"content":{"rendered":"\n<p>Aqu\u00ed puedes encontrar todos los tr\u00e1mites para los diferentes procedimientos administrativos que gestionamos en nuestra Secretar\u00eda.<\/p>\n\n\n\n<h2 class=\"wp-block-heading\">CERTIFICADO ACAD\u00c9MICO<\/h2>\n\n\n\n<p>Puedes solicitarlo personalmente en Secretar\u00eda o a trav\u00e9s de nuestro correo <a href=\"mailto:secretaria.ies.rodriguezdevalcarcel.madrid@educa.madrid.org\">secretaria.ies.rodriguezdevalcarcel.madrid@educa.madrid.org<\/a> indicando nombre, apellidos, copia del documento de identidad, estudios que has realizado, en que curso acad\u00e9mico has finalizado, centro donde lo has cursado y que tipo de certificado necesitas.<\/p>\n\n\n\n<h2 class=\"wp-block-heading\">SOLICITUD DE T\u00cdTULOS<\/h2>\n\n\n\n<p>Se solicita en Secretar\u00eda, aportando el impreso cumplimentado, modelo 030\/790 (justificante de tasa pagada), copia del documento de identidad (no se admite pasaporte), copia del carn\u00e9 de familia numerosa para justificar deducci\u00f3n de tasas, si procede, y copia del t\u00edtulo por el cual se accedi\u00f3.<\/p>\n\n\n\n<p><a href=\"https:\/\/site.educa.madrid.org\/ies.rodriguezdevalcarcel.madrid\/\/wp-content\/uploads\/ies.rodriguezdevalcarcel.madrid\/2026\/04\/SOLICITUD-TITULO-GRADO-MEDIO-0426.pdf\" target=\"_blank\" rel=\"noreferrer noopener\">Solicitud t\u00edtulo grado medio<\/a><br><a href=\"https:\/\/site.educa.madrid.org\/ies.rodriguezdevalcarcel.madrid\/\/wp-content\/uploads\/ies.rodriguezdevalcarcel.madrid\/2025\/06\/SOLICITUD-TITULO-GRADO-SUPERIOR.pdf\" target=\"_blank\" rel=\"noreferrer noopener\">Solicitud t\u00edtulo grado superior<\/a><br><a href=\"https:\/\/site.educa.madrid.org\/ies.rodriguezdevalcarcel.madrid\/\/wp-content\/uploads\/ies.rodriguezdevalcarcel.madrid\/2025\/06\/SOLICITUD-TITULO-FP.pdf\" target=\"_blank\" rel=\"noreferrer noopener\">Solicitud t\u00edtulo FP (antigua FP1 y FP2)<\/a><br><a href=\"https:\/\/site.educa.madrid.org\/ies.rodriguezdevalcarcel.madrid\/\/wp-content\/uploads\/ies.rodriguezdevalcarcel.madrid\/2022\/06\/solicitud-titulo-bachillerato.pdf\" target=\"_blank\" rel=\"noreferrer noopener\">Solicitud t\u00edtulo bachillerato<\/a><\/p>\n\n\n\n<h2 class=\"wp-block-heading\">INSTANCIA \u00daNICA<\/h2>\n\n\n\n<p>Para cualquier consulta o petici\u00f3n.<\/p>\n\n\n\n<p><a href=\"https:\/\/site.educa.madrid.org\/ies.rodriguezdevalcarcel.madrid\/\/wp-content\/uploads\/ies.rodriguezdevalcarcel.madrid\/2022\/06\/instancia-unica.pdf\" target=\"_blank\" rel=\"noreferrer noopener\">Instancia \u00fanica<\/a><\/p>\n\n\n\n<h2 class=\"wp-block-heading\">PROCESO DE RECLAMACI\u00d3N EN F. P.<\/h2>\n\n\n\n<p><a href=\"https:\/\/site.educa.madrid.org\/ies.rodriguezdevalcarcel.madrid\/\/wp-content\/uploads\/ies.rodriguezdevalcarcel.madrid\/2025\/03\/Proceso-de-reclamacion-en-F.P.pdf\" target=\"_blank\" rel=\"noreferrer noopener\">Proceso de reclamaci\u00f3n en F.P.<\/a><\/p>\n\n\n\n<h2 class=\"wp-block-heading\">CONVALIDACI\u00d3N DE M\u00d3DULOS<\/h2>\n\n\n\n<p>Se solicita en Secretar\u00eda desde la formalizaci\u00f3n de la matr\u00edcula hasta transcurridos los primeros 15 d\u00edas lectivos, aportando el impreso cumplimentado, copia del documento de identidad y certificaci\u00f3n acad\u00e9mica oficial con firmas digitales reconocidas de los estudios realizados, en la que consten: las ense\u00f1anzas cursadas y cada una de las asignaturas, materias o m\u00f3dulos profesionales, con indicaci\u00f3n de la convocatoria en la que han sido superados y la calificaci\u00f3n obtenida.<\/p>\n\n\n\n<p>En caso excepcional de alumnos\/as que formalicen la matr\u00edcula una vez iniciadas las actividades lectivas, dispondr\u00e1n de los siguientes diez d\u00edas lectivos a contar a partir de la fecha de matr\u00edcula para realizar la solicitud.<\/p>\n\n\n\n<p><a href=\"https:\/\/site.educa.madrid.org\/ies.rodriguezdevalcarcel.madrid\/\/wp-content\/uploads\/ies.rodriguezdevalcarcel.madrid\/2022\/09\/MODELO-CONVALIDACIONES-MODULOS-MEC.pdf\" target=\"_blank\" rel=\"noreferrer noopener\">Modelo de convalidaci\u00f3n m\u00f3dulos<\/a><\/p>\n\n\n\n<p><a href=\"https:\/\/site.educa.madrid.org\/ies.rodriguezdevalcarcel.madrid\/\/wp-content\/uploads\/ies.rodriguezdevalcarcel.madrid\/2022\/09\/MODELO-CONVALIDACIONES-MODULOS-PROPIOS-COMUNIDAD-DE-MADRID-INGLES.pdf\" target=\"_blank\" rel=\"noreferrer noopener\">Modelo de convalidaci\u00f3n m\u00f3dulo ingl\u00e9s<\/a><\/p>\n\n\n\n<h2 class=\"wp-block-heading\">SOLICITUD DE ANULACI\u00d3N VOLUNTARIA DE MATR\u00cdCULA<\/h2>\n\n\n\n<p>Se solicita en Secretar\u00eda antes del transcurso de un mes desde el inicio de las actividades lectivas, aportando el impreso cumplimentado y copia del documento de identidad.<\/p>\n\n\n\n<p><a href=\"https:\/\/site.educa.madrid.org\/ies.rodriguezdevalcarcel.madrid\/\/wp-content\/uploads\/ies.rodriguezdevalcarcel.madrid\/2022\/06\/anulacion-matricula.pdf\" target=\"_blank\" rel=\"noreferrer noopener\">Anulaci\u00f3n de matr\u00edcula<\/a><\/p>\n\n\n\n<h2 class=\"wp-block-heading\">RENUNCIA CONVOCATORIAS DE M\u00d3DULOS<\/h2>\n\n\n\n<p>Se solicita en Secretar\u00eda un mes antes de la fecha de evaluaci\u00f3n, aportando el impreso cumplimentado, copia del documento de identidad y documentaci\u00f3n acreditativa del motivo por el que solicita la renuncia.<\/p>\n\n\n\n<p>En caso de que, tras la evaluaci\u00f3n final ordinaria, no se hayan superado uno o varios m\u00f3dulo profesionales, se podr\u00e1 presentar la solicitud de renuncia a la convocatoria extraordinaria de dichos m\u00f3dulos,  en el plazo de dos d\u00edas h\u00e1biles desde la entrega de notas.<\/p>\n\n\n\n<p><a href=\"https:\/\/site.educa.madrid.org\/ies.rodriguezdevalcarcel.madrid\/\/wp-content\/uploads\/ies.rodriguezdevalcarcel.madrid\/2022\/06\/renuncia-convocatoria-modulos.pdf\" target=\"_blank\" rel=\"noreferrer noopener\">Renuncia convocatorias de m\u00f3dulos<\/a><\/p>\n\n\n\n<h2 class=\"wp-block-heading\">APLAZAMIENTO FCT<\/h2>\n\n\n\n<p>Se solicita en Secretar\u00eda 10 d\u00edas m\u00ednimo, antes de iniciar las FCT, aportando el impreso cumplimentado, copia del documento de identidad y documentaci\u00f3n acreditativa del motivo por el que solicita el aplazamiento.<\/p>\n\n\n\n<p><a href=\"https:\/\/site.educa.madrid.org\/ies.rodriguezdevalcarcel.madrid\/\/wp-content\/uploads\/ies.rodriguezdevalcarcel.madrid\/2022\/06\/aplazamiento-fct.pdf\" target=\"_blank\" rel=\"noreferrer noopener\">Aplazamiento FCT<\/a><\/p>\n\n\n\n<h2 class=\"wp-block-heading\">EXENCI\u00d3N DE LAS FCT<\/h2>\n\n\n\n<p>Se solicita al menos dos meses antes de la fecha de la sesi\u00f3n de evaluaci\u00f3n final ordinaria, aportando el impreso cumplimentado, copia del documento de identidad y vida laboral que acredite m\u00e1s de un a\u00f1o de experiencia laboral en el sector y una certificaci\u00f3n de la empresa en la que has trabajado en el que se especifiquen las funciones.<\/p>\n\n\n\n<p><a href=\"https:\/\/site.educa.madrid.org\/ies.rodriguezdevalcarcel.madrid\/\/wp-content\/uploads\/ies.rodriguezdevalcarcel.madrid\/2022\/06\/exencion-fct.pdf\" target=\"_blank\" rel=\"noreferrer noopener\">Exenci\u00f3n FCT<\/a><\/p>\n\n\n\n<h2 class=\"wp-block-heading\">DEVOLUCI\u00d3N DE PRECIOS P\u00daBLICOS (MATR\u00cdCULA) MAYOR\/MENOR DE EDAD<\/h2>\n\n\n\n<p><a href=\"http:\/\/www.madrid.org\/cs\/Satellite?pagename=ICMFramework\/Comunes\/Logica\/ICM_WrapperGetion&amp;op=PCIU_&amp;language=es&amp;c=CM_Tramite_FA&amp;cid=1109168962183&amp;nombreVb=impresos&amp;other=1\" target=\"_blank\" rel=\"noreferrer noopener\">http:\/\/www.madrid.org\/cs\/Satellite?pagename=ICMFramework\/Comunes\/Logica\/ICM_WrapperGetion&amp;op=PCIU_&amp;language=es&amp;c=CM_Tramite_FA&amp;cid=1109168962183&amp;nombreVb=impresos&amp;other=1<\/a><\/p>\n\n\n\n<p>Si la tramitaci\u00f3n se realiza a trav\u00e9s del correo electr\u00f3nico de nuestra Secretar\u00eda, ser\u00e1 necesario que el documento se firme con un certificado electr\u00f3nico reconocido. Tambi\u00e9n es posible realizar la gesti\u00f3n personalmente en nuestro horario de atenci\u00f3n al p\u00fablico.<\/p>\n\n\n\n<h2 class=\"wp-block-heading\">DEVOLUCI\u00d3N DE PRECIOS P\u00daBLICOS MAYOR\/MENOR DE EDAD<\/h2>\n\n\n\n<p>TR\u00c1MITE ONLINE: <a href=\"https:\/\/tramita.comunidad.madrid\/impuestos-tasas-precios-publicos\/devol-precios-publicos-centros-docentes\" target=\"_blank\" rel=\"noreferrer noopener\">https:\/\/tramita.comunidad.madrid\/impuestos-tasas-precios-publicos\/devol-precios-publicos-centros-docentes<\/a><\/p>\n\n\n\n<h2 class=\"wp-block-heading\">DEVOLUCI\u00d3N TASAS INDEBIDAS T\u00cdTULOS<\/h2>\n\n\n\n<p>TR\u00c1MITE ONLINE: <a href=\"https:\/\/tramita.comunidad.madrid\/denuncias-reclamaciones-recursos\/devolucion-ingresos-indebidos\" target=\"_blank\" rel=\"noreferrer noopener\">https:\/\/tramita.comunidad.madrid\/denuncias-reclamaciones-recursos\/devolucion-ingresos-indebidos<\/a><\/p>\n\n\n\n<h2 class=\"wp-block-heading\">ENLACES DE INTER\u00c9S<\/h2>\n\n\n\n<p>ADMISI\u00d3N: <a href=\"https:\/\/www.comunidad.madrid\/servicios\/educacion\/admision-formacion-profesional\" target=\"_blank\" rel=\"noreferrer noopener\">https:\/\/www.comunidad.madrid\/servicios\/educacion\/admision-formacion-profesional<\/a><\/p>\n\n\n\n<p>EvAU: <a href=\"https:\/\/www.upm.es\/FuturosEstudiantes\/Ingresar\/Acceso\/EvAU\" target=\"_blank\" rel=\"noreferrer noopener\">https:\/\/www.upm.es\/FuturosEstudiantes\/Ingresar\/Acceso\/EvAU<\/a><\/p>\n\n\n\n<p>BECAS MEC: <a href=\"https:\/\/www.educa2.madrid.org\/web\/direcciones-de-area\/inicio\/-\/visor\/becas-informacion\" target=\"_blank\" rel=\"noreferrer noopener\">https:\/\/www.educa2.madrid.org\/web\/direcciones-de-area\/inicio\/-\/visor\/becas-informacion<\/a><\/p>\n\n\n\n<p>PRUEBAS PARA OBTENCI\u00d3N DE T\u00cdTULOS DE T\u00c9CNICO Y T\u00c9CNICO SUPERIOR DE FP: <a href=\"https:\/\/www.comunidad.madrid\/servicios\/educacion\/pruebas-obtencion-titulos-tecnico-tecnico-superior-fp\" target=\"_blank\" rel=\"noreferrer noopener\">https:\/\/www.comunidad.madrid\/servicios\/educacion\/pruebas-obtencion-titulos-tecnico-tecnico-superior-fp<\/a><\/p>\n","protected":false},"excerpt":{"rendered":"<p>Aqu\u00ed puedes encontrar todos los tr\u00e1mites para los diferentes procedimientos administrativos que gestionamos en nuestra Secretar\u00eda. CERTIFICADO ACAD\u00c9MICO Puedes solicitarlo personalmente en [&hellip;]<\/p>\n","protected":false},"author":2,"featured_media":0,"parent":0,"menu_order":0,"comment_status":"closed","ping_status":"closed","template":"","meta":{"footnotes":""},"class_list":["post-351","page","type-page","status-publish","hentry"],"rttpg_featured_image_url":null,"rttpg_author":{"display_name":"tic.ies.rodriguezdevalcarcel.madrid","author_link":"https:\/\/site.educa.madrid.org\/ies.rodriguezdevalcarcel.madrid\/index.php\/author\/cuenta_tic-ies-rodriguezdevalcarcel-madrid\/"},"rttpg_comment":0,"rttpg_category":null,"rttpg_excerpt":"Aqu\u00ed puedes encontrar todos los tr\u00e1mites para los diferentes procedimientos administrativos que gestionamos en nuestra Secretar\u00eda. CERTIFICADO ACAD\u00c9MICO Puedes solicitarlo personalmente en [&hellip;]","post_mailing_queue_ids":[],"_links":{"self":[{"href":"https:\/\/site.educa.madrid.org\/ies.rodriguezdevalcarcel.madrid\/index.php\/wp-json\/wp\/v2\/pages\/351","targetHints":{"allow":["GET"]}}],"collection":[{"href":"https:\/\/site.educa.madrid.org\/ies.rodriguezdevalcarcel.madrid\/index.php\/wp-json\/wp\/v2\/pages"}],"about":[{"href":"https:\/\/site.educa.madrid.org\/ies.rodriguezdevalcarcel.madrid\/index.php\/wp-json\/wp\/v2\/types\/page"}],"author":[{"embeddable":true,"href":"https:\/\/site.educa.madrid.org\/ies.rodriguezdevalcarcel.madrid\/index.php\/wp-json\/wp\/v2\/users\/2"}],"replies":[{"embeddable":true,"href":"https:\/\/site.educa.madrid.org\/ies.rodriguezdevalcarcel.madrid\/index.php\/wp-json\/wp\/v2\/comments?post=351"}],"version-history":[{"count":19,"href":"https:\/\/site.educa.madrid.org\/ies.rodriguezdevalcarcel.madrid\/index.php\/wp-json\/wp\/v2\/pages\/351\/revisions"}],"predecessor-version":[{"id":3718,"href":"https:\/\/site.educa.madrid.org\/ies.rodriguezdevalcarcel.madrid\/index.php\/wp-json\/wp\/v2\/pages\/351\/revisions\/3718"}],"wp:attachment":[{"href":"https:\/\/site.educa.madrid.org\/ies.rodriguezdevalcarcel.madrid\/index.php\/wp-json\/wp\/v2\/media?parent=351"}],"curies":[{"name":"wp","href":"https:\/\/api.w.org\/{rel}","templated":true}]}}