{"id":522,"date":"2022-06-06T19:05:55","date_gmt":"2022-06-06T17:05:55","guid":{"rendered":"https:\/\/site.educa.madrid.org\/ies.rodriguezdevalcarcel.madrid\/?page_id=522"},"modified":"2023-05-03T10:56:26","modified_gmt":"2023-05-03T08:56:26","slug":"ingles","status":"publish","type":"page","link":"https:\/\/site.educa.madrid.org\/ies.rodriguezdevalcarcel.madrid\/index.php\/ingles\/","title":{"rendered":"Ingl\u00e9s"},"content":{"rendered":"\n<p>El Departamento de Ingl\u00e9s persigue dar a nuestros alumnos de los distintos cursos herramientas y recursos ling\u00fc\u00edsticos junto a vocabulario t\u00e9cnico y vocabulario general que les ser\u00e1 muy \u00fatil para su futuro profesional. Ahondando en los contenidos curriculares de los distintos cursos, se pone especial \u00e9nfasis en las habilidades de writing y speaking; la filosof\u00eda es hacer las clases con un enfoque pr\u00e1ctico dando importancia al trabajo de los alumnos y su implicaci\u00f3n en las distintas actividades y tareas realizadas en el aula.<\/p>\n\n\n\n<p>El \u00fanico m\u00f3dulo impartido, Ingl\u00e9s T\u00e9cnico, est\u00e1 disponible en todos los grados de FP de la oferta formativa del centro, pero en cada curso las clases se adaptan a las necesidades de cada especialidad y curr\u00edculo. La misi\u00f3n educativa de ense\u00f1ar una lengua extranjera estar\u00eda incompleta sin la presencia de un Speaking assistant nativo que aporta su energ\u00eda fresca y dinamizadora as\u00ed como una gran variedad de actividades y juegos, principalmente orales para ampliar el conocimiento de los alumnos por una parte sociocultural y por otro lado, hablar sobre temas de actualidad internacional y hacer que ellos practiquen los contenidos del m\u00f3dulo adecuadamente en una situaci\u00f3n comunicativa contextualizada. La labor del assistant se presta indispensable para dirigir y fomentar la motivaci\u00f3n e inter\u00e9s de los estudiantes en la pr\u00e1ctica de la lengua m\u00e1s all\u00e1 de lo que los profesores podemos hacer.<\/p>\n\n\n\n<p>Este departamento fue el primero en apostar fuertemente por el programa Erasmus+, teniendo en cuenta las m\u00faltiples ventajas de tener alumnos en una experiencia inmersiva con sus pr\u00e1cticas en otro pa\u00eds europeo. Adem\u00e1s, desde el departamento hay una constante e intensa colaboraci\u00f3n con el coordinador de Erasmus+ y tambi\u00e9n una puerta abierta a colaborar con profesores t\u00e9cnicos en jornadas, eventos, etc.<\/p>\n\n\n\n<p>E-mail de contacto:<br><a href=\"mailto:depingles.ies.rodriguezdevalcarcel.madrid@educa.madrid.org\">depingles.ies.rodriguezdevalcarcel.madrid@educa.madrid.org<\/a><\/p>\n","protected":false},"excerpt":{"rendered":"<p>El Departamento de Ingl\u00e9s persigue dar a nuestros alumnos de los distintos cursos herramientas y recursos ling\u00fc\u00edsticos junto a vocabulario t\u00e9cnico y [&hellip;]<\/p>\n","protected":false},"author":2,"featured_media":0,"parent":0,"menu_order":0,"comment_status":"closed","ping_status":"closed","template":"","meta":{"footnotes":""},"class_list":["post-522","page","type-page","status-publish","hentry"],"rttpg_featured_image_url":null,"rttpg_author":{"display_name":"tic.ies.rodriguezdevalcarcel.madrid","author_link":"https:\/\/site.educa.madrid.org\/ies.rodriguezdevalcarcel.madrid\/index.php\/author\/cuenta_tic-ies-rodriguezdevalcarcel-madrid\/"},"rttpg_comment":0,"rttpg_category":null,"rttpg_excerpt":"El Departamento de Ingl\u00e9s persigue dar a nuestros alumnos de los distintos cursos herramientas y recursos ling\u00fc\u00edsticos junto a vocabulario t\u00e9cnico y [&hellip;]","post_mailing_queue_ids":[],"_links":{"self":[{"href":"https:\/\/site.educa.madrid.org\/ies.rodriguezdevalcarcel.madrid\/index.php\/wp-json\/wp\/v2\/pages\/522","targetHints":{"allow":["GET"]}}],"collection":[{"href":"https:\/\/site.educa.madrid.org\/ies.rodriguezdevalcarcel.madrid\/index.php\/wp-json\/wp\/v2\/pages"}],"about":[{"href":"https:\/\/site.educa.madrid.org\/ies.rodriguezdevalcarcel.madrid\/index.php\/wp-json\/wp\/v2\/types\/page"}],"author":[{"embeddable":true,"href":"https:\/\/site.educa.madrid.org\/ies.rodriguezdevalcarcel.madrid\/index.php\/wp-json\/wp\/v2\/users\/2"}],"replies":[{"embeddable":true,"href":"https:\/\/site.educa.madrid.org\/ies.rodriguezdevalcarcel.madrid\/index.php\/wp-json\/wp\/v2\/comments?post=522"}],"version-history":[{"count":5,"href":"https:\/\/site.educa.madrid.org\/ies.rodriguezdevalcarcel.madrid\/index.php\/wp-json\/wp\/v2\/pages\/522\/revisions"}],"predecessor-version":[{"id":1866,"href":"https:\/\/site.educa.madrid.org\/ies.rodriguezdevalcarcel.madrid\/index.php\/wp-json\/wp\/v2\/pages\/522\/revisions\/1866"}],"wp:attachment":[{"href":"https:\/\/site.educa.madrid.org\/ies.rodriguezdevalcarcel.madrid\/index.php\/wp-json\/wp\/v2\/media?parent=522"}],"curies":[{"name":"wp","href":"https:\/\/api.w.org\/{rel}","templated":true}]}}