{"id":1488,"date":"2022-11-10T12:24:12","date_gmt":"2022-11-10T11:24:12","guid":{"rendered":"https:\/\/site.educa.madrid.org\/ies.rosachacel.madrid\/?page_id=1488"},"modified":"2025-10-15T13:24:04","modified_gmt":"2025-10-15T11:24:04","slug":"equipo-directivo-y-otros-cargos","status":"publish","type":"page","link":"https:\/\/site.educa.madrid.org\/ies.rosachacel.madrid\/index.php\/equipo-directivo-y-otros-cargos\/","title":{"rendered":"Equipo directivo y otros cargos"},"content":{"rendered":"\n<div class=\"wp-block-group has-black-color has-white-background-color has-text-color has-background\"><div class=\"wp-block-group__inner-container is-layout-flow wp-block-group-is-layout-flow\">\n<div class=\"wp-block-group has-background\" style=\"background-color:#f0f0f0\"><div class=\"wp-block-group__inner-container is-layout-constrained wp-block-group-is-layout-constrained\">\n<p class=\"has-black-color has-text-color\">EQUIPO DIRECTIVO<\/p>\n\n\n\n<p class=\"has-black-color has-text-color\">Directora: Luisa Capell S\u00e1nchez-Rubio (ies.rosachacel.madrid@educa.madrid.org)<\/p>\n\n\n\n<p class=\"has-black-color has-text-color\">Secretaria: M\u00aa del Carmen G\u00f3mez Garc\u00eda (ies.rosachacel.madrid@educa.madrid.org)<\/p>\n\n\n\n<p class=\"has-black-color has-text-color\">Jefa de Estudios: Irene Rodil Jim\u00e9nez (jestudios.ies.rosachacel.madrid@educa.madrid.org)<\/p>\n\n\n\n<p class=\"has-black-color has-text-color\">Jefa de Estudios Adjunta: Mar\u00eda Mart\u00ednez Valiente<\/p>\n\n\n\n<p class=\"has-black-color has-text-color\">Jefe de Estudios Adjunto: Rub\u00e9n Bores Garc\u00eda<\/p>\n\n\n\n<p>Jefa de Estudios Adjunto: Esther Anguiano Mu\u00f1oz de Morales<\/p>\n<\/div><\/div>\n\n\n\n<hr class=\"wp-block-separator has-text-color has-white-color has-css-opacity has-white-background-color has-background is-style-wide\"\/>\n\n\n\n<div class=\"wp-block-group has-background\" style=\"background-color:#f0f0f0\"><div class=\"wp-block-group__inner-container is-layout-constrained wp-block-group-is-layout-constrained\">\n<p class=\"has-black-color has-text-color\">OTROS CARGOS<\/p>\n\n\n\n<p class=\"has-black-color has-text-color\">Coordinador TIC: Stefano Chiesa (tic.ies.rosachacel.madrid@educa.madrid.org)<\/p>\n\n\n\n<p class=\"has-black-color has-text-color\">Coordinador ERASMUS+: Jos\u00e9 A. Jim\u00e9nez Castillo (erasmus.ies.rosachacel.madrid@educa.madrid.org)<\/p>\n\n\n\n<p class=\"has-black-color has-text-color\">Coordinadora Bienestar Emocional: Luisa Capell S\u00e1nchez-Rubio <\/p>\n<\/div><\/div>\n<\/div><\/div>\n","protected":false},"excerpt":{"rendered":"<p>EQUIPO DIRECTIVO Directora: Luisa Capell S\u00e1nchez-Rubio (ies.rosachacel.madrid@educa.madrid.org) Secretaria: M\u00aa del Carmen G\u00f3mez Garc\u00eda (ies.rosachacel.madrid@educa.madrid.org) Jefa de Estudios: Irene Rodil Jim\u00e9nez (jestudios.ies.rosachacel.madrid@educa.madrid.org) Jefa de Estudios Adjunta: Mar\u00eda Mart\u00ednez Valiente Jefe de Estudios Adjunto: Rub\u00e9n Bores Garc\u00eda Jefa de Estudios Adjunto: Esther Anguiano Mu\u00f1oz de Morales OTROS CARGOS Coordinador TIC: Stefano Chiesa (tic.ies.rosachacel.madrid@educa.madrid.org) Coordinador ERASMUS+: Jos\u00e9 A.<\/p><\/div>\n<div class=\"blog-btn\"><a href=\"https:\/\/site.educa.madrid.org\/ies.rosachacel.madrid\/index.php\/equipo-directivo-y-otros-cargos\/\" class=\"home-blog-btn\">Leer m\u00e1s<\/a><\/p>\n","protected":false},"author":2,"featured_media":0,"parent":0,"menu_order":0,"comment_status":"closed","ping_status":"closed","template":"","meta":{"footnotes":""},"folder":[],"class_list":["post-1488","page","type-page","status-publish","hentry"],"rttpg_featured_image_url":null,"rttpg_author":{"display_name":"tic.ies.rosachacel.madrid","author_link":"https:\/\/site.educa.madrid.org\/ies.rosachacel.madrid\/index.php\/author\/cuenta_tic-ies-rosachacel-madrid\/"},"rttpg_comment":0,"rttpg_category":false,"rttpg_excerpt":"EQUIPO DIRECTIVO Directora: Luisa Capell S\u00e1nchez-Rubio (ies.rosachacel.madrid@educa.madrid.org) Secretaria: M\u00aa del Carmen G\u00f3mez Garc\u00eda (ies.rosachacel.madrid@educa.madrid.org) Jefa de Estudios: Irene Rodil Jim\u00e9nez (jestudios.ies.rosachacel.madrid@educa.madrid.org) Jefa de Estudios Adjunta: Mar\u00eda Mart\u00ednez Valiente Jefe de Estudios Adjunto: Rub\u00e9n Bores Garc\u00eda Jefa de Estudios Adjunto: Esther Anguiano Mu\u00f1oz de Morales OTROS CARGOS Coordinador TIC: Stefano Chiesa (tic.ies.rosachacel.madrid@educa.madrid.org) Coordinador ERASMUS+: Jos\u00e9 A.Leer&hellip;","post_mailing_queue_ids":[],"_links":{"self":[{"href":"https:\/\/site.educa.madrid.org\/ies.rosachacel.madrid\/index.php\/wp-json\/wp\/v2\/pages\/1488","targetHints":{"allow":["GET"]}}],"collection":[{"href":"https:\/\/site.educa.madrid.org\/ies.rosachacel.madrid\/index.php\/wp-json\/wp\/v2\/pages"}],"about":[{"href":"https:\/\/site.educa.madrid.org\/ies.rosachacel.madrid\/index.php\/wp-json\/wp\/v2\/types\/page"}],"author":[{"embeddable":true,"href":"https:\/\/site.educa.madrid.org\/ies.rosachacel.madrid\/index.php\/wp-json\/wp\/v2\/users\/2"}],"replies":[{"embeddable":true,"href":"https:\/\/site.educa.madrid.org\/ies.rosachacel.madrid\/index.php\/wp-json\/wp\/v2\/comments?post=1488"}],"version-history":[{"count":9,"href":"https:\/\/site.educa.madrid.org\/ies.rosachacel.madrid\/index.php\/wp-json\/wp\/v2\/pages\/1488\/revisions"}],"predecessor-version":[{"id":2518,"href":"https:\/\/site.educa.madrid.org\/ies.rosachacel.madrid\/index.php\/wp-json\/wp\/v2\/pages\/1488\/revisions\/2518"}],"wp:attachment":[{"href":"https:\/\/site.educa.madrid.org\/ies.rosachacel.madrid\/index.php\/wp-json\/wp\/v2\/media?parent=1488"}],"wp:term":[{"taxonomy":"folder","embeddable":true,"href":"https:\/\/site.educa.madrid.org\/ies.rosachacel.madrid\/index.php\/wp-json\/wp\/v2\/folder?post=1488"}],"curies":[{"name":"wp","href":"https:\/\/api.w.org\/{rel}","templated":true}]}}