{"id":174,"date":"2020-06-17T18:06:17","date_gmt":"2020-06-17T18:06:17","guid":{"rendered":"https:\/\/site.educa.madrid.org\/ies.rosachacel.madrid\/?page_id=174"},"modified":"2026-04-30T10:08:50","modified_gmt":"2026-04-30T08:08:50","slug":"matriculacion","status":"publish","type":"page","link":"https:\/\/site.educa.madrid.org\/ies.rosachacel.madrid\/index.php\/secretaria\/matriculacion\/","title":{"rendered":"Matriculaci\u00f3n"},"content":{"rendered":"\n<h2 class=\"wp-block-heading has-text-align-center has-white-color has-vivid-red-background-color has-text-color has-background\">DOCUMENTACI\u00d3N PARA LA MATR\u00cdCULA<\/h2>\n\n\n\n<div class=\"wp-block-group has-white-background-color has-background\"><div class=\"wp-block-group__inner-container is-layout-flow wp-block-group-is-layout-flow\">\n<div class=\"wp-block-group alignwide mejorVisibilidad has-very-light-gray-background-color has-background is-vertical is-layout-flex wp-container-core-group-is-layout-8cf370e7 wp-block-group-is-layout-flex\">\n<figure class=\"wp-block-pullquote has-text-align-center\"><blockquote><p><strong>MATRICULACI\u00d3N CURSO 2025\/2026 <\/strong><br><\/p><cite>\u00daNICAMENTE ALUMNOS DE NUEVA INCORPORACI\u00d3N <br><strong>PROCEDENTES DEL PROCESO DE ADMISI\u00d3N <\/strong><\/cite><\/blockquote><\/figure>\n\n\n\n<p>La documentaci\u00f3n <strong>se entregar\u00e1 de forma presencial<\/strong> en la Secretar\u00eda del Centro.<br><strong>Plazos oficiales de matriculaci\u00f3n:<\/strong><br><br><strong>Matriculaci\u00f3n<\/strong> <strong>alumnos admitidos<\/strong><br><strong>Grado B\u00e1sico<\/strong>: <br><strong>Grado Medio:<\/strong> <br><strong>Grado Superior:<\/strong> <\/p>\n\n\n\n<p><\/p>\n\n\n\n<p>Horario de matriculaci\u00f3n: De 09:00 a 13:00h.<br><br><em><strong>Documentaci\u00f3n general para todos los ciclos:<\/strong><\/em><\/p>\n\n\n\n<p class=\"has-white-color has-vivid-red-background-color has-text-color has-background\"><strong>No se admitir\u00e1 la documentaci\u00f3n que no venga completa, o si al impreso de matr\u00edcula le faltan datos o son ilegibles.<\/strong><br><\/p>\n\n\n\n<p><\/p>\n\n\n\n<ul class=\"wp-block-list has-medium-font-size\">\n<li><a href=\"http:\/\/cloud.educa.madrid.org\/index.php\/s\/tG1VjaaxbF4Xbsj\">Impreso de matr\u00edcula<\/a> &#8211; (Original y copia) <\/li>\n\n\n\n<li>N\u00famero (Propio) de Afiliaci\u00f3n a la Seguridad Social<\/li>\n\n\n\n<li>Copia del documento de identidad <\/li>\n\n\n\n<li>Resguardo del pago del Seguro Escolar. Importe <strong>1,12\u20ac<\/strong> (Exentos mayores de 28 a\u00f1os).<br>C\/C: Caixabank ES21 2100 3581 2413 0027 2492 (Mediante transferencia bancaria).<\/li>\n\n\n\n<li>1 fotograf\u00eda reciente tipo carnet con el nombre por detr\u00e1s (no se admitir\u00e1n fotocopias).<\/li>\n\n\n\n<li>(Forma de acceso al ciclo) Original y fotocopia del Certificado oficial de estudios, homologaci\u00f3n, prueba de acceso&#8230; (No son v\u00e1lidos los certificados de estudios incompletos). Deber\u00e1 indicar que han sido propuestos para el t\u00edtulo correspondiente as\u00ed como la nota media. Para alumnos procedentes de bachillerato deber\u00e1 indicar adem\u00e1s la fecha en la que se abonaron las tasas para la obtenci\u00f3n del t\u00edtulo.<\/li>\n\n\n\n<li><em><strong>Documentaci\u00f3n adicional seg\u00fan ciclo:<\/strong><\/em><\/li>\n<\/ul>\n\n\n\n<ul class=\"wp-block-list\">\n<li><em><strong>FP B\u00c1SICA<\/strong> (alumnos que no han solicitado el Rosa Chacel como primera opci\u00f3n)&nbsp;<\/em><\/li>\n\n\n\n<li>Anexo IX.b Conformidad de los padres o tutores legales con la propuesta del equipo docente para la incorporaci\u00f3n a un ciclo formativo de grado b\u00e1sico.<\/li>\n<\/ul>\n\n\n\n<ul class=\"wp-block-list\">\n<li>\u00a0<em><strong>GRADO SUPERIOR<\/strong>: <\/em><mark style=\"background-color:rgba(0, 0, 0, 0)\" class=\"has-inline-color has-vivid-red-color\">MUY IMPORTANTE<\/mark>: <a href=\"https:\/\/cloud.educa.madrid.org\/s\/LCkAj5qg3o2qo9Q\">Nuevas exenciones a partir del curso 2026\/2027<\/a><br><strong>Alumnos solicitantes de beca MEFP <\/strong>: Justificante de solicitud de beca (No deben abonar el modelo 030).<br><strong>Alumnos NO solicitantes de beca MEFP <\/strong>: Modelo 030 de pago de tasas de matr\u00edcula. (Carnet de familia numerosa vigente si es el caso).<\/li>\n\n\n\n<li>Mas informaci\u00f3n abajo en el apartado FAQ<br><br><strong>Todos los impresos se encuentran al final de la p\u00e1gina en \u201cDescargas Matriculaci\u00f3n\u201d.<\/strong> <strong>Para descargar el impreso clicar en los tres puntos que salen a la derecha del nombre del archivo correspondiente.<\/strong> El impreso de matr\u00edcula deber\u00e1 rellenarse online. Algunas casillas tienen desplegables para elegir la opci\u00f3n correspondiente.<\/li>\n<\/ul>\n\n\n\n<p><em><strong>Alumnos menores de edad:<\/strong><\/em><\/p>\n\n\n\n<p>El impreso de matr\u00edcula debe venir firmado tambi\u00e9n por ambos tutores del alumno. En caso de ausencia de alguno de ellos deber\u00e1n presentar una <em>Declaraci\u00f3n Jurada<\/em> firmada explicando los motivos de la ausencia, o cualquier documento oficial que la justifique. Asimismo, deber\u00e1n adjuntar copia de sus documentos de identidad. El impreso para la declaraci\u00f3n jurada lo pueden encontrar en el apartado de \u00ab<a href=\"http:\/\/cloud.educa.madrid.org\/index.php\/s\/tG1VjaaxbF4Xbsj\">descargas<\/a>\u00ab.<\/p>\n\n\n\n<p class=\"has-white-color has-vivid-red-background-color has-text-color has-background\"><strong>Informaci\u00f3n para alumnos de segundo curso:<br><\/strong>Los alumnos de grado superior de <strong>modalidad presencial<\/strong> que vayan a matricular <strong>exclusivamente de las FCT\u00b4<\/strong>s est\u00e1n exentos de pago. <br>Los alumnos de <strong>segundo curso<\/strong> que estudian en modalidad<strong> dual no pagan seguro escolar<\/strong><\/p>\n\n\n\n<p><\/p>\n\n\n\n<div style=\"height:0px\" aria-hidden=\"true\" class=\"wp-block-spacer wp-container-content-62aae154\"><\/div>\n<\/div>\n\n\n\n<div class=\"wp-block-group mejorVisibilidad has-very-light-gray-background-color has-background\"><div class=\"wp-block-group__inner-container is-layout-flow wp-block-group-is-layout-flow\">\n<p><strong>FAQ:<\/strong><\/p>\n\n\n\n<p>Impreso de matr\u00edcula:<\/p>\n\n\n\n<p>Que debo poner en \u00ab<em>forma de acceso\u00bb?. <\/em>Deb\u00e9is indicar con qu\u00e9 requisitos accedisteis al grado; ESO, Bachiller, prueba de acceso, estudios homologados etc.<\/p>\n\n\n\n<p>y en <em>\u00abcentro de procedencia\u00bb?. <\/em>Ah\u00ed deb\u00e9is indicar donde estudiaste o realizaste la prueba. En caso de estudios homologados, dejar en blanco.<br><\/p>\n<\/div><\/div>\n\n\n\n<div class=\"wp-block-group mejorVisibilidad has-very-light-gray-background-color has-background\"><div class=\"wp-block-group__inner-container is-layout-flow wp-block-group-is-layout-flow\">\n<p><strong>PAGO DE TASAS DE MATR\u00cdCULA (GRADO SUPERIOR)<\/strong><br> (MUY IMPORTANTE) <a href=\"https:\/\/cloud.educa.madrid.org\/s\/LCkAj5qg3o2qo9Q\">Nuevas exenciones a partir del curso 2026\/2027<\/a><\/p>\n\n\n\n<p><strong>MODALIDAD GENERAL<\/strong><\/p>\n\n\n\n<p><strong>Tasa de matr\u00edcula por curso: <\/strong>400\u20ac por curso<\/p>\n\n\n\n<p>Se abonar\u00e1 al realizar la matr\u00edcula bien el pago completo, bien fraccionado. En este caso el segundo pago se realiza en el mes de diciembre.<\/p>\n\n\n\n<p><strong>Matr\u00edcula por m\u00f3dulos pendientes: <\/strong>(repetidores) 120\u20ac x m\u00f3dulo matriculado.<\/p>\n\n\n\n<p><strong>En el caso de pasar de curso con m\u00f3dulos pendientes, se abonar\u00e1 el importe del curso 400\u20ac m\u00e1s 120\u20ac por m\u00f3dulo pendiente.<\/strong><\/p>\n\n\n\n<p>Matr\u00edcula s\u00f3lo para realizaci\u00f3n de las FCT (o FCT y proyecto) de modalidad general : exenta de pago<\/p>\n\n\n\n<p><strong>MODALIDAD INTENSIVA <\/strong><\/p>\n\n\n\n<ul class=\"wp-block-list\">\n<li>Cualquier curso: 400\u20ac (no se abonan m\u00f3dulos pendientes)<\/li>\n<\/ul>\n\n\n\n<p>Todos los alumnos y alumnas que pertenezcan a <strong>familia numerosa<\/strong> y tengan el <strong>carnet vigente<\/strong>, podr\u00e1n acogerse a una <strong>reducci\u00f3n del 50%<\/strong> sobre el importe presentando el mismo. Las <strong>familias numerosas de categor\u00eda especial<\/strong>, est\u00e1n exentas de pago.<\/p>\n\n\n\n<p><strong>Enlace para descarga de impreso v\u00eda telem\u00e1tica y pago en entidad bancaria:<\/strong><\/p>\n\n\n\n<p><a href=\"https:\/\/gestiona7.madrid.org\/rtas_webapp_pagotasas\/#!\/main\">https:\/\/gestiona7.madrid.org\/rtas_webapp_pagotasas\/#!\/main<\/a><\/p>\n\n\n\n<p><strong>Pago v\u00eda app<\/strong><\/p>\n\n\n\n<p><a href=\"https:\/\/www.comunidad.madrid\/servicios\/atencion-contribuyente\/app-pago-tasas-0\" data-type=\"URL\" data-id=\"https:\/\/www.comunidad.madrid\/servicios\/atencion-contribuyente\/app-pago-tasas-0\">https:\/\/www.comunidad.madrid\/servicios\/atencion-contribuyente\/app-pago-tasas-0<\/a><\/p>\n\n\n\n<p><a href=\"https:\/\/cloud.educa.madrid.org\/s\/W7jZotNHxZsXrtT\">Instrucciones pago Matr\u00edcula<\/a>.<\/p>\n<\/div><\/div>\n\n\n\n<hr class=\"wp-block-separator has-css-opacity\"\/>\n<\/div><\/div>\n\n\n\n<div class=\"wp-block-group has-white-background-color has-background\"><div class=\"wp-block-group__inner-container is-layout-flow wp-block-group-is-layout-flow\">\n<div style=\"height:20px\" aria-hidden=\"true\" class=\"wp-block-spacer\"><\/div>\n\n\n\n<h3 class=\"wp-block-heading has-text-align-center has-very-light-gray-color has-text-color\"><strong><a href=\"http:\/\/cloud.educa.madrid.org\/index.php\/s\/tG1VjaaxbF4Xbsj\">Descargas Matriculaci\u00f3n<\/a><\/strong><\/h3>\n\n\n\n<div style=\"height:20px\" aria-hidden=\"true\" class=\"wp-block-spacer\"><\/div>\n<\/div><\/div>\n","protected":false},"excerpt":{"rendered":"<p>DOCUMENTACI\u00d3N PARA LA MATR\u00cdCULA MATRICULACI\u00d3N CURSO 2025\/2026 \u00daNICAMENTE ALUMNOS DE NUEVA INCORPORACI\u00d3N PROCEDENTES DEL PROCESO DE ADMISI\u00d3N La documentaci\u00f3n se entregar\u00e1 de forma presencial en la Secretar\u00eda del Centro.Plazos oficiales de matriculaci\u00f3n: Matriculaci\u00f3n alumnos admitidosGrado B\u00e1sico: Grado Medio: Grado Superior: Horario de matriculaci\u00f3n: De 09:00 a 13:00h. Documentaci\u00f3n general para todos los ciclos: No se<\/p><\/div>\n<div class=\"blog-btn\"><a href=\"https:\/\/site.educa.madrid.org\/ies.rosachacel.madrid\/index.php\/secretaria\/matriculacion\/\" class=\"home-blog-btn\">Leer m\u00e1s<\/a><\/p>\n","protected":false},"author":2,"featured_media":0,"parent":126,"menu_order":2,"comment_status":"closed","ping_status":"closed","template":"","meta":{"footnotes":""},"folder":[],"class_list":["post-174","page","type-page","status-publish","hentry"],"rttpg_featured_image_url":null,"rttpg_author":{"display_name":"tic.ies.rosachacel.madrid","author_link":"https:\/\/site.educa.madrid.org\/ies.rosachacel.madrid\/index.php\/author\/cuenta_tic-ies-rosachacel-madrid\/"},"rttpg_comment":0,"rttpg_category":false,"rttpg_excerpt":"DOCUMENTACI\u00d3N PARA LA MATR\u00cdCULA MATRICULACI\u00d3N CURSO 2025\/2026 \u00daNICAMENTE ALUMNOS DE NUEVA INCORPORACI\u00d3N PROCEDENTES DEL PROCESO DE ADMISI\u00d3N La documentaci\u00f3n se entregar\u00e1 de forma presencial en la Secretar\u00eda del Centro.Plazos oficiales de matriculaci\u00f3n: Matriculaci\u00f3n alumnos admitidosGrado B\u00e1sico: Grado Medio: Grado Superior: Horario de matriculaci\u00f3n: De 09:00 a 13:00h. Documentaci\u00f3n general para todos los ciclos: No seLeer&hellip;","post_mailing_queue_ids":[],"_links":{"self":[{"href":"https:\/\/site.educa.madrid.org\/ies.rosachacel.madrid\/index.php\/wp-json\/wp\/v2\/pages\/174","targetHints":{"allow":["GET"]}}],"collection":[{"href":"https:\/\/site.educa.madrid.org\/ies.rosachacel.madrid\/index.php\/wp-json\/wp\/v2\/pages"}],"about":[{"href":"https:\/\/site.educa.madrid.org\/ies.rosachacel.madrid\/index.php\/wp-json\/wp\/v2\/types\/page"}],"author":[{"embeddable":true,"href":"https:\/\/site.educa.madrid.org\/ies.rosachacel.madrid\/index.php\/wp-json\/wp\/v2\/users\/2"}],"replies":[{"embeddable":true,"href":"https:\/\/site.educa.madrid.org\/ies.rosachacel.madrid\/index.php\/wp-json\/wp\/v2\/comments?post=174"}],"version-history":[{"count":50,"href":"https:\/\/site.educa.madrid.org\/ies.rosachacel.madrid\/index.php\/wp-json\/wp\/v2\/pages\/174\/revisions"}],"predecessor-version":[{"id":2692,"href":"https:\/\/site.educa.madrid.org\/ies.rosachacel.madrid\/index.php\/wp-json\/wp\/v2\/pages\/174\/revisions\/2692"}],"up":[{"embeddable":true,"href":"https:\/\/site.educa.madrid.org\/ies.rosachacel.madrid\/index.php\/wp-json\/wp\/v2\/pages\/126"}],"wp:attachment":[{"href":"https:\/\/site.educa.madrid.org\/ies.rosachacel.madrid\/index.php\/wp-json\/wp\/v2\/media?parent=174"}],"wp:term":[{"taxonomy":"folder","embeddable":true,"href":"https:\/\/site.educa.madrid.org\/ies.rosachacel.madrid\/index.php\/wp-json\/wp\/v2\/folder?post=174"}],"curies":[{"name":"wp","href":"https:\/\/api.w.org\/{rel}","templated":true}]}}