{"id":2322,"date":"2025-03-21T12:14:26","date_gmt":"2025-03-21T11:14:26","guid":{"rendered":"https:\/\/site.educa.madrid.org\/ies.rosachacel.madrid\/?page_id=2322"},"modified":"2025-03-21T12:14:26","modified_gmt":"2025-03-21T11:14:26","slug":"guia-para-familias-sobre-navegacion-segura","status":"publish","type":"page","link":"https:\/\/site.educa.madrid.org\/ies.rosachacel.madrid\/index.php\/informacion-a-las-familias\/guia-para-familias-sobre-navegacion-segura\/","title":{"rendered":"Gu\u00eda para familias sobre navegaci\u00f3n segura"},"content":{"rendered":"<p>Para poder dar una respuesta inmediata, ante las grandes dificultades que se est\u00e1n encontrando las familias frente al uso abusivo y hasta en muchas ocasiones peligroso, la Comunidad de Madrid nos proporciona estas gu\u00edas con los recursos necesarios para abordar dicha problem\u00e1tica.<\/p>\n<p><a href=\"https:\/\/site.educa.madrid.org\/ies.rosachacel.madrid\/\/wp-content\/uploads\/ies.rosachacel.madrid\/2025\/03\/GUIA-FAMILIAS-NAVEGACION-SEGURA.pdf\">Gu\u00eda para familias sobre c\u00f3mo acompa\u00f1ar a los j\u00f3venes a una navegaci\u00f3n segura<\/a><\/p>\n","protected":false},"excerpt":{"rendered":"<p>Para poder dar una respuesta inmediata, ante las grandes dificultades que se est\u00e1n encontrando las familias frente al uso abusivo y hasta en muchas ocasiones peligroso, la Comunidad de Madrid nos proporciona estas gu\u00edas con los recursos necesarios para abordar dicha problem\u00e1tica. Gu\u00eda para familias sobre c\u00f3mo acompa\u00f1ar a los j\u00f3venes a una navegaci\u00f3n segura<\/p>\n","protected":false},"author":2,"featured_media":0,"parent":2011,"menu_order":0,"comment_status":"closed","ping_status":"closed","template":"","meta":{"footnotes":""},"folder":[],"class_list":["post-2322","page","type-page","status-publish","hentry"],"rttpg_featured_image_url":null,"rttpg_author":{"display_name":"tic.ies.rosachacel.madrid","author_link":"https:\/\/site.educa.madrid.org\/ies.rosachacel.madrid\/index.php\/author\/cuenta_tic-ies-rosachacel-madrid\/"},"rttpg_comment":0,"rttpg_category":false,"rttpg_excerpt":"Para poder dar una respuesta inmediata, ante las grandes dificultades que se est\u00e1n encontrando las familias frente al uso abusivo y hasta en muchas ocasiones peligroso, la Comunidad de Madrid nos proporciona estas gu\u00edas con los recursos necesarios para abordar dicha problem\u00e1tica. Gu\u00eda para familias sobre c\u00f3mo acompa\u00f1ar a los j\u00f3venes a una navegaci\u00f3n segura","post_mailing_queue_ids":[],"_links":{"self":[{"href":"https:\/\/site.educa.madrid.org\/ies.rosachacel.madrid\/index.php\/wp-json\/wp\/v2\/pages\/2322","targetHints":{"allow":["GET"]}}],"collection":[{"href":"https:\/\/site.educa.madrid.org\/ies.rosachacel.madrid\/index.php\/wp-json\/wp\/v2\/pages"}],"about":[{"href":"https:\/\/site.educa.madrid.org\/ies.rosachacel.madrid\/index.php\/wp-json\/wp\/v2\/types\/page"}],"author":[{"embeddable":true,"href":"https:\/\/site.educa.madrid.org\/ies.rosachacel.madrid\/index.php\/wp-json\/wp\/v2\/users\/2"}],"replies":[{"embeddable":true,"href":"https:\/\/site.educa.madrid.org\/ies.rosachacel.madrid\/index.php\/wp-json\/wp\/v2\/comments?post=2322"}],"version-history":[{"count":1,"href":"https:\/\/site.educa.madrid.org\/ies.rosachacel.madrid\/index.php\/wp-json\/wp\/v2\/pages\/2322\/revisions"}],"predecessor-version":[{"id":2324,"href":"https:\/\/site.educa.madrid.org\/ies.rosachacel.madrid\/index.php\/wp-json\/wp\/v2\/pages\/2322\/revisions\/2324"}],"up":[{"embeddable":true,"href":"https:\/\/site.educa.madrid.org\/ies.rosachacel.madrid\/index.php\/wp-json\/wp\/v2\/pages\/2011"}],"wp:attachment":[{"href":"https:\/\/site.educa.madrid.org\/ies.rosachacel.madrid\/index.php\/wp-json\/wp\/v2\/media?parent=2322"}],"wp:term":[{"taxonomy":"folder","embeddable":true,"href":"https:\/\/site.educa.madrid.org\/ies.rosachacel.madrid\/index.php\/wp-json\/wp\/v2\/folder?post=2322"}],"curies":[{"name":"wp","href":"https:\/\/api.w.org\/{rel}","templated":true}]}}