{"id":2357,"date":"2025-04-04T14:09:18","date_gmt":"2025-04-04T12:09:18","guid":{"rendered":"https:\/\/site.educa.madrid.org\/ies.rosachacel.madrid\/?page_id=2357"},"modified":"2025-05-21T10:35:21","modified_gmt":"2025-05-21T08:35:21","slug":"bolsa-de-empleo-alumnos","status":"publish","type":"page","link":"https:\/\/site.educa.madrid.org\/ies.rosachacel.madrid\/index.php\/bolsa-de-empleo-ies-rosa-chacel\/bolsa-de-empleo-alumnos\/","title":{"rendered":"Bolsa de Empleo: Alumnos"},"content":{"rendered":"<p>Formando parte de esta bolsa de empleo podr\u00e1s acceder a todas las ofertas de trabajo que gestionemos desde el instituto acordes a tu titulaci\u00f3n, as\u00ed como a todas las que publiquen directamente las empresas en la p\u00e1gina de EmpleaFP.<\/p>\n<p><strong>\u00bfTe interesa?<\/strong> Registrarse es muy f\u00e1cil y tan solo te llevar\u00e1 un par de minutos si sigues estos pasos:<\/p>\n<ol>\n<li>Lee estas instrucciones hasta el final.<\/li>\n<li>Entra en EmpleaFP: <a href=\"https:\/\/www.empleafp.com\/site\/index.html#\/\">https:\/\/www.empleafp.com\/site\/index.html#\/<\/a><\/li>\n<li>Pincha en REGISTRATE.<\/li>\n<li>Selecciona la pesta\u00f1a \u00abUN\/A TITULADO\/ DE FORMACI\u00d3N PROFESIONAL QUE BUSCA EMPLEO\u00bb y completa los recuadros con los datos personales que\u00a0se te piden. Acepta las condiciones legales.<\/li>\n<li>Accede al correo de contacto que has puesto y val\u00eddalo.<\/li>\n<li>Ya has creado tu cuenta. Ahora ya puedes iniciar sesi\u00f3n e ir completando tu perfil.<\/li>\n<li>Completa tu perfil con todos los datos que puedas aportar. Al completar este perfil se os generar\u00e1 un CV con formato Europass que pod\u00e9is descargar y utilizar en el \u00e1mbito que quer\u00e1is. Para ello es \u00fatil que aport\u00e9is todos los datos que pod\u00e1is.<\/li>\n<li>Es imprescindible que pinches sobre FORMACI\u00d3N ACAD\u00c9MICA y\u00a0a\u00f1adas aquellos t\u00edtulos acad\u00e9micos de los que dispongas.<\/li>\n<li>Selecciona\u00a0nuestro IES (MADRID-IES Rosa Chacel) para que te lleguen todas las ofertas que nosotros lanzamos.<\/li>\n<\/ol>\n<p>Ahora, pinchando sobre TODAS LAS OFERTAS puedes acceder a aquellas ofertas de empleo que se adapten a tu perfil e inscribirte en las que te interesen. Adem\u00e1s, cada vez\u00a0que llegue una nueva oferta se te enviar\u00e1 un email informativo.<\/p>\n<p><strong>\u00bfDudas?<\/strong> Aqu\u00ed tienes un video tutorial por si es de utilidad: <a href=\"https:\/\/youtu.be\/ahW5XSUiQ3Y\">https:\/\/youtu.be\/ahW5XSUiQ3Y<\/a><\/p>\n<p><img loading=\"lazy\" decoding=\"async\" class=\"size-full wp-image-2342 aligncenter\" src=\"https:\/\/site.educa.madrid.org\/ies.rosachacel.madrid\/\/wp-content\/uploads\/ies.rosachacel.madrid\/2025\/04\/img1.jpg\" alt=\"\" width=\"480\" height=\"360\" srcset=\"https:\/\/site.educa.madrid.org\/ies.rosachacel.madrid\/\/wp-content\/uploads\/ies.rosachacel.madrid\/2025\/04\/img1.jpg 480w, https:\/\/site.educa.madrid.org\/ies.rosachacel.madrid\/\/wp-content\/uploads\/ies.rosachacel.madrid\/2025\/04\/img1-300x225.jpg 300w\" sizes=\"auto, (max-width: 480px) 100vw, 480px\" \/><\/p>\n","protected":false},"excerpt":{"rendered":"<p>Formando parte de esta bolsa de empleo podr\u00e1s acceder a todas las ofertas de trabajo que gestionemos desde el instituto acordes a tu titulaci\u00f3n, as\u00ed como a todas las que publiquen directamente las empresas en la p\u00e1gina de EmpleaFP. \u00bfTe interesa? Registrarse es muy f\u00e1cil y tan solo te llevar\u00e1 un par de minutos si<\/p><\/div>\n<div class=\"blog-btn\"><a href=\"https:\/\/site.educa.madrid.org\/ies.rosachacel.madrid\/index.php\/bolsa-de-empleo-ies-rosa-chacel\/bolsa-de-empleo-alumnos\/\" class=\"home-blog-btn\">Leer m\u00e1s<\/a><\/p>\n","protected":false},"author":2,"featured_media":0,"parent":2340,"menu_order":0,"comment_status":"closed","ping_status":"closed","template":"","meta":{"footnotes":""},"folder":[],"class_list":["post-2357","page","type-page","status-publish","hentry"],"rttpg_featured_image_url":null,"rttpg_author":{"display_name":"tic.ies.rosachacel.madrid","author_link":"https:\/\/site.educa.madrid.org\/ies.rosachacel.madrid\/index.php\/author\/cuenta_tic-ies-rosachacel-madrid\/"},"rttpg_comment":0,"rttpg_category":false,"rttpg_excerpt":"Formando parte de esta bolsa de empleo podr\u00e1s acceder a todas las ofertas de trabajo que gestionemos desde el instituto acordes a tu titulaci\u00f3n, as\u00ed como a todas las que publiquen directamente las empresas en la p\u00e1gina de EmpleaFP. \u00bfTe interesa? Registrarse es muy f\u00e1cil y tan solo te llevar\u00e1 un par de minutos siLeer&hellip;","post_mailing_queue_ids":[],"_links":{"self":[{"href":"https:\/\/site.educa.madrid.org\/ies.rosachacel.madrid\/index.php\/wp-json\/wp\/v2\/pages\/2357","targetHints":{"allow":["GET"]}}],"collection":[{"href":"https:\/\/site.educa.madrid.org\/ies.rosachacel.madrid\/index.php\/wp-json\/wp\/v2\/pages"}],"about":[{"href":"https:\/\/site.educa.madrid.org\/ies.rosachacel.madrid\/index.php\/wp-json\/wp\/v2\/types\/page"}],"author":[{"embeddable":true,"href":"https:\/\/site.educa.madrid.org\/ies.rosachacel.madrid\/index.php\/wp-json\/wp\/v2\/users\/2"}],"replies":[{"embeddable":true,"href":"https:\/\/site.educa.madrid.org\/ies.rosachacel.madrid\/index.php\/wp-json\/wp\/v2\/comments?post=2357"}],"version-history":[{"count":2,"href":"https:\/\/site.educa.madrid.org\/ies.rosachacel.madrid\/index.php\/wp-json\/wp\/v2\/pages\/2357\/revisions"}],"predecessor-version":[{"id":2397,"href":"https:\/\/site.educa.madrid.org\/ies.rosachacel.madrid\/index.php\/wp-json\/wp\/v2\/pages\/2357\/revisions\/2397"}],"up":[{"embeddable":true,"href":"https:\/\/site.educa.madrid.org\/ies.rosachacel.madrid\/index.php\/wp-json\/wp\/v2\/pages\/2340"}],"wp:attachment":[{"href":"https:\/\/site.educa.madrid.org\/ies.rosachacel.madrid\/index.php\/wp-json\/wp\/v2\/media?parent=2357"}],"wp:term":[{"taxonomy":"folder","embeddable":true,"href":"https:\/\/site.educa.madrid.org\/ies.rosachacel.madrid\/index.php\/wp-json\/wp\/v2\/folder?post=2357"}],"curies":[{"name":"wp","href":"https:\/\/api.w.org\/{rel}","templated":true}]}}