{"id":2534,"date":"2025-11-06T20:04:18","date_gmt":"2025-11-06T19:04:18","guid":{"rendered":"https:\/\/site.educa.madrid.org\/ies.rosachacel.madrid\/?page_id=2534"},"modified":"2025-11-06T20:50:51","modified_gmt":"2025-11-06T19:50:51","slug":"erasmus-2023-24","status":"publish","type":"page","link":"https:\/\/site.educa.madrid.org\/ies.rosachacel.madrid\/index.php\/erasmus\/erasmus-2023-24\/","title":{"rendered":"Erasmus 2023\/24"},"content":{"rendered":"<div id=\"pl-2534\"  class=\"panel-layout\" ><div id=\"pg-2534-0\"  class=\"panel-grid panel-no-style\" ><div id=\"pgc-2534-0-0\"  class=\"panel-grid-cell\" ><div id=\"panel-2534-0-0-0\" class=\"so-panel widget widget_text panel-first-child panel-last-child\" data-index=\"0\" ><h3 class=\"widget-title\">Actividades Erasmus &#8211; Curso 2023\/24<\/h3>\t\t\t<div class=\"textwidget\"><p class=\"western\">El equipo Erasmus+ del IES Rosa Chacel de Madrid est\u00e1 formado por los profesores:<\/p>\n<ul>\n<li>\n<p class=\"western\">JOS\u00c9 ANTONIO JIM\u00c9NEZ CASTILLO (Departamento de Inform\u00e1tica)<\/p>\n<\/li>\n<li>\n<p class=\"western\">SONIA FERN\u00c1NDEZ TEJEDA (Departamento de Idiomas)<\/p>\n<\/li>\n<\/ul>\n<p class=\"western\">El Instituto participa en los proyectos Erasmus+ promovidos por el Consorcio FPMAD. Durante el curso 2023\/24, ha formado parte de los siguientes proyectos de GRADO MEDIO:<\/p>\n<ul>\n<li>\n<p class=\"western\">Proyectos 2022:<\/p>\n<ul>\n<li>\n<p class=\"western\">2022-1-ES01-KA121-VET-000065917<\/p>\n<\/li>\n<\/ul>\n<\/li>\n<\/ul>\n<p>Total de movilidades realizadas:<\/p>\n<ul>\n<li>9 estudiantes de Grado Medio, de los ciclos de Emergencias Sanitarias y Atenci\u00f3n a Personas en Situaci\u00f3n de Dependencia para realizar el m\u00f3dulo FCT &#8211; Formaci\u00f3n en Centros de Trabajo- en empresas de las ciudades de Anzio (Italia), Coimbra (Portugal) y Berl\u00edn (Alemania).<\/li>\n<li>1 profesora con destino en Anzio (Italia).<\/li>\n<\/ul>\n<\/div>\n\t\t<\/div><\/div><\/div><div id=\"pg-2534-1\"  class=\"panel-grid panel-no-style\" ><div id=\"pgc-2534-1-0\"  class=\"panel-grid-cell\" ><div id=\"panel-2534-1-0-0\" class=\"so-panel widget widget_sow-accordion panel-first-child\" data-index=\"1\" ><div\n\t\t\t\n\t\t\tclass=\"so-widget-sow-accordion so-widget-sow-accordion-default-d9295f5bfa93-2534\"\n\t\t\t data-max-open-panels=\"0\" data-initial-scroll-panel=\"0\"\n\t\t><h3 class=\"widget-title\">Movilidades de alumnos durante el curso<\/h3><div>\n\t<div class=\"sow-accordion\">\n\t\t\t<div class=\"sow-accordion-panel\"\n\t\t\t data-anchor=\"destino-coimbra-portugal\">\n\t\t\t\t<div class=\"sow-accordion-panel-header-container\" role=\"heading\" aria-level=\"2\">\n\t\t\t\t\t<div class=\"sow-accordion-panel-header\" tabindex=\"0\" role=\"button\" id=\"accordion-label-destino-coimbra-portugal\" aria-controls=\"accordion-content-destino-coimbra-portugal\" aria-expanded=\"false\">\n\t\t\t\t\t\t<div class=\"sow-accordion-title sow-accordion-title-icon-left\">\n\t\t\t\t\t\t\t\t\t\t\t\t\t\tDestino: Coimbra (Portugal)\t\t\t\t\t\t\t\t\t\t\t\t\t<\/div>\n\t\t\t\t\t\t<div class=\"sow-accordion-open-close-button\">\n\t\t\t\t\t\t\t<div class=\"sow-accordion-open-button\">\n\t\t\t\t\t\t\t\t<span class=\"sow-icon-ionicons\" data-sow-icon=\"&#xf218;\"\n\t\t \n\t\taria-hidden=\"true\"><\/span>\t\t\t\t\t\t\t<\/div>\n\t\t\t\t\t\t\t<div class=\"sow-accordion-close-button\">\n\t\t\t\t\t\t\t\t<span class=\"sow-icon-ionicons\" data-sow-icon=\"&#xf209;\"\n\t\t \n\t\taria-hidden=\"true\"><\/span>\t\t\t\t\t\t\t<\/div>\n\t\t\t\t\t\t<\/div>\n\t\t\t\t\t<\/div>\n\t\t\t\t<\/div>\n\n\t\t\t<div\n\t\t\t\tclass=\"sow-accordion-panel-content\"\n\t\t\t\trole=\"region\"\n\t\t\t\taria-labelledby=\"accordion-label-destino-coimbra-portugal\"\n\t\t\t\tid=\"accordion-content-destino-coimbra-portugal\"\n\t\t\t\tstyle=\"display: none;\"\t\t\t>\n\t\t\t\t<div class=\"sow-accordion-panel-border\">\n\t\t\t\t\t<p>Estudiantes del ciclo de T\u00e9cnico en Atenci\u00f3n a Personas en Situaci\u00f3n de Dependencia:<\/p>\n<ul>\n<li>Barbudo Lozano, Nerea<\/li>\n<li>Bl\u00e1zquez Rubio, Aitana<\/li>\n<li>G\u00f3mez Jara, Alba<\/li>\n<li>Vicente Gonz\u00e1lez, Cecilia<\/li>\n<\/ul>\n<p><img loading=\"lazy\" decoding=\"async\" class=\"aligncenter size-medium\" src=\"https:\/\/lh3.googleusercontent.com\/pw\/AP1GczMFJWylJKYGX9HHMP-0oZWYetTevB-Z8Fj9LgpCj2nR_i5hotRI3KX8Gar3soRZAvfHawF2SReEHpkWKWHfs2lJo_0Ds5JpEtI8pjt1eDKxxsnKU36HU3rL8ZLWBjcOESryCkZ5g0kRA3wM_CDLoxyQ=w985-h739-s-no-gm?authuser=0\" width=\"985\" height=\"739\" \/><\/p>\n\t\t\t\t<\/div>\n\t\t\t<\/div>\n\t\t<\/div>\n\t\t\t<div class=\"sow-accordion-panel\"\n\t\t\t data-anchor=\"destino-berl%c3%adn-alemania\">\n\t\t\t\t<div class=\"sow-accordion-panel-header-container\" role=\"heading\" aria-level=\"2\">\n\t\t\t\t\t<div class=\"sow-accordion-panel-header\" tabindex=\"0\" role=\"button\" id=\"accordion-label-destino-berl%c3%adn-alemania\" aria-controls=\"accordion-content-destino-berl%c3%adn-alemania\" aria-expanded=\"false\">\n\t\t\t\t\t\t<div class=\"sow-accordion-title sow-accordion-title-icon-left\">\n\t\t\t\t\t\t\t\t\t\t\t\t\t\tDestino: Berl\u00edn (Alemania)\t\t\t\t\t\t\t\t\t\t\t\t\t<\/div>\n\t\t\t\t\t\t<div class=\"sow-accordion-open-close-button\">\n\t\t\t\t\t\t\t<div class=\"sow-accordion-open-button\">\n\t\t\t\t\t\t\t\t<span class=\"sow-icon-ionicons\" data-sow-icon=\"&#xf218;\"\n\t\t \n\t\taria-hidden=\"true\"><\/span>\t\t\t\t\t\t\t<\/div>\n\t\t\t\t\t\t\t<div class=\"sow-accordion-close-button\">\n\t\t\t\t\t\t\t\t<span class=\"sow-icon-ionicons\" data-sow-icon=\"&#xf209;\"\n\t\t \n\t\taria-hidden=\"true\"><\/span>\t\t\t\t\t\t\t<\/div>\n\t\t\t\t\t\t<\/div>\n\t\t\t\t\t<\/div>\n\t\t\t\t<\/div>\n\n\t\t\t<div\n\t\t\t\tclass=\"sow-accordion-panel-content\"\n\t\t\t\trole=\"region\"\n\t\t\t\taria-labelledby=\"accordion-label-destino-berl%c3%adn-alemania\"\n\t\t\t\tid=\"accordion-content-destino-berl%c3%adn-alemania\"\n\t\t\t\tstyle=\"display: none;\"\t\t\t>\n\t\t\t\t<div class=\"sow-accordion-panel-border\">\n\t\t\t\t\t<p>Estudiantes del ciclo de T\u00e9cnico de Emergencias Sanitarias:<\/p>\n<ul>\n<li>D\u00edaz Mosqueda, Sa\u00fal<\/li>\n<li>G\u00f3mez Garc\u00eda, Alicia<\/li>\n<li>Lozano Gavil\u00e1n, Claudia<\/li>\n<li>Mart\u00edn Braza, Christian Jos\u00e9<\/li>\n<\/ul>\n<p><img loading=\"lazy\" decoding=\"async\" class=\"alignnone size-medium\" src=\"https:\/\/lh3.googleusercontent.com\/pw\/AP1GczPlq85zj3UD5YkMBMeoJJajj0TZdqXoQJ81xs79vNpEK3dePe8PKRuvbepwPIihdebyEM_dtMNNPpzRdFZUcmLQlxu9eY4asNfuntJVC4bpxz6rpzCTM67AgQuRlfwGlpK2PNj9r-XNBfBQYuQG8Nsn=w985-h739-s-no-gm?authuser=0\" width=\"985\" height=\"739\" \/><\/p>\n\t\t\t\t<\/div>\n\t\t\t<\/div>\n\t\t<\/div>\n\t\t\t<div class=\"sow-accordion-panel\"\n\t\t\t data-anchor=\"destino-anzio-italia\">\n\t\t\t\t<div class=\"sow-accordion-panel-header-container\" role=\"heading\" aria-level=\"2\">\n\t\t\t\t\t<div class=\"sow-accordion-panel-header\" tabindex=\"0\" role=\"button\" id=\"accordion-label-destino-anzio-italia\" aria-controls=\"accordion-content-destino-anzio-italia\" aria-expanded=\"false\">\n\t\t\t\t\t\t<div class=\"sow-accordion-title sow-accordion-title-icon-left\">\n\t\t\t\t\t\t\t\t\t\t\t\t\t\tDestino: Anzio (Italia)\t\t\t\t\t\t\t\t\t\t\t\t\t<\/div>\n\t\t\t\t\t\t<div class=\"sow-accordion-open-close-button\">\n\t\t\t\t\t\t\t<div class=\"sow-accordion-open-button\">\n\t\t\t\t\t\t\t\t<span class=\"sow-icon-ionicons\" data-sow-icon=\"&#xf218;\"\n\t\t \n\t\taria-hidden=\"true\"><\/span>\t\t\t\t\t\t\t<\/div>\n\t\t\t\t\t\t\t<div class=\"sow-accordion-close-button\">\n\t\t\t\t\t\t\t\t<span class=\"sow-icon-ionicons\" data-sow-icon=\"&#xf209;\"\n\t\t \n\t\taria-hidden=\"true\"><\/span>\t\t\t\t\t\t\t<\/div>\n\t\t\t\t\t\t<\/div>\n\t\t\t\t\t<\/div>\n\t\t\t\t<\/div>\n\n\t\t\t<div\n\t\t\t\tclass=\"sow-accordion-panel-content\"\n\t\t\t\trole=\"region\"\n\t\t\t\taria-labelledby=\"accordion-label-destino-anzio-italia\"\n\t\t\t\tid=\"accordion-content-destino-anzio-italia\"\n\t\t\t\tstyle=\"display: none;\"\t\t\t>\n\t\t\t\t<div class=\"sow-accordion-panel-border\">\n\t\t\t\t\t<p>Estudiantes del ciclo de T\u00e9cnico en Atenci\u00f3n a Personas en Situaci\u00f3n de Dependencia:<\/p>\n<ul>\n<li>Herrada Fern\u00e1ndez, \u00c1ngela<\/li>\n<\/ul>\n<p>Profesora del Departamento de Servicios Socioculturales y a la Comunidad<\/p>\n<ul>\n<li>Eva Mar\u00eda Campos<\/li>\n<\/ul>\n<p><img loading=\"lazy\" decoding=\"async\" class=\"alignnone size-medium\" src=\"https:\/\/lh3.googleusercontent.com\/pw\/AP1GczMv7xBZLBSgQZpavhQYkgoUqOrBgdYrF6oNvzXQQ30A-G1Yec8ot8IwApUiYk979A5ZoGZ8N_qog-N3qscd3hcve5Pg4VE1BWEvpdI2f1NWSgXk3MI1zDfmsH6IhVsjBWweEcLT3Xg5YSqRudzsRx5G=w1313-h538-s-no-gm?authuser=0\" width=\"1313\" height=\"538\" \/><\/p>\n\t\t\t\t<\/div>\n\t\t\t<\/div>\n\t\t<\/div>\n\t\t<\/div>\n<\/div>\n<\/div><\/div><div id=\"panel-2534-1-0-1\" class=\"so-panel widget widget_media_image panel-last-child\" data-index=\"2\" ><h3 class=\"widget-title\">Reuni\u00f3n final de alumnos y Equipo Erasmus+ en el instituto<\/h3><img loading=\"lazy\" decoding=\"async\" class=\"image \" src=\"https:\/\/lh3.googleusercontent.com\/pw\/AP1GczNqYl7YIi13soNz3bX3K1QhtZk8XPGDxK23bjlAnYAJK4TGZqxOim_Ke8hEWf8MKRu5rTQlZJPo0LCBSdoGCqDShvL6ApcWwLTWCtAoAXlxOVEMA_s5KQN8Kd-hYIuEDYza1RnxBcF0izhiNPyS1IfX=w1313-h675-s-no-gm?authuser=0\" alt=\"\" width=\"1313\" height=\"675\" \/><\/div><\/div><\/div><div id=\"pg-2534-2\"  class=\"panel-grid panel-no-style\" ><div id=\"pgc-2534-2-0\"  class=\"panel-grid-cell\" ><div id=\"panel-2534-2-0-0\" class=\"so-panel widget widget_sow-accordion panel-first-child\" data-index=\"3\" ><div\n\t\t\t\n\t\t\tclass=\"so-widget-sow-accordion so-widget-sow-accordion-default-d9295f5bfa93-2534\"\n\t\t\t data-max-open-panels=\"0\" data-initial-scroll-panel=\"0\"\n\t\t><h3 class=\"widget-title\">Otras iniciativas y proyectos Erasmus+ durante el curso<\/h3><div>\n\t<div class=\"sow-accordion\">\n\t\t\t<div class=\"sow-accordion-panel\"\n\t\t\t data-anchor=\"entrega-de-premios-europa-joven-madrid\">\n\t\t\t\t<div class=\"sow-accordion-panel-header-container\" role=\"heading\" aria-level=\"2\">\n\t\t\t\t\t<div class=\"sow-accordion-panel-header\" tabindex=\"0\" role=\"button\" id=\"accordion-label-entrega-de-premios-europa-joven-madrid\" aria-controls=\"accordion-content-entrega-de-premios-europa-joven-madrid\" aria-expanded=\"false\">\n\t\t\t\t\t\t<div class=\"sow-accordion-title sow-accordion-title-icon-left\">\n\t\t\t\t\t\t\t\t\t\t\t\t\t\tEntrega de premios Europa Joven Madrid\t\t\t\t\t\t\t\t\t\t\t\t\t<\/div>\n\t\t\t\t\t\t<div class=\"sow-accordion-open-close-button\">\n\t\t\t\t\t\t\t<div class=\"sow-accordion-open-button\">\n\t\t\t\t\t\t\t\t<span class=\"sow-icon-ionicons\" data-sow-icon=\"&#xf218;\"\n\t\t \n\t\taria-hidden=\"true\"><\/span>\t\t\t\t\t\t\t<\/div>\n\t\t\t\t\t\t\t<div class=\"sow-accordion-close-button\">\n\t\t\t\t\t\t\t\t<span class=\"sow-icon-ionicons\" data-sow-icon=\"&#xf209;\"\n\t\t \n\t\taria-hidden=\"true\"><\/span>\t\t\t\t\t\t\t<\/div>\n\t\t\t\t\t\t<\/div>\n\t\t\t\t\t<\/div>\n\t\t\t\t<\/div>\n\n\t\t\t<div\n\t\t\t\tclass=\"sow-accordion-panel-content\"\n\t\t\t\trole=\"region\"\n\t\t\t\taria-labelledby=\"accordion-label-entrega-de-premios-europa-joven-madrid\"\n\t\t\t\tid=\"accordion-content-entrega-de-premios-europa-joven-madrid\"\n\t\t\t\tstyle=\"display: none;\"\t\t\t>\n\t\t\t\t<div class=\"sow-accordion-panel-border\">\n\t\t\t\t\t<p>Participaci\u00f3n en las actividades de XarxaFP, en colaboraci\u00f3n con la oficina Europa Joven Madrid. Asistencia a lla gala de entrega de los premios a j\u00f3venes voluntarios europeos y personas que han destacado por su trabajo en Juventud y Educaci\u00f3n.<\/p>\n<p><img loading=\"lazy\" decoding=\"async\" class=\"alignnone size-medium\" src=\"https:\/\/lh3.googleusercontent.com\/pw\/AP1GczMVIzYBY6aUQvkwiUA9yMxrcpnWRXfjpPM3QbkZgeEG1bDpJ8xvL6lTLiNQ-6O1HJckN1_EHmWwSXDy_WzDlkEkK0AApIOAwuTW-CO4HsgCIhgPLF9pOeFfJ7hVVMemIkCPSceN8lgY-U0JEVmjsdGd=w1313-h592-s-no-gm?authuser=0\" width=\"1313\" height=\"592\" \/><\/p>\n\t\t\t\t<\/div>\n\t\t\t<\/div>\n\t\t<\/div>\n\t\t\t<div class=\"sow-accordion-panel\"\n\t\t\t data-anchor=\"charla-informativa-de-europa-joven-madrid\">\n\t\t\t\t<div class=\"sow-accordion-panel-header-container\" role=\"heading\" aria-level=\"2\">\n\t\t\t\t\t<div class=\"sow-accordion-panel-header\" tabindex=\"0\" role=\"button\" id=\"accordion-label-charla-informativa-de-europa-joven-madrid\" aria-controls=\"accordion-content-charla-informativa-de-europa-joven-madrid\" aria-expanded=\"false\">\n\t\t\t\t\t\t<div class=\"sow-accordion-title sow-accordion-title-icon-left\">\n\t\t\t\t\t\t\t\t\t\t\t\t\t\tCharla informativa de Europa Joven Madrid \t\t\t\t\t\t\t\t\t\t\t\t\t<\/div>\n\t\t\t\t\t\t<div class=\"sow-accordion-open-close-button\">\n\t\t\t\t\t\t\t<div class=\"sow-accordion-open-button\">\n\t\t\t\t\t\t\t\t<span class=\"sow-icon-ionicons\" data-sow-icon=\"&#xf218;\"\n\t\t \n\t\taria-hidden=\"true\"><\/span>\t\t\t\t\t\t\t<\/div>\n\t\t\t\t\t\t\t<div class=\"sow-accordion-close-button\">\n\t\t\t\t\t\t\t\t<span class=\"sow-icon-ionicons\" data-sow-icon=\"&#xf209;\"\n\t\t \n\t\taria-hidden=\"true\"><\/span>\t\t\t\t\t\t\t<\/div>\n\t\t\t\t\t\t<\/div>\n\t\t\t\t\t<\/div>\n\t\t\t\t<\/div>\n\n\t\t\t<div\n\t\t\t\tclass=\"sow-accordion-panel-content\"\n\t\t\t\trole=\"region\"\n\t\t\t\taria-labelledby=\"accordion-label-charla-informativa-de-europa-joven-madrid\"\n\t\t\t\tid=\"accordion-content-charla-informativa-de-europa-joven-madrid\"\n\t\t\t\tstyle=\"display: none;\"\t\t\t>\n\t\t\t\t<div class=\"sow-accordion-panel-border\">\n\t\t\t\t\t<p>Dirigida a todos los estudiantes del IES Rosa Chacel, para promover iniciativas de voluntariado juvenil en Europa.<\/p>\n<p><img loading=\"lazy\" decoding=\"async\" class=\"aligncenter size-medium\" src=\"https:\/\/lh3.googleusercontent.com\/pw\/AP1GczODGJEEENhmUDlob_vy4Neb7DAYZ_8DUXaeDHQlYa73vsXA3_8ZKx9N_BHwf8p73_79LtrhyOccSIFBsiaOWuSIA8gU-ISFaHIlNvNapQuHEX0RizM8LUOsr7z7NR0M1Oop2aouX0RKJw8sqKiVKWbF=w1313-h592-s-no-gm?authuser=0\" width=\"1313\" height=\"592\" \/><\/p>\n\t\t\t\t<\/div>\n\t\t\t<\/div>\n\t\t<\/div>\n\t\t\t<div class=\"sow-accordion-panel\"\n\t\t\t data-anchor=\"visita-de-profesoras-de-munich-a-madrid\">\n\t\t\t\t<div class=\"sow-accordion-panel-header-container\" role=\"heading\" aria-level=\"2\">\n\t\t\t\t\t<div class=\"sow-accordion-panel-header\" tabindex=\"0\" role=\"button\" id=\"accordion-label-visita-de-profesoras-de-munich-a-madrid\" aria-controls=\"accordion-content-visita-de-profesoras-de-munich-a-madrid\" aria-expanded=\"false\">\n\t\t\t\t\t\t<div class=\"sow-accordion-title sow-accordion-title-icon-left\">\n\t\t\t\t\t\t\t\t\t\t\t\t\t\tVisita de profesoras de Munich a Madrid\t\t\t\t\t\t\t\t\t\t\t\t\t<\/div>\n\t\t\t\t\t\t<div class=\"sow-accordion-open-close-button\">\n\t\t\t\t\t\t\t<div class=\"sow-accordion-open-button\">\n\t\t\t\t\t\t\t\t<span class=\"sow-icon-ionicons\" data-sow-icon=\"&#xf218;\"\n\t\t \n\t\taria-hidden=\"true\"><\/span>\t\t\t\t\t\t\t<\/div>\n\t\t\t\t\t\t\t<div class=\"sow-accordion-close-button\">\n\t\t\t\t\t\t\t\t<span class=\"sow-icon-ionicons\" data-sow-icon=\"&#xf209;\"\n\t\t \n\t\taria-hidden=\"true\"><\/span>\t\t\t\t\t\t\t<\/div>\n\t\t\t\t\t\t<\/div>\n\t\t\t\t\t<\/div>\n\t\t\t\t<\/div>\n\n\t\t\t<div\n\t\t\t\tclass=\"sow-accordion-panel-content\"\n\t\t\t\trole=\"region\"\n\t\t\t\taria-labelledby=\"accordion-label-visita-de-profesoras-de-munich-a-madrid\"\n\t\t\t\tid=\"accordion-content-visita-de-profesoras-de-munich-a-madrid\"\n\t\t\t\tstyle=\"display: none;\"\t\t\t>\n\t\t\t\t<div class=\"sow-accordion-panel-border\">\n\t\t\t\t\t<p>Visita de profesoras de la escuela profesional Fos Nord de Munich a nuestro instituto y a la asociaci\u00f3n APADIS, de San Sebasti\u00e1n de los Reyes, organizada por el Departamento de Servicios Socioculturales y a la Comunidad.<\/p>\n<p><img loading=\"lazy\" decoding=\"async\" class=\"alignnone size-medium\" src=\"https:\/\/lh3.googleusercontent.com\/pw\/AP1GczMHAqwqFh-7opX2gSyiOfgOf9qzzCiuQ0NB6Zz-TuHPno2BWMZXe9UXkVMMYquFzD_1Yl6yMyIP4z4kGD8xT_4zQfH5gDcQz07aa8h49MX1tcgK53ifz2xlEGIX_GlxEursE0ADrHK3EfRqBqg7JZKy=w1313-h739-s-no-gm?authuser=0\" width=\"1313\" height=\"739\" \/><\/p>\n\t\t\t\t<\/div>\n\t\t\t<\/div>\n\t\t<\/div>\n\t\t<\/div>\n<\/div>\n<\/div><\/div><div id=\"panel-2534-2-0-1\" class=\"so-panel widget widget_media_image panel-last-child\" data-index=\"4\" ><img loading=\"lazy\" decoding=\"async\" class=\"image \" src=\"https:\/\/lh3.googleusercontent.com\/pw\/AP1GczP8Fy75z7b1YVQ9xZhTHQ4Abn4E62efUMf7fBGVmAmN9ptkyjcvGTRT3c3_8m9ZlcGgIx8bddapzFxjN8dgJTSP1FI4SuxTjOdwDiCP3KNOfzeMuXQr1_HoqTFyZ6GCuzMTZU_WvaKZQZpMXVP-c7wQ=w700-h138-s-no-gm?authuser=0\" alt=\"\" width=\"700\" height=\"138\" \/><\/div><\/div><\/div><\/div>","protected":false},"excerpt":{"rendered":"<p>El equipo Erasmus+ del IES Rosa Chacel de Madrid est\u00e1 formado por los profesores: JOS\u00c9 ANTONIO JIM\u00c9NEZ CASTILLO (Departamento de Inform\u00e1tica) SONIA FERN\u00c1NDEZ TEJEDA (Departamento de Idiomas) El Instituto participa en los proyectos Erasmus+ promovidos por el Consorcio FPMAD. Durante el curso 2023\/24, ha formado parte de los siguientes proyectos de GRADO MEDIO: Proyectos 2022:<\/p><\/div>\n<div class=\"blog-btn\"><a href=\"https:\/\/site.educa.madrid.org\/ies.rosachacel.madrid\/index.php\/erasmus\/erasmus-2023-24\/\" class=\"home-blog-btn\">Leer m\u00e1s<\/a><\/p>\n","protected":false},"author":47,"featured_media":0,"parent":131,"menu_order":0,"comment_status":"closed","ping_status":"closed","template":"","meta":{"footnotes":""},"folder":[],"class_list":["post-2534","page","type-page","status-publish","hentry"],"rttpg_featured_image_url":null,"rttpg_author":{"display_name":"Cuenta Erasmus ies rosachacel madrid","author_link":"https:\/\/site.educa.madrid.org\/ies.rosachacel.madrid\/index.php\/author\/cuenta_erasmus-ies-rosachacel-madrid\/"},"rttpg_comment":0,"rttpg_category":false,"rttpg_excerpt":"El equipo Erasmus+ del IES Rosa Chacel de Madrid est\u00e1 formado por los profesores: JOS\u00c9 ANTONIO JIM\u00c9NEZ CASTILLO (Departamento de Inform\u00e1tica) SONIA FERN\u00c1NDEZ TEJEDA (Departamento de Idiomas) El Instituto participa en los proyectos Erasmus+ promovidos por el Consorcio FPMAD. Durante el curso 2023\/24, ha formado parte de los siguientes proyectos de GRADO MEDIO: Proyectos 2022:Leer&hellip;","post_mailing_queue_ids":[],"_links":{"self":[{"href":"https:\/\/site.educa.madrid.org\/ies.rosachacel.madrid\/index.php\/wp-json\/wp\/v2\/pages\/2534","targetHints":{"allow":["GET"]}}],"collection":[{"href":"https:\/\/site.educa.madrid.org\/ies.rosachacel.madrid\/index.php\/wp-json\/wp\/v2\/pages"}],"about":[{"href":"https:\/\/site.educa.madrid.org\/ies.rosachacel.madrid\/index.php\/wp-json\/wp\/v2\/types\/page"}],"author":[{"embeddable":true,"href":"https:\/\/site.educa.madrid.org\/ies.rosachacel.madrid\/index.php\/wp-json\/wp\/v2\/users\/47"}],"replies":[{"embeddable":true,"href":"https:\/\/site.educa.madrid.org\/ies.rosachacel.madrid\/index.php\/wp-json\/wp\/v2\/comments?post=2534"}],"version-history":[{"count":14,"href":"https:\/\/site.educa.madrid.org\/ies.rosachacel.madrid\/index.php\/wp-json\/wp\/v2\/pages\/2534\/revisions"}],"predecessor-version":[{"id":2550,"href":"https:\/\/site.educa.madrid.org\/ies.rosachacel.madrid\/index.php\/wp-json\/wp\/v2\/pages\/2534\/revisions\/2550"}],"up":[{"embeddable":true,"href":"https:\/\/site.educa.madrid.org\/ies.rosachacel.madrid\/index.php\/wp-json\/wp\/v2\/pages\/131"}],"wp:attachment":[{"href":"https:\/\/site.educa.madrid.org\/ies.rosachacel.madrid\/index.php\/wp-json\/wp\/v2\/media?parent=2534"}],"wp:term":[{"taxonomy":"folder","embeddable":true,"href":"https:\/\/site.educa.madrid.org\/ies.rosachacel.madrid\/index.php\/wp-json\/wp\/v2\/folder?post=2534"}],"curies":[{"name":"wp","href":"https:\/\/api.w.org\/{rel}","templated":true}]}}