{"id":426,"date":"2020-07-02T09:51:26","date_gmt":"2020-07-02T09:51:26","guid":{"rendered":"https:\/\/site.educa.madrid.org\/ies.rosachacel.madrid\/?page_id=426"},"modified":"2025-12-16T09:46:13","modified_gmt":"2025-12-16T08:46:13","slug":"solicitud-de-titulos","status":"publish","type":"page","link":"https:\/\/site.educa.madrid.org\/ies.rosachacel.madrid\/index.php\/secretaria\/solicitud-de-titulos\/","title":{"rendered":"T\u00edtulos"},"content":{"rendered":"\n<h2 class=\"wp-block-heading\"><\/h2>\n\n\n\n<div class=\"wp-block-group has-background\" style=\"background-color:#202529\"><div class=\"wp-block-group__inner-container is-layout-flow wp-block-group-is-layout-flow\">\n<div class=\"wp-block-group has-very-light-gray-background-color has-background\"><div class=\"wp-block-group__inner-container is-layout-flow wp-block-group-is-layout-flow\">\n<p class=\"has-text-align-center has-luminous-vivid-amber-background-color has-background has-medium-font-size\"><strong>Procedimiento de solicitud de t\u00edtulos<\/strong><\/p>\n\n\n\n<p>Para la solicitud del t\u00edtulo deb\u00e9is entregar la documentaci\u00f3n que a continuaci\u00f3n se detalla:<\/p>\n\n\n\n<div class=\"wp-block-group has-cyan-bluish-gray-background-color has-background\"><div class=\"wp-block-group__inner-container is-layout-flow wp-block-group-is-layout-flow\">\n<ul class=\"wp-block-list\">\n<li><strong>Impreso de solicitud de t\u00edtulo de los estudios correspondientes, debidamente cumplimentado y firmado (original y copia).<\/strong><\/li>\n<\/ul>\n\n\n\n<ul class=\"wp-block-list\">\n<li><strong>Fotocopia del<\/strong> <strong>documento de identidad<\/strong><\/li>\n<\/ul>\n\n\n\n<ul class=\"wp-block-list\">\n<li><strong>Justificante del pago Modelo 030 (<\/strong><em>n\u00famero de tasa 3523<\/em><strong>). <\/strong><em>En caso de familia numerosa, tambi\u00e9n ten\u00e9is que presentar fotocopia del carnet que deber\u00e1 estar vigente en el momento del pago<\/em> (Los miembros de familia numerosa especial estar\u00e1n exentos de pago). La Solicitud de los t\u00edtulos de ESO y FPB es gratuita (No hay que realizar el Modelo 030)<br><br><strong>Para solicitar <em>Duplicado de T\u00edtulo <\/em>se tramitar\u00e1n de la misma forma pero se elegir\u00e1 el impreso gen\u00e9rico para duplicados.<\/strong><br><br><strong>Tanto el impreso de solicitud del t\u00edtulo del ciclo correspondiente,  como las instrucciones para el pago del modelo 030,  las encontrar\u00e9is en \u201c<a href=\"http:\/\/cloud.educa.madrid.org\/index.php\/s\/N2xszi4CHYbK3Yw\" data-type=\"URL\" data-id=\"http:\/\/cloud.educa.madrid.org\/index.php\/s\/N2xszi4CHYbK3Yw\">Descargas<\/a><\/strong>\u201d.<\/li>\n<\/ul>\n<\/div><\/div>\n\n\n\n<p><strong>Formas de pago modelo 030&nbsp;<\/strong><\/p>\n\n\n\n<p>Acceso a p\u00e1gina web TASAS Comunidad de Madrid<\/p>\n\n\n\n<p><a href=\"https:\/\/gestiona7.madrid.org\/rtas_webapp_pagotasas\/#!\/main\" target=\"_blank\" rel=\"noreferrer noopener\">https:\/\/gestiona7.madrid.org\/rtas_webapp_pagotasas\/#!\/main<\/a><\/p>\n\n\n\n<div class=\"wp-block-group has-cyan-bluish-gray-background-color has-background\"><div class=\"wp-block-group__inner-container is-layout-flow wp-block-group-is-layout-flow\">\n<div class=\"wp-block-group\"><div class=\"wp-block-group__inner-container is-layout-flow wp-block-group-is-layout-flow\">\n<p class=\"has-cyan-bluish-gray-background-color has-background\"><strong>\u00bfC\u00f3mo buscar la tasa?<\/strong>: escribir &#8216;t\u00edtulo t\u00e9cnico Rosa Chacel&#8217; y seleccionar la primera opci\u00f3n (ver imagen inferior)<\/p>\n<\/div><\/div>\n\n\n\n<figure class=\"wp-block-image size-large is-resized\"><img loading=\"lazy\" decoding=\"async\" width=\"948\" height=\"147\" src=\"https:\/\/site.educa.madrid.org\/ies.rosachacel.madrid\/\/wp-content\/uploads\/ies.rosachacel.madrid\/2020\/12\/T\u00edtulos-1.png\" alt=\"\" class=\"wp-image-772\" style=\"width:670px;height:104px\" srcset=\"https:\/\/site.educa.madrid.org\/ies.rosachacel.madrid\/\/wp-content\/uploads\/ies.rosachacel.madrid\/2020\/12\/T\u00edtulos-1.png 948w, https:\/\/site.educa.madrid.org\/ies.rosachacel.madrid\/\/wp-content\/uploads\/ies.rosachacel.madrid\/2020\/12\/T\u00edtulos-1-300x47.png 300w, https:\/\/site.educa.madrid.org\/ies.rosachacel.madrid\/\/wp-content\/uploads\/ies.rosachacel.madrid\/2020\/12\/T\u00edtulos-1-768x119.png 768w, https:\/\/site.educa.madrid.org\/ies.rosachacel.madrid\/\/wp-content\/uploads\/ies.rosachacel.madrid\/2020\/12\/T\u00edtulos-1-700x109.png 700w, https:\/\/site.educa.madrid.org\/ies.rosachacel.madrid\/\/wp-content\/uploads\/ies.rosachacel.madrid\/2020\/12\/T\u00edtulos-1-520x81.png 520w, https:\/\/site.educa.madrid.org\/ies.rosachacel.madrid\/\/wp-content\/uploads\/ies.rosachacel.madrid\/2020\/12\/T\u00edtulos-1-360x56.png 360w, https:\/\/site.educa.madrid.org\/ies.rosachacel.madrid\/\/wp-content\/uploads\/ies.rosachacel.madrid\/2020\/12\/T\u00edtulos-1-250x39.png 250w, https:\/\/site.educa.madrid.org\/ies.rosachacel.madrid\/\/wp-content\/uploads\/ies.rosachacel.madrid\/2020\/12\/T\u00edtulos-1-100x16.png 100w\" sizes=\"auto, (max-width: 948px) 100vw, 948px\" \/><\/figure>\n<\/div><\/div>\n\n\n\n<p><\/p>\n\n\n\n<p><strong>Tambi\u00e9n existe una aplicaci\u00f3n para descargar en el m\u00f3vil que se llama TASAS<\/strong> (aparece con la bandera de la CAM)<\/p>\n\n\n\n<p>Informaci\u00f3n relacionada con la solicitud de t\u00edtulos<\/p>\n\n\n\n<p><a href=\"http:\/\/www.comunidad.madrid\/servicios\/educacion\/titulos-academicos-no-universitarios\">http:\/\/www.comunidad.madrid\/servicios\/educacion\/titulos-academicos-no-universitarios<\/a><\/p>\n\n\n\n<p><\/p>\n\n\n\n<h3 class=\"wp-block-heading has-very-light-gray-color has-text-color\"><strong>Enlace a <a href=\"http:\/\/cloud.educa.madrid.org\/index.php\/s\/N2xszi4CHYbK3Yw\">Descargas Solicitud de T\u00edtulos<\/a><\/strong><\/h3>\n<\/div><\/div>\n<\/div><\/div>\n\n\n\n<p><\/p>\n","protected":false},"excerpt":{"rendered":"<p>Procedimiento de solicitud de t\u00edtulos Para la solicitud del t\u00edtulo deb\u00e9is entregar la documentaci\u00f3n que a continuaci\u00f3n se detalla: Formas de pago modelo 030&nbsp; Acceso a p\u00e1gina web TASAS Comunidad de Madrid https:\/\/gestiona7.madrid.org\/rtas_webapp_pagotasas\/#!\/main \u00bfC\u00f3mo buscar la tasa?: escribir &#8216;t\u00edtulo t\u00e9cnico Rosa Chacel&#8217; y seleccionar la primera opci\u00f3n (ver imagen inferior) Tambi\u00e9n existe una aplicaci\u00f3n para<\/p><\/div>\n<div class=\"blog-btn\"><a href=\"https:\/\/site.educa.madrid.org\/ies.rosachacel.madrid\/index.php\/secretaria\/solicitud-de-titulos\/\" class=\"home-blog-btn\">Leer m\u00e1s<\/a><\/p>\n","protected":false},"author":2,"featured_media":0,"parent":126,"menu_order":4,"comment_status":"closed","ping_status":"closed","template":"","meta":{"footnotes":""},"folder":[],"class_list":["post-426","page","type-page","status-publish","hentry"],"rttpg_featured_image_url":null,"rttpg_author":{"display_name":"tic.ies.rosachacel.madrid","author_link":"https:\/\/site.educa.madrid.org\/ies.rosachacel.madrid\/index.php\/author\/cuenta_tic-ies-rosachacel-madrid\/"},"rttpg_comment":0,"rttpg_category":false,"rttpg_excerpt":"Procedimiento de solicitud de t\u00edtulos Para la solicitud del t\u00edtulo deb\u00e9is entregar la documentaci\u00f3n que a continuaci\u00f3n se detalla: Formas de pago modelo 030&nbsp; Acceso a p\u00e1gina web TASAS Comunidad de Madrid https:\/\/gestiona7.madrid.org\/rtas_webapp_pagotasas\/#!\/main \u00bfC\u00f3mo buscar la tasa?: escribir &#8216;t\u00edtulo t\u00e9cnico Rosa Chacel&#8217; y seleccionar la primera opci\u00f3n (ver imagen inferior) Tambi\u00e9n existe una aplicaci\u00f3n paraLeer&hellip;","post_mailing_queue_ids":[],"_links":{"self":[{"href":"https:\/\/site.educa.madrid.org\/ies.rosachacel.madrid\/index.php\/wp-json\/wp\/v2\/pages\/426","targetHints":{"allow":["GET"]}}],"collection":[{"href":"https:\/\/site.educa.madrid.org\/ies.rosachacel.madrid\/index.php\/wp-json\/wp\/v2\/pages"}],"about":[{"href":"https:\/\/site.educa.madrid.org\/ies.rosachacel.madrid\/index.php\/wp-json\/wp\/v2\/types\/page"}],"author":[{"embeddable":true,"href":"https:\/\/site.educa.madrid.org\/ies.rosachacel.madrid\/index.php\/wp-json\/wp\/v2\/users\/2"}],"replies":[{"embeddable":true,"href":"https:\/\/site.educa.madrid.org\/ies.rosachacel.madrid\/index.php\/wp-json\/wp\/v2\/comments?post=426"}],"version-history":[{"count":50,"href":"https:\/\/site.educa.madrid.org\/ies.rosachacel.madrid\/index.php\/wp-json\/wp\/v2\/pages\/426\/revisions"}],"predecessor-version":[{"id":2606,"href":"https:\/\/site.educa.madrid.org\/ies.rosachacel.madrid\/index.php\/wp-json\/wp\/v2\/pages\/426\/revisions\/2606"}],"up":[{"embeddable":true,"href":"https:\/\/site.educa.madrid.org\/ies.rosachacel.madrid\/index.php\/wp-json\/wp\/v2\/pages\/126"}],"wp:attachment":[{"href":"https:\/\/site.educa.madrid.org\/ies.rosachacel.madrid\/index.php\/wp-json\/wp\/v2\/media?parent=426"}],"wp:term":[{"taxonomy":"folder","embeddable":true,"href":"https:\/\/site.educa.madrid.org\/ies.rosachacel.madrid\/index.php\/wp-json\/wp\/v2\/folder?post=426"}],"curies":[{"name":"wp","href":"https:\/\/api.w.org\/{rel}","templated":true}]}}