{"id":428,"date":"2020-07-02T09:52:30","date_gmt":"2020-07-02T09:52:30","guid":{"rendered":"https:\/\/site.educa.madrid.org\/ies.rosachacel.madrid\/?page_id=428"},"modified":"2026-05-06T11:32:29","modified_gmt":"2026-05-06T09:32:29","slug":"evau","status":"publish","type":"page","link":"https:\/\/site.educa.madrid.org\/ies.rosachacel.madrid\/index.php\/secretaria\/evau\/","title":{"rendered":"PAU"},"content":{"rendered":"\n<div class=\"wp-block-group has-background\" style=\"background-color:#202529\"><div class=\"wp-block-group__inner-container is-layout-flow wp-block-group-is-layout-flow\">\n<p class=\"has-text-align-center has-very-dark-gray-color has-luminous-vivid-amber-background-color has-text-color has-background\" style=\"font-size:17px\"><strong> PAU 2026<\/strong><\/p>\n\n\n\n<p class=\"has-very-light-gray-background-color has-background\" style=\"font-size:14px\"><strong>ALUMNOS QUE SE PRESENTAN POR PRIMERA VEZ A LA PRUEBA<\/strong> (o alumnos que se presentaron anteriormente con el Rosa Chacel)<br>Con el fin de poder organizar y mantenener informado a los alumnos y alumnas que deseen presentarse a las pruebas, <strong>deben escribir un correo electr\u00f3nico<\/strong> a la Secretar\u00eda del Centro indicando los siguientes datos:<br>\u00b7 Nombre y apellidos<br>\u00b7 Documento de identidad<br>\u00b7 Ciclo cursado y a\u00f1o<br>\u00b7 Tel\u00e9fono<br>(En todo caso, tienen que cumplir los plazos de presentaci\u00f3n del impreso de matr\u00edcula)<br>La direcci\u00f3n de correo electr\u00f3nico es:<br><a href=\"mailto:secretaria.ies.rosachacel.madrid@educa.madrid.org\">secretaria.ies.rosachacel.madrid@educa.madrid.org<\/a><br><br><strong>ALUMNOS CON UNA PRUEBA DE ACCESO SUPERADA EN CONVOCATORIAS ANTERIORES<\/strong><br>Deben formalizar matr\u00edcula para subir nota en el centro donde se presentaron. Sera cuando se abra el plazo para solictar plazas en la universidad, donde deber\u00e1n indicar en la forma de acceso que van desde un ciclo formativo de grado superior.<strong><br><\/strong><br><strong>SOLICITUD DE ADAPTACI\u00d3N<\/strong><br><strong>Los alumnos que necesiten solicitar alguna adaptaci\u00f3n para la realizaci\u00f3n de las pruebas, deber\u00e1n ponerse en contacto con la Secretar\u00eda del Centro<\/strong>.<\/p>\n\n\n\n<p class=\"has-very-light-gray-background-color has-background\" style=\"font-size:14px\"><strong>PRESENTACI\u00d3N IMPRESO DE MATR\u00cdCULA Y PAGO<\/strong><br>Fecha de presentaci\u00f3n del impreso de matr\u00edcula y del pago en el centro: <br>CONVOCATORIA ORDINARIA: del <strong>11 al 14 de mayo<\/strong><br>CONVOCATORIA EXTRAORDINARIA: del <strong>15 al 22 de junio<\/strong><br><a href=\"https:\/\/www.uam.es\/uam\/media\/doc\/1606850078492\/impreso-pau.pdf\">Impreso de Matr\u00edcula<\/a> <br><a href=\"https:\/\/cloud.educa.madrid.org\/s\/Pa6L3jFjrRKtG85\">Instrucciones pago de Matr\u00edcula<\/a><br><a href=\"https:\/\/cloud.educa.madrid.org\/s\/xXPMyjzR7bsBLm9\">Tabla Ponderaciones<\/a><\/p>\n\n\n\n<p class=\"has-very-light-gray-background-color has-background\" style=\"font-size:14px\"><strong>FECHAS EX\u00c1MENES<\/strong><br><a href=\"https:\/\/cloud.educa.madrid.org\/s\/DKst73GC6dF8RZw\">Resoluci\u00f3n<\/a><br><a href=\"https:\/\/cloud.educa.madrid.org\/s\/d62awodn32L2AXa\">Distribuci\u00f3n horaria Convocatoria Ordinaria<\/a><br><a href=\"https:\/\/cloud.educa.madrid.org\/s\/Hsbp7xdz7Q9sELA\">Distribuci\u00f3n horaria Convocatoria Extraordinaria<\/a><br><\/p>\n\n\n\n<p class=\"has-very-light-gray-background-color has-background\" style=\"font-size:14px\"><strong>RESUMEN CHARLAS PAU<\/strong><br><a href=\"https:\/\/cloud.educa.madrid.org\/s\/MFijAnwCXcfw6jd\">Presentaci\u00f3n 1<\/a><br><a href=\"https:\/\/cloud.educa.madrid.org\/s\/8Lo53JtLtXjCseG\">Presentaci\u00f3n 2<\/a><br><\/p>\n\n\n\n<p class=\"has-very-light-gray-background-color has-background\" style=\"font-size:14px\"><strong>Enlace web UAM:<\/strong><br><a href=\"https:\/\/www.uam.es\/uam\/estudios\/pau\">https:\/\/www.uam.es\/uam\/estudios\/pau<\/a><\/p>\n\n\n\n<p><\/p>\n\n\n\n<p class=\"has-text-align-center has-very-light-gray-color has-text-color\" style=\"font-size:26px\"><strong>Enlace a <a href=\"http:\/\/cloud.educa.madrid.org\/index.php\/s\/hl8jbbQY7JDxW25\">Descargas EvAU<\/a><\/strong><\/p>\n\n\n\n<p><\/p>\n<\/div><\/div>\n","protected":false},"excerpt":{"rendered":"<p>PAU 2026 ALUMNOS QUE SE PRESENTAN POR PRIMERA VEZ A LA PRUEBA (o alumnos que se presentaron anteriormente con el Rosa Chacel)Con el fin de poder organizar y mantenener informado a los alumnos y alumnas que deseen presentarse a las pruebas, deben escribir un correo electr\u00f3nico a la Secretar\u00eda del Centro indicando los siguientes datos:\u00b7<\/p><\/div>\n<div class=\"blog-btn\"><a href=\"https:\/\/site.educa.madrid.org\/ies.rosachacel.madrid\/index.php\/secretaria\/evau\/\" class=\"home-blog-btn\">Leer m\u00e1s<\/a><\/p>\n","protected":false},"author":2,"featured_media":0,"parent":126,"menu_order":5,"comment_status":"closed","ping_status":"closed","template":"","meta":{"footnotes":""},"folder":[],"class_list":["post-428","page","type-page","status-publish","hentry"],"rttpg_featured_image_url":null,"rttpg_author":{"display_name":"tic.ies.rosachacel.madrid","author_link":"https:\/\/site.educa.madrid.org\/ies.rosachacel.madrid\/index.php\/author\/cuenta_tic-ies-rosachacel-madrid\/"},"rttpg_comment":0,"rttpg_category":false,"rttpg_excerpt":"PAU 2026 ALUMNOS QUE SE PRESENTAN POR PRIMERA VEZ A LA PRUEBA (o alumnos que se presentaron anteriormente con el Rosa Chacel)Con el fin de poder organizar y mantenener informado a los alumnos y alumnas que deseen presentarse a las pruebas, deben escribir un correo electr\u00f3nico a la Secretar\u00eda del Centro indicando los siguientes datos:\u00b7Leer&hellip;","post_mailing_queue_ids":[],"_links":{"self":[{"href":"https:\/\/site.educa.madrid.org\/ies.rosachacel.madrid\/index.php\/wp-json\/wp\/v2\/pages\/428","targetHints":{"allow":["GET"]}}],"collection":[{"href":"https:\/\/site.educa.madrid.org\/ies.rosachacel.madrid\/index.php\/wp-json\/wp\/v2\/pages"}],"about":[{"href":"https:\/\/site.educa.madrid.org\/ies.rosachacel.madrid\/index.php\/wp-json\/wp\/v2\/types\/page"}],"author":[{"embeddable":true,"href":"https:\/\/site.educa.madrid.org\/ies.rosachacel.madrid\/index.php\/wp-json\/wp\/v2\/users\/2"}],"replies":[{"embeddable":true,"href":"https:\/\/site.educa.madrid.org\/ies.rosachacel.madrid\/index.php\/wp-json\/wp\/v2\/comments?post=428"}],"version-history":[{"count":50,"href":"https:\/\/site.educa.madrid.org\/ies.rosachacel.madrid\/index.php\/wp-json\/wp\/v2\/pages\/428\/revisions"}],"predecessor-version":[{"id":2696,"href":"https:\/\/site.educa.madrid.org\/ies.rosachacel.madrid\/index.php\/wp-json\/wp\/v2\/pages\/428\/revisions\/2696"}],"up":[{"embeddable":true,"href":"https:\/\/site.educa.madrid.org\/ies.rosachacel.madrid\/index.php\/wp-json\/wp\/v2\/pages\/126"}],"wp:attachment":[{"href":"https:\/\/site.educa.madrid.org\/ies.rosachacel.madrid\/index.php\/wp-json\/wp\/v2\/media?parent=428"}],"wp:term":[{"taxonomy":"folder","embeddable":true,"href":"https:\/\/site.educa.madrid.org\/ies.rosachacel.madrid\/index.php\/wp-json\/wp\/v2\/folder?post=428"}],"curies":[{"name":"wp","href":"https:\/\/api.w.org\/{rel}","templated":true}]}}