{"id":589,"date":"2020-09-10T07:59:34","date_gmt":"2020-09-10T07:59:34","guid":{"rendered":"https:\/\/site.educa.madrid.org\/ies.rosachacel.madrid\/?page_id=589"},"modified":"2026-04-29T09:09:33","modified_gmt":"2026-04-29T07:09:33","slug":"gestiones-y-tramites","status":"publish","type":"page","link":"https:\/\/site.educa.madrid.org\/ies.rosachacel.madrid\/index.php\/secretaria\/gestiones-y-tramites\/","title":{"rendered":"Gestiones y Tr\u00e1mites"},"content":{"rendered":"\n<div class=\"wp-block-group has-very-dark-gray-background-color has-background\"><div class=\"wp-block-group__inner-container is-layout-flow wp-block-group-is-layout-flow\">\n<div class=\"wp-block-group has-very-light-gray-background-color has-background\"><div class=\"wp-block-group__inner-container is-layout-flow wp-block-group-is-layout-flow\">\n<p class=\"has-text-align-center has-luminous-vivid-amber-background-color has-background\" style=\"font-size:21px\">\u00cdNDICE DE TR\u00c1MITES<\/p>\n\n\n\n<ul class=\"wp-block-list\">\n<li>Solicitud de Certificados Oficiales<\/li>\n\n\n\n<li>Solicitud de Devoluci\u00f3n de Tasas o Precios P\u00fablicos<\/li>\n\n\n\n<li>Solicitud de convalidaci\u00f3n  de m\u00f3dulos <\/li>\n\n\n\n<li>Solicitud de Renuncia  a convocatorias (hasta un mes antes de la evaluaci\u00f3n correspondiente).<\/li>\n\n\n\n<li>Solicitud de aplazamiento o exenci\u00f3n de FCT<\/li>\n\n\n\n<li>Solicitud de baja del ciclo formativo<\/li>\n<\/ul>\n\n\n\n<p><strong>Documentos que se pueden encontrar en \u00abDescargas\u00bb<\/strong><\/p>\n\n\n\n<ul class=\"wp-block-list\">\n<li>Impresos de solicitud de convalidaci\u00f3n LOE y LOGSE<\/li>\n\n\n\n<li>Impreso de solicitud de renuncia a convocatoria<\/li>\n\n\n\n<li>Impreso de solicitud de exenci\u00f3n de FCT<\/li>\n\n\n\n<li>Impreso de solicitud de aplazamiento de FCT<\/li>\n<\/ul>\n<\/div><\/div>\n\n\n\n<div class=\"wp-block-group has-very-light-gray-background-color has-background\"><div class=\"wp-block-group__inner-container is-layout-flow wp-block-group-is-layout-flow\">\n<p class=\"has-text-align-center has-very-light-gray-color has-very-dark-gray-background-color has-text-color has-background\" style=\"font-size:21px\"><strong>Solicitud de Certificados Oficiales<\/strong><\/p>\n\n\n\n<p>Para que los certificados sean v\u00e1lidos (para solictar otro grado, la universidad&#8230;) deben previamente haber pagado las tasas del t\u00edtulo (s\u00f3lo se paga una vez al finalizar el ciclo).<\/p>\n\n\n\n<p style=\"font-size:15px\">Enviar correo electr\u00f3nico a la Secretar\u00eda del Centro <strong>indicando el tipo de certificado y<\/strong> <strong>los siguientes datos<\/strong>::<\/p>\n\n\n\n<ul class=\"wp-block-list\">\n<li>Nombre y apellidos<\/li>\n\n\n\n<li>N\u00famero de documento de identidad (+ copia adjunta)<\/li>\n\n\n\n<li>Tel\u00e9fono m\u00f3vil<\/li>\n\n\n\n<li>Estudios cursados<\/li>\n\n\n\n<li>Fecha de finalizaci\u00f3n estudios<\/li>\n<\/ul>\n\n\n\n<p style=\"font-size:15px\">Plazo de entrega: <strong>Entre 48 y 72 horas<\/strong> <strong>despu\u00e9s de la solicitud <\/strong><em><strong>(<\/strong>excepto para certificados que deban realizarse de forma manual que no tienen tiempo estipulado de entrega<\/em>). <\/p>\n<\/div><\/div>\n\n\n\n<div class=\"wp-block-group has-very-light-gray-background-color has-background\"><div class=\"wp-block-group__inner-container is-layout-flow wp-block-group-is-layout-flow\">\n<p class=\"has-text-align-center has-very-light-gray-color has-very-dark-gray-background-color has-text-color has-background\" style=\"font-size:21px\"><strong>Solicitud de devoluci\u00f3n de tasas<\/strong><\/p>\n\n\n\n<p class=\"has-text-align-left has-black-color has-white-background-color has-text-color has-background\" style=\"font-size:15px\">Enlace a la solicitud de devoluci\u00f3n de tasas de matr\u00edcula:<br><a href=\"https:\/\/sede.comunidad.madrid\/impuestos-tasas-precios-publicos\/devol-precios-publicos-centros-docentes\" data-type=\"URL\">https:\/\/sede.comunidad.madrid\/impuestos-tasas-precios-publicos\/devol-precios-publicos-centros-docentes<\/a><br><br>Enlace a la solicitud de devoluci\u00f3n de tasas por t\u00edtulo:<br><a href=\"https:\/\/sede.comunidad.madrid\/denuncias-reclamaciones-recursos\/devolucion-ingresos-indebidos\" data-type=\"URL\" data-id=\"https:\/\/tramita.comunidad.madrid\/denuncias-reclamaciones-recursos\/devolucion-ingresos-indebidos\">https:\/\/sede.comunidad.madrid\/denuncias-reclamaciones-recursos\/devolucion-ingresos-indebidos<\/a><br><br><\/p>\n\n\n\n<p><\/p>\n\n\n\n<p class=\"has-text-align-center has-very-light-gray-color has-very-dark-gray-background-color has-text-color has-background has-medium-font-size\"><strong>Solicitud de convalidaci\u00f3n de m\u00f3dulos<\/strong><\/p>\n\n\n\n<p><strong>Plazo<\/strong>: (Pendiente)<\/p>\n\n\n\n<ul class=\"wp-block-list\">\n<li>1\u00ba Grado Superior: <\/li>\n\n\n\n<li>2\u00ba Grado superior: <\/li>\n\n\n\n<li>1\u00ba Grado Medio: <\/li>\n\n\n\n<li>2\u00ba Grado Medio: <\/li>\n<\/ul>\n\n\n\n<p><strong>Lugar: Secretar\u00eda; de lunes a viernes en horario de 10 a 13 horas<\/strong><\/p>\n\n\n\n<p><strong>Documentaci\u00f3n a presentar<\/strong>:<\/p>\n\n\n\n<ul class=\"wp-block-list\">\n<li>Certificaci\u00f3n acad\u00e9mica oficial expedida por un centro oficial, en la que consten las ense\u00f1anzas cursadas o, en su caso, m\u00f3dulos profesionales, con indicaci\u00f3n de la convocatoria en la que han sido superados y la calificaci\u00f3n obtenida. (original y copia). <mark style=\"background-color:rgba(0, 0, 0, 0)\" class=\"has-inline-color has-vivid-red-color\">(Los alumnos que soliciten convalidaci\u00f3n alegando alg\u00fan modulo aprobado en un ciclo aprobado en el IES Rosa Chacel (Madrid) no necesitan presentar el certificado, \u00fanicamente deben indicarlo en la solicitud)<\/mark><\/li>\n\n\n\n<li>2 copias del <a href=\"https:\/\/cloud.educa.madrid.org\/s\/ogLxHGrCaiB894p\" data-type=\"URL\" data-id=\"https:\/\/cloud.educa.madrid.org\/index.php\/s\/3J2Z50EejLXldIi\">impreso de solicitud de convalidaci\u00f3n<\/a><\/li>\n<\/ul>\n\n\n\n<p class=\"has-text-align-left\" style=\"font-size:15px\"><strong>IMPORTANTE:<\/strong><\/p>\n\n\n\n<p><strong><em>Los alumnos y alumnas  que soliciten convalidaci\u00f3n del m\u00f3dulo de FOL <strong>de Ciclo Formativo LOGSE a Ciclo Formativo LOE<\/strong> tendr\u00e1n que presentar el certificado oficial con el &nbsp;m\u00f3dulo FOL cursado + diploma del curso de prevenci\u00f3n de riesgos laborales, donde deben constar las horas, el contenido y la menci\u00f3n expresa de que el curso realizado se ajusta a lo establecido en el&nbsp;<a rel=\"noreferrer noopener\" href=\"https:\/\/www.boe.es\/buscar\/act.php?id=BOE-A-1997-1853\" target=\"_blank\">Real Decreto 39\/1997, de 17 de enero<\/a>&nbsp;<img loading=\"lazy\" decoding=\"async\" height=\"14\" width=\"16\" src=\"https:\/\/www.todofp.es\/docroot\/img\/iconos\/13\/ico-nv.gif\" alt=\"Nueva ventana\">, por el que se aprueba el Reglamento de los Servicios de Prevenci\u00f3n.<\/em><\/strong><\/p>\n\n\n\n<p><strong><em>En caso de titulaci\u00f3n universitaria:<\/em><\/strong><em> Original o fotocopia compulsada de los programas de los estudios universitarios cursados, sellados por la Universidad donde los realiz\u00f3, de las materias (te\u00f3ricas y pr\u00e1cticas)<\/em><\/p>\n\n\n\n<p><strong><em>En caso de Certificado de profesionalidad<\/em><\/strong><em> elaborado a partir del Cat\u00e1logo nacional de Cualificaciones Profesionales o acreditaci\u00f3n parcial de unidades de competencia obtenida a trav\u00e9s del procedimiento establecido en el Real Decreto 1224\/2009, de 17 de julio, de reconocimiento de competencias profesionales adquiridas por experiencia laboral.<\/em><\/p>\n\n\n\n<p class=\"has-text-align-center has-very-light-gray-color has-very-dark-gray-background-color has-text-color has-background has-medium-font-size\"><strong>Solicitud de renuncia a convocatorias<\/strong><\/p>\n\n\n\n<p class=\"has-text-align-left\" style=\"font-size:15px\">En el plazo establecido entregar en la Secretar\u00eda del centro impreso de solicitud de renuncia a convocatoria, acompa\u00f1ado del documento de identidad y de los documentos que justifiquen la solicitud<\/p>\n\n\n\n<p class=\"has-text-align-center has-very-light-gray-color has-very-dark-gray-background-color has-text-color has-background has-medium-font-size\"><strong>Solicitud de aplazamiento o exenci\u00f3n<\/strong> <strong>de la FCT<\/strong><\/p>\n\n\n\n<p class=\"has-text-align-left\" style=\"font-size:15px\">En el plazo establecido entregar en la Secretar\u00eda del centro impreso de solicitud de aplazamiento o exenci\u00f3n de FCT, acompa\u00f1ado del documento de identidad y de los documentos que justifiquen la solicitud<\/p>\n\n\n\n<h3 class=\"wp-block-heading has-text-align-center has-very-light-gray-color has-text-color\"><strong>Enlace a <a href=\"http:\/\/cloud.educa.madrid.org\/index.php\/s\/3J2Z50EejLXldIi\">Descargas Gestiones y Tr\u00e1mites<\/a><\/strong><\/h3>\n\n\n\n<div style=\"height:20px\" aria-hidden=\"true\" class=\"wp-block-spacer\"><\/div>\n<\/div><\/div>\n<\/div><\/div>\n\n\n\n<p><\/p>\n","protected":false},"excerpt":{"rendered":"<p>\u00cdNDICE DE TR\u00c1MITES Documentos que se pueden encontrar en \u00abDescargas\u00bb Solicitud de Certificados Oficiales Para que los certificados sean v\u00e1lidos (para solictar otro grado, la universidad&#8230;) deben previamente haber pagado las tasas del t\u00edtulo (s\u00f3lo se paga una vez al finalizar el ciclo). Enviar correo electr\u00f3nico a la Secretar\u00eda del Centro indicando el tipo de<\/p><\/div>\n<div class=\"blog-btn\"><a href=\"https:\/\/site.educa.madrid.org\/ies.rosachacel.madrid\/index.php\/secretaria\/gestiones-y-tramites\/\" class=\"home-blog-btn\">Leer m\u00e1s<\/a><\/p>\n","protected":false},"author":2,"featured_media":0,"parent":126,"menu_order":0,"comment_status":"closed","ping_status":"closed","template":"","meta":{"footnotes":""},"folder":[],"class_list":["post-589","page","type-page","status-publish","hentry"],"rttpg_featured_image_url":null,"rttpg_author":{"display_name":"tic.ies.rosachacel.madrid","author_link":"https:\/\/site.educa.madrid.org\/ies.rosachacel.madrid\/index.php\/author\/cuenta_tic-ies-rosachacel-madrid\/"},"rttpg_comment":0,"rttpg_category":false,"rttpg_excerpt":"\u00cdNDICE DE TR\u00c1MITES Documentos que se pueden encontrar en \u00abDescargas\u00bb Solicitud de Certificados Oficiales Para que los certificados sean v\u00e1lidos (para solictar otro grado, la universidad&#8230;) deben previamente haber pagado las tasas del t\u00edtulo (s\u00f3lo se paga una vez al finalizar el ciclo). Enviar correo electr\u00f3nico a la Secretar\u00eda del Centro indicando el tipo deLeer&hellip;","post_mailing_queue_ids":[],"_links":{"self":[{"href":"https:\/\/site.educa.madrid.org\/ies.rosachacel.madrid\/index.php\/wp-json\/wp\/v2\/pages\/589","targetHints":{"allow":["GET"]}}],"collection":[{"href":"https:\/\/site.educa.madrid.org\/ies.rosachacel.madrid\/index.php\/wp-json\/wp\/v2\/pages"}],"about":[{"href":"https:\/\/site.educa.madrid.org\/ies.rosachacel.madrid\/index.php\/wp-json\/wp\/v2\/types\/page"}],"author":[{"embeddable":true,"href":"https:\/\/site.educa.madrid.org\/ies.rosachacel.madrid\/index.php\/wp-json\/wp\/v2\/users\/2"}],"replies":[{"embeddable":true,"href":"https:\/\/site.educa.madrid.org\/ies.rosachacel.madrid\/index.php\/wp-json\/wp\/v2\/comments?post=589"}],"version-history":[{"count":50,"href":"https:\/\/site.educa.madrid.org\/ies.rosachacel.madrid\/index.php\/wp-json\/wp\/v2\/pages\/589\/revisions"}],"predecessor-version":[{"id":2688,"href":"https:\/\/site.educa.madrid.org\/ies.rosachacel.madrid\/index.php\/wp-json\/wp\/v2\/pages\/589\/revisions\/2688"}],"up":[{"embeddable":true,"href":"https:\/\/site.educa.madrid.org\/ies.rosachacel.madrid\/index.php\/wp-json\/wp\/v2\/pages\/126"}],"wp:attachment":[{"href":"https:\/\/site.educa.madrid.org\/ies.rosachacel.madrid\/index.php\/wp-json\/wp\/v2\/media?parent=589"}],"wp:term":[{"taxonomy":"folder","embeddable":true,"href":"https:\/\/site.educa.madrid.org\/ies.rosachacel.madrid\/index.php\/wp-json\/wp\/v2\/folder?post=589"}],"curies":[{"name":"wp","href":"https:\/\/api.w.org\/{rel}","templated":true}]}}