{"id":1437,"date":"2024-01-27T13:30:23","date_gmt":"2024-01-27T12:30:23","guid":{"rendered":"https:\/\/site.educa.madrid.org\/ies.salvadorallende.fuenlabrada\/?page_id=1437"},"modified":"2025-02-26T14:37:10","modified_gmt":"2025-02-26T13:37:10","slug":"extraescolares-1o-bachillerato","status":"publish","type":"page","link":"https:\/\/site.educa.madrid.org\/ies.salvadorallende.fuenlabrada\/index.php\/extraescolares-1o-bachillerato\/","title":{"rendered":"ACTIVIDADES COMPLEMENTARIAS  1\u00ba Bachillerato"},"content":{"rendered":"\n<p><\/p>\n\n\n\n<div class=\"wp-block-group alignwide\"><div class=\"wp-block-group__inner-container is-layout-constrained wp-block-group-is-layout-constrained\">\n<figure class=\"wp-block-table\"><table><tbody><tr><td><strong>Departamento<\/strong><\/td><td><strong>Primer Trimestre<\/strong><\/td><td><strong>Segundo Trimestre<\/strong><\/td><td><strong>Tercer Trimestre<\/strong><\/td><\/tr><tr><td><strong>Biolog\u00eda y Geolog\u00eda<\/strong><\/td><td>Instituto Geol\u00f3gico Minero de Espa\u00f1a<\/td><td>Visita a la Facultad de Ciencias Biol\u00f3gicas de la Universidad Complutense de Madrid.<\/td><td>Visita al Centro Nacional de Biotecnolog\u00eda<\/td><\/tr><tr><td><strong>Cultura Cl\u00e1sica<\/strong><\/td><td>Visita a Alcal\u00e1 de Henares<\/td><td>Visita al Museo del Prado y el RetiroD\u00eda de la Mujer. Teatro en el centroD\u00eda de los derechos humanos<\/td><td>Participaci\u00f3n en la Gymkhana mitol\u00f3gica de Madrid Capital del MitoParque del Retiro<\/td><\/tr><tr><td><strong>Educaci\u00f3n F\u00edsica<\/strong><\/td><td>&nbsp;<\/td><td>Bolera<\/td><td>&nbsp;<\/td><\/tr><tr><td><strong>F\u00edsica y Qu\u00edmica<\/strong><\/td><td>Visita a los laboratorios de la Unidad de BioImagen de la Universidad Complutense de Madrid (BioImaC), Infraestructuras Cient\u00edficas y T\u00e9cnicas Singulares (ICTS)<\/td><td>&nbsp;<\/td><td>&nbsp;<\/td><\/tr><tr><td><strong>Geograf\u00eda e Historia<\/strong><\/td><td>&nbsp;<\/td><td>Visita al Museo del Prado<\/td><td>&nbsp;<\/td><\/tr><tr><td><strong>Ingl\u00e9s<\/strong><\/td><td><strong>Curso de inmersi\u00f3n ling\u00fc\u00edstica en &nbsp;Bath (17 al 26 septiembre)<\/strong><\/td><td>&nbsp;<\/td><td>Entrevista a turistas en la zona del Museo del Prado<\/td><\/tr><tr><td><strong>Orientaci\u00f3n<\/strong><\/td><td>Visita D\u00eda de las profesiones<\/td><td>Sesi\u00f3n informativa de un docente de la URJC<\/td><td>&nbsp;<\/td><\/tr><tr><td><strong>&nbsp;<\/strong> <strong>Pl\u00e1stica<\/strong><\/td><td>&nbsp;<\/td><td>Visita al Museo del Prado (Junto con Departamento de Biolog\u00eda)Sistemas de representaci\u00f3n en el arte Bot\u00e1nica en el arte<\/td><td>&nbsp;<\/td><\/tr><tr><td><strong>Lengua castellana y<\/strong> <strong>Literatura<\/strong><\/td><td>&nbsp;<\/td><td>&nbsp;<\/td><td>Feria del Libro<\/td><\/tr><tr><td><strong>Matem\u00e1ticas<\/strong><\/td><td>&nbsp;<\/td><td>Concurso de primavera (Febrero)<\/td><td>&nbsp;<\/td><\/tr><tr><td><strong>Religi\u00f3n<\/strong><\/td><td>Cada mano Suma\u201d recogida de alimentos para Navidad.<\/td><td>-Musical \u201cLa noche del 24\u201d <strong>Viaje de estudios Italia-Roma<\/strong> Semana previa a las vacaciones de Semana Santa<strong>Visita Santuario de Lourdes<\/strong> (22-25 de febrero d\u00edas no lectivos<strong>)<\/strong><\/td><td>\u00daltima semana de junio. <strong>Camino de Santiago<\/strong>. Fuera de horario lectivo.<\/td><\/tr><tr><td><strong>Tecnolog\u00eda<\/strong><\/td><td>&nbsp;<\/td><td>Visita a la Universidad Carlos III<\/td><td>Visita a la Central Hidroel\u00e9ctrica de Bolarque<\/td><\/tr><tr><td><strong>Viaje de estudios<\/strong><\/td><td>&nbsp;<\/td><td><strong>Viaje alternativo a la salida de Religi\u00f3n<\/strong> (Semana previa a la Semana Santa)<\/td><td>&nbsp;<\/td><\/tr><\/tbody><\/table><\/figure>\n<\/div><\/div>\n","protected":false},"excerpt":{"rendered":"<p>Departamento Primer Trimestre Segundo Trimestre Tercer Trimestre Biolog\u00eda y Geolog\u00eda Instituto Geol\u00f3gico Minero de Espa\u00f1a Visita a la Facultad de Ciencias Biol\u00f3gicas de la Universidad Complutense de Madrid. Visita al &#8230;<\/p>\n","protected":false},"author":2,"featured_media":0,"parent":0,"menu_order":0,"comment_status":"closed","ping_status":"closed","template":"","meta":{"footnotes":""},"folder":[],"class_list":["post-1437","page","type-page","status-publish","hentry"],"rttpg_featured_image_url":null,"rttpg_author":{"display_name":"tic.ies.salvadorallende.fuenlabrada","author_link":"https:\/\/site.educa.madrid.org\/ies.salvadorallende.fuenlabrada\/index.php\/author\/cuenta_tic-ies-salvadorallende-fuenlabrada\/"},"rttpg_comment":0,"rttpg_category":false,"rttpg_excerpt":"Departamento Primer Trimestre Segundo Trimestre Tercer Trimestre Biolog\u00eda y Geolog\u00eda Instituto Geol\u00f3gico Minero de Espa\u00f1a Visita a la Facultad de Ciencias Biol\u00f3gicas de la Universidad Complutense de Madrid. Visita al ...","post_mailing_queue_ids":[],"_links":{"self":[{"href":"https:\/\/site.educa.madrid.org\/ies.salvadorallende.fuenlabrada\/index.php\/wp-json\/wp\/v2\/pages\/1437","targetHints":{"allow":["GET"]}}],"collection":[{"href":"https:\/\/site.educa.madrid.org\/ies.salvadorallende.fuenlabrada\/index.php\/wp-json\/wp\/v2\/pages"}],"about":[{"href":"https:\/\/site.educa.madrid.org\/ies.salvadorallende.fuenlabrada\/index.php\/wp-json\/wp\/v2\/types\/page"}],"author":[{"embeddable":true,"href":"https:\/\/site.educa.madrid.org\/ies.salvadorallende.fuenlabrada\/index.php\/wp-json\/wp\/v2\/users\/2"}],"replies":[{"embeddable":true,"href":"https:\/\/site.educa.madrid.org\/ies.salvadorallende.fuenlabrada\/index.php\/wp-json\/wp\/v2\/comments?post=1437"}],"version-history":[{"count":6,"href":"https:\/\/site.educa.madrid.org\/ies.salvadorallende.fuenlabrada\/index.php\/wp-json\/wp\/v2\/pages\/1437\/revisions"}],"predecessor-version":[{"id":5546,"href":"https:\/\/site.educa.madrid.org\/ies.salvadorallende.fuenlabrada\/index.php\/wp-json\/wp\/v2\/pages\/1437\/revisions\/5546"}],"wp:attachment":[{"href":"https:\/\/site.educa.madrid.org\/ies.salvadorallende.fuenlabrada\/index.php\/wp-json\/wp\/v2\/media?parent=1437"}],"wp:term":[{"taxonomy":"folder","embeddable":true,"href":"https:\/\/site.educa.madrid.org\/ies.salvadorallende.fuenlabrada\/index.php\/wp-json\/wp\/v2\/folder?post=1437"}],"curies":[{"name":"wp","href":"https:\/\/api.w.org\/{rel}","templated":true}]}}