{"id":1444,"date":"2024-01-27T13:37:06","date_gmt":"2024-01-27T12:37:06","guid":{"rendered":"https:\/\/site.educa.madrid.org\/ies.salvadorallende.fuenlabrada\/?page_id=1444"},"modified":"2025-02-26T14:10:20","modified_gmt":"2025-02-26T13:10:20","slug":"extraescolares-2o-bachillerato","status":"publish","type":"page","link":"https:\/\/site.educa.madrid.org\/ies.salvadorallende.fuenlabrada\/index.php\/extraescolares-2o-bachillerato\/","title":{"rendered":"Complementarias 2\u00ba Bachillerato"},"content":{"rendered":"\n<figure class=\"wp-block-table alignwide\"><table><tbody><tr><td><strong>Departamento<\/strong><\/td><td><strong>Primer Trimestre<\/strong><\/td><td><strong>Segundo Trimestre<\/strong><\/td><td><strong>Tercer Trimestre<\/strong><\/td><\/tr><tr><td><strong>&nbsp;<\/strong> <strong>&nbsp;<\/strong> <strong>Cultura Cl\u00e1sica<\/strong><\/td><td>Reuni\u00f3n antiguos alumnos en el centro<\/td><td>Concurso Odisea. Webquest. Febrero. Online. Participaci\u00f3n en el concurso Minerva y Atenea de traducci\u00f3n de lat\u00edn y griego en la Universidad Complutense<\/td><td>Recogida de diplomas del concurso Minerva y Atenea de traducci\u00f3n de lat\u00edn y griego en la Universidad Complutense<\/td><\/tr><tr><td><strong>&nbsp;<\/strong> <strong>Orientaci\u00f3n<\/strong><\/td><td>Visita D\u00eda de las profesiones<\/td><td>Visita al Campus de la URJC Jornada on line sobre el acceso a la Universidad EVAU<\/td><td>&nbsp;<\/td><\/tr><tr><td><strong>&nbsp;<\/strong> <strong>Religi\u00f3n<\/strong><\/td><td>&nbsp;<\/td><td>&nbsp;<\/td><td>Ecumenismo Lazos de uni\u00f3n entre las diferentes confesiones cristianas. Anglicanos-Cat\u00f3licos en Inglaterra Canterbury-Coventry (En julio despu\u00e9s de la EVAU) Abierto a 1\u00ba Bachillerato y a 4\u00ba ESO<\/td><\/tr><tr><td><strong>Fiesta Graduaci\u00f3n<\/strong><\/td><td colspan=\"2\">&nbsp;<\/td><td><strong>X<\/strong><\/td><\/tr><\/tbody><\/table><\/figure>\n","protected":false},"excerpt":{"rendered":"<p>Departamento Primer Trimestre Segundo Trimestre Tercer Trimestre &nbsp; &nbsp; Cultura Cl\u00e1sica Reuni\u00f3n antiguos alumnos en el centro Concurso Odisea. Webquest. Febrero. Online. Participaci\u00f3n en el concurso Minerva y Atenea de &#8230;<\/p>\n","protected":false},"author":2,"featured_media":0,"parent":0,"menu_order":0,"comment_status":"closed","ping_status":"closed","template":"","meta":{"footnotes":""},"folder":[],"class_list":["post-1444","page","type-page","status-publish","hentry"],"rttpg_featured_image_url":null,"rttpg_author":{"display_name":"tic.ies.salvadorallende.fuenlabrada","author_link":"https:\/\/site.educa.madrid.org\/ies.salvadorallende.fuenlabrada\/index.php\/author\/cuenta_tic-ies-salvadorallende-fuenlabrada\/"},"rttpg_comment":0,"rttpg_category":false,"rttpg_excerpt":"Departamento Primer Trimestre Segundo Trimestre Tercer Trimestre &nbsp; &nbsp; Cultura Cl\u00e1sica Reuni\u00f3n antiguos alumnos en el centro Concurso Odisea. Webquest. Febrero. Online. Participaci\u00f3n en el concurso Minerva y Atenea de ...","post_mailing_queue_ids":[],"_links":{"self":[{"href":"https:\/\/site.educa.madrid.org\/ies.salvadorallende.fuenlabrada\/index.php\/wp-json\/wp\/v2\/pages\/1444","targetHints":{"allow":["GET"]}}],"collection":[{"href":"https:\/\/site.educa.madrid.org\/ies.salvadorallende.fuenlabrada\/index.php\/wp-json\/wp\/v2\/pages"}],"about":[{"href":"https:\/\/site.educa.madrid.org\/ies.salvadorallende.fuenlabrada\/index.php\/wp-json\/wp\/v2\/types\/page"}],"author":[{"embeddable":true,"href":"https:\/\/site.educa.madrid.org\/ies.salvadorallende.fuenlabrada\/index.php\/wp-json\/wp\/v2\/users\/2"}],"replies":[{"embeddable":true,"href":"https:\/\/site.educa.madrid.org\/ies.salvadorallende.fuenlabrada\/index.php\/wp-json\/wp\/v2\/comments?post=1444"}],"version-history":[{"count":3,"href":"https:\/\/site.educa.madrid.org\/ies.salvadorallende.fuenlabrada\/index.php\/wp-json\/wp\/v2\/pages\/1444\/revisions"}],"predecessor-version":[{"id":5540,"href":"https:\/\/site.educa.madrid.org\/ies.salvadorallende.fuenlabrada\/index.php\/wp-json\/wp\/v2\/pages\/1444\/revisions\/5540"}],"wp:attachment":[{"href":"https:\/\/site.educa.madrid.org\/ies.salvadorallende.fuenlabrada\/index.php\/wp-json\/wp\/v2\/media?parent=1444"}],"wp:term":[{"taxonomy":"folder","embeddable":true,"href":"https:\/\/site.educa.madrid.org\/ies.salvadorallende.fuenlabrada\/index.php\/wp-json\/wp\/v2\/folder?post=1444"}],"curies":[{"name":"wp","href":"https:\/\/api.w.org\/{rel}","templated":true}]}}