{"id":1447,"date":"2024-01-27T13:40:49","date_gmt":"2024-01-27T12:40:49","guid":{"rendered":"https:\/\/site.educa.madrid.org\/ies.salvadorallende.fuenlabrada\/?page_id=1447"},"modified":"2025-02-26T14:35:27","modified_gmt":"2025-02-26T13:35:27","slug":"extraescolares-1o-eso","status":"publish","type":"page","link":"https:\/\/site.educa.madrid.org\/ies.salvadorallende.fuenlabrada\/index.php\/extraescolares-1o-eso\/","title":{"rendered":"ACTIVIDADES COMPLEMENTARIAS  1\u00ba ESO"},"content":{"rendered":"\n<figure class=\"wp-block-table\"><table><tbody><tr><td><strong>Departamento<\/strong><\/td><td><strong>Primer Trimestre<\/strong><\/td><td><strong>Segundo Trimestre<\/strong><\/td><td><strong>Tercer Trimestre<\/strong><\/td><\/tr><tr><td><strong>Educaci\u00f3n F\u00edsica<\/strong><\/td><td>&nbsp;<\/td><td><strong>&nbsp;<\/strong> Bolera<\/td><td>&nbsp;<\/td><\/tr><tr><td><strong>&nbsp;<\/strong> <strong>Geograf\u00eda e Historia<\/strong><\/td><td>Visita al Museo arqueol\u00f3gico\/Visita a Arqueopinto<\/td><td>&nbsp;<\/td><td>&nbsp;<\/td><\/tr><tr><td><strong>Lengua castellana y Literatura<\/strong><\/td><td>&nbsp;<\/td><td>Visita a la Biblioteca\/Encuentro con autores<\/td><td>&nbsp;<\/td><\/tr><tr><td><strong>Ingl\u00e9s<\/strong><\/td><td>&nbsp;<\/td><td>Teatro en ingl\u00e9s<\/td><td>&nbsp;<\/td><\/tr><tr><td><strong>Matem\u00e1ticas<\/strong><\/td><td>&nbsp;<\/td><td>Concurso de primavera (Febrero)<\/td><td>&nbsp;<\/td><\/tr><tr><td><strong>M\u00fasica<\/strong><\/td><td>&nbsp;<\/td><td>&nbsp;<\/td><td>Asistencia a un concierto<\/td><\/tr><tr><td><strong>&nbsp;<\/strong> <strong>&nbsp;<\/strong> <strong>&nbsp;<\/strong> <strong>&nbsp;<\/strong> <strong>Biolog\u00eda<\/strong><\/td><td>&nbsp;<\/td><td>Taller de ecosistemas en Villaviciosa de Od\u00f3nActividad de especies invasoras (charla en el centro dada por un especialista)Charla Canal de Isabel II en su&nbsp;&nbsp;&nbsp;&nbsp;&nbsp;&nbsp;&nbsp;&nbsp;&nbsp;&nbsp;&nbsp;&nbsp;&nbsp;&nbsp;&nbsp;&nbsp;&nbsp;&nbsp;&nbsp;&nbsp;&nbsp;&nbsp; laboratorio*(Junto con Dpto. F\u00edsica y Qu\u00edmica)<\/td><td><strong>&nbsp;<\/strong> Jard\u00edn Bot\u00e1nico o Bosquesur.Visita al Instituto para realizar experimentos MOLECULAB sobre las propiedades del agua y los procesos de depuraci\u00f3n. (Junto con Dpto. F\u00edsica y Qu\u00edmica)*<\/td><\/tr><tr><td><strong>&nbsp;<\/strong> <strong>Orientaci\u00f3n<\/strong><\/td><td>Salida de convivencia a un parque de Fuenlabrada<\/td><td>&nbsp;<\/td><td>&nbsp;<\/td><\/tr><tr><td><strong>&nbsp;<\/strong> <strong>Pl\u00e1stica<\/strong><\/td><td>&nbsp;<\/td><td>&nbsp;<\/td><td><strong>&nbsp;<\/strong> Visita al museo de escultura al aire libre de Legan\u00e9s<\/td><\/tr><tr><td><strong>Religi\u00f3n<\/strong><\/td><td>Visita Cerro de los \u00c1ngeles y d\u00eda en el Parque Warner<\/td><td>Musical \u201cLa noche del 24\u201d &nbsp;<\/td><td>Viaje a Narnia<\/td><\/tr><\/tbody><\/table><\/figure>\n","protected":false},"excerpt":{"rendered":"<p>Departamento Primer Trimestre Segundo Trimestre Tercer Trimestre Educaci\u00f3n F\u00edsica &nbsp; &nbsp; Bolera &nbsp; &nbsp; Geograf\u00eda e Historia Visita al Museo arqueol\u00f3gico\/Visita a Arqueopinto &nbsp; &nbsp; Lengua castellana y Literatura &nbsp; &#8230;<\/p>\n","protected":false},"author":2,"featured_media":0,"parent":0,"menu_order":0,"comment_status":"closed","ping_status":"closed","template":"","meta":{"footnotes":""},"folder":[],"class_list":["post-1447","page","type-page","status-publish","hentry"],"rttpg_featured_image_url":null,"rttpg_author":{"display_name":"tic.ies.salvadorallende.fuenlabrada","author_link":"https:\/\/site.educa.madrid.org\/ies.salvadorallende.fuenlabrada\/index.php\/author\/cuenta_tic-ies-salvadorallende-fuenlabrada\/"},"rttpg_comment":0,"rttpg_category":false,"rttpg_excerpt":"Departamento Primer Trimestre Segundo Trimestre Tercer Trimestre Educaci\u00f3n F\u00edsica &nbsp; &nbsp; Bolera &nbsp; &nbsp; Geograf\u00eda e Historia Visita al Museo arqueol\u00f3gico\/Visita a Arqueopinto &nbsp; &nbsp; Lengua castellana y Literatura &nbsp; ...","post_mailing_queue_ids":[],"_links":{"self":[{"href":"https:\/\/site.educa.madrid.org\/ies.salvadorallende.fuenlabrada\/index.php\/wp-json\/wp\/v2\/pages\/1447","targetHints":{"allow":["GET"]}}],"collection":[{"href":"https:\/\/site.educa.madrid.org\/ies.salvadorallende.fuenlabrada\/index.php\/wp-json\/wp\/v2\/pages"}],"about":[{"href":"https:\/\/site.educa.madrid.org\/ies.salvadorallende.fuenlabrada\/index.php\/wp-json\/wp\/v2\/types\/page"}],"author":[{"embeddable":true,"href":"https:\/\/site.educa.madrid.org\/ies.salvadorallende.fuenlabrada\/index.php\/wp-json\/wp\/v2\/users\/2"}],"replies":[{"embeddable":true,"href":"https:\/\/site.educa.madrid.org\/ies.salvadorallende.fuenlabrada\/index.php\/wp-json\/wp\/v2\/comments?post=1447"}],"version-history":[{"count":3,"href":"https:\/\/site.educa.madrid.org\/ies.salvadorallende.fuenlabrada\/index.php\/wp-json\/wp\/v2\/pages\/1447\/revisions"}],"predecessor-version":[{"id":5543,"href":"https:\/\/site.educa.madrid.org\/ies.salvadorallende.fuenlabrada\/index.php\/wp-json\/wp\/v2\/pages\/1447\/revisions\/5543"}],"wp:attachment":[{"href":"https:\/\/site.educa.madrid.org\/ies.salvadorallende.fuenlabrada\/index.php\/wp-json\/wp\/v2\/media?parent=1447"}],"wp:term":[{"taxonomy":"folder","embeddable":true,"href":"https:\/\/site.educa.madrid.org\/ies.salvadorallende.fuenlabrada\/index.php\/wp-json\/wp\/v2\/folder?post=1447"}],"curies":[{"name":"wp","href":"https:\/\/api.w.org\/{rel}","templated":true}]}}