{"id":1451,"date":"2024-01-27T14:02:36","date_gmt":"2024-01-27T13:02:36","guid":{"rendered":"https:\/\/site.educa.madrid.org\/ies.salvadorallende.fuenlabrada\/?page_id=1451"},"modified":"2025-02-26T14:36:20","modified_gmt":"2025-02-26T13:36:20","slug":"extraescolares-2o-eso","status":"publish","type":"page","link":"https:\/\/site.educa.madrid.org\/ies.salvadorallende.fuenlabrada\/index.php\/extraescolares-2o-eso\/","title":{"rendered":"ACTIVIDADES COMPLEMENTARIAS 2\u00ba ESO"},"content":{"rendered":"\n<p><strong>Programaci\u00f3n actividades complementarias 2\u00ba ESO <\/strong><\/p>\n\n\n\n<figure class=\"wp-block-table\"><table><tbody><tr><td><strong>Departamento<\/strong><\/td><td><strong>Primer Trimestre<\/strong><\/td><td><strong>Segundo Trimestre<\/strong><\/td><td><strong>Tercer Trimestre<\/strong><\/td><\/tr><tr><td><strong>Educaci\u00f3n F\u00edsica<\/strong><\/td><td>&nbsp;<\/td><td>Bolera<\/td><td>&nbsp;<\/td><\/tr><tr><td><strong>F\u00edsica y Qu\u00edmica<\/strong><\/td><td>&nbsp;<\/td><td>Charla Canal de Isabel II en su laboratorio<\/td><td>\u201cMoleculab\u201d, organizada por Canal Educa, en el laboratorio de Ciencias (Junto con Dpto. Biolog\u00eda)*<\/td><\/tr><tr><td><strong>Geograf\u00eda e Historia<\/strong><\/td><td>&nbsp;<\/td><td>&nbsp;<\/td><td>Visita a Toledo<\/td><\/tr><tr><td><strong>Ingl\u00e9s<\/strong><\/td><td>&nbsp;<\/td><td>Teatro en ingl\u00e9s<\/td><td>&nbsp;<\/td><\/tr><tr><td><strong>Lengua castellana y Literatura<\/strong><\/td><td>&nbsp;<\/td><td>Visita a la Biblioteca\/Encuentro con &nbsp;&nbsp;&nbsp;&nbsp;&nbsp;&nbsp;autores<\/td><td>&nbsp;<\/td><\/tr><tr><td><strong>Matem\u00e1ticas<\/strong><\/td><td>&nbsp;<\/td><td>&nbsp;Concurso de primavera (Febrero)<\/td><td>&nbsp;<\/td><\/tr><tr><td><strong>M\u00fasica<\/strong><\/td><td>&nbsp;<\/td><td>&nbsp;<\/td><td>Asistencia a un concierto<\/td><\/tr><tr><td><strong>Pl\u00e1stica<\/strong><\/td><td>&nbsp;<\/td><td>&nbsp;<\/td><td>Visita a Toledo junto con el Departamento de Geograf\u00eda e HistoriaVisita al museo de escultura al aire libre de Legan\u00e9s<\/td><\/tr><tr><td><strong>Religi\u00f3n<\/strong><\/td><td>&nbsp;Visita al Cerro de los \u00c1ngeles y d\u00eda de convivencia. \u201cCada mano Suma\u201d recogida de alimentos para Navidad.<\/td><td>Musical \u201cLa noche del 24\u201d<\/td><td>&nbsp;<\/td><\/tr><\/tbody><\/table><\/figure>\n","protected":false},"excerpt":{"rendered":"<p>Programaci\u00f3n actividades complementarias 2\u00ba ESO Departamento Primer Trimestre Segundo Trimestre Tercer Trimestre Educaci\u00f3n F\u00edsica &nbsp; Bolera &nbsp; F\u00edsica y Qu\u00edmica &nbsp; Charla Canal de Isabel II en su laboratorio \u201cMoleculab\u201d, &#8230;<\/p>\n","protected":false},"author":2,"featured_media":0,"parent":0,"menu_order":0,"comment_status":"closed","ping_status":"closed","template":"","meta":{"footnotes":""},"folder":[],"class_list":["post-1451","page","type-page","status-publish","hentry"],"rttpg_featured_image_url":null,"rttpg_author":{"display_name":"tic.ies.salvadorallende.fuenlabrada","author_link":"https:\/\/site.educa.madrid.org\/ies.salvadorallende.fuenlabrada\/index.php\/author\/cuenta_tic-ies-salvadorallende-fuenlabrada\/"},"rttpg_comment":0,"rttpg_category":false,"rttpg_excerpt":"Programaci\u00f3n actividades complementarias 2\u00ba ESO Departamento Primer Trimestre Segundo Trimestre Tercer Trimestre Educaci\u00f3n F\u00edsica &nbsp; Bolera &nbsp; F\u00edsica y Qu\u00edmica &nbsp; Charla Canal de Isabel II en su laboratorio \u201cMoleculab\u201d, ...","post_mailing_queue_ids":[],"_links":{"self":[{"href":"https:\/\/site.educa.madrid.org\/ies.salvadorallende.fuenlabrada\/index.php\/wp-json\/wp\/v2\/pages\/1451","targetHints":{"allow":["GET"]}}],"collection":[{"href":"https:\/\/site.educa.madrid.org\/ies.salvadorallende.fuenlabrada\/index.php\/wp-json\/wp\/v2\/pages"}],"about":[{"href":"https:\/\/site.educa.madrid.org\/ies.salvadorallende.fuenlabrada\/index.php\/wp-json\/wp\/v2\/types\/page"}],"author":[{"embeddable":true,"href":"https:\/\/site.educa.madrid.org\/ies.salvadorallende.fuenlabrada\/index.php\/wp-json\/wp\/v2\/users\/2"}],"replies":[{"embeddable":true,"href":"https:\/\/site.educa.madrid.org\/ies.salvadorallende.fuenlabrada\/index.php\/wp-json\/wp\/v2\/comments?post=1451"}],"version-history":[{"count":7,"href":"https:\/\/site.educa.madrid.org\/ies.salvadorallende.fuenlabrada\/index.php\/wp-json\/wp\/v2\/pages\/1451\/revisions"}],"predecessor-version":[{"id":5544,"href":"https:\/\/site.educa.madrid.org\/ies.salvadorallende.fuenlabrada\/index.php\/wp-json\/wp\/v2\/pages\/1451\/revisions\/5544"}],"wp:attachment":[{"href":"https:\/\/site.educa.madrid.org\/ies.salvadorallende.fuenlabrada\/index.php\/wp-json\/wp\/v2\/media?parent=1451"}],"wp:term":[{"taxonomy":"folder","embeddable":true,"href":"https:\/\/site.educa.madrid.org\/ies.salvadorallende.fuenlabrada\/index.php\/wp-json\/wp\/v2\/folder?post=1451"}],"curies":[{"name":"wp","href":"https:\/\/api.w.org\/{rel}","templated":true}]}}