{"id":1454,"date":"2024-01-27T14:04:09","date_gmt":"2024-01-27T13:04:09","guid":{"rendered":"https:\/\/site.educa.madrid.org\/ies.salvadorallende.fuenlabrada\/?page_id=1454"},"modified":"2025-03-01T20:50:54","modified_gmt":"2025-03-01T19:50:54","slug":"extraescolares-3o-eso","status":"publish","type":"page","link":"https:\/\/site.educa.madrid.org\/ies.salvadorallende.fuenlabrada\/index.php\/extraescolares-3o-eso\/","title":{"rendered":"Extraescolares 3\u00ba ESO"},"content":{"rendered":"\n<figure class=\"wp-block-table\"><table><tbody><tr><td><strong>Departamento<\/strong><\/td><td><strong>Primer Trimestre<\/strong><\/td><td><strong>Segundo Trimestre<\/strong><\/td><td><strong>Tercer Trimestre<\/strong><\/td><\/tr><tr><td><strong>Educaci\u00f3n F\u00edsica<\/strong><\/td><td>&nbsp;<\/td><td>Bolera<\/td><td>&nbsp;<\/td><\/tr><tr><td><strong>F\u00edsica y Qu\u00edmica<\/strong><\/td><td>&nbsp;<\/td><td>Visita a una planta de tratamiento de agua potable organizada por el Canal de Isabel II EDAR (Canal Educa)<\/td><td>&nbsp;<\/td><\/tr><tr><td><strong>Geograf\u00eda e Historia<\/strong><\/td><td>&nbsp;<\/td><td>Visita al Museo del Ferrocarril<\/td><td>&nbsp;<\/td><\/tr><tr><td><strong>Matem\u00e1ticas<\/strong><\/td><td>Visita al aula de Astronom\u00eda de Fuenlabrada.<\/td><td>Concurso de Primavera durante el mes de febrero<\/td><td>&nbsp;<\/td><\/tr><tr><td><strong>M\u00fasica<\/strong><\/td><td>&nbsp;<\/td><td>&nbsp;<\/td><td>Asistencia a un concierto<\/td><\/tr><tr><td><strong>Ingl\u00e9s<\/strong><\/td><td>&nbsp;<\/td><td>Teatro en ingl\u00e9s<\/td><td>&nbsp;<\/td><\/tr><tr><td><strong>Lengua castellana y<\/strong> <strong>Literatura<\/strong><\/td><td>&nbsp;<\/td><td>&nbsp;<\/td><td>Feria del Libro<\/td><\/tr><tr><td><strong>Biolog\u00eda y Geolog\u00eda<\/strong><\/td><td>&nbsp;<\/td><td>&nbsp;<\/td><td>Salida de campo (Hoces del Durat\u00f3n)<\/td><\/tr><tr><td><strong>Orientaci\u00f3n<\/strong><\/td><td>Visita al centro de Madrid (Atenci\u00f3n Educativa)<\/td><td>&nbsp;<\/td><td>Salida al Parque de atracciones (Coordinada con otros departamentos)<\/td><\/tr><tr><td><strong>Religi\u00f3n<\/strong><\/td><td>Visita al Cerro de los \u00c1ngeles y&nbsp;&nbsp; d\u00eda de convivencia.\u201cCada mano Suma\u201d recogida de alimentos para Navidad.<\/td><td>Musical \u201cLa noche del 24\u201d Ruta de las Iglesias del Madrid de los Austrias<\/td><td>\u00daltima semana de junio. <strong>Camino de Santiago<\/strong>. Fuera de horario lectivo. Abierto a 4\u00ba ESO y 1\u00ba Bachillerato<\/td><\/tr><\/tbody><\/table><\/figure>\n\n\n\n<h2 class=\"wp-block-heading has-text-align-center\">Nuestras actividades en im\u00e1genes y textos<\/h2>\n\n\n\n<div class=\"wp-block-columns are-vertically-aligned-center is-layout-flex wp-container-core-columns-is-layout-9d6595d7 wp-block-columns-is-layout-flex\">\n<div class=\"wp-block-column is-vertically-aligned-center is-layout-flow wp-block-column-is-layout-flow\"><div class=\"wp-block-image\">\n<figure class=\"aligncenter size-large is-resized\"><img loading=\"lazy\" decoding=\"async\" width=\"1024\" height=\"1024\" src=\"https:\/\/site.educa.madrid.org\/ies.salvadorallende.fuenlabrada\/\/wp-content\/uploads\/ies.salvadorallende.fuenlabrada\/2025\/01\/scape-room-1024x1024.jpeg\" alt=\"\" class=\"wp-image-5018\" style=\"width:406px;height:auto\" srcset=\"https:\/\/site.educa.madrid.org\/ies.salvadorallende.fuenlabrada\/\/wp-content\/uploads\/ies.salvadorallende.fuenlabrada\/2025\/01\/scape-room-1024x1024.jpeg 1024w, https:\/\/site.educa.madrid.org\/ies.salvadorallende.fuenlabrada\/\/wp-content\/uploads\/ies.salvadorallende.fuenlabrada\/2025\/01\/scape-room-300x300.jpeg 300w, https:\/\/site.educa.madrid.org\/ies.salvadorallende.fuenlabrada\/\/wp-content\/uploads\/ies.salvadorallende.fuenlabrada\/2025\/01\/scape-room-150x150.jpeg 150w, https:\/\/site.educa.madrid.org\/ies.salvadorallende.fuenlabrada\/\/wp-content\/uploads\/ies.salvadorallende.fuenlabrada\/2025\/01\/scape-room-768x768.jpeg 768w, https:\/\/site.educa.madrid.org\/ies.salvadorallende.fuenlabrada\/\/wp-content\/uploads\/ies.salvadorallende.fuenlabrada\/2025\/01\/scape-room-500x500.jpeg 500w, https:\/\/site.educa.madrid.org\/ies.salvadorallende.fuenlabrada\/\/wp-content\/uploads\/ies.salvadorallende.fuenlabrada\/2025\/01\/scape-room.jpeg 1080w\" sizes=\"auto, (max-width: 1024px) 100vw, 1024px\" \/><\/figure>\n<\/div><\/div>\n\n\n\n<div class=\"wp-block-column is-vertically-aligned-center is-layout-flow wp-block-column-is-layout-flow\">\n<p>\u2728\ud83d\udce2 \u00a1As\u00ed vivimos la Semana de la Prevenci\u00f3n! \ud83d\udce2\u2728<\/p>\n\n\n\n<p>Nuestro alumnado de 3\u00ba, 4\u00ba y CFGB particip\u00f3 en actividades emocionantes para aprender sobre prevenci\u00f3n de riesgos laborales \ud83c\udfd7\ufe0f\ud83d\udd0d. A trav\u00e9s de escape rooms y representaciones teatrales, interiorizamos valores de seguridad y bienestar en el entorno escolar.<\/p>\n\n\n\n<p>\ud83d\udca1 Seguridad, salud y prevenci\u00f3n: \u00a1una experiencia educativa que nos prepara para el futuro.<\/p>\n<\/div>\n<\/div>\n\n\n\n<hr class=\"wp-block-separator has-alpha-channel-opacity is-style-wide\"\/>\n\n\n\n<div class=\"wp-block-media-text has-media-on-the-right is-stacked-on-mobile\"><div class=\"wp-block-media-text__content\">\n<p>Visita al Aula de Astronom\u00eda de Fuenlabrada con nuestros alumnos de 3\u00ba ESO.<\/p>\n<\/div><figure class=\"wp-block-media-text__media\"><img loading=\"lazy\" decoding=\"async\" width=\"1024\" height=\"461\" src=\"https:\/\/site.educa.madrid.org\/ies.salvadorallende.fuenlabrada\/\/wp-content\/uploads\/ies.salvadorallende.fuenlabrada\/2025\/01\/planetario-1024x461.jpeg\" alt=\"\" class=\"wp-image-5027 size-full\" srcset=\"https:\/\/site.educa.madrid.org\/ies.salvadorallende.fuenlabrada\/\/wp-content\/uploads\/ies.salvadorallende.fuenlabrada\/2025\/01\/planetario-1024x461.jpeg 1024w, https:\/\/site.educa.madrid.org\/ies.salvadorallende.fuenlabrada\/\/wp-content\/uploads\/ies.salvadorallende.fuenlabrada\/2025\/01\/planetario-300x135.jpeg 300w, https:\/\/site.educa.madrid.org\/ies.salvadorallende.fuenlabrada\/\/wp-content\/uploads\/ies.salvadorallende.fuenlabrada\/2025\/01\/planetario-768x346.jpeg 768w, https:\/\/site.educa.madrid.org\/ies.salvadorallende.fuenlabrada\/\/wp-content\/uploads\/ies.salvadorallende.fuenlabrada\/2025\/01\/planetario-1536x691.jpeg 1536w, https:\/\/site.educa.madrid.org\/ies.salvadorallende.fuenlabrada\/\/wp-content\/uploads\/ies.salvadorallende.fuenlabrada\/2025\/01\/planetario.jpeg 1600w\" sizes=\"auto, (max-width: 1024px) 100vw, 1024px\" \/><\/figure><\/div>\n","protected":false},"excerpt":{"rendered":"<p>Departamento Primer Trimestre Segundo Trimestre Tercer Trimestre Educaci\u00f3n F\u00edsica &nbsp; Bolera &nbsp; F\u00edsica y Qu\u00edmica &nbsp; Visita a una planta de tratamiento de agua potable organizada por el Canal de &#8230;<\/p>\n","protected":false},"author":2,"featured_media":0,"parent":0,"menu_order":0,"comment_status":"closed","ping_status":"closed","template":"","meta":{"footnotes":""},"folder":[],"class_list":["post-1454","page","type-page","status-publish","hentry"],"rttpg_featured_image_url":null,"rttpg_author":{"display_name":"tic.ies.salvadorallende.fuenlabrada","author_link":"https:\/\/site.educa.madrid.org\/ies.salvadorallende.fuenlabrada\/index.php\/author\/cuenta_tic-ies-salvadorallende-fuenlabrada\/"},"rttpg_comment":0,"rttpg_category":false,"rttpg_excerpt":"Departamento Primer Trimestre Segundo Trimestre Tercer Trimestre Educaci\u00f3n F\u00edsica &nbsp; Bolera &nbsp; F\u00edsica y Qu\u00edmica &nbsp; Visita a una planta de tratamiento de agua potable organizada por el Canal de ...","post_mailing_queue_ids":[],"_links":{"self":[{"href":"https:\/\/site.educa.madrid.org\/ies.salvadorallende.fuenlabrada\/index.php\/wp-json\/wp\/v2\/pages\/1454","targetHints":{"allow":["GET"]}}],"collection":[{"href":"https:\/\/site.educa.madrid.org\/ies.salvadorallende.fuenlabrada\/index.php\/wp-json\/wp\/v2\/pages"}],"about":[{"href":"https:\/\/site.educa.madrid.org\/ies.salvadorallende.fuenlabrada\/index.php\/wp-json\/wp\/v2\/types\/page"}],"author":[{"embeddable":true,"href":"https:\/\/site.educa.madrid.org\/ies.salvadorallende.fuenlabrada\/index.php\/wp-json\/wp\/v2\/users\/2"}],"replies":[{"embeddable":true,"href":"https:\/\/site.educa.madrid.org\/ies.salvadorallende.fuenlabrada\/index.php\/wp-json\/wp\/v2\/comments?post=1454"}],"version-history":[{"count":13,"href":"https:\/\/site.educa.madrid.org\/ies.salvadorallende.fuenlabrada\/index.php\/wp-json\/wp\/v2\/pages\/1454\/revisions"}],"predecessor-version":[{"id":5648,"href":"https:\/\/site.educa.madrid.org\/ies.salvadorallende.fuenlabrada\/index.php\/wp-json\/wp\/v2\/pages\/1454\/revisions\/5648"}],"wp:attachment":[{"href":"https:\/\/site.educa.madrid.org\/ies.salvadorallende.fuenlabrada\/index.php\/wp-json\/wp\/v2\/media?parent=1454"}],"wp:term":[{"taxonomy":"folder","embeddable":true,"href":"https:\/\/site.educa.madrid.org\/ies.salvadorallende.fuenlabrada\/index.php\/wp-json\/wp\/v2\/folder?post=1454"}],"curies":[{"name":"wp","href":"https:\/\/api.w.org\/{rel}","templated":true}]}}