{"id":1457,"date":"2024-01-27T14:05:28","date_gmt":"2024-01-27T13:05:28","guid":{"rendered":"https:\/\/site.educa.madrid.org\/ies.salvadorallende.fuenlabrada\/?page_id=1457"},"modified":"2025-03-01T20:53:30","modified_gmt":"2025-03-01T19:53:30","slug":"extraescolares-4o-eso","status":"publish","type":"page","link":"https:\/\/site.educa.madrid.org\/ies.salvadorallende.fuenlabrada\/index.php\/extraescolares-4o-eso\/","title":{"rendered":"Extraescolares 4\u00ba ESO"},"content":{"rendered":"\n<figure class=\"wp-block-table\"><table><tbody><tr><td colspan=\"2\"><strong>Departamento<\/strong><\/td><td><strong>Primer Trimestre<\/strong><\/td><td><strong>Segundo Trimestre<\/strong><\/td><td><strong>Tercer trimestre<\/strong><\/td><\/tr><tr><td colspan=\"2\"><strong>Lat\u00edn<\/strong><\/td><td>Visita a Alcal\u00e1 de Henares y Complutum<\/td><td>Visita al Museo del Prado y el RetiroD\u00eda de la Mujer. Teatro en el centroD\u00eda de los derechos humanos<\/td><td><strong>&nbsp;<\/strong> Gymkhana mitol\u00f3gica en el Retiro<\/td><\/tr><tr><td colspan=\"2\"><strong>Biolog\u00eda y Geolog\u00eda<\/strong><\/td><td>Instituto Geol\u00f3gico Minero de Espa\u00f1a<\/td><td>&nbsp;<\/td><td>Visita al Centro Nacional de Biotecnolog\u00eda<\/td><\/tr><tr><td colspan=\"2\"><strong>F\u00edsica y Qu\u00edmica<\/strong><\/td><td>Visita al tanque de tormentas de Arroyofresno<\/td><td>Charla Apostemos por tu futuro<\/td><td>&nbsp;<\/td><\/tr><tr><td colspan=\"2\"><strong>Geograf\u00eda e Historia<\/strong><\/td><td>&nbsp;<\/td><td>&nbsp;<\/td><td>Visita al Frente del Agua<\/td><\/tr><tr><td colspan=\"2\"><strong>Educaci\u00f3n F\u00edsica<\/strong><\/td><td>&nbsp;<\/td><td>Bolera<\/td><td>&nbsp;<\/td><\/tr><tr><td colspan=\"2\"><strong>Ingl\u00e9s<\/strong><\/td><td><strong>Curso de inmersi\u00f3n ling\u00fc\u00edstica en<\/strong> <strong>Bath (17 al 26 de septiembre)<\/strong><\/td><td>Teatro en ingl\u00e9s<\/td><td>&nbsp;<\/td><\/tr><tr><td colspan=\"2\"><strong>Matem\u00e1ticas<\/strong><\/td><td>&nbsp;<\/td><td>Concurso de primavera (Febrero)<\/td><td>&nbsp;<\/td><\/tr><tr><td colspan=\"2\"><strong>Orientaci\u00f3n<\/strong><\/td><td>&nbsp;<\/td><td>&nbsp;<\/td><td>Formaci\u00f3n y Orientaci\u00f3n Acad\u00e9mica y Profesional.<\/td><\/tr><tr><td colspan=\"2\"><strong>Religi\u00f3n<\/strong><\/td><td>Visita al Cerro de los \u00c1ngeles y d\u00eda de convivencia.Cada mano Suma\u201d recogida de alimentos para Navidad.<\/td><td>Musical \u201cLa noche del 24\u201d<strong>Viaje de estudios Italia-Roma<\/strong> Semana previa a las vacaciones de SemanaSanta<strong>Visita Santuario de Lourdes <\/strong>(22-25 de febrero &nbsp;d\u00edas no lectivos)<\/td><td>\u00daltima semana de junio. <strong>Camino de Santiago.<\/strong> Fuera de horario lectivo.<\/td><\/tr><tr><td colspan=\"2\"><strong>Tecnolog\u00eda<\/strong><\/td><td>&nbsp;<\/td><td>Visita a la Universidad Carlos III<\/td><td>&nbsp;<\/td><\/tr><tr><td>&nbsp;<\/td><td><strong>Viaje de Estudios<\/strong><\/td><td>&nbsp;<\/td><td>Viaje alternativo a la salida de Religi\u00f3n (Semana previa a la Semana Santa)<\/td><td>&nbsp;<\/td><\/tr><tr><td>&nbsp;<\/td><td><strong>Fiesta Graduaci\u00f3n<\/strong><\/td><td colspan=\"2\">&nbsp;<\/td><td>X<\/td><\/tr><\/tbody><\/table><\/figure>\n\n\n\n<h2 class=\"wp-block-heading has-text-align-center\">Nuestras actividades en im\u00e1genes y texto<\/h2>\n\n\n\n<div class=\"wp-block-columns is-layout-flex wp-container-core-columns-is-layout-9d6595d7 wp-block-columns-is-layout-flex\">\n<div class=\"wp-block-column is-layout-flow wp-block-column-is-layout-flow\"><\/div>\n\n\n\n<div class=\"wp-block-column is-layout-flow wp-block-column-is-layout-flow\"><\/div>\n<\/div>\n\n\n\n<div class=\"wp-block-columns are-vertically-aligned-center is-layout-flex wp-container-core-columns-is-layout-9d6595d7 wp-block-columns-is-layout-flex\">\n<div class=\"wp-block-column is-vertically-aligned-center is-layout-flow wp-block-column-is-layout-flow\"><div class=\"wp-block-image\">\n<figure class=\"aligncenter size-large is-resized\"><img loading=\"lazy\" decoding=\"async\" width=\"1024\" height=\"1024\" src=\"https:\/\/site.educa.madrid.org\/ies.salvadorallende.fuenlabrada\/\/wp-content\/uploads\/ies.salvadorallende.fuenlabrada\/2025\/01\/scape-room-1024x1024.jpeg\" alt=\"\" class=\"wp-image-5018\" style=\"width:406px;height:auto\" srcset=\"https:\/\/site.educa.madrid.org\/ies.salvadorallende.fuenlabrada\/\/wp-content\/uploads\/ies.salvadorallende.fuenlabrada\/2025\/01\/scape-room-1024x1024.jpeg 1024w, https:\/\/site.educa.madrid.org\/ies.salvadorallende.fuenlabrada\/\/wp-content\/uploads\/ies.salvadorallende.fuenlabrada\/2025\/01\/scape-room-300x300.jpeg 300w, https:\/\/site.educa.madrid.org\/ies.salvadorallende.fuenlabrada\/\/wp-content\/uploads\/ies.salvadorallende.fuenlabrada\/2025\/01\/scape-room-150x150.jpeg 150w, https:\/\/site.educa.madrid.org\/ies.salvadorallende.fuenlabrada\/\/wp-content\/uploads\/ies.salvadorallende.fuenlabrada\/2025\/01\/scape-room-768x768.jpeg 768w, https:\/\/site.educa.madrid.org\/ies.salvadorallende.fuenlabrada\/\/wp-content\/uploads\/ies.salvadorallende.fuenlabrada\/2025\/01\/scape-room-500x500.jpeg 500w, https:\/\/site.educa.madrid.org\/ies.salvadorallende.fuenlabrada\/\/wp-content\/uploads\/ies.salvadorallende.fuenlabrada\/2025\/01\/scape-room.jpeg 1080w\" sizes=\"auto, (max-width: 1024px) 100vw, 1024px\" \/><\/figure>\n<\/div><\/div>\n\n\n\n<div class=\"wp-block-column is-vertically-aligned-center is-layout-flow wp-block-column-is-layout-flow\">\n<div class=\"wp-block-group\"><div class=\"wp-block-group__inner-container is-layout-constrained wp-block-group-is-layout-constrained\">\n<p>\u2728\ud83d\udce2 \u00a1As\u00ed vivimos la Semana de la Prevenci\u00f3n! \ud83d\udce2\u2728<\/p>\n\n\n\n<p>Nuestro alumnado de 3\u00ba, 4\u00ba y CFGB particip\u00f3 en actividades emocionantes para aprender sobre prevenci\u00f3n de riesgos laborales \ud83c\udfd7\ufe0f\ud83d\udd0d. A trav\u00e9s de escape rooms y representaciones teatrales, interiorizamos valores de seguridad y bienestar en el entorno escolar.<\/p>\n\n\n\n<p>\ud83d\udca1 Seguridad, salud y prevenci\u00f3n: \u00a1una experiencia educativa que nos prepara para el futuro.<\/p>\n<\/div><\/div>\n<\/div>\n<\/div>\n","protected":false},"excerpt":{"rendered":"<p>Departamento Primer Trimestre Segundo Trimestre Tercer trimestre Lat\u00edn Visita a Alcal\u00e1 de Henares y Complutum Visita al Museo del Prado y el RetiroD\u00eda de la Mujer. Teatro en el centroD\u00eda &#8230;<\/p>\n","protected":false},"author":2,"featured_media":0,"parent":0,"menu_order":0,"comment_status":"closed","ping_status":"closed","template":"","meta":{"footnotes":""},"folder":[],"class_list":["post-1457","page","type-page","status-publish","hentry"],"rttpg_featured_image_url":null,"rttpg_author":{"display_name":"tic.ies.salvadorallende.fuenlabrada","author_link":"https:\/\/site.educa.madrid.org\/ies.salvadorallende.fuenlabrada\/index.php\/author\/cuenta_tic-ies-salvadorallende-fuenlabrada\/"},"rttpg_comment":0,"rttpg_category":false,"rttpg_excerpt":"Departamento Primer Trimestre Segundo Trimestre Tercer trimestre Lat\u00edn Visita a Alcal\u00e1 de Henares y Complutum Visita al Museo del Prado y el RetiroD\u00eda de la Mujer. Teatro en el centroD\u00eda ...","post_mailing_queue_ids":[],"_links":{"self":[{"href":"https:\/\/site.educa.madrid.org\/ies.salvadorallende.fuenlabrada\/index.php\/wp-json\/wp\/v2\/pages\/1457","targetHints":{"allow":["GET"]}}],"collection":[{"href":"https:\/\/site.educa.madrid.org\/ies.salvadorallende.fuenlabrada\/index.php\/wp-json\/wp\/v2\/pages"}],"about":[{"href":"https:\/\/site.educa.madrid.org\/ies.salvadorallende.fuenlabrada\/index.php\/wp-json\/wp\/v2\/types\/page"}],"author":[{"embeddable":true,"href":"https:\/\/site.educa.madrid.org\/ies.salvadorallende.fuenlabrada\/index.php\/wp-json\/wp\/v2\/users\/2"}],"replies":[{"embeddable":true,"href":"https:\/\/site.educa.madrid.org\/ies.salvadorallende.fuenlabrada\/index.php\/wp-json\/wp\/v2\/comments?post=1457"}],"version-history":[{"count":10,"href":"https:\/\/site.educa.madrid.org\/ies.salvadorallende.fuenlabrada\/index.php\/wp-json\/wp\/v2\/pages\/1457\/revisions"}],"predecessor-version":[{"id":5650,"href":"https:\/\/site.educa.madrid.org\/ies.salvadorallende.fuenlabrada\/index.php\/wp-json\/wp\/v2\/pages\/1457\/revisions\/5650"}],"wp:attachment":[{"href":"https:\/\/site.educa.madrid.org\/ies.salvadorallende.fuenlabrada\/index.php\/wp-json\/wp\/v2\/media?parent=1457"}],"wp:term":[{"taxonomy":"folder","embeddable":true,"href":"https:\/\/site.educa.madrid.org\/ies.salvadorallende.fuenlabrada\/index.php\/wp-json\/wp\/v2\/folder?post=1457"}],"curies":[{"name":"wp","href":"https:\/\/api.w.org\/{rel}","templated":true}]}}