{"id":1469,"date":"2024-01-27T14:14:10","date_gmt":"2024-01-27T13:14:10","guid":{"rendered":"https:\/\/site.educa.madrid.org\/ies.salvadorallende.fuenlabrada\/?page_id=1469"},"modified":"2025-03-01T20:55:43","modified_gmt":"2025-03-01T19:55:43","slug":"extraescolares-2o-cfb","status":"publish","type":"page","link":"https:\/\/site.educa.madrid.org\/ies.salvadorallende.fuenlabrada\/index.php\/extraescolares-2o-cfb\/","title":{"rendered":"ACTIVIDADES COMPLEMENTARIAS 2\u00ba CFB\u00e1sico"},"content":{"rendered":"\n<figure class=\"wp-block-table\"><table><tbody><tr><td><strong>Departamento<\/strong><\/td><td><strong>Primer Trimestre<\/strong><\/td><td><strong>Segundo Trimestre<\/strong><\/td><td><strong>Tercer Trimestre<\/strong><\/td><\/tr><tr><td><strong>Lengua<\/strong><\/td><td>Museo Reina Sof\u00eda<\/td><td>Generaci\u00f3n del 98 y Biblioteca Nacional<\/td><td>Toledo hist\u00f3rico<\/td><\/tr><tr><td><strong>Educaci\u00f3n F\u00edsica<\/strong><\/td><td>&nbsp;<\/td><td>Bolera<\/td><td>&nbsp;<\/td><\/tr><tr><td><strong>Orientaci\u00f3n<\/strong><\/td><td>Senderismo por Aranjuez<\/td><td>&nbsp;<\/td><td>&nbsp;<\/td><\/tr><\/tbody><\/table><\/figure>\n\n\n\n<h2 class=\"wp-block-heading has-text-align-center\">Nuestras actividades en im\u00e1genes y texto<\/h2>\n\n\n\n<div class=\"wp-block-columns are-vertically-aligned-center is-layout-flex wp-container-core-columns-is-layout-9d6595d7 wp-block-columns-is-layout-flex\">\n<div class=\"wp-block-column is-vertically-aligned-center is-layout-flow wp-block-column-is-layout-flow\"><div class=\"wp-block-image\">\n<figure class=\"aligncenter size-large is-resized\"><img loading=\"lazy\" decoding=\"async\" width=\"1024\" height=\"1024\" src=\"https:\/\/site.educa.madrid.org\/ies.salvadorallende.fuenlabrada\/\/wp-content\/uploads\/ies.salvadorallende.fuenlabrada\/2025\/01\/scape-room-1024x1024.jpeg\" alt=\"\" class=\"wp-image-5018\" style=\"width:406px;height:auto\" srcset=\"https:\/\/site.educa.madrid.org\/ies.salvadorallende.fuenlabrada\/\/wp-content\/uploads\/ies.salvadorallende.fuenlabrada\/2025\/01\/scape-room-1024x1024.jpeg 1024w, https:\/\/site.educa.madrid.org\/ies.salvadorallende.fuenlabrada\/\/wp-content\/uploads\/ies.salvadorallende.fuenlabrada\/2025\/01\/scape-room-300x300.jpeg 300w, https:\/\/site.educa.madrid.org\/ies.salvadorallende.fuenlabrada\/\/wp-content\/uploads\/ies.salvadorallende.fuenlabrada\/2025\/01\/scape-room-150x150.jpeg 150w, https:\/\/site.educa.madrid.org\/ies.salvadorallende.fuenlabrada\/\/wp-content\/uploads\/ies.salvadorallende.fuenlabrada\/2025\/01\/scape-room-768x768.jpeg 768w, https:\/\/site.educa.madrid.org\/ies.salvadorallende.fuenlabrada\/\/wp-content\/uploads\/ies.salvadorallende.fuenlabrada\/2025\/01\/scape-room-500x500.jpeg 500w, https:\/\/site.educa.madrid.org\/ies.salvadorallende.fuenlabrada\/\/wp-content\/uploads\/ies.salvadorallende.fuenlabrada\/2025\/01\/scape-room.jpeg 1080w\" sizes=\"auto, (max-width: 1024px) 100vw, 1024px\" \/><\/figure>\n<\/div><\/div>\n\n\n\n<div class=\"wp-block-column is-vertically-aligned-center is-layout-flow wp-block-column-is-layout-flow\">\n<p>\u2728\ud83d\udce2 \u00a1As\u00ed vivimos la Semana de la Prevenci\u00f3n! \ud83d\udce2\u2728<\/p>\n\n\n\n<p>Nuestro alumnado de 3\u00ba, 4\u00ba y CFGB particip\u00f3 en actividades emocionantes para aprender sobre prevenci\u00f3n de riesgos laborales \ud83c\udfd7\ufe0f\ud83d\udd0d. A trav\u00e9s de escape rooms y representaciones teatrales, interiorizamos valores de seguridad y bienestar en el entorno escolar.<\/p>\n\n\n\n<p>\ud83d\udca1 Seguridad, salud y prevenci\u00f3n: \u00a1una experiencia educativa que nos prepara para el futuro.<\/p>\n<\/div>\n<\/div>\n","protected":false},"excerpt":{"rendered":"<p>Departamento Primer Trimestre Segundo Trimestre Tercer Trimestre Lengua Museo Reina Sof\u00eda Generaci\u00f3n del 98 y Biblioteca Nacional Toledo hist\u00f3rico Educaci\u00f3n F\u00edsica &nbsp; Bolera &nbsp; Orientaci\u00f3n Senderismo por Aranjuez &nbsp; &nbsp; &#8230;<\/p>\n","protected":false},"author":2,"featured_media":0,"parent":0,"menu_order":0,"comment_status":"closed","ping_status":"closed","template":"","meta":{"footnotes":""},"folder":[],"class_list":["post-1469","page","type-page","status-publish","hentry"],"rttpg_featured_image_url":null,"rttpg_author":{"display_name":"tic.ies.salvadorallende.fuenlabrada","author_link":"https:\/\/site.educa.madrid.org\/ies.salvadorallende.fuenlabrada\/index.php\/author\/cuenta_tic-ies-salvadorallende-fuenlabrada\/"},"rttpg_comment":0,"rttpg_category":false,"rttpg_excerpt":"Departamento Primer Trimestre Segundo Trimestre Tercer Trimestre Lengua Museo Reina Sof\u00eda Generaci\u00f3n del 98 y Biblioteca Nacional Toledo hist\u00f3rico Educaci\u00f3n F\u00edsica &nbsp; Bolera &nbsp; Orientaci\u00f3n Senderismo por Aranjuez &nbsp; &nbsp; ...","post_mailing_queue_ids":[],"_links":{"self":[{"href":"https:\/\/site.educa.madrid.org\/ies.salvadorallende.fuenlabrada\/index.php\/wp-json\/wp\/v2\/pages\/1469","targetHints":{"allow":["GET"]}}],"collection":[{"href":"https:\/\/site.educa.madrid.org\/ies.salvadorallende.fuenlabrada\/index.php\/wp-json\/wp\/v2\/pages"}],"about":[{"href":"https:\/\/site.educa.madrid.org\/ies.salvadorallende.fuenlabrada\/index.php\/wp-json\/wp\/v2\/types\/page"}],"author":[{"embeddable":true,"href":"https:\/\/site.educa.madrid.org\/ies.salvadorallende.fuenlabrada\/index.php\/wp-json\/wp\/v2\/users\/2"}],"replies":[{"embeddable":true,"href":"https:\/\/site.educa.madrid.org\/ies.salvadorallende.fuenlabrada\/index.php\/wp-json\/wp\/v2\/comments?post=1469"}],"version-history":[{"count":6,"href":"https:\/\/site.educa.madrid.org\/ies.salvadorallende.fuenlabrada\/index.php\/wp-json\/wp\/v2\/pages\/1469\/revisions"}],"predecessor-version":[{"id":5652,"href":"https:\/\/site.educa.madrid.org\/ies.salvadorallende.fuenlabrada\/index.php\/wp-json\/wp\/v2\/pages\/1469\/revisions\/5652"}],"wp:attachment":[{"href":"https:\/\/site.educa.madrid.org\/ies.salvadorallende.fuenlabrada\/index.php\/wp-json\/wp\/v2\/media?parent=1469"}],"wp:term":[{"taxonomy":"folder","embeddable":true,"href":"https:\/\/site.educa.madrid.org\/ies.salvadorallende.fuenlabrada\/index.php\/wp-json\/wp\/v2\/folder?post=1469"}],"curies":[{"name":"wp","href":"https:\/\/api.w.org\/{rel}","templated":true}]}}