{"id":1472,"date":"2024-01-27T14:15:30","date_gmt":"2024-01-27T13:15:30","guid":{"rendered":"https:\/\/site.educa.madrid.org\/ies.salvadorallende.fuenlabrada\/?page_id=1472"},"modified":"2025-02-26T14:44:54","modified_gmt":"2025-02-26T13:44:54","slug":"extraescolares-eso-otros-programas","status":"publish","type":"page","link":"https:\/\/site.educa.madrid.org\/ies.salvadorallende.fuenlabrada\/index.php\/extraescolares-eso-otros-programas\/","title":{"rendered":"ACTIVIDADES COMPLEMENTARIAS ESO otros programas"},"content":{"rendered":"\n<figure class=\"wp-block-table\"><table><tbody><tr><td><strong>Educaci\u00f3n<\/strong> <strong>Compensatoria<\/strong><\/td><td>Primer Trimestre<\/td><td>Segundo Trimestre<\/td><td>Tercer Trimestre<\/td><\/tr><tr><td>Orientaci\u00f3n<\/td><td>Diciembre: Visita a Madrid en Transporte p\u00fablico (1\u00ba y 2\u00ba ESO)<\/td><td>&nbsp;<\/td><td>Excursi\u00f3n todo el d\u00eda al Palacio Real De Aranjuez junto con ACNEE y aulas TEA<\/td><\/tr><tr><td><strong>ACNEE<\/strong><\/td><td>Primer Trimestre<\/td><td>Segundo Trimestre<\/td><td>Tercer Trimestre<\/td><\/tr><tr><td>Orientaci\u00f3n<\/td><td>&nbsp;<\/td><td>&nbsp;<\/td><td>Excursi\u00f3n todo el d\u00eda al Palacio Real De Aranjuez Junto con Compensatoria y aulas TEA (1\u00ba ESO)<\/td><\/tr><tr><td><strong>Aula TEA<\/strong><\/td><td>Primer Trimestre<\/td><td>Segundo Trimestre<\/td><td>Tercer Trimestre<\/td><\/tr><tr><td>Orientaci\u00f3n<\/td><td>Desayunos\/comidas sociales Encuentro con aulas TEA de la zona<br>Museo Reina Sof\u00eda Plaza Mayor y alrededores en Navidad<\/td><td>Encuentros aula TEA Conociendo el entorno cercano Visita a un museo<\/td><td>D\u00eda del autismo Desayunos\/comidas socialesExperiencias sensoriales Educaci\u00f3n vial KartsFin de curso<\/td><\/tr><\/tbody><\/table><\/figure>\n\n\n\n<hr class=\"wp-block-separator has-alpha-channel-opacity\"\/>\n\n\n\n<div class=\"wp-block-group\"><div class=\"wp-block-group__inner-container is-layout-constrained wp-block-group-is-layout-constrained\">\n<p class=\"has-text-align-center has-medium-font-size\"><strong>*Visita muy especial al IES Victoria Kent* \ud83c\udf1f&nbsp;<\/strong><\/p>\n\n\n\n<div class=\"wp-block-columns is-layout-flex wp-container-core-columns-is-layout-9d6595d7 wp-block-columns-is-layout-flex\">\n<div class=\"wp-block-column is-layout-flow wp-block-column-is-layout-flow\" style=\"flex-basis:66.66%\">\n<figure class=\"wp-block-gallery has-nested-images columns-default is-cropped wp-block-gallery-1 is-layout-flex wp-block-gallery-is-layout-flex\">\n<figure class=\"wp-block-image size-large\"><img loading=\"lazy\" decoding=\"async\" width=\"1024\" height=\"1024\" data-id=\"4828\" src=\"https:\/\/site.educa.madrid.org\/ies.salvadorallende.fuenlabrada\/\/wp-content\/uploads\/ies.salvadorallende.fuenlabrada\/2025\/01\/WhatsApp-Image-2025-01-15-at-21.34.34-3-1024x1024.jpeg\" alt=\"\" class=\"wp-image-4828\" srcset=\"https:\/\/site.educa.madrid.org\/ies.salvadorallende.fuenlabrada\/\/wp-content\/uploads\/ies.salvadorallende.fuenlabrada\/2025\/01\/WhatsApp-Image-2025-01-15-at-21.34.34-3-1024x1024.jpeg 1024w, https:\/\/site.educa.madrid.org\/ies.salvadorallende.fuenlabrada\/\/wp-content\/uploads\/ies.salvadorallende.fuenlabrada\/2025\/01\/WhatsApp-Image-2025-01-15-at-21.34.34-3-300x300.jpeg 300w, https:\/\/site.educa.madrid.org\/ies.salvadorallende.fuenlabrada\/\/wp-content\/uploads\/ies.salvadorallende.fuenlabrada\/2025\/01\/WhatsApp-Image-2025-01-15-at-21.34.34-3-150x150.jpeg 150w, https:\/\/site.educa.madrid.org\/ies.salvadorallende.fuenlabrada\/\/wp-content\/uploads\/ies.salvadorallende.fuenlabrada\/2025\/01\/WhatsApp-Image-2025-01-15-at-21.34.34-3-768x768.jpeg 768w, https:\/\/site.educa.madrid.org\/ies.salvadorallende.fuenlabrada\/\/wp-content\/uploads\/ies.salvadorallende.fuenlabrada\/2025\/01\/WhatsApp-Image-2025-01-15-at-21.34.34-3-500x500.jpeg 500w, https:\/\/site.educa.madrid.org\/ies.salvadorallende.fuenlabrada\/\/wp-content\/uploads\/ies.salvadorallende.fuenlabrada\/2025\/01\/WhatsApp-Image-2025-01-15-at-21.34.34-3.jpeg 1080w\" sizes=\"auto, (max-width: 1024px) 100vw, 1024px\" \/><\/figure>\n\n\n\n<figure class=\"wp-block-image size-large\"><img loading=\"lazy\" decoding=\"async\" width=\"768\" height=\"1024\" data-id=\"4827\" src=\"https:\/\/site.educa.madrid.org\/ies.salvadorallende.fuenlabrada\/\/wp-content\/uploads\/ies.salvadorallende.fuenlabrada\/2025\/01\/WhatsApp-Image-2025-01-15-at-21.34.33-768x1024.jpeg\" alt=\"\" class=\"wp-image-4827\" srcset=\"https:\/\/site.educa.madrid.org\/ies.salvadorallende.fuenlabrada\/\/wp-content\/uploads\/ies.salvadorallende.fuenlabrada\/2025\/01\/WhatsApp-Image-2025-01-15-at-21.34.33-768x1024.jpeg 768w, https:\/\/site.educa.madrid.org\/ies.salvadorallende.fuenlabrada\/\/wp-content\/uploads\/ies.salvadorallende.fuenlabrada\/2025\/01\/WhatsApp-Image-2025-01-15-at-21.34.33-225x300.jpeg 225w, https:\/\/site.educa.madrid.org\/ies.salvadorallende.fuenlabrada\/\/wp-content\/uploads\/ies.salvadorallende.fuenlabrada\/2025\/01\/WhatsApp-Image-2025-01-15-at-21.34.33-300x400.jpeg 300w, https:\/\/site.educa.madrid.org\/ies.salvadorallende.fuenlabrada\/\/wp-content\/uploads\/ies.salvadorallende.fuenlabrada\/2025\/01\/WhatsApp-Image-2025-01-15-at-21.34.33-1152x1536.jpeg 1152w, https:\/\/site.educa.madrid.org\/ies.salvadorallende.fuenlabrada\/\/wp-content\/uploads\/ies.salvadorallende.fuenlabrada\/2025\/01\/WhatsApp-Image-2025-01-15-at-21.34.33.jpeg 1200w\" sizes=\"auto, (max-width: 768px) 100vw, 768px\" \/><\/figure>\n\n\n\n<figure class=\"wp-block-image size-large\"><img loading=\"lazy\" decoding=\"async\" width=\"1024\" height=\"768\" data-id=\"4832\" src=\"https:\/\/site.educa.madrid.org\/ies.salvadorallende.fuenlabrada\/\/wp-content\/uploads\/ies.salvadorallende.fuenlabrada\/2025\/01\/WhatsApp-Image-2025-01-15-at-21.34.34-1-1024x768.jpeg\" alt=\"\" class=\"wp-image-4832\" srcset=\"https:\/\/site.educa.madrid.org\/ies.salvadorallende.fuenlabrada\/\/wp-content\/uploads\/ies.salvadorallende.fuenlabrada\/2025\/01\/WhatsApp-Image-2025-01-15-at-21.34.34-1-1024x768.jpeg 1024w, https:\/\/site.educa.madrid.org\/ies.salvadorallende.fuenlabrada\/\/wp-content\/uploads\/ies.salvadorallende.fuenlabrada\/2025\/01\/WhatsApp-Image-2025-01-15-at-21.34.34-1-300x225.jpeg 300w, https:\/\/site.educa.madrid.org\/ies.salvadorallende.fuenlabrada\/\/wp-content\/uploads\/ies.salvadorallende.fuenlabrada\/2025\/01\/WhatsApp-Image-2025-01-15-at-21.34.34-1-768x576.jpeg 768w, https:\/\/site.educa.madrid.org\/ies.salvadorallende.fuenlabrada\/\/wp-content\/uploads\/ies.salvadorallende.fuenlabrada\/2025\/01\/WhatsApp-Image-2025-01-15-at-21.34.34-1-1536x1152.jpeg 1536w, https:\/\/site.educa.madrid.org\/ies.salvadorallende.fuenlabrada\/\/wp-content\/uploads\/ies.salvadorallende.fuenlabrada\/2025\/01\/WhatsApp-Image-2025-01-15-at-21.34.34-1.jpeg 1600w\" sizes=\"auto, (max-width: 1024px) 100vw, 1024px\" \/><\/figure>\n\n\n\n<figure class=\"wp-block-image size-large\"><img loading=\"lazy\" decoding=\"async\" width=\"1024\" height=\"768\" data-id=\"4831\" src=\"https:\/\/site.educa.madrid.org\/ies.salvadorallende.fuenlabrada\/\/wp-content\/uploads\/ies.salvadorallende.fuenlabrada\/2025\/01\/WhatsApp-Image-2025-01-15-at-21.34.34-2-1024x768.jpeg\" alt=\"\" class=\"wp-image-4831\" srcset=\"https:\/\/site.educa.madrid.org\/ies.salvadorallende.fuenlabrada\/\/wp-content\/uploads\/ies.salvadorallende.fuenlabrada\/2025\/01\/WhatsApp-Image-2025-01-15-at-21.34.34-2-1024x768.jpeg 1024w, https:\/\/site.educa.madrid.org\/ies.salvadorallende.fuenlabrada\/\/wp-content\/uploads\/ies.salvadorallende.fuenlabrada\/2025\/01\/WhatsApp-Image-2025-01-15-at-21.34.34-2-300x225.jpeg 300w, https:\/\/site.educa.madrid.org\/ies.salvadorallende.fuenlabrada\/\/wp-content\/uploads\/ies.salvadorallende.fuenlabrada\/2025\/01\/WhatsApp-Image-2025-01-15-at-21.34.34-2-768x576.jpeg 768w, https:\/\/site.educa.madrid.org\/ies.salvadorallende.fuenlabrada\/\/wp-content\/uploads\/ies.salvadorallende.fuenlabrada\/2025\/01\/WhatsApp-Image-2025-01-15-at-21.34.34-2-1536x1152.jpeg 1536w, https:\/\/site.educa.madrid.org\/ies.salvadorallende.fuenlabrada\/\/wp-content\/uploads\/ies.salvadorallende.fuenlabrada\/2025\/01\/WhatsApp-Image-2025-01-15-at-21.34.34-2.jpeg 1600w\" sizes=\"auto, (max-width: 1024px) 100vw, 1024px\" \/><\/figure>\n\n\n\n<figure class=\"wp-block-image size-large\"><img loading=\"lazy\" decoding=\"async\" width=\"1024\" height=\"768\" data-id=\"4830\" src=\"https:\/\/site.educa.madrid.org\/ies.salvadorallende.fuenlabrada\/\/wp-content\/uploads\/ies.salvadorallende.fuenlabrada\/2025\/01\/WhatsApp-Image-2025-01-15-at-21.34.34-1024x768.jpeg\" alt=\"\" class=\"wp-image-4830\" srcset=\"https:\/\/site.educa.madrid.org\/ies.salvadorallende.fuenlabrada\/\/wp-content\/uploads\/ies.salvadorallende.fuenlabrada\/2025\/01\/WhatsApp-Image-2025-01-15-at-21.34.34-1024x768.jpeg 1024w, https:\/\/site.educa.madrid.org\/ies.salvadorallende.fuenlabrada\/\/wp-content\/uploads\/ies.salvadorallende.fuenlabrada\/2025\/01\/WhatsApp-Image-2025-01-15-at-21.34.34-300x225.jpeg 300w, https:\/\/site.educa.madrid.org\/ies.salvadorallende.fuenlabrada\/\/wp-content\/uploads\/ies.salvadorallende.fuenlabrada\/2025\/01\/WhatsApp-Image-2025-01-15-at-21.34.34-768x576.jpeg 768w, https:\/\/site.educa.madrid.org\/ies.salvadorallende.fuenlabrada\/\/wp-content\/uploads\/ies.salvadorallende.fuenlabrada\/2025\/01\/WhatsApp-Image-2025-01-15-at-21.34.34-1536x1152.jpeg 1536w, https:\/\/site.educa.madrid.org\/ies.salvadorallende.fuenlabrada\/\/wp-content\/uploads\/ies.salvadorallende.fuenlabrada\/2025\/01\/WhatsApp-Image-2025-01-15-at-21.34.34.jpeg 1600w\" sizes=\"auto, (max-width: 1024px) 100vw, 1024px\" \/><\/figure>\n\n\n\n<figure class=\"wp-block-image size-large\"><img loading=\"lazy\" decoding=\"async\" width=\"1024\" height=\"1024\" data-id=\"4829\" src=\"https:\/\/site.educa.madrid.org\/ies.salvadorallende.fuenlabrada\/\/wp-content\/uploads\/ies.salvadorallende.fuenlabrada\/2025\/01\/WhatsApp-Image-2025-01-15-at-21.34.34-4-1024x1024.jpeg\" alt=\"\" class=\"wp-image-4829\" srcset=\"https:\/\/site.educa.madrid.org\/ies.salvadorallende.fuenlabrada\/\/wp-content\/uploads\/ies.salvadorallende.fuenlabrada\/2025\/01\/WhatsApp-Image-2025-01-15-at-21.34.34-4-1024x1024.jpeg 1024w, https:\/\/site.educa.madrid.org\/ies.salvadorallende.fuenlabrada\/\/wp-content\/uploads\/ies.salvadorallende.fuenlabrada\/2025\/01\/WhatsApp-Image-2025-01-15-at-21.34.34-4-300x300.jpeg 300w, https:\/\/site.educa.madrid.org\/ies.salvadorallende.fuenlabrada\/\/wp-content\/uploads\/ies.salvadorallende.fuenlabrada\/2025\/01\/WhatsApp-Image-2025-01-15-at-21.34.34-4-150x150.jpeg 150w, https:\/\/site.educa.madrid.org\/ies.salvadorallende.fuenlabrada\/\/wp-content\/uploads\/ies.salvadorallende.fuenlabrada\/2025\/01\/WhatsApp-Image-2025-01-15-at-21.34.34-4-768x768.jpeg 768w, https:\/\/site.educa.madrid.org\/ies.salvadorallende.fuenlabrada\/\/wp-content\/uploads\/ies.salvadorallende.fuenlabrada\/2025\/01\/WhatsApp-Image-2025-01-15-at-21.34.34-4-500x500.jpeg 500w, https:\/\/site.educa.madrid.org\/ies.salvadorallende.fuenlabrada\/\/wp-content\/uploads\/ies.salvadorallende.fuenlabrada\/2025\/01\/WhatsApp-Image-2025-01-15-at-21.34.34-4.jpeg 1080w\" sizes=\"auto, (max-width: 1024px) 100vw, 1024px\" \/><\/figure>\n<\/figure>\n<\/div>\n\n\n\n<div class=\"wp-block-column is-layout-flow wp-block-column-is-layout-flow\" style=\"flex-basis:33.33%\">\n<p class=\"has-text-align-center\"><\/p>\n\n\n\n<p>Nuestra aula TEA ha tenido el placer de visitar a antiguos alumnos que ahora est\u00e1n en el IES Victoria Kent, y ha sido una experiencia maravillosa. \ud83d\udc99&nbsp;<\/p>\n\n\n\n<p>Nos han ense\u00f1ado su *huerto* \ud83c\udf31, el *invernadero* \ud83c\udf38, su aula TEA \ud83e\udde9, y adem\u00e1s nos han regalado plantas \ud83c\udf3f. Para cerrar con broche de oro, nos han invitado a un *super desayuno* \ud83e\udd50\u2728 que hemos disfrutado todos juntos.&nbsp;<\/p>\n\n\n\n<p>Momentos como estos son inolvidables, llenos de cari\u00f1o y aprendizaje. \ud83d\udc95 Nos encanta ver c\u00f3mo se cuida y valora a cada alumno con tanta dedicaci\u00f3n y respeto.&nbsp;<\/p>\n\n\n\n<p>Gracias al profesorado de jardiner\u00eda y a los profesionales del aula TEA por recibirnos. \u00a1Siempre ser\u00e1 un placer compartir estos momentos tan especiales! \ud83e\udef6<\/p>\n<\/div>\n<\/div>\n<\/div><\/div>\n","protected":false},"excerpt":{"rendered":"<p>Educaci\u00f3n Compensatoria Primer Trimestre Segundo Trimestre Tercer Trimestre Orientaci\u00f3n Diciembre: Visita a Madrid en Transporte p\u00fablico (1\u00ba y 2\u00ba ESO) &nbsp; Excursi\u00f3n todo el d\u00eda al Palacio Real De Aranjuez &#8230;<\/p>\n","protected":false},"author":2,"featured_media":0,"parent":0,"menu_order":0,"comment_status":"closed","ping_status":"closed","template":"","meta":{"footnotes":""},"folder":[],"class_list":["post-1472","page","type-page","status-publish","hentry"],"rttpg_featured_image_url":null,"rttpg_author":{"display_name":"tic.ies.salvadorallende.fuenlabrada","author_link":"https:\/\/site.educa.madrid.org\/ies.salvadorallende.fuenlabrada\/index.php\/author\/cuenta_tic-ies-salvadorallende-fuenlabrada\/"},"rttpg_comment":0,"rttpg_category":false,"rttpg_excerpt":"Educaci\u00f3n Compensatoria Primer Trimestre Segundo Trimestre Tercer Trimestre Orientaci\u00f3n Diciembre: Visita a Madrid en Transporte p\u00fablico (1\u00ba y 2\u00ba ESO) &nbsp; Excursi\u00f3n todo el d\u00eda al Palacio Real De Aranjuez ...","post_mailing_queue_ids":[],"_links":{"self":[{"href":"https:\/\/site.educa.madrid.org\/ies.salvadorallende.fuenlabrada\/index.php\/wp-json\/wp\/v2\/pages\/1472","targetHints":{"allow":["GET"]}}],"collection":[{"href":"https:\/\/site.educa.madrid.org\/ies.salvadorallende.fuenlabrada\/index.php\/wp-json\/wp\/v2\/pages"}],"about":[{"href":"https:\/\/site.educa.madrid.org\/ies.salvadorallende.fuenlabrada\/index.php\/wp-json\/wp\/v2\/types\/page"}],"author":[{"embeddable":true,"href":"https:\/\/site.educa.madrid.org\/ies.salvadorallende.fuenlabrada\/index.php\/wp-json\/wp\/v2\/users\/2"}],"replies":[{"embeddable":true,"href":"https:\/\/site.educa.madrid.org\/ies.salvadorallende.fuenlabrada\/index.php\/wp-json\/wp\/v2\/comments?post=1472"}],"version-history":[{"count":5,"href":"https:\/\/site.educa.madrid.org\/ies.salvadorallende.fuenlabrada\/index.php\/wp-json\/wp\/v2\/pages\/1472\/revisions"}],"predecessor-version":[{"id":5555,"href":"https:\/\/site.educa.madrid.org\/ies.salvadorallende.fuenlabrada\/index.php\/wp-json\/wp\/v2\/pages\/1472\/revisions\/5555"}],"wp:attachment":[{"href":"https:\/\/site.educa.madrid.org\/ies.salvadorallende.fuenlabrada\/index.php\/wp-json\/wp\/v2\/media?parent=1472"}],"wp:term":[{"taxonomy":"folder","embeddable":true,"href":"https:\/\/site.educa.madrid.org\/ies.salvadorallende.fuenlabrada\/index.php\/wp-json\/wp\/v2\/folder?post=1472"}],"curies":[{"name":"wp","href":"https:\/\/api.w.org\/{rel}","templated":true}]}}