{"id":1475,"date":"2024-01-27T14:17:18","date_gmt":"2024-01-27T13:17:18","guid":{"rendered":"https:\/\/site.educa.madrid.org\/ies.salvadorallende.fuenlabrada\/?page_id=1475"},"modified":"2025-02-26T14:51:00","modified_gmt":"2025-02-26T13:51:00","slug":"extraescolares-ccff-electricidad-y-electronica","status":"publish","type":"page","link":"https:\/\/site.educa.madrid.org\/ies.salvadorallende.fuenlabrada\/index.php\/extraescolares-ccff-electricidad-y-electronica\/","title":{"rendered":"ACTIVIDADES COMPLEMENTARIAS CCFF Electricidad y Electr\u00f3nica"},"content":{"rendered":"\n<div class=\"wp-block-columns is-layout-flex wp-container-core-columns-is-layout-9d6595d7 wp-block-columns-is-layout-flex\">\n<div class=\"wp-block-column is-layout-flow wp-block-column-is-layout-flow\" style=\"flex-basis:100%\">\n<figure class=\"wp-block-table\"><table><tbody><tr><td colspan=\"2\"><strong>M\u00f3dulo<\/strong><strong><\/strong><\/td><td>Primer Trimestre<\/td><td>Segundo Trimestre<\/td><td>Tercer trimestre<\/td><\/tr><tr><td rowspan=\"2\"><strong>&nbsp;<\/strong> <strong>1\u00ba STI<\/strong><\/td><td><strong>&nbsp;<\/strong> <strong>&nbsp;<\/strong> <strong>&nbsp;<\/strong> <strong>&nbsp;<\/strong> <strong>&nbsp;<\/strong> <strong>FOL<\/strong><\/td><td>Charlas de ponentes externos en APEFormaci\u00f3n en emprendimiento en APEActividad emprendedora con posible salida a Ankara (Turqu\u00eda)o ciudad EuropeaFiesta convivencia interciclos Navidad<\/td><td>Concurso de Oratoria (APE)Jornadas de formaci\u00f3n en empresas del sectorFiesta de convivencia interciclos primaveraJornadas de Orientaci\u00f3n y Emprendimiento 26 de enero.Viaje a New York del 21 al 28 de febrero<\/td><td>Jornadas de formaci\u00f3n en empresas del sectorFiesta de convivencia interciclos Fin de curso<\/td><\/tr><tr><td><strong>SPA<\/strong><\/td><td>&nbsp;<\/td><td>Jornadas de acercamiento al mundo laboral (semana del 18 al 21 de diciembre)<\/td><td>&nbsp;<\/td><\/tr><tr><td><strong>&nbsp;<\/strong> <strong>2\u00ba STI<\/strong><\/td><td><strong>&nbsp;<\/strong> <strong>&nbsp;<\/strong> <strong>&nbsp;<\/strong> <strong>&nbsp;<\/strong> <strong>&nbsp;<\/strong> <strong>&nbsp;<\/strong> <strong>&nbsp;<\/strong> <strong>&nbsp;<\/strong> <strong>FOL<\/strong><\/td><td>Charlas de ponentes externos en APEFormaci\u00f3n en emprendimiento en APE Proyecto New York, New York Mercadillos recreos ViernesEvento mercadillo tarde: Curso Oratoria y concursos Actividad emprendedora con posible salida a Ankara (Turqu\u00eda)o ciudad Europea<strong><\/strong>Fiesta convivencia interciclos Navidad<\/td><td>Proyecto New York, New York Mercadillos recreos ViernesEvento mercadillo tarde:Curso Oratoria y concursos Viaje a New York del 21 al 28 de febrero&nbsp;Jornadas de Orientaci\u00f3n y Emprendimiento 26 de enero.Jornadas de formaci\u00f3n en empresas del sectorFiesta de convivencia interciclos primavera<\/td><td>Jornadas de formaci\u00f3n en empresas del sectorFiesta de convivencia interciclos Fin de curso<\/td><\/tr><tr><td><strong>2<\/strong><strong>\u00ba<\/strong><strong> STI<\/strong><\/td><td><strong>&nbsp;<\/strong> <strong>&nbsp;<\/strong> <strong>&nbsp;<\/strong> <strong>&nbsp;<\/strong> <strong>SPA<\/strong><\/td><td><strong>&nbsp;<\/strong> <strong>&nbsp;<\/strong> <strong>&nbsp;<\/strong> Sondersland fest (20 de octubre) Understanding Fluge Programa de radio en streaming<\/td><td>Visita a la EUITT (UPM) Visita al estudio de TV del IES Benjam\u00edn R\u00faa Visita a las instalaciones del IES Siglo XXI Jornadas de acercamiento al mundo laboral (semana del 18 al 21 de diciembre) Programa de TV en streaming Visita al ISE (31 de enero)<\/td><td>&nbsp;<\/td><\/tr><tr><td rowspan=\"2\"><strong>1\u00ba IT<\/strong><\/td><td><strong>&nbsp;<\/strong> <strong>&nbsp;<\/strong> <strong>&nbsp;<\/strong> <strong>&nbsp;<\/strong> <strong>FOL<\/strong><\/td><td>Charlas de ponentes externos en APE Formaci\u00f3n en emprendimiento en APE <strong>&nbsp;<\/strong> Actividad emprendedora con posible salida a Ankara (Turqu\u00eda)o ciudad Europea Fiesta convivencia interciclos Navidad<\/td><td>Concurso de Oratoria (APE) Jornadas de formaci\u00f3n en empresas del sector <strong>&nbsp;<\/strong> Fiesta de convivencia interciclos primavera Jornadas de Orientaci\u00f3n y Emprendimiento 26 de enero.<\/td><td><strong>&nbsp;<\/strong> Jornadas de formaci\u00f3n en empresas del sector <strong>&nbsp;<\/strong> Fiesta de convivencia interciclos Fin de curso<\/td><\/tr><tr><td><strong>IEB<\/strong><\/td><td>&nbsp;<\/td><td>II Jornadas de acercamiento al mundo laboral (semana del 18 al 21 de diciembre)<\/td><td>Salida a Iberdrola (15 de abril)<\/td><\/tr><tr><td><strong>2\u00ba IT<\/strong><\/td><td><strong>&nbsp;<\/strong> <strong>&nbsp;<\/strong> <strong>&nbsp;<\/strong> <strong>FOL<\/strong><\/td><td>Erasmus Charlas de ponentes externos en APE Formaci\u00f3n en emprendimiento en APE Proyecto New York, New York Mercadillos recreos Viernes<br>Evento mercadillo tarde: 29 sept, 27 de octubre, 24 noviembre, 15 diciembre, 26 enero<br>Curso Oratoria y concursos<br><strong>&nbsp;<\/strong><br>Actividad emprendedora con posible salida a Ankara (Turqu\u00eda)o ciudad Europea<br><br>Fiesta convivencia interciclos Navidad<br><br><\/td><td>Erasmus Proyecto New York, New York Mercadillos recreos Viernes Evento mercadillo tarde: 15 diciembre, 26 enero<br><br>Curso Oratoria y concursos<br>Viaje a New York del 21 al 28 de febrero Concurso de Oratoria (APE)<br>Jornadas de formaci\u00f3n en empresas del sector<br>Jornadas de Orientaci\u00f3n y Emprendimiento 26 de enero.<br>Fiesta de convivencia interciclos primavera<\/td><td>Erasmus Jornadas de formaci\u00f3n en empresas del sector <strong>&nbsp;<\/strong> Fiesta de convivencia interciclos Fin de curso<\/td><\/tr><tr><td><\/td><td><strong>SYM<\/strong><\/td><td>Sondersland fest (20 de octubre)<\/td><td>Jornadas de acercamiento al mundo laboral  semana del 18 al 21 de diciembre)<\/td><\/tr><\/tbody><\/table><\/figure>\n<\/div>\n<\/div>\n\n\n\n<hr class=\"wp-block-separator has-alpha-channel-opacity\"\/>\n\n\n\n<p class=\"has-text-align-center\"><strong>VISITA A LA FACULTAD DE CIENCIAS DE LA INFORMACI\u00d3N 2\u00ba STI<\/strong><\/p>\n\n\n\n<div class=\"wp-block-columns is-layout-flex wp-container-core-columns-is-layout-9d6595d7 wp-block-columns-is-layout-flex\">\n<div class=\"wp-block-column is-layout-flow wp-block-column-is-layout-flow\" style=\"flex-basis:66.66%\">\n<figure class=\"wp-block-gallery has-nested-images columns-default is-cropped wp-block-gallery-1 is-layout-flex wp-block-gallery-is-layout-flex\">\n<figure class=\"wp-block-image size-large\"><img loading=\"lazy\" decoding=\"async\" width=\"1024\" height=\"1024\" data-id=\"4845\" src=\"https:\/\/site.educa.madrid.org\/ies.salvadorallende.fuenlabrada\/\/wp-content\/uploads\/ies.salvadorallende.fuenlabrada\/2025\/01\/WhatsApp-Image-2025-01-15-at-20.13.36-1024x1024.jpeg\" alt=\"\" class=\"wp-image-4845\" srcset=\"https:\/\/site.educa.madrid.org\/ies.salvadorallende.fuenlabrada\/\/wp-content\/uploads\/ies.salvadorallende.fuenlabrada\/2025\/01\/WhatsApp-Image-2025-01-15-at-20.13.36-1024x1024.jpeg 1024w, https:\/\/site.educa.madrid.org\/ies.salvadorallende.fuenlabrada\/\/wp-content\/uploads\/ies.salvadorallende.fuenlabrada\/2025\/01\/WhatsApp-Image-2025-01-15-at-20.13.36-300x300.jpeg 300w, https:\/\/site.educa.madrid.org\/ies.salvadorallende.fuenlabrada\/\/wp-content\/uploads\/ies.salvadorallende.fuenlabrada\/2025\/01\/WhatsApp-Image-2025-01-15-at-20.13.36-150x150.jpeg 150w, https:\/\/site.educa.madrid.org\/ies.salvadorallende.fuenlabrada\/\/wp-content\/uploads\/ies.salvadorallende.fuenlabrada\/2025\/01\/WhatsApp-Image-2025-01-15-at-20.13.36-768x768.jpeg 768w, https:\/\/site.educa.madrid.org\/ies.salvadorallende.fuenlabrada\/\/wp-content\/uploads\/ies.salvadorallende.fuenlabrada\/2025\/01\/WhatsApp-Image-2025-01-15-at-20.13.36-500x500.jpeg 500w, https:\/\/site.educa.madrid.org\/ies.salvadorallende.fuenlabrada\/\/wp-content\/uploads\/ies.salvadorallende.fuenlabrada\/2025\/01\/WhatsApp-Image-2025-01-15-at-20.13.36.jpeg 1080w\" sizes=\"auto, (max-width: 1024px) 100vw, 1024px\" \/><\/figure>\n\n\n\n<figure class=\"wp-block-image size-large\"><img loading=\"lazy\" decoding=\"async\" width=\"1024\" height=\"768\" data-id=\"4844\" src=\"https:\/\/site.educa.madrid.org\/ies.salvadorallende.fuenlabrada\/\/wp-content\/uploads\/ies.salvadorallende.fuenlabrada\/2025\/01\/WhatsApp-Image-2025-01-15-at-20.13.36-3-1024x768.jpeg\" alt=\"\" class=\"wp-image-4844\" srcset=\"https:\/\/site.educa.madrid.org\/ies.salvadorallende.fuenlabrada\/\/wp-content\/uploads\/ies.salvadorallende.fuenlabrada\/2025\/01\/WhatsApp-Image-2025-01-15-at-20.13.36-3-1024x768.jpeg 1024w, https:\/\/site.educa.madrid.org\/ies.salvadorallende.fuenlabrada\/\/wp-content\/uploads\/ies.salvadorallende.fuenlabrada\/2025\/01\/WhatsApp-Image-2025-01-15-at-20.13.36-3-300x225.jpeg 300w, https:\/\/site.educa.madrid.org\/ies.salvadorallende.fuenlabrada\/\/wp-content\/uploads\/ies.salvadorallende.fuenlabrada\/2025\/01\/WhatsApp-Image-2025-01-15-at-20.13.36-3-768x576.jpeg 768w, https:\/\/site.educa.madrid.org\/ies.salvadorallende.fuenlabrada\/\/wp-content\/uploads\/ies.salvadorallende.fuenlabrada\/2025\/01\/WhatsApp-Image-2025-01-15-at-20.13.36-3-1536x1152.jpeg 1536w, https:\/\/site.educa.madrid.org\/ies.salvadorallende.fuenlabrada\/\/wp-content\/uploads\/ies.salvadorallende.fuenlabrada\/2025\/01\/WhatsApp-Image-2025-01-15-at-20.13.36-3.jpeg 1600w\" sizes=\"auto, (max-width: 1024px) 100vw, 1024px\" \/><\/figure>\n\n\n\n<figure class=\"wp-block-image size-large\"><img loading=\"lazy\" decoding=\"async\" width=\"1024\" height=\"768\" data-id=\"4843\" src=\"https:\/\/site.educa.madrid.org\/ies.salvadorallende.fuenlabrada\/\/wp-content\/uploads\/ies.salvadorallende.fuenlabrada\/2025\/01\/WhatsApp-Image-2025-01-15-at-20.13.36-2-1024x768.jpeg\" alt=\"\" class=\"wp-image-4843\" srcset=\"https:\/\/site.educa.madrid.org\/ies.salvadorallende.fuenlabrada\/\/wp-content\/uploads\/ies.salvadorallende.fuenlabrada\/2025\/01\/WhatsApp-Image-2025-01-15-at-20.13.36-2-1024x768.jpeg 1024w, https:\/\/site.educa.madrid.org\/ies.salvadorallende.fuenlabrada\/\/wp-content\/uploads\/ies.salvadorallende.fuenlabrada\/2025\/01\/WhatsApp-Image-2025-01-15-at-20.13.36-2-300x225.jpeg 300w, https:\/\/site.educa.madrid.org\/ies.salvadorallende.fuenlabrada\/\/wp-content\/uploads\/ies.salvadorallende.fuenlabrada\/2025\/01\/WhatsApp-Image-2025-01-15-at-20.13.36-2-768x576.jpeg 768w, https:\/\/site.educa.madrid.org\/ies.salvadorallende.fuenlabrada\/\/wp-content\/uploads\/ies.salvadorallende.fuenlabrada\/2025\/01\/WhatsApp-Image-2025-01-15-at-20.13.36-2-1536x1152.jpeg 1536w, https:\/\/site.educa.madrid.org\/ies.salvadorallende.fuenlabrada\/\/wp-content\/uploads\/ies.salvadorallende.fuenlabrada\/2025\/01\/WhatsApp-Image-2025-01-15-at-20.13.36-2.jpeg 2000w\" sizes=\"auto, (max-width: 1024px) 100vw, 1024px\" \/><\/figure>\n\n\n\n<figure class=\"wp-block-image size-large\"><img loading=\"lazy\" decoding=\"async\" width=\"768\" height=\"1024\" data-id=\"4842\" src=\"https:\/\/site.educa.madrid.org\/ies.salvadorallende.fuenlabrada\/\/wp-content\/uploads\/ies.salvadorallende.fuenlabrada\/2025\/01\/WhatsApp-Image-2025-01-15-at-20.13.36-1-768x1024.jpeg\" alt=\"\" class=\"wp-image-4842\" srcset=\"https:\/\/site.educa.madrid.org\/ies.salvadorallende.fuenlabrada\/\/wp-content\/uploads\/ies.salvadorallende.fuenlabrada\/2025\/01\/WhatsApp-Image-2025-01-15-at-20.13.36-1-768x1024.jpeg 768w, https:\/\/site.educa.madrid.org\/ies.salvadorallende.fuenlabrada\/\/wp-content\/uploads\/ies.salvadorallende.fuenlabrada\/2025\/01\/WhatsApp-Image-2025-01-15-at-20.13.36-1-225x300.jpeg 225w, https:\/\/site.educa.madrid.org\/ies.salvadorallende.fuenlabrada\/\/wp-content\/uploads\/ies.salvadorallende.fuenlabrada\/2025\/01\/WhatsApp-Image-2025-01-15-at-20.13.36-1-300x400.jpeg 300w, https:\/\/site.educa.madrid.org\/ies.salvadorallende.fuenlabrada\/\/wp-content\/uploads\/ies.salvadorallende.fuenlabrada\/2025\/01\/WhatsApp-Image-2025-01-15-at-20.13.36-1-1152x1536.jpeg 1152w, https:\/\/site.educa.madrid.org\/ies.salvadorallende.fuenlabrada\/\/wp-content\/uploads\/ies.salvadorallende.fuenlabrada\/2025\/01\/WhatsApp-Image-2025-01-15-at-20.13.36-1.jpeg 1500w\" sizes=\"auto, (max-width: 768px) 100vw, 768px\" \/><\/figure>\n\n\n\n<figure class=\"wp-block-image size-large\"><img loading=\"lazy\" decoding=\"async\" width=\"1024\" height=\"768\" data-id=\"4847\" src=\"https:\/\/site.educa.madrid.org\/ies.salvadorallende.fuenlabrada\/\/wp-content\/uploads\/ies.salvadorallende.fuenlabrada\/2025\/01\/WhatsApp-Image-2025-01-15-at-20.13.36-4-1024x768.jpeg\" alt=\"\" class=\"wp-image-4847\" srcset=\"https:\/\/site.educa.madrid.org\/ies.salvadorallende.fuenlabrada\/\/wp-content\/uploads\/ies.salvadorallende.fuenlabrada\/2025\/01\/WhatsApp-Image-2025-01-15-at-20.13.36-4-1024x768.jpeg 1024w, https:\/\/site.educa.madrid.org\/ies.salvadorallende.fuenlabrada\/\/wp-content\/uploads\/ies.salvadorallende.fuenlabrada\/2025\/01\/WhatsApp-Image-2025-01-15-at-20.13.36-4-300x225.jpeg 300w, https:\/\/site.educa.madrid.org\/ies.salvadorallende.fuenlabrada\/\/wp-content\/uploads\/ies.salvadorallende.fuenlabrada\/2025\/01\/WhatsApp-Image-2025-01-15-at-20.13.36-4-768x576.jpeg 768w, https:\/\/site.educa.madrid.org\/ies.salvadorallende.fuenlabrada\/\/wp-content\/uploads\/ies.salvadorallende.fuenlabrada\/2025\/01\/WhatsApp-Image-2025-01-15-at-20.13.36-4-1536x1152.jpeg 1536w, https:\/\/site.educa.madrid.org\/ies.salvadorallende.fuenlabrada\/\/wp-content\/uploads\/ies.salvadorallende.fuenlabrada\/2025\/01\/WhatsApp-Image-2025-01-15-at-20.13.36-4.jpeg 1600w\" sizes=\"auto, (max-width: 1024px) 100vw, 1024px\" \/><\/figure>\n\n\n\n<figure class=\"wp-block-image size-large\"><img loading=\"lazy\" decoding=\"async\" width=\"1024\" height=\"768\" data-id=\"4846\" src=\"https:\/\/site.educa.madrid.org\/ies.salvadorallende.fuenlabrada\/\/wp-content\/uploads\/ies.salvadorallende.fuenlabrada\/2025\/01\/WhatsApp-Image-2025-01-15-at-20.13.36-5-1024x768.jpeg\" alt=\"\" class=\"wp-image-4846\" srcset=\"https:\/\/site.educa.madrid.org\/ies.salvadorallende.fuenlabrada\/\/wp-content\/uploads\/ies.salvadorallende.fuenlabrada\/2025\/01\/WhatsApp-Image-2025-01-15-at-20.13.36-5-1024x768.jpeg 1024w, https:\/\/site.educa.madrid.org\/ies.salvadorallende.fuenlabrada\/\/wp-content\/uploads\/ies.salvadorallende.fuenlabrada\/2025\/01\/WhatsApp-Image-2025-01-15-at-20.13.36-5-300x225.jpeg 300w, https:\/\/site.educa.madrid.org\/ies.salvadorallende.fuenlabrada\/\/wp-content\/uploads\/ies.salvadorallende.fuenlabrada\/2025\/01\/WhatsApp-Image-2025-01-15-at-20.13.36-5-768x576.jpeg 768w, https:\/\/site.educa.madrid.org\/ies.salvadorallende.fuenlabrada\/\/wp-content\/uploads\/ies.salvadorallende.fuenlabrada\/2025\/01\/WhatsApp-Image-2025-01-15-at-20.13.36-5-1536x1152.jpeg 1536w, https:\/\/site.educa.madrid.org\/ies.salvadorallende.fuenlabrada\/\/wp-content\/uploads\/ies.salvadorallende.fuenlabrada\/2025\/01\/WhatsApp-Image-2025-01-15-at-20.13.36-5.jpeg 2000w\" sizes=\"auto, (max-width: 1024px) 100vw, 1024px\" \/><\/figure>\n<\/figure>\n<\/div>\n\n\n\n<div class=\"wp-block-column is-layout-flow wp-block-column-is-layout-flow\" style=\"flex-basis:33.33%\">\n<p>Nuestros alumnos de 2\u00ba del CFGS de *Sistemas de Telecomunicaciones e Inform\u00e1ticos* se han asomado a la *Facultad de Ciencias de la Informaci\u00f3n* para descubrir c\u00f3mo se forman otros estudiantes y aprender de primera mano c\u00f3mo trabajan los profesionales. \ud83d\udcbb\ud83d\udce1<\/p>\n\n\n\n<p>Un enorme agradecimiento a:&nbsp;<\/p>\n\n\n\n<p>\ud83c\udfac *Daniel Aparicio* de la V\u00eddeo Factor\u00eda&nbsp;<\/p>\n\n\n\n<p>\ud83c\udf9b\ufe0f *Paco Ballesteros y Jorge*, miembros del equipo t\u00e9cnico&nbsp;<\/p>\n\n\n\n<p>\ud83d\udcda *Almudena Mu\u00f1oz* del CAI de la UCM&nbsp;<\/p>\n\n\n\n<p>\ud83c\udf99\ufe0f Y en especial a *Lola Rodr\u00edguez* de @inforadio_ucm.&nbsp;<\/p>\n\n\n\n<p>\u00a1Gracias por abrirnos las puertas y compartir vuestro conocimiento con nosotros! \ud83d\ude4c\u2764\ufe0f<\/p>\n<\/div>\n<\/div>\n","protected":false},"excerpt":{"rendered":"<p>M\u00f3dulo Primer Trimestre Segundo Trimestre Tercer trimestre &nbsp; 1\u00ba STI &nbsp; &nbsp; &nbsp; &nbsp; &nbsp; FOL Charlas de ponentes externos en APEFormaci\u00f3n en emprendimiento en APEActividad emprendedora con posible salida &#8230;<\/p>\n","protected":false},"author":2,"featured_media":0,"parent":0,"menu_order":0,"comment_status":"closed","ping_status":"closed","template":"","meta":{"footnotes":""},"folder":[],"class_list":["post-1475","page","type-page","status-publish","hentry"],"rttpg_featured_image_url":null,"rttpg_author":{"display_name":"tic.ies.salvadorallende.fuenlabrada","author_link":"https:\/\/site.educa.madrid.org\/ies.salvadorallende.fuenlabrada\/index.php\/author\/cuenta_tic-ies-salvadorallende-fuenlabrada\/"},"rttpg_comment":0,"rttpg_category":false,"rttpg_excerpt":"M\u00f3dulo Primer Trimestre Segundo Trimestre Tercer trimestre &nbsp; 1\u00ba STI &nbsp; &nbsp; &nbsp; &nbsp; &nbsp; FOL Charlas de ponentes externos en APEFormaci\u00f3n en emprendimiento en APEActividad emprendedora con posible salida ...","post_mailing_queue_ids":[],"_links":{"self":[{"href":"https:\/\/site.educa.madrid.org\/ies.salvadorallende.fuenlabrada\/index.php\/wp-json\/wp\/v2\/pages\/1475","targetHints":{"allow":["GET"]}}],"collection":[{"href":"https:\/\/site.educa.madrid.org\/ies.salvadorallende.fuenlabrada\/index.php\/wp-json\/wp\/v2\/pages"}],"about":[{"href":"https:\/\/site.educa.madrid.org\/ies.salvadorallende.fuenlabrada\/index.php\/wp-json\/wp\/v2\/types\/page"}],"author":[{"embeddable":true,"href":"https:\/\/site.educa.madrid.org\/ies.salvadorallende.fuenlabrada\/index.php\/wp-json\/wp\/v2\/users\/2"}],"replies":[{"embeddable":true,"href":"https:\/\/site.educa.madrid.org\/ies.salvadorallende.fuenlabrada\/index.php\/wp-json\/wp\/v2\/comments?post=1475"}],"version-history":[{"count":11,"href":"https:\/\/site.educa.madrid.org\/ies.salvadorallende.fuenlabrada\/index.php\/wp-json\/wp\/v2\/pages\/1475\/revisions"}],"predecessor-version":[{"id":5556,"href":"https:\/\/site.educa.madrid.org\/ies.salvadorallende.fuenlabrada\/index.php\/wp-json\/wp\/v2\/pages\/1475\/revisions\/5556"}],"wp:attachment":[{"href":"https:\/\/site.educa.madrid.org\/ies.salvadorallende.fuenlabrada\/index.php\/wp-json\/wp\/v2\/media?parent=1475"}],"wp:term":[{"taxonomy":"folder","embeddable":true,"href":"https:\/\/site.educa.madrid.org\/ies.salvadorallende.fuenlabrada\/index.php\/wp-json\/wp\/v2\/folder?post=1475"}],"curies":[{"name":"wp","href":"https:\/\/api.w.org\/{rel}","templated":true}]}}