{"id":1908,"date":"2024-02-14T23:58:26","date_gmt":"2024-02-14T22:58:26","guid":{"rendered":"https:\/\/site.educa.madrid.org\/ies.salvadorallende.fuenlabrada\/?page_id=1908"},"modified":"2024-03-04T20:49:25","modified_gmt":"2024-03-04T19:49:25","slug":"refuerza","status":"publish","type":"page","link":"https:\/\/site.educa.madrid.org\/ies.salvadorallende.fuenlabrada\/index.php\/refuerza\/","title":{"rendered":"Refuerza"},"content":{"rendered":"<div class=\"wp-block-image\">\n<figure class=\"alignleft size-full is-resized\"><img decoding=\"async\" src=\"https:\/\/site.educa.madrid.org\/ies.salvadorallende.fuenlabrada\/\/wp-content\/uploads\/ies.salvadorallende.fuenlabrada\/2024\/03\/image-4-edited.png\" alt=\"\" class=\"wp-image-2749\" width=\"300\"\/><\/figure>\n<\/div>\n\n\n<p class=\"has-medium-font-size\">Est\u00e1 destinado a mejorar las perspectivas escolares de los alumnos con dificultades, en los cursos de ESO, a trav\u00e9s del trabajo o apoyo organizado para la adquisici\u00f3n de destrezas b\u00e1sicas, de la mejora en el h\u00e1bito lector y de la incorporaci\u00f3n plena al ritmo de trabajo ordinario y a las exigencias de las diferentes materias.<\/p>\n\n\n\n<p class=\"has-medium-font-size\">Los alumnos que participan en el programa vienen al centro 2 d\u00edas a la semana, lunes y mi\u00e9rcoles, 2 horas cada d\u00eda (de 16:00 a 18;00 1\u00ba y 2\u00ba ESO) (18:00 a 20:00 h 3\u00ba y 4\u00aa ESO), donde 2 educadores fomentar\u00e1n el aprendizaje de contenidos b\u00e1sicos de las materias instrumentales de Lengua y Matem\u00e1ticas, la lectura guiada, el trabajo de las actividades propuestas en clase, la resoluci\u00f3n de dudas y la adquisici\u00f3n de h\u00e1bitos y t\u00e9cnicas de estudio eficaces.<\/p>\n\n\n\n<p class=\"has-medium-font-size\">La participaci\u00f3n en el programa implica un compromiso de asistencia y aprovechamiento por parte de los alumnos participantes y sus familias.<\/p>\n\n\n\n<p class=\"has-medium-font-size\"><strong>DESTINATARIOS<\/strong><\/p>\n\n\n\n<p class=\"has-medium-font-size\">Ser\u00e1n destinatarios del programa REFUERZA los alumnos que cursen la Educaci\u00f3n Secundaria Obligatoria, preferentemente de los cursos primero, segundo y tercero. Los alumnos ser\u00e1n seleccionados por el equipo de profesores de cada uno de los grupos, a propuesta del tutor.<\/p>\n\n\n\n<p class=\"has-medium-font-size\"><strong>OBJETIVOS<\/strong><\/p>\n\n\n\n<ul class=\"wp-block-list\">\n<li class=\"has-medium-font-size\">Propiciar el \u00e9xito escolar de los alumnos.<\/li>\n\n\n\n<li class=\"has-medium-font-size\">Mejorar los resultados acad\u00e9micos.<\/li>\n\n\n\n<li class=\"has-medium-font-size\">Alcanzar un buen clima de convivencia en los centros.<\/li>\n\n\n\n<li class=\"has-medium-font-size\">Fomentar el sentido de responsabilidad, el trabajo en equipo y el af\u00e1n de superaci\u00f3n.<\/li>\n\n\n\n<li class=\"has-medium-font-size\">Facilitar la conciliaci\u00f3n de la vida laboral y familiar.<\/li>\n<\/ul>\n","protected":false},"excerpt":{"rendered":"<p>Est\u00e1 destinado a mejorar las perspectivas escolares de los alumnos con dificultades, en los cursos de ESO, a trav\u00e9s del trabajo o apoyo organizado para la adquisici\u00f3n de destrezas b\u00e1sicas, &#8230;<\/p>\n","protected":false},"author":2,"featured_media":0,"parent":0,"menu_order":0,"comment_status":"closed","ping_status":"closed","template":"","meta":{"footnotes":""},"folder":[],"class_list":["post-1908","page","type-page","status-publish","hentry"],"rttpg_featured_image_url":null,"rttpg_author":{"display_name":"tic.ies.salvadorallende.fuenlabrada","author_link":"https:\/\/site.educa.madrid.org\/ies.salvadorallende.fuenlabrada\/index.php\/author\/cuenta_tic-ies-salvadorallende-fuenlabrada\/"},"rttpg_comment":0,"rttpg_category":false,"rttpg_excerpt":"Est\u00e1 destinado a mejorar las perspectivas escolares de los alumnos con dificultades, en los cursos de ESO, a trav\u00e9s del trabajo o apoyo organizado para la adquisici\u00f3n de destrezas b\u00e1sicas, ...","post_mailing_queue_ids":[],"_links":{"self":[{"href":"https:\/\/site.educa.madrid.org\/ies.salvadorallende.fuenlabrada\/index.php\/wp-json\/wp\/v2\/pages\/1908","targetHints":{"allow":["GET"]}}],"collection":[{"href":"https:\/\/site.educa.madrid.org\/ies.salvadorallende.fuenlabrada\/index.php\/wp-json\/wp\/v2\/pages"}],"about":[{"href":"https:\/\/site.educa.madrid.org\/ies.salvadorallende.fuenlabrada\/index.php\/wp-json\/wp\/v2\/types\/page"}],"author":[{"embeddable":true,"href":"https:\/\/site.educa.madrid.org\/ies.salvadorallende.fuenlabrada\/index.php\/wp-json\/wp\/v2\/users\/2"}],"replies":[{"embeddable":true,"href":"https:\/\/site.educa.madrid.org\/ies.salvadorallende.fuenlabrada\/index.php\/wp-json\/wp\/v2\/comments?post=1908"}],"version-history":[{"count":7,"href":"https:\/\/site.educa.madrid.org\/ies.salvadorallende.fuenlabrada\/index.php\/wp-json\/wp\/v2\/pages\/1908\/revisions"}],"predecessor-version":[{"id":2750,"href":"https:\/\/site.educa.madrid.org\/ies.salvadorallende.fuenlabrada\/index.php\/wp-json\/wp\/v2\/pages\/1908\/revisions\/2750"}],"wp:attachment":[{"href":"https:\/\/site.educa.madrid.org\/ies.salvadorallende.fuenlabrada\/index.php\/wp-json\/wp\/v2\/media?parent=1908"}],"wp:term":[{"taxonomy":"folder","embeddable":true,"href":"https:\/\/site.educa.madrid.org\/ies.salvadorallende.fuenlabrada\/index.php\/wp-json\/wp\/v2\/folder?post=1908"}],"curies":[{"name":"wp","href":"https:\/\/api.w.org\/{rel}","templated":true}]}}