{"id":1995,"date":"2024-02-20T23:26:02","date_gmt":"2024-02-20T22:26:02","guid":{"rendered":"https:\/\/site.educa.madrid.org\/ies.salvadorallende.fuenlabrada\/?page_id=1995"},"modified":"2026-02-01T20:05:58","modified_gmt":"2026-02-01T19:05:58","slug":"alumnos-as-ayudantes-y-mediadores","status":"publish","type":"page","link":"https:\/\/site.educa.madrid.org\/ies.salvadorallende.fuenlabrada\/index.php\/alumnos-as-ayudantes-y-mediadores\/","title":{"rendered":"Alumnos\/as Ayudantes"},"content":{"rendered":"\n<p>En el IES Salvador Allende llevamos varios a\u00f1os desarrollando el proyecto de alumnos ayudantes y de alumnos mediadores. Los objetivos principales de ambos programas son:<\/p>\n\n\n\n<ol class=\"wp-block-list\">\n<li>Disminuir la conflictividad en el IES y fomentar la buena convivencia.<\/li>\n\n\n\n<li>Prevenir los casos de acoso.<\/li>\n\n\n\n<li>Favorecer la mejora de las relaciones y el buen ambiente en el Centro.<\/li>\n<\/ol>\n\n\n\n<p>Estamos en proceso continuo de formaci\u00f3n y ya hemos organizado muchas actividades como, por ejemplo:<\/p>\n\n\n\n<ol class=\"wp-block-list\">\n<li>Cada 14 de febrero celebramos \u201cSan Pirul\u00edn\u201d y repartimos unas 1200 piruletas en el Instituto. Lo recaudado es para el comedor social \u201cla Casita\u201d.<\/li>\n\n\n\n<li>Participamos en las jornadas de puertas abiertas explicando el funcionamiento de nuestro Instituto a las familias que vendr\u00e1n.<\/li>\n\n\n\n<li>Los alumnos y alumnas ayudantes organizan el primer d\u00eda del curso actividades y din\u00e1micas de acogida y presentaci\u00f3n para los alumnos reci\u00e9n llegados a 1\u00baESO.<\/li>\n\n\n\n<li>En 1\u00ba y 2\u00ba de ESO se dan charlas explicando nuestro proyecto con el objetivo de animarles a que se impliquen.<\/li>\n\n\n\n<li>Cada a\u00f1o asistimos a una jornada de convivencia y formaci\u00f3n en el Espacio Joven \u201cLa Plaza\u201d.<\/li>\n\n\n\n<li>Los alumnos ayudantes veteranos preparan un taller de t\u00e9cnicas de estudio para el alumnado de 1\u00baESO.<\/li>\n\n\n\n<li>Hemos dado una charla formativa en otro Instituto donde contamos nuestra experiencia.<\/li>\n\n\n\n<li>Participamos activamente en las jornadas intercentros de alumnos-as ayudantes de Fuenlabrada.<\/li>\n<\/ol>\n\n\n\n<p>Somos muchos los alumnos y alumnas de todos los niveles y varios profesores los implicados en el proyecto. El objetivo es seguir avanzando en la idea de favorecer un clima de convivencia cada vez mejor en el Salvador Allende.<\/p>\n\n\n\n<div style=\"height:50px\" aria-hidden=\"true\" class=\"wp-block-spacer\"><\/div>\n\n\n\n<p class=\"has-text-align-center\"><strong>Dejamos algunas im\u00e1genes de las actividades realizadas en este proyecto<\/strong><\/p>\n\n\n\n<div style=\"height:50px\" aria-hidden=\"true\" class=\"wp-block-spacer\"><\/div>\n\n\n\n<div class=\"wp-block-columns is-layout-flex wp-container-core-columns-is-layout-9d6595d7 wp-block-columns-is-layout-flex\">\n<div class=\"wp-block-column is-layout-flow wp-block-column-is-layout-flow\">\n<figure class=\"wp-block-image size-large\"><img loading=\"lazy\" decoding=\"async\" width=\"819\" height=\"1024\" src=\"https:\/\/site.educa.madrid.org\/ies.salvadorallende.fuenlabrada\/\/wp-content\/uploads\/ies.salvadorallende.fuenlabrada\/2026\/02\/SAN-PIRULIN-2026-819x1024.png\" alt=\"\" class=\"wp-image-7762\" srcset=\"https:\/\/site.educa.madrid.org\/ies.salvadorallende.fuenlabrada\/\/wp-content\/uploads\/ies.salvadorallende.fuenlabrada\/2026\/02\/SAN-PIRULIN-2026-819x1024.png 819w, https:\/\/site.educa.madrid.org\/ies.salvadorallende.fuenlabrada\/\/wp-content\/uploads\/ies.salvadorallende.fuenlabrada\/2026\/02\/SAN-PIRULIN-2026-240x300.png 240w, https:\/\/site.educa.madrid.org\/ies.salvadorallende.fuenlabrada\/\/wp-content\/uploads\/ies.salvadorallende.fuenlabrada\/2026\/02\/SAN-PIRULIN-2026-768x960.png 768w, https:\/\/site.educa.madrid.org\/ies.salvadorallende.fuenlabrada\/\/wp-content\/uploads\/ies.salvadorallende.fuenlabrada\/2026\/02\/SAN-PIRULIN-2026.png 1080w\" sizes=\"auto, (max-width: 819px) 100vw, 819px\" \/><\/figure>\n<\/div>\n\n\n\n<div class=\"wp-block-column is-layout-flow wp-block-column-is-layout-flow\">\n<p>\u00a1San Pirul\u00edn est\u00e1 aqu\u00ed! \ud83d\udc96\ud83c\udf89<br>Este *14 de febrero, celebremos el amor y la amistad *<em>regalando piruletas<\/em> \ud83c\udf6d a nuestros amigos. \u00a1No te olvides de incluir una dedicatoria bien dulce! \ud83d\udcdd\u2728<\/p>\n\n\n\n<p>\ud83d\udccc <em>Precios:<\/em><br>\ud83d\udc69\u200d\ud83c\udf93 <em>Alumnado:<\/em> 1\u20ac<br>\ud83d\udc68\u200d\ud83c\udfeb <em>Profes:<\/em> 2\u20ac<\/p>\n\n\n\n<p>\u23f3 <em>Plazo para hacer tu encargo:<\/em> <\/p>\n\n\n\n<p>\ud83d\udd39 1\u00ba y 2\u00ba ESO: 2 y 3 de febrero en el recreo entre los eidificos F y G<\/p>\n\n\n\n<p>\ud83d\udd39Ciclos de Sanidad turno de tarde: 2 y 4 de febrero durante el recreo delante del edificio S<br><br>\ud83d\udd39Ciclos de Sanidad turno de ma\u00f1ana: 4 y 5 de febrero durante el recreo delante del edificio S<br><\/p>\n\n\n\n<p>\ud83d\udd39 3\u00ba, 4\u00ba ESO, GB, Bachillerato, ciclos de Electricidad y Electr\u00f3nica: 9 y 10 de febrero en el recreo en el patio del edificio A<\/p>\n\n\n\n<p>\u00a1Haz tu pedido y endulza el d\u00eda de alguien especial! \ud83c\udf6c\ud83d\udc9d<\/p>\n<\/div>\n<\/div>\n\n\n\n<div class=\"wp-block-columns is-layout-flex wp-container-core-columns-is-layout-9d6595d7 wp-block-columns-is-layout-flex\">\n<div class=\"wp-block-column is-layout-flow wp-block-column-is-layout-flow\">\n<p class=\"has-text-align-center\"><strong>Celebraci\u00f3n del d\u00eda de la PAZ<\/strong><\/p>\n\n\n<div class=\"n2-section-smartslider fitvidsignore  n2_clear\" data-ssid=\"25\"><div id=\"n2-ss-25-align\" class=\"n2-ss-align\"><div class=\"n2-padding\"><div id=\"n2-ss-25\" data-creator=\"Smart Slider 3\" data-responsive=\"auto\" class=\"n2-ss-slider n2-ow n2-has-hover n2notransition  \"><div class=\"n2-ss-slider-wrapper-inside\">\n        <div class=\"n2-ss-slider-1 n2_ss__touch_element n2-ow\">\n            <div class=\"n2-ss-slider-2 n2-ow\">\n                                                <div class=\"n2-ss-slider-3 n2-ow\">\n\n                    <div class=\"n2-ss-slide-backgrounds n2-ow-all\"><div class=\"n2-ss-slide-background\" data-public-id=\"1\" data-mode=\"fit\"><div class=\"n2-ss-slide-background-image\" data-blur=\"0\" data-opacity=\"100\" data-x=\"50\" data-y=\"50\" data-alt=\"\" data-title=\"\"><picture class=\"skip-lazy\" data-skip-lazy=\"1\"><img decoding=\"async\" src=\"\/\/site.educa.madrid.org\/ies.salvadorallende.fuenlabrada\/\/wp-content\/uploads\/ies.salvadorallende.fuenlabrada\/slider25\/DIADELAPAZ.png\" alt=\"\" title=\"\" loading=\"lazy\" class=\"skip-lazy\" data-skip-lazy=\"1\"><\/picture><\/div><div data-color=\"RGBA(255,255,255,0)\" style=\"background-color: RGBA(255,255,255,0);\" class=\"n2-ss-slide-background-color\"><\/div><\/div><div class=\"n2-ss-slide-background\" data-public-id=\"2\" data-mode=\"fit\"><div class=\"n2-ss-slide-background-image\" data-blur=\"0\" data-opacity=\"100\" data-x=\"50\" data-y=\"50\" data-alt=\"\" data-title=\"\"><picture class=\"skip-lazy\" data-skip-lazy=\"1\"><img decoding=\"async\" src=\"\/\/site.educa.madrid.org\/ies.salvadorallende.fuenlabrada\/\/wp-content\/uploads\/ies.salvadorallende.fuenlabrada\/slider25\/WhatsAppImage2025-02-02at1938351.jpeg\" alt=\"\" title=\"\" loading=\"lazy\" class=\"skip-lazy\" data-skip-lazy=\"1\"><\/picture><\/div><div data-color=\"RGBA(255,255,255,0)\" style=\"background-color: RGBA(255,255,255,0);\" class=\"n2-ss-slide-background-color\"><\/div><\/div><div class=\"n2-ss-slide-background\" data-public-id=\"3\" data-mode=\"fit\"><div class=\"n2-ss-slide-background-image\" data-blur=\"0\" data-opacity=\"100\" data-x=\"50\" data-y=\"50\" data-alt=\"\" data-title=\"\"><picture class=\"skip-lazy\" data-skip-lazy=\"1\"><img decoding=\"async\" src=\"\/\/site.educa.madrid.org\/ies.salvadorallende.fuenlabrada\/\/wp-content\/uploads\/ies.salvadorallende.fuenlabrada\/slider25\/WhatsAppImage2025-02-02at193838.jpeg\" alt=\"\" title=\"\" loading=\"lazy\" class=\"skip-lazy\" data-skip-lazy=\"1\"><\/picture><\/div><div data-color=\"RGBA(255,255,255,0)\" style=\"background-color: RGBA(255,255,255,0);\" class=\"n2-ss-slide-background-color\"><\/div><\/div><div class=\"n2-ss-slide-background\" data-public-id=\"4\" data-mode=\"fit\"><div class=\"n2-ss-slide-background-image\" data-blur=\"0\" data-opacity=\"100\" data-x=\"50\" data-y=\"50\" data-alt=\"\" data-title=\"\"><picture class=\"skip-lazy\" data-skip-lazy=\"1\"><img decoding=\"async\" src=\"\/\/site.educa.madrid.org\/ies.salvadorallende.fuenlabrada\/\/wp-content\/uploads\/ies.salvadorallende.fuenlabrada\/slider25\/WhatsAppImage2025-02-02at1938374.jpeg\" alt=\"\" title=\"\" loading=\"lazy\" class=\"skip-lazy\" data-skip-lazy=\"1\"><\/picture><\/div><div data-color=\"RGBA(255,255,255,0)\" style=\"background-color: RGBA(255,255,255,0);\" class=\"n2-ss-slide-background-color\"><\/div><\/div><div class=\"n2-ss-slide-background\" data-public-id=\"5\" data-mode=\"fit\"><div class=\"n2-ss-slide-background-image\" data-blur=\"0\" data-opacity=\"100\" data-x=\"50\" data-y=\"50\" data-alt=\"\" data-title=\"\"><picture class=\"skip-lazy\" data-skip-lazy=\"1\"><img decoding=\"async\" src=\"\/\/site.educa.madrid.org\/ies.salvadorallende.fuenlabrada\/\/wp-content\/uploads\/ies.salvadorallende.fuenlabrada\/slider25\/WhatsAppImage2025-02-02at1938373.jpeg\" alt=\"\" title=\"\" loading=\"lazy\" class=\"skip-lazy\" data-skip-lazy=\"1\"><\/picture><\/div><div data-color=\"RGBA(255,255,255,0)\" style=\"background-color: RGBA(255,255,255,0);\" class=\"n2-ss-slide-background-color\"><\/div><\/div><div class=\"n2-ss-slide-background\" data-public-id=\"6\" data-mode=\"fit\"><div class=\"n2-ss-slide-background-image\" data-blur=\"0\" data-opacity=\"100\" data-x=\"50\" data-y=\"50\" data-alt=\"\" data-title=\"\"><picture class=\"skip-lazy\" data-skip-lazy=\"1\"><img decoding=\"async\" src=\"\/\/site.educa.madrid.org\/ies.salvadorallende.fuenlabrada\/\/wp-content\/uploads\/ies.salvadorallende.fuenlabrada\/slider25\/WhatsAppImage2025-02-02at1938372.jpeg\" alt=\"\" title=\"\" loading=\"lazy\" class=\"skip-lazy\" data-skip-lazy=\"1\"><\/picture><\/div><div data-color=\"RGBA(255,255,255,0)\" style=\"background-color: RGBA(255,255,255,0);\" class=\"n2-ss-slide-background-color\"><\/div><\/div><div class=\"n2-ss-slide-background\" data-public-id=\"7\" data-mode=\"fit\"><div class=\"n2-ss-slide-background-image\" data-blur=\"0\" data-opacity=\"100\" data-x=\"50\" data-y=\"50\" data-alt=\"\" data-title=\"\"><picture class=\"skip-lazy\" data-skip-lazy=\"1\"><img decoding=\"async\" src=\"\/\/site.educa.madrid.org\/ies.salvadorallende.fuenlabrada\/\/wp-content\/uploads\/ies.salvadorallende.fuenlabrada\/slider25\/WhatsAppImage2025-02-02at1938371.jpeg\" alt=\"\" title=\"\" loading=\"lazy\" class=\"skip-lazy\" data-skip-lazy=\"1\"><\/picture><\/div><div data-color=\"RGBA(255,255,255,0)\" style=\"background-color: RGBA(255,255,255,0);\" class=\"n2-ss-slide-background-color\"><\/div><\/div><div class=\"n2-ss-slide-background\" data-public-id=\"8\" data-mode=\"fit\"><div class=\"n2-ss-slide-background-image\" data-blur=\"0\" data-opacity=\"100\" data-x=\"50\" data-y=\"50\" data-alt=\"\" data-title=\"\"><picture class=\"skip-lazy\" data-skip-lazy=\"1\"><img decoding=\"async\" src=\"\/\/site.educa.madrid.org\/ies.salvadorallende.fuenlabrada\/\/wp-content\/uploads\/ies.salvadorallende.fuenlabrada\/slider25\/WhatsAppImage2025-02-02at193837.jpeg\" alt=\"\" title=\"\" loading=\"lazy\" class=\"skip-lazy\" data-skip-lazy=\"1\"><\/picture><\/div><div data-color=\"RGBA(255,255,255,0)\" style=\"background-color: RGBA(255,255,255,0);\" class=\"n2-ss-slide-background-color\"><\/div><\/div><div class=\"n2-ss-slide-background\" data-public-id=\"9\" data-mode=\"fit\"><div class=\"n2-ss-slide-background-image\" data-blur=\"0\" data-opacity=\"100\" data-x=\"50\" data-y=\"50\" data-alt=\"\" data-title=\"\"><picture class=\"skip-lazy\" data-skip-lazy=\"1\"><img decoding=\"async\" src=\"\/\/site.educa.madrid.org\/ies.salvadorallende.fuenlabrada\/\/wp-content\/uploads\/ies.salvadorallende.fuenlabrada\/slider25\/WhatsAppImage2025-02-02at1938361.jpeg\" alt=\"\" title=\"\" loading=\"lazy\" class=\"skip-lazy\" data-skip-lazy=\"1\"><\/picture><\/div><div data-color=\"RGBA(255,255,255,0)\" style=\"background-color: RGBA(255,255,255,0);\" class=\"n2-ss-slide-background-color\"><\/div><\/div><div class=\"n2-ss-slide-background\" data-public-id=\"10\" data-mode=\"fit\"><div class=\"n2-ss-slide-background-image\" data-blur=\"0\" data-opacity=\"100\" data-x=\"50\" data-y=\"50\" data-alt=\"\" data-title=\"\"><picture class=\"skip-lazy\" data-skip-lazy=\"1\"><img decoding=\"async\" src=\"\/\/site.educa.madrid.org\/ies.salvadorallende.fuenlabrada\/\/wp-content\/uploads\/ies.salvadorallende.fuenlabrada\/slider25\/WhatsAppImage2025-02-02at1938351.jpeg\" alt=\"\" title=\"\" loading=\"lazy\" class=\"skip-lazy\" data-skip-lazy=\"1\"><\/picture><\/div><div data-color=\"RGBA(255,255,255,0)\" style=\"background-color: RGBA(255,255,255,0);\" class=\"n2-ss-slide-background-color\"><\/div><\/div><\/div>                    <div class=\"n2-ss-slider-4 n2-ow\">\n                        <svg xmlns=\"http:\/\/www.w3.org\/2000\/svg\" viewBox=\"0 0 500 500\" data-related-device=\"desktopPortrait\" class=\"n2-ow n2-ss-preserve-size n2-ss-preserve-size--slider n2-ss-slide-limiter\"><\/svg><div data-first=\"1\" data-slide-duration=\"0\" data-id=\"238\" data-slide-public-id=\"1\" data-title=\"DIADELAPAZ\" class=\"n2-ss-slide n2-ow  n2-ss-slide-238\"><div role=\"note\" class=\"n2-ss-slide--focus\" tabindex=\"-1\">DIADELAPAZ<\/div><div class=\"n2-ss-layers-container n2-ss-slide-limiter n2-ow\"><div class=\"n2-ss-layer n2-ow n-uc-kEZwy7gHlGQv\" data-sstype=\"slide\" data-pm=\"default\"><\/div><\/div><\/div><div data-slide-duration=\"0\" data-id=\"239\" data-slide-public-id=\"2\" data-title=\"WhatsAppImage2025-02-02at1938351\" class=\"n2-ss-slide n2-ow  n2-ss-slide-239\"><div role=\"note\" class=\"n2-ss-slide--focus\" tabindex=\"-1\">WhatsAppImage2025-02-02at1938351<\/div><div class=\"n2-ss-layers-container n2-ss-slide-limiter n2-ow\"><div class=\"n2-ss-layer n2-ow n-uc-wMQipfS1o73u\" data-sstype=\"slide\" data-pm=\"default\"><\/div><\/div><\/div><div data-slide-duration=\"0\" data-id=\"248\" data-slide-public-id=\"3\" data-title=\"WhatsAppImage2025-02-02at193838\" class=\"n2-ss-slide n2-ow  n2-ss-slide-248\"><div role=\"note\" class=\"n2-ss-slide--focus\" tabindex=\"-1\">WhatsAppImage2025-02-02at193838<\/div><div class=\"n2-ss-layers-container n2-ss-slide-limiter n2-ow\"><div class=\"n2-ss-layer n2-ow n-uc-XfarZy6mbjHp\" data-sstype=\"slide\" data-pm=\"default\"><\/div><\/div><\/div><div data-slide-duration=\"0\" data-id=\"247\" data-slide-public-id=\"4\" data-title=\"WhatsAppImage2025-02-02at1938374\" class=\"n2-ss-slide n2-ow  n2-ss-slide-247\"><div role=\"note\" class=\"n2-ss-slide--focus\" tabindex=\"-1\">WhatsAppImage2025-02-02at1938374<\/div><div class=\"n2-ss-layers-container n2-ss-slide-limiter n2-ow\"><div class=\"n2-ss-layer n2-ow n-uc-hwfc4y21lkQb\" data-sstype=\"slide\" data-pm=\"default\"><\/div><\/div><\/div><div data-slide-duration=\"0\" data-id=\"246\" data-slide-public-id=\"5\" data-title=\"WhatsAppImage2025-02-02at1938373\" class=\"n2-ss-slide n2-ow  n2-ss-slide-246\"><div role=\"note\" class=\"n2-ss-slide--focus\" tabindex=\"-1\">WhatsAppImage2025-02-02at1938373<\/div><div class=\"n2-ss-layers-container n2-ss-slide-limiter n2-ow\"><div class=\"n2-ss-layer n2-ow n-uc-SrTr0pmMtmyI\" data-sstype=\"slide\" data-pm=\"default\"><\/div><\/div><\/div><div data-slide-duration=\"0\" data-id=\"249\" data-slide-public-id=\"6\" data-title=\"WhatsAppImage2025-02-02at1938372\" class=\"n2-ss-slide n2-ow  n2-ss-slide-249\"><div role=\"note\" class=\"n2-ss-slide--focus\" tabindex=\"-1\">WhatsAppImage2025-02-02at1938372<\/div><div class=\"n2-ss-layers-container n2-ss-slide-limiter n2-ow\"><div class=\"n2-ss-layer n2-ow n-uc-yty5RuXStDO5\" data-sstype=\"slide\" data-pm=\"default\"><\/div><\/div><\/div><div data-slide-duration=\"0\" data-id=\"241\" data-slide-public-id=\"7\" data-title=\"WhatsAppImage2025-02-02at1938371\" class=\"n2-ss-slide n2-ow  n2-ss-slide-241\"><div role=\"note\" class=\"n2-ss-slide--focus\" tabindex=\"-1\">WhatsAppImage2025-02-02at1938371<\/div><div class=\"n2-ss-layers-container n2-ss-slide-limiter n2-ow\"><div class=\"n2-ss-layer n2-ow n-uc-OxeqmlEReAPz\" data-sstype=\"slide\" data-pm=\"default\"><\/div><\/div><\/div><div data-slide-duration=\"0\" data-id=\"240\" data-slide-public-id=\"8\" data-title=\"WhatsAppImage2025-02-02at193837\" class=\"n2-ss-slide n2-ow  n2-ss-slide-240\"><div role=\"note\" class=\"n2-ss-slide--focus\" tabindex=\"-1\">WhatsAppImage2025-02-02at193837<\/div><div class=\"n2-ss-layers-container n2-ss-slide-limiter n2-ow\"><div class=\"n2-ss-layer n2-ow n-uc-8Ws6WmKMKmgQ\" data-sstype=\"slide\" data-pm=\"default\"><\/div><\/div><\/div><div data-slide-duration=\"0\" data-id=\"243\" data-slide-public-id=\"9\" data-title=\"WhatsAppImage2025-02-02at1938361\" class=\"n2-ss-slide n2-ow  n2-ss-slide-243\"><div role=\"note\" class=\"n2-ss-slide--focus\" tabindex=\"-1\">WhatsAppImage2025-02-02at1938361<\/div><div class=\"n2-ss-layers-container n2-ss-slide-limiter n2-ow\"><div class=\"n2-ss-layer n2-ow n-uc-KDjkrtrvEL8q\" data-sstype=\"slide\" data-pm=\"default\"><\/div><\/div><\/div><div data-slide-duration=\"0\" data-id=\"244\" data-slide-public-id=\"10\" data-title=\"WhatsAppImage2025-02-02at1938351\" class=\"n2-ss-slide n2-ow  n2-ss-slide-244\"><div role=\"note\" class=\"n2-ss-slide--focus\" tabindex=\"-1\">WhatsAppImage2025-02-02at1938351<\/div><div class=\"n2-ss-layers-container n2-ss-slide-limiter n2-ow\"><div class=\"n2-ss-layer n2-ow n-uc-wrkEaDUYONx5\" data-sstype=\"slide\" data-pm=\"default\"><\/div><\/div><\/div>                    <\/div>\n\n                                    <\/div>\n            <\/div>\n        <\/div>\n        <div class=\"n2-ss-slider-controls n2-ss-slider-controls-absolute-left-center\"><div style=\"--widget-offset:15px;\" class=\"n2-ss-widget nextend-arrow n2-ow-all nextend-arrow-previous  nextend-arrow-animated-fade\" data-hide-mobileportrait=\"1\" id=\"n2-ss-25-arrow-previous\" role=\"button\" aria-label=\"previous arrow\" tabindex=\"0\"><img loading=\"lazy\" decoding=\"async\" width=\"32\" height=\"32\" class=\"skip-lazy\" data-skip-lazy=\"1\" src=\"data:image\/svg+xml;base64,PHN2ZyB3aWR0aD0iMzIiIGhlaWdodD0iMzIiIHZpZXdCb3g9IjAgMCAzMiAzMiIgeG1sbnM9Imh0dHA6Ly93d3cudzMub3JnLzIwMDAvc3ZnIj4KICAgIDxwYXRoIGQ9Ik0xMS40MzMgMTUuOTkyTDIyLjY5IDUuNzEyYy4zOTMtLjM5LjM5My0xLjAzIDAtMS40Mi0uMzkzLS4zOS0xLjAzLS4zOS0xLjQyMyAwbC0xMS45OCAxMC45NGMtLjIxLjIxLS4zLjQ5LS4yODUuNzYtLjAxNS4yOC4wNzUuNTYuMjg0Ljc3bDExLjk4IDEwLjk0Yy4zOTMuMzkgMS4wMy4zOSAxLjQyNCAwIC4zOTMtLjQuMzkzLTEuMDMgMC0xLjQybC0xMS4yNTctMTAuMjkiCiAgICAgICAgICBmaWxsPSIjZmZmZmZmIiBvcGFjaXR5PSIwLjgiIGZpbGwtcnVsZT0iZXZlbm9kZCIvPgo8L3N2Zz4=\" alt=\"previous arrow\"><\/div><\/div><div class=\"n2-ss-slider-controls n2-ss-slider-controls-absolute-right-center\"><div style=\"--widget-offset:15px;\" class=\"n2-ss-widget nextend-arrow n2-ow-all nextend-arrow-next  nextend-arrow-animated-fade\" data-hide-mobileportrait=\"1\" id=\"n2-ss-25-arrow-next\" role=\"button\" aria-label=\"next arrow\" tabindex=\"0\"><img loading=\"lazy\" decoding=\"async\" width=\"32\" height=\"32\" class=\"skip-lazy\" data-skip-lazy=\"1\" src=\"data:image\/svg+xml;base64,PHN2ZyB3aWR0aD0iMzIiIGhlaWdodD0iMzIiIHZpZXdCb3g9IjAgMCAzMiAzMiIgeG1sbnM9Imh0dHA6Ly93d3cudzMub3JnLzIwMDAvc3ZnIj4KICAgIDxwYXRoIGQ9Ik0xMC43MjIgNC4yOTNjLS4zOTQtLjM5LTEuMDMyLS4zOS0xLjQyNyAwLS4zOTMuMzktLjM5MyAxLjAzIDAgMS40MmwxMS4yODMgMTAuMjgtMTEuMjgzIDEwLjI5Yy0uMzkzLjM5LS4zOTMgMS4wMiAwIDEuNDIuMzk1LjM5IDEuMDMzLjM5IDEuNDI3IDBsMTIuMDA3LTEwLjk0Yy4yMS0uMjEuMy0uNDkuMjg0LS43Ny4wMTQtLjI3LS4wNzYtLjU1LS4yODYtLjc2TDEwLjcyIDQuMjkzeiIKICAgICAgICAgIGZpbGw9IiNmZmZmZmYiIG9wYWNpdHk9IjAuOCIgZmlsbC1ydWxlPSJldmVub2RkIi8+Cjwvc3ZnPg==\" alt=\"next arrow\"><\/div><\/div><\/div><\/div><ss3-loader><\/ss3-loader><\/div><\/div><div class=\"n2_clear\"><\/div><\/div><\/div>\n\n\n\n<div class=\"wp-block-column is-layout-flow wp-block-column-is-layout-flow\">\n<p><\/p>\n\n\n\n<h3 class=\"wp-block-heading has-small-font-size\"><strong>Sadako y la leyenda de las mil grullas: Un s\u00edmbolo de paz y esperanza<\/strong><\/h3>\n\n\n\n<p class=\"has-small-font-size\">El 6 de agosto de 1945, en el contexto de la Segunda Guerra Mundial, Estados Unidos lanz\u00f3 una bomba at\u00f3mica sobre la ciudad de Hiroshima (Jap\u00f3n) con el objetivo de forzar la rendici\u00f3n del pa\u00eds. La devastaci\u00f3n fue inmensa: m\u00e1s de 140.000 personas fallecieron, y muchas otras sufrieron los efectos de la radiaci\u00f3n durante a\u00f1os.<\/p>\n\n\n\n<p class=\"has-small-font-size\">Entre los supervivientes estaba Sadako Sasaki, una ni\u00f1a de apenas tres a\u00f1os. Diez a\u00f1os despu\u00e9s, en 1954, fue diagnosticada con leucemia, una consecuencia de la exposici\u00f3n a la radiaci\u00f3n.<\/p>\n\n\n\n<p class=\"has-small-font-size\">Durante su estancia en el hospital, una amiga le habl\u00f3 de una antigua leyenda japonesa:<br><em>\u00abSi una persona logra hacer mil grullas de papel, los dioses conceder\u00e1n su deseo.\u00bb<\/em><\/p>\n\n\n\n<p class=\"has-small-font-size\">Con esperanza y determinaci\u00f3n, Sadako comenz\u00f3 a plegar grullas con el deseo de sanar y vivir. Sin embargo, su enfermedad avanz\u00f3 r\u00e1pidamente y solo logr\u00f3 completar 644 grullas antes de fallecer.<\/p>\n\n\n\n<p class=\"has-small-font-size\">En el <strong>IES Salvador Allende<\/strong>, se ha llevado a cabo la construcci\u00f3n de las 356 grullas restantes para honrar su memoria y reafirmar el mensaje que su historia dej\u00f3 al mundo: <strong>esperanza, superaci\u00f3n y la importancia de la paz y la convivencia<\/strong>.<\/p>\n<\/div>\n<\/div>\n\n\n\n<hr class=\"wp-block-separator has-alpha-channel-opacity\"\/>\n\n\n\n<div class=\"wp-block-columns is-layout-flex wp-container-core-columns-is-layout-9d6595d7 wp-block-columns-is-layout-flex\">\n<div class=\"wp-block-column is-layout-flow wp-block-column-is-layout-flow\">\n<figure class=\"wp-block-video\"><video height=\"1080\" style=\"aspect-ratio: 1080 \/ 1080;\" width=\"1080\" controls src=\"https:\/\/site.educa.madrid.org\/ies.salvadorallende.fuenlabrada\/\/wp-content\/uploads\/ies.salvadorallende.fuenlabrada\/2024\/03\/JORNADAS-DE-PUERTAS-ABIERTAS-ESO-1.mp4\"><\/video><\/figure>\n\n\n\n<p>Participaci\u00f3n en la Jornada de puertas abiertas.<\/p>\n<\/div>\n\n\n\n<div class=\"wp-block-column is-layout-flow wp-block-column-is-layout-flow\">\n<figure class=\"wp-block-video\"><video height=\"1080\" style=\"aspect-ratio: 1080 \/ 1080;\" width=\"1080\" controls src=\"https:\/\/site.educa.madrid.org\/ies.salvadorallende.fuenlabrada\/\/wp-content\/uploads\/ies.salvadorallende.fuenlabrada\/2024\/03\/ALUMNOS-AYUDANTES.mp4\"><\/video><\/figure>\n\n\n\n<p>Preparando San Clavel\u00edn<\/p>\n<\/div>\n\n\n\n<div class=\"wp-block-column is-layout-flow wp-block-column-is-layout-flow\">\n<figure class=\"wp-block-video\"><video height=\"1080\" style=\"aspect-ratio: 1080 \/ 1080;\" width=\"1080\" controls src=\"https:\/\/site.educa.madrid.org\/ies.salvadorallende.fuenlabrada\/\/wp-content\/uploads\/ies.salvadorallende.fuenlabrada\/2024\/03\/ENCUENTRO-ENTRE-CENTROS-2023-1.mp4\"><\/video><\/figure>\n\n\n\n<p>Encuentro entre centros con proyecto de alumnos ayudantes<\/p>\n<\/div>\n<\/div>\n\n\n\n<div class=\"wp-block-columns is-layout-flex wp-container-core-columns-is-layout-9d6595d7 wp-block-columns-is-layout-flex\">\n<div class=\"wp-block-column is-layout-flow wp-block-column-is-layout-flow\">\n<figure class=\"wp-block-video\"><video height=\"1080\" style=\"aspect-ratio: 1080 \/ 1080;\" width=\"1080\" controls src=\"https:\/\/site.educa.madrid.org\/ies.salvadorallende.fuenlabrada\/\/wp-content\/uploads\/ies.salvadorallende.fuenlabrada\/2024\/03\/21D-J-CONVIVENCIA.mp4\"><\/video><\/figure>\n\n\n\n<p>Jornada de convivencia de alumnos ayudantes<\/p>\n<\/div>\n\n\n\n<div class=\"wp-block-column is-layout-flow wp-block-column-is-layout-flow\">\n<figure class=\"wp-block-video\"><video height=\"1080\" style=\"aspect-ratio: 1080 \/ 1080;\" width=\"1080\" controls src=\"https:\/\/site.educa.madrid.org\/ies.salvadorallende.fuenlabrada\/\/wp-content\/uploads\/ies.salvadorallende.fuenlabrada\/2024\/03\/tecnicas-de-estudio.mp4\"><\/video><\/figure>\n\n\n\n<p>Trabajando t\u00e9cnicas de estudio con los alumnos de 1\u00ba ESO<\/p>\n<\/div>\n<\/div>\n","protected":false},"excerpt":{"rendered":"<p>En el IES Salvador Allende llevamos varios a\u00f1os desarrollando el proyecto de alumnos ayudantes y de alumnos mediadores. Los objetivos principales de ambos programas son: Estamos en proceso continuo de &#8230;<\/p>\n","protected":false},"author":2,"featured_media":0,"parent":0,"menu_order":0,"comment_status":"closed","ping_status":"closed","template":"","meta":{"footnotes":""},"folder":[],"class_list":["post-1995","page","type-page","status-publish","hentry"],"rttpg_featured_image_url":null,"rttpg_author":{"display_name":"tic.ies.salvadorallende.fuenlabrada","author_link":"https:\/\/site.educa.madrid.org\/ies.salvadorallende.fuenlabrada\/index.php\/author\/cuenta_tic-ies-salvadorallende-fuenlabrada\/"},"rttpg_comment":0,"rttpg_category":false,"rttpg_excerpt":"En el IES Salvador Allende llevamos varios a\u00f1os desarrollando el proyecto de alumnos ayudantes y de alumnos mediadores. Los objetivos principales de ambos programas son: Estamos en proceso continuo de ...","post_mailing_queue_ids":[],"_links":{"self":[{"href":"https:\/\/site.educa.madrid.org\/ies.salvadorallende.fuenlabrada\/index.php\/wp-json\/wp\/v2\/pages\/1995","targetHints":{"allow":["GET"]}}],"collection":[{"href":"https:\/\/site.educa.madrid.org\/ies.salvadorallende.fuenlabrada\/index.php\/wp-json\/wp\/v2\/pages"}],"about":[{"href":"https:\/\/site.educa.madrid.org\/ies.salvadorallende.fuenlabrada\/index.php\/wp-json\/wp\/v2\/types\/page"}],"author":[{"embeddable":true,"href":"https:\/\/site.educa.madrid.org\/ies.salvadorallende.fuenlabrada\/index.php\/wp-json\/wp\/v2\/users\/2"}],"replies":[{"embeddable":true,"href":"https:\/\/site.educa.madrid.org\/ies.salvadorallende.fuenlabrada\/index.php\/wp-json\/wp\/v2\/comments?post=1995"}],"version-history":[{"count":26,"href":"https:\/\/site.educa.madrid.org\/ies.salvadorallende.fuenlabrada\/index.php\/wp-json\/wp\/v2\/pages\/1995\/revisions"}],"predecessor-version":[{"id":7771,"href":"https:\/\/site.educa.madrid.org\/ies.salvadorallende.fuenlabrada\/index.php\/wp-json\/wp\/v2\/pages\/1995\/revisions\/7771"}],"wp:attachment":[{"href":"https:\/\/site.educa.madrid.org\/ies.salvadorallende.fuenlabrada\/index.php\/wp-json\/wp\/v2\/media?parent=1995"}],"wp:term":[{"taxonomy":"folder","embeddable":true,"href":"https:\/\/site.educa.madrid.org\/ies.salvadorallende.fuenlabrada\/index.php\/wp-json\/wp\/v2\/folder?post=1995"}],"curies":[{"name":"wp","href":"https:\/\/api.w.org\/{rel}","templated":true}]}}