{"id":2495,"date":"2024-02-28T15:27:18","date_gmt":"2024-02-28T14:27:18","guid":{"rendered":"https:\/\/site.educa.madrid.org\/ies.salvadorallende.fuenlabrada\/?page_id=2495"},"modified":"2025-10-04T17:05:37","modified_gmt":"2025-10-04T15:05:37","slug":"dpto-educacion-plastica","status":"publish","type":"page","link":"https:\/\/site.educa.madrid.org\/ies.salvadorallende.fuenlabrada\/index.php\/dpto-educacion-plastica\/","title":{"rendered":"Educaci\u00f3n Pl\u00e1stica"},"content":{"rendered":"\n<figure class=\"wp-block-image alignwide size-large\"><img loading=\"lazy\" decoding=\"async\" width=\"1024\" height=\"209\" src=\"https:\/\/site.educa.madrid.org\/ies.salvadorallende.fuenlabrada\/\/wp-content\/uploads\/ies.salvadorallende.fuenlabrada\/2024\/03\/Diseno-sin-titulo-1-1-1024x209.png\" alt=\"\" class=\"wp-image-2773\" srcset=\"https:\/\/site.educa.madrid.org\/ies.salvadorallende.fuenlabrada\/\/wp-content\/uploads\/ies.salvadorallende.fuenlabrada\/2024\/03\/Diseno-sin-titulo-1-1-1024x209.png 1024w, https:\/\/site.educa.madrid.org\/ies.salvadorallende.fuenlabrada\/\/wp-content\/uploads\/ies.salvadorallende.fuenlabrada\/2024\/03\/Diseno-sin-titulo-1-1-300x61.png 300w, https:\/\/site.educa.madrid.org\/ies.salvadorallende.fuenlabrada\/\/wp-content\/uploads\/ies.salvadorallende.fuenlabrada\/2024\/03\/Diseno-sin-titulo-1-1-768x157.png 768w, https:\/\/site.educa.madrid.org\/ies.salvadorallende.fuenlabrada\/\/wp-content\/uploads\/ies.salvadorallende.fuenlabrada\/2024\/03\/Diseno-sin-titulo-1-1-1536x314.png 1536w, https:\/\/site.educa.madrid.org\/ies.salvadorallende.fuenlabrada\/\/wp-content\/uploads\/ies.salvadorallende.fuenlabrada\/2024\/03\/Diseno-sin-titulo-1-1-2048x419.png 2048w\" sizes=\"auto, (max-width: 1024px) 100vw, 1024px\" \/><\/figure>\n\n\n\n<p class=\"has-medium-font-size\"><strong>Profesores del departamento<\/strong><\/p>\n\n\n\n<ul class=\"wp-block-list\">\n<li><strong>Alba Mateos Hernandez <\/strong>\n<ul class=\"wp-block-list\">\n<li>amateos@educa.madrid.org<\/li>\n<\/ul>\n<\/li>\n<\/ul>\n\n\n\n<div style=\"height:50px\" aria-hidden=\"true\" class=\"wp-block-spacer\"><\/div>\n\n\n\n<p><\/p>\n\n\n\n<p class=\"has-text-align-center has-medium-font-size\"><strong>El departamento de Educaci\u00f3n pl\u00e1stica ofrece las siguientes optativas:<\/strong><\/p>\n\n\n\n<div class=\"wp-block-columns is-layout-flex wp-container-core-columns-is-layout-9d6595d7 wp-block-columns-is-layout-flex\">\n<div class=\"wp-block-column is-layout-flow wp-block-column-is-layout-flow\">\n<p class=\"has-text-align-center has-medium-font-size\"><strong>Materia optativa para 3\u00ba ESO<\/strong><\/p>\n\n\n\n<figure class=\"wp-block-image size-large\"><img loading=\"lazy\" decoding=\"async\" width=\"724\" height=\"1024\" src=\"https:\/\/site.educa.madrid.org\/ies.salvadorallende.fuenlabrada\/\/wp-content\/uploads\/ies.salvadorallende.fuenlabrada\/2025\/05\/proyecto-en-comunicacion-audiovisual.pdf-724x1024.png\" alt=\"\" class=\"wp-image-6544\" srcset=\"https:\/\/site.educa.madrid.org\/ies.salvadorallende.fuenlabrada\/\/wp-content\/uploads\/ies.salvadorallende.fuenlabrada\/2025\/05\/proyecto-en-comunicacion-audiovisual.pdf-724x1024.png 724w, https:\/\/site.educa.madrid.org\/ies.salvadorallende.fuenlabrada\/\/wp-content\/uploads\/ies.salvadorallende.fuenlabrada\/2025\/05\/proyecto-en-comunicacion-audiovisual.pdf-212x300.png 212w, https:\/\/site.educa.madrid.org\/ies.salvadorallende.fuenlabrada\/\/wp-content\/uploads\/ies.salvadorallende.fuenlabrada\/2025\/05\/proyecto-en-comunicacion-audiovisual.pdf-768x1086.png 768w, https:\/\/site.educa.madrid.org\/ies.salvadorallende.fuenlabrada\/\/wp-content\/uploads\/ies.salvadorallende.fuenlabrada\/2025\/05\/proyecto-en-comunicacion-audiovisual.pdf-1086x1536.png 1086w, https:\/\/site.educa.madrid.org\/ies.salvadorallende.fuenlabrada\/\/wp-content\/uploads\/ies.salvadorallende.fuenlabrada\/2025\/05\/proyecto-en-comunicacion-audiovisual.pdf.png 1414w\" sizes=\"auto, (max-width: 724px) 100vw, 724px\" \/><\/figure>\n<\/div>\n\n\n\n<div class=\"wp-block-column is-layout-flow wp-block-column-is-layout-flow\">\n<p class=\"has-text-align-center has-medium-font-size\"><strong>Materia optativa para 4\u00ba ESO<\/strong><\/p>\n\n\n\n<figure class=\"wp-block-image size-large\"><img loading=\"lazy\" decoding=\"async\" width=\"724\" height=\"1024\" src=\"https:\/\/site.educa.madrid.org\/ies.salvadorallende.fuenlabrada\/\/wp-content\/uploads\/ies.salvadorallende.fuenlabrada\/2025\/05\/proyecto-en-creacion-audiovisual.-Diseno-en-2D-y-3D.pdf-724x1024.png\" alt=\"\" class=\"wp-image-6546\" srcset=\"https:\/\/site.educa.madrid.org\/ies.salvadorallende.fuenlabrada\/\/wp-content\/uploads\/ies.salvadorallende.fuenlabrada\/2025\/05\/proyecto-en-creacion-audiovisual.-Diseno-en-2D-y-3D.pdf-724x1024.png 724w, https:\/\/site.educa.madrid.org\/ies.salvadorallende.fuenlabrada\/\/wp-content\/uploads\/ies.salvadorallende.fuenlabrada\/2025\/05\/proyecto-en-creacion-audiovisual.-Diseno-en-2D-y-3D.pdf-212x300.png 212w, https:\/\/site.educa.madrid.org\/ies.salvadorallende.fuenlabrada\/\/wp-content\/uploads\/ies.salvadorallende.fuenlabrada\/2025\/05\/proyecto-en-creacion-audiovisual.-Diseno-en-2D-y-3D.pdf-768x1086.png 768w, https:\/\/site.educa.madrid.org\/ies.salvadorallende.fuenlabrada\/\/wp-content\/uploads\/ies.salvadorallende.fuenlabrada\/2025\/05\/proyecto-en-creacion-audiovisual.-Diseno-en-2D-y-3D.pdf-1086x1536.png 1086w, https:\/\/site.educa.madrid.org\/ies.salvadorallende.fuenlabrada\/\/wp-content\/uploads\/ies.salvadorallende.fuenlabrada\/2025\/05\/proyecto-en-creacion-audiovisual.-Diseno-en-2D-y-3D.pdf.png 1414w\" sizes=\"auto, (max-width: 724px) 100vw, 724px\" \/><\/figure>\n<\/div>\n<\/div>\n\n\n<div class=\"wp-block-image\">\n<figure class=\"aligncenter size-large\"><img loading=\"lazy\" decoding=\"async\" width=\"410\" height=\"1024\" src=\"https:\/\/site.educa.madrid.org\/ies.salvadorallende.fuenlabrada\/\/wp-content\/uploads\/ies.salvadorallende.fuenlabrada\/2024\/05\/Azul-Oscuro-y-Naranja-Ilustracion-Casa-Creatividad-en-el-Hogar-Infografia-3-410x1024.png\" alt=\"\" class=\"wp-image-3428\" srcset=\"https:\/\/site.educa.madrid.org\/ies.salvadorallende.fuenlabrada\/\/wp-content\/uploads\/ies.salvadorallende.fuenlabrada\/2024\/05\/Azul-Oscuro-y-Naranja-Ilustracion-Casa-Creatividad-en-el-Hogar-Infografia-3-410x1024.png 410w, https:\/\/site.educa.madrid.org\/ies.salvadorallende.fuenlabrada\/\/wp-content\/uploads\/ies.salvadorallende.fuenlabrada\/2024\/05\/Azul-Oscuro-y-Naranja-Ilustracion-Casa-Creatividad-en-el-Hogar-Infografia-3-120x300.png 120w, https:\/\/site.educa.madrid.org\/ies.salvadorallende.fuenlabrada\/\/wp-content\/uploads\/ies.salvadorallende.fuenlabrada\/2024\/05\/Azul-Oscuro-y-Naranja-Ilustracion-Casa-Creatividad-en-el-Hogar-Infografia-3-768x1920.png 768w, https:\/\/site.educa.madrid.org\/ies.salvadorallende.fuenlabrada\/\/wp-content\/uploads\/ies.salvadorallende.fuenlabrada\/2024\/05\/Azul-Oscuro-y-Naranja-Ilustracion-Casa-Creatividad-en-el-Hogar-Infografia-3-819x2048.png 819w\" sizes=\"auto, (max-width: 410px) 100vw, 410px\" \/><\/figure>\n<\/div>\n\n\n<p class=\"has-medium-font-size\">Durante las clases de Educaci\u00f3n Pl\u00e1stica y Visual nuestros alumnos han experimentado con las ilusiones \u00f3pticas, y estos han sido algunos resultados.<\/p>\n\n\n\n<div style=\"height:48px\" aria-hidden=\"true\" class=\"wp-block-spacer\"><\/div>\n\n\n\n<figure class=\"wp-block-gallery has-nested-images columns-default is-cropped wp-block-gallery-1 is-layout-flex wp-block-gallery-is-layout-flex\">\n<figure class=\"wp-block-image size-medium\"><img loading=\"lazy\" decoding=\"async\" width=\"177\" height=\"300\" data-id=\"4710\" src=\"https:\/\/site.educa.madrid.org\/ies.salvadorallende.fuenlabrada\/\/wp-content\/uploads\/ies.salvadorallende.fuenlabrada\/2025\/01\/20240319_094116-177x300.jpg\" alt=\"\" class=\"wp-image-4710\" srcset=\"https:\/\/site.educa.madrid.org\/ies.salvadorallende.fuenlabrada\/\/wp-content\/uploads\/ies.salvadorallende.fuenlabrada\/2025\/01\/20240319_094116-177x300.jpg 177w, https:\/\/site.educa.madrid.org\/ies.salvadorallende.fuenlabrada\/\/wp-content\/uploads\/ies.salvadorallende.fuenlabrada\/2025\/01\/20240319_094116-604x1024.jpg 604w, https:\/\/site.educa.madrid.org\/ies.salvadorallende.fuenlabrada\/\/wp-content\/uploads\/ies.salvadorallende.fuenlabrada\/2025\/01\/20240319_094116-768x1303.jpg 768w, https:\/\/site.educa.madrid.org\/ies.salvadorallende.fuenlabrada\/\/wp-content\/uploads\/ies.salvadorallende.fuenlabrada\/2025\/01\/20240319_094116-906x1536.jpg 906w, https:\/\/site.educa.madrid.org\/ies.salvadorallende.fuenlabrada\/\/wp-content\/uploads\/ies.salvadorallende.fuenlabrada\/2025\/01\/20240319_094116-1207x2048.jpg 1207w, https:\/\/site.educa.madrid.org\/ies.salvadorallende.fuenlabrada\/\/wp-content\/uploads\/ies.salvadorallende.fuenlabrada\/2025\/01\/20240319_094116-scaled.jpg 1509w\" sizes=\"auto, (max-width: 177px) 100vw, 177px\" \/><\/figure>\n\n\n\n<figure class=\"wp-block-image size-large\"><img loading=\"lazy\" decoding=\"async\" width=\"686\" height=\"1024\" data-id=\"4709\" src=\"https:\/\/site.educa.madrid.org\/ies.salvadorallende.fuenlabrada\/\/wp-content\/uploads\/ies.salvadorallende.fuenlabrada\/2025\/01\/IMG_2154-686x1024.jpg\" alt=\"\" class=\"wp-image-4709\" srcset=\"https:\/\/site.educa.madrid.org\/ies.salvadorallende.fuenlabrada\/\/wp-content\/uploads\/ies.salvadorallende.fuenlabrada\/2025\/01\/IMG_2154-686x1024.jpg 686w, https:\/\/site.educa.madrid.org\/ies.salvadorallende.fuenlabrada\/\/wp-content\/uploads\/ies.salvadorallende.fuenlabrada\/2025\/01\/IMG_2154-201x300.jpg 201w, https:\/\/site.educa.madrid.org\/ies.salvadorallende.fuenlabrada\/\/wp-content\/uploads\/ies.salvadorallende.fuenlabrada\/2025\/01\/IMG_2154-768x1146.jpg 768w, https:\/\/site.educa.madrid.org\/ies.salvadorallende.fuenlabrada\/\/wp-content\/uploads\/ies.salvadorallende.fuenlabrada\/2025\/01\/IMG_2154-1029x1536.jpg 1029w, https:\/\/site.educa.madrid.org\/ies.salvadorallende.fuenlabrada\/\/wp-content\/uploads\/ies.salvadorallende.fuenlabrada\/2025\/01\/IMG_2154-1372x2048.jpg 1372w, https:\/\/site.educa.madrid.org\/ies.salvadorallende.fuenlabrada\/\/wp-content\/uploads\/ies.salvadorallende.fuenlabrada\/2025\/01\/IMG_2154.jpg 1655w\" sizes=\"auto, (max-width: 686px) 100vw, 686px\" \/><\/figure>\n\n\n\n<figure class=\"wp-block-image size-large\"><img loading=\"lazy\" decoding=\"async\" width=\"692\" height=\"1024\" data-id=\"4711\" src=\"https:\/\/site.educa.madrid.org\/ies.salvadorallende.fuenlabrada\/\/wp-content\/uploads\/ies.salvadorallende.fuenlabrada\/2025\/01\/IMG_20240423_093611_406-692x1024.jpg\" alt=\"\" class=\"wp-image-4711\" srcset=\"https:\/\/site.educa.madrid.org\/ies.salvadorallende.fuenlabrada\/\/wp-content\/uploads\/ies.salvadorallende.fuenlabrada\/2025\/01\/IMG_20240423_093611_406-692x1024.jpg 692w, https:\/\/site.educa.madrid.org\/ies.salvadorallende.fuenlabrada\/\/wp-content\/uploads\/ies.salvadorallende.fuenlabrada\/2025\/01\/IMG_20240423_093611_406-203x300.jpg 203w, https:\/\/site.educa.madrid.org\/ies.salvadorallende.fuenlabrada\/\/wp-content\/uploads\/ies.salvadorallende.fuenlabrada\/2025\/01\/IMG_20240423_093611_406-768x1136.jpg 768w, https:\/\/site.educa.madrid.org\/ies.salvadorallende.fuenlabrada\/\/wp-content\/uploads\/ies.salvadorallende.fuenlabrada\/2025\/01\/IMG_20240423_093611_406-1039x1536.jpg 1039w, https:\/\/site.educa.madrid.org\/ies.salvadorallende.fuenlabrada\/\/wp-content\/uploads\/ies.salvadorallende.fuenlabrada\/2025\/01\/IMG_20240423_093611_406.jpg 1084w\" sizes=\"auto, (max-width: 692px) 100vw, 692px\" \/><\/figure>\n\n\n\n<figure class=\"wp-block-image size-large\"><img loading=\"lazy\" decoding=\"async\" width=\"617\" height=\"1024\" data-id=\"4714\" src=\"https:\/\/site.educa.madrid.org\/ies.salvadorallende.fuenlabrada\/\/wp-content\/uploads\/ies.salvadorallende.fuenlabrada\/2025\/01\/IMG_20240429_204233-617x1024.jpg\" alt=\"\" class=\"wp-image-4714\" srcset=\"https:\/\/site.educa.madrid.org\/ies.salvadorallende.fuenlabrada\/\/wp-content\/uploads\/ies.salvadorallende.fuenlabrada\/2025\/01\/IMG_20240429_204233-617x1024.jpg 617w, https:\/\/site.educa.madrid.org\/ies.salvadorallende.fuenlabrada\/\/wp-content\/uploads\/ies.salvadorallende.fuenlabrada\/2025\/01\/IMG_20240429_204233-181x300.jpg 181w, https:\/\/site.educa.madrid.org\/ies.salvadorallende.fuenlabrada\/\/wp-content\/uploads\/ies.salvadorallende.fuenlabrada\/2025\/01\/IMG_20240429_204233-768x1274.jpg 768w, https:\/\/site.educa.madrid.org\/ies.salvadorallende.fuenlabrada\/\/wp-content\/uploads\/ies.salvadorallende.fuenlabrada\/2025\/01\/IMG_20240429_204233-926x1536.jpg 926w, https:\/\/site.educa.madrid.org\/ies.salvadorallende.fuenlabrada\/\/wp-content\/uploads\/ies.salvadorallende.fuenlabrada\/2025\/01\/IMG_20240429_204233-1234x2048.jpg 1234w, https:\/\/site.educa.madrid.org\/ies.salvadorallende.fuenlabrada\/\/wp-content\/uploads\/ies.salvadorallende.fuenlabrada\/2025\/01\/IMG_20240429_204233.jpg 1470w\" sizes=\"auto, (max-width: 617px) 100vw, 617px\" \/><\/figure>\n\n\n\n<figure class=\"wp-block-image size-large\"><img loading=\"lazy\" decoding=\"async\" width=\"824\" height=\"1024\" data-id=\"4705\" src=\"https:\/\/site.educa.madrid.org\/ies.salvadorallende.fuenlabrada\/\/wp-content\/uploads\/ies.salvadorallende.fuenlabrada\/2025\/01\/20240319_094433-824x1024.jpg\" alt=\"\" class=\"wp-image-4705\" srcset=\"https:\/\/site.educa.madrid.org\/ies.salvadorallende.fuenlabrada\/\/wp-content\/uploads\/ies.salvadorallende.fuenlabrada\/2025\/01\/20240319_094433-824x1024.jpg 824w, https:\/\/site.educa.madrid.org\/ies.salvadorallende.fuenlabrada\/\/wp-content\/uploads\/ies.salvadorallende.fuenlabrada\/2025\/01\/20240319_094433-241x300.jpg 241w, https:\/\/site.educa.madrid.org\/ies.salvadorallende.fuenlabrada\/\/wp-content\/uploads\/ies.salvadorallende.fuenlabrada\/2025\/01\/20240319_094433-768x954.jpg 768w, https:\/\/site.educa.madrid.org\/ies.salvadorallende.fuenlabrada\/\/wp-content\/uploads\/ies.salvadorallende.fuenlabrada\/2025\/01\/20240319_094433.jpg 1225w\" sizes=\"auto, (max-width: 824px) 100vw, 824px\" \/><\/figure>\n\n\n\n<figure class=\"wp-block-image size-large\"><img loading=\"lazy\" decoding=\"async\" width=\"629\" height=\"1024\" data-id=\"4706\" src=\"https:\/\/site.educa.madrid.org\/ies.salvadorallende.fuenlabrada\/\/wp-content\/uploads\/ies.salvadorallende.fuenlabrada\/2025\/01\/IMG_2147-629x1024.jpg\" alt=\"\" class=\"wp-image-4706\" srcset=\"https:\/\/site.educa.madrid.org\/ies.salvadorallende.fuenlabrada\/\/wp-content\/uploads\/ies.salvadorallende.fuenlabrada\/2025\/01\/IMG_2147-629x1024.jpg 629w, https:\/\/site.educa.madrid.org\/ies.salvadorallende.fuenlabrada\/\/wp-content\/uploads\/ies.salvadorallende.fuenlabrada\/2025\/01\/IMG_2147-184x300.jpg 184w, https:\/\/site.educa.madrid.org\/ies.salvadorallende.fuenlabrada\/\/wp-content\/uploads\/ies.salvadorallende.fuenlabrada\/2025\/01\/IMG_2147-768x1249.jpg 768w, https:\/\/site.educa.madrid.org\/ies.salvadorallende.fuenlabrada\/\/wp-content\/uploads\/ies.salvadorallende.fuenlabrada\/2025\/01\/IMG_2147-944x1536.jpg 944w, https:\/\/site.educa.madrid.org\/ies.salvadorallende.fuenlabrada\/\/wp-content\/uploads\/ies.salvadorallende.fuenlabrada\/2025\/01\/IMG_2147.jpg 959w\" sizes=\"auto, (max-width: 629px) 100vw, 629px\" \/><\/figure>\n\n\n\n<figure class=\"wp-block-image size-large\"><img loading=\"lazy\" decoding=\"async\" width=\"678\" height=\"1024\" data-id=\"4708\" src=\"https:\/\/site.educa.madrid.org\/ies.salvadorallende.fuenlabrada\/\/wp-content\/uploads\/ies.salvadorallende.fuenlabrada\/2025\/01\/IMG_2156-678x1024.jpg\" alt=\"\" class=\"wp-image-4708\" srcset=\"https:\/\/site.educa.madrid.org\/ies.salvadorallende.fuenlabrada\/\/wp-content\/uploads\/ies.salvadorallende.fuenlabrada\/2025\/01\/IMG_2156-678x1024.jpg 678w, https:\/\/site.educa.madrid.org\/ies.salvadorallende.fuenlabrada\/\/wp-content\/uploads\/ies.salvadorallende.fuenlabrada\/2025\/01\/IMG_2156-199x300.jpg 199w, https:\/\/site.educa.madrid.org\/ies.salvadorallende.fuenlabrada\/\/wp-content\/uploads\/ies.salvadorallende.fuenlabrada\/2025\/01\/IMG_2156-768x1161.jpg 768w, https:\/\/site.educa.madrid.org\/ies.salvadorallende.fuenlabrada\/\/wp-content\/uploads\/ies.salvadorallende.fuenlabrada\/2025\/01\/IMG_2156-1016x1536.jpg 1016w, https:\/\/site.educa.madrid.org\/ies.salvadorallende.fuenlabrada\/\/wp-content\/uploads\/ies.salvadorallende.fuenlabrada\/2025\/01\/IMG_2156-1355x2048.jpg 1355w, https:\/\/site.educa.madrid.org\/ies.salvadorallende.fuenlabrada\/\/wp-content\/uploads\/ies.salvadorallende.fuenlabrada\/2025\/01\/IMG_2156-scaled.jpg 1694w\" sizes=\"auto, (max-width: 678px) 100vw, 678px\" \/><\/figure>\n\n\n\n<figure class=\"wp-block-image size-large\"><img loading=\"lazy\" decoding=\"async\" width=\"769\" height=\"1024\" data-id=\"4707\" src=\"https:\/\/site.educa.madrid.org\/ies.salvadorallende.fuenlabrada\/\/wp-content\/uploads\/ies.salvadorallende.fuenlabrada\/2025\/01\/IMG_20240423_093603_561-769x1024.jpg\" alt=\"\" class=\"wp-image-4707\" srcset=\"https:\/\/site.educa.madrid.org\/ies.salvadorallende.fuenlabrada\/\/wp-content\/uploads\/ies.salvadorallende.fuenlabrada\/2025\/01\/IMG_20240423_093603_561-769x1024.jpg 769w, https:\/\/site.educa.madrid.org\/ies.salvadorallende.fuenlabrada\/\/wp-content\/uploads\/ies.salvadorallende.fuenlabrada\/2025\/01\/IMG_20240423_093603_561-225x300.jpg 225w, https:\/\/site.educa.madrid.org\/ies.salvadorallende.fuenlabrada\/\/wp-content\/uploads\/ies.salvadorallende.fuenlabrada\/2025\/01\/IMG_20240423_093603_561-768x1022.jpg 768w, https:\/\/site.educa.madrid.org\/ies.salvadorallende.fuenlabrada\/\/wp-content\/uploads\/ies.salvadorallende.fuenlabrada\/2025\/01\/IMG_20240423_093603_561-300x400.jpg 300w, https:\/\/site.educa.madrid.org\/ies.salvadorallende.fuenlabrada\/\/wp-content\/uploads\/ies.salvadorallende.fuenlabrada\/2025\/01\/IMG_20240423_093603_561.jpg 843w\" sizes=\"auto, (max-width: 769px) 100vw, 769px\" \/><\/figure>\n\n\n\n<figure class=\"wp-block-image size-large\"><img loading=\"lazy\" decoding=\"async\" width=\"586\" height=\"756\" data-id=\"4712\" src=\"https:\/\/site.educa.madrid.org\/ies.salvadorallende.fuenlabrada\/\/wp-content\/uploads\/ies.salvadorallende.fuenlabrada\/2025\/01\/IMG_20240423_093614_191.jpg\" alt=\"\" class=\"wp-image-4712\" srcset=\"https:\/\/site.educa.madrid.org\/ies.salvadorallende.fuenlabrada\/\/wp-content\/uploads\/ies.salvadorallende.fuenlabrada\/2025\/01\/IMG_20240423_093614_191.jpg 586w, https:\/\/site.educa.madrid.org\/ies.salvadorallende.fuenlabrada\/\/wp-content\/uploads\/ies.salvadorallende.fuenlabrada\/2025\/01\/IMG_20240423_093614_191-233x300.jpg 233w\" sizes=\"auto, (max-width: 586px) 100vw, 586px\" \/><\/figure>\n<\/figure>\n","protected":false},"excerpt":{"rendered":"<p>Profesores del departamento El departamento de Educaci\u00f3n pl\u00e1stica ofrece las siguientes optativas: Materia optativa para 3\u00ba ESO Materia optativa para 4\u00ba ESO Durante las clases de Educaci\u00f3n Pl\u00e1stica y Visual &#8230;<\/p>\n","protected":false},"author":2,"featured_media":2773,"parent":0,"menu_order":0,"comment_status":"closed","ping_status":"closed","template":"","meta":{"footnotes":""},"folder":[],"class_list":["post-2495","page","type-page","status-publish","has-post-thumbnail","hentry"],"rttpg_featured_image_url":{"full":["https:\/\/site.educa.madrid.org\/ies.salvadorallende.fuenlabrada\/\/wp-content\/uploads\/ies.salvadorallende.fuenlabrada\/2024\/03\/Diseno-sin-titulo-1-1.png",6912,1413,false],"landscape":["https:\/\/site.educa.madrid.org\/ies.salvadorallende.fuenlabrada\/\/wp-content\/uploads\/ies.salvadorallende.fuenlabrada\/2024\/03\/Diseno-sin-titulo-1-1.png",6912,1413,false],"portraits":["https:\/\/site.educa.madrid.org\/ies.salvadorallende.fuenlabrada\/\/wp-content\/uploads\/ies.salvadorallende.fuenlabrada\/2024\/03\/Diseno-sin-titulo-1-1.png",6912,1413,false],"thumbnail":["https:\/\/site.educa.madrid.org\/ies.salvadorallende.fuenlabrada\/\/wp-content\/uploads\/ies.salvadorallende.fuenlabrada\/2024\/03\/Diseno-sin-titulo-1-1-150x150.png",150,150,true],"medium":["https:\/\/site.educa.madrid.org\/ies.salvadorallende.fuenlabrada\/\/wp-content\/uploads\/ies.salvadorallende.fuenlabrada\/2024\/03\/Diseno-sin-titulo-1-1-300x61.png",300,61,true],"large":["https:\/\/site.educa.madrid.org\/ies.salvadorallende.fuenlabrada\/\/wp-content\/uploads\/ies.salvadorallende.fuenlabrada\/2024\/03\/Diseno-sin-titulo-1-1-1024x209.png",800,163,true],"thumblist":["https:\/\/site.educa.madrid.org\/ies.salvadorallende.fuenlabrada\/\/wp-content\/uploads\/ies.salvadorallende.fuenlabrada\/2024\/03\/Diseno-sin-titulo-1-1-300x300.png",300,300,true],"thumbrelated":["https:\/\/site.educa.madrid.org\/ies.salvadorallende.fuenlabrada\/\/wp-content\/uploads\/ies.salvadorallende.fuenlabrada\/2024\/03\/Diseno-sin-titulo-1-1.png",500,102,false],"meccarouselthumb":["https:\/\/site.educa.madrid.org\/ies.salvadorallende.fuenlabrada\/\/wp-content\/uploads\/ies.salvadorallende.fuenlabrada\/2024\/03\/Diseno-sin-titulo-1-1-474x324.png",474,324,true],"gridsquare":["https:\/\/site.educa.madrid.org\/ies.salvadorallende.fuenlabrada\/\/wp-content\/uploads\/ies.salvadorallende.fuenlabrada\/2024\/03\/Diseno-sin-titulo-1-1-391x260.png",391,260,true],"tileview":["https:\/\/site.educa.madrid.org\/ies.salvadorallende.fuenlabrada\/\/wp-content\/uploads\/ies.salvadorallende.fuenlabrada\/2024\/03\/Diseno-sin-titulo-1-1-300x400.png",300,400,true],"1536x1536":["https:\/\/site.educa.madrid.org\/ies.salvadorallende.fuenlabrada\/\/wp-content\/uploads\/ies.salvadorallende.fuenlabrada\/2024\/03\/Diseno-sin-titulo-1-1-1536x314.png",1536,314,true],"2048x2048":["https:\/\/site.educa.madrid.org\/ies.salvadorallende.fuenlabrada\/\/wp-content\/uploads\/ies.salvadorallende.fuenlabrada\/2024\/03\/Diseno-sin-titulo-1-1-2048x419.png",2048,419,true],"onepress-blog-small":["https:\/\/site.educa.madrid.org\/ies.salvadorallende.fuenlabrada\/\/wp-content\/uploads\/ies.salvadorallende.fuenlabrada\/2024\/03\/Diseno-sin-titulo-1-1.png",300,61,false],"onepress-small":["https:\/\/site.educa.madrid.org\/ies.salvadorallende.fuenlabrada\/\/wp-content\/uploads\/ies.salvadorallende.fuenlabrada\/2024\/03\/Diseno-sin-titulo-1-1.png",480,98,false],"onepress-medium":["https:\/\/site.educa.madrid.org\/ies.salvadorallende.fuenlabrada\/\/wp-content\/uploads\/ies.salvadorallende.fuenlabrada\/2024\/03\/Diseno-sin-titulo-1-1.png",640,131,false],"sow-carousel-default":["https:\/\/site.educa.madrid.org\/ies.salvadorallende.fuenlabrada\/\/wp-content\/uploads\/ies.salvadorallende.fuenlabrada\/2024\/03\/Diseno-sin-titulo-1-1-272x182.png",272,182,true],"sow-post-carousel-overlay-theme":["https:\/\/site.educa.madrid.org\/ies.salvadorallende.fuenlabrada\/\/wp-content\/uploads\/ies.salvadorallende.fuenlabrada\/2024\/03\/Diseno-sin-titulo-1-1.png",360,74,false],"sow-post-carousel-cards-theme":["https:\/\/site.educa.madrid.org\/ies.salvadorallende.fuenlabrada\/\/wp-content\/uploads\/ies.salvadorallende.fuenlabrada\/2024\/03\/Diseno-sin-titulo-1-1.png",360,74,false],"rt_custom":["https:\/\/site.educa.madrid.org\/ies.salvadorallende.fuenlabrada\/\/wp-content\/uploads\/ies.salvadorallende.fuenlabrada\/2024\/03\/Diseno-sin-titulo-1-1.png",6912,1413,false]},"rttpg_author":{"display_name":"tic.ies.salvadorallende.fuenlabrada","author_link":"https:\/\/site.educa.madrid.org\/ies.salvadorallende.fuenlabrada\/index.php\/author\/cuenta_tic-ies-salvadorallende-fuenlabrada\/"},"rttpg_comment":0,"rttpg_category":false,"rttpg_excerpt":"Profesores del departamento El departamento de Educaci\u00f3n pl\u00e1stica ofrece las siguientes optativas: Materia optativa para 3\u00ba ESO Materia optativa para 4\u00ba ESO Durante las clases de Educaci\u00f3n Pl\u00e1stica y Visual ...","post_mailing_queue_ids":[],"_links":{"self":[{"href":"https:\/\/site.educa.madrid.org\/ies.salvadorallende.fuenlabrada\/index.php\/wp-json\/wp\/v2\/pages\/2495","targetHints":{"allow":["GET"]}}],"collection":[{"href":"https:\/\/site.educa.madrid.org\/ies.salvadorallende.fuenlabrada\/index.php\/wp-json\/wp\/v2\/pages"}],"about":[{"href":"https:\/\/site.educa.madrid.org\/ies.salvadorallende.fuenlabrada\/index.php\/wp-json\/wp\/v2\/types\/page"}],"author":[{"embeddable":true,"href":"https:\/\/site.educa.madrid.org\/ies.salvadorallende.fuenlabrada\/index.php\/wp-json\/wp\/v2\/users\/2"}],"replies":[{"embeddable":true,"href":"https:\/\/site.educa.madrid.org\/ies.salvadorallende.fuenlabrada\/index.php\/wp-json\/wp\/v2\/comments?post=2495"}],"version-history":[{"count":25,"href":"https:\/\/site.educa.madrid.org\/ies.salvadorallende.fuenlabrada\/index.php\/wp-json\/wp\/v2\/pages\/2495\/revisions"}],"predecessor-version":[{"id":7194,"href":"https:\/\/site.educa.madrid.org\/ies.salvadorallende.fuenlabrada\/index.php\/wp-json\/wp\/v2\/pages\/2495\/revisions\/7194"}],"wp:featuredmedia":[{"embeddable":true,"href":"https:\/\/site.educa.madrid.org\/ies.salvadorallende.fuenlabrada\/index.php\/wp-json\/wp\/v2\/media\/2773"}],"wp:attachment":[{"href":"https:\/\/site.educa.madrid.org\/ies.salvadorallende.fuenlabrada\/index.php\/wp-json\/wp\/v2\/media?parent=2495"}],"wp:term":[{"taxonomy":"folder","embeddable":true,"href":"https:\/\/site.educa.madrid.org\/ies.salvadorallende.fuenlabrada\/index.php\/wp-json\/wp\/v2\/folder?post=2495"}],"curies":[{"name":"wp","href":"https:\/\/api.w.org\/{rel}","templated":true}]}}