{"id":3055,"date":"2024-04-02T13:05:13","date_gmt":"2024-04-02T11:05:13","guid":{"rendered":"https:\/\/site.educa.madrid.org\/ies.salvadorallende.fuenlabrada\/?page_id=3055"},"modified":"2024-04-02T13:10:07","modified_gmt":"2024-04-02T11:10:07","slug":"devolucion-de-tasas","status":"publish","type":"page","link":"https:\/\/site.educa.madrid.org\/ies.salvadorallende.fuenlabrada\/index.php\/devolucion-de-tasas\/","title":{"rendered":"Devoluci\u00f3n de tasas"},"content":{"rendered":"\n<p><strong>Devoluci\u00f3n tasas matr\u00edcula-alumnos becados<\/strong><\/p>\n\n\n\n<p class=\"has-small-font-size\"><strong>SI ERES BENEFICIARIO DE BECA Y HAS REALIZADO EL PAGO DE LAS TASAS DE MATR\u00cdCULA DE GRADO SUPERIOR, PUEDES SOLICITAR LA DEVOLUCI\u00d3N<\/strong><\/p>\n\n\n\n<p class=\"has-small-font-size\">En la Secretar\u00eda del Centro en horario de 10 a 12 horas, presentando la siguiente documentaci\u00f3n:<\/p>\n\n\n\n<ul class=\"has-small-font-size wp-block-list\">\n<li class=\"has-small-font-size\">Solicitud <a href=\"https:\/\/site.educa.madrid.org\/ies.salvadorallende.fuenlabrada\/\/wp-content\/uploads\/ies.salvadorallende.fuenlabrada\/2024\/03\/Solicitud.pdf\">(desc\u00e1rgatela aqu\u00ed)<\/a><\/li>\n\n\n\n<li class=\"has-small-font-size\">Modelo 030 acreditativo del pago de tasas<\/li>\n\n\n\n<li class=\"has-small-font-size\">DNI alumno (Fotocopia y original)<\/li>\n\n\n\n<li class=\"has-small-font-size\">Certificado de titularidad bancaria firmado electr\u00f3nicamente por la entidad financiera&nbsp;(El alumno debe figurar como titular o cotitular)<\/li>\n\n\n\n<li class=\"has-small-font-size\">Credencial definitiva de becario&nbsp;<\/li>\n<\/ul>\n","protected":false},"excerpt":{"rendered":"<p>Devoluci\u00f3n tasas matr\u00edcula-alumnos becados SI ERES BENEFICIARIO DE BECA Y HAS REALIZADO EL PAGO DE LAS TASAS DE MATR\u00cdCULA DE GRADO SUPERIOR, PUEDES SOLICITAR LA DEVOLUCI\u00d3N En la Secretar\u00eda del &#8230;<\/p>\n","protected":false},"author":2,"featured_media":0,"parent":0,"menu_order":0,"comment_status":"closed","ping_status":"closed","template":"","meta":{"footnotes":""},"folder":[],"class_list":["post-3055","page","type-page","status-publish","hentry"],"rttpg_featured_image_url":null,"rttpg_author":{"display_name":"tic.ies.salvadorallende.fuenlabrada","author_link":"https:\/\/site.educa.madrid.org\/ies.salvadorallende.fuenlabrada\/index.php\/author\/cuenta_tic-ies-salvadorallende-fuenlabrada\/"},"rttpg_comment":0,"rttpg_category":false,"rttpg_excerpt":"Devoluci\u00f3n tasas matr\u00edcula-alumnos becados SI ERES BENEFICIARIO DE BECA Y HAS REALIZADO EL PAGO DE LAS TASAS DE MATR\u00cdCULA DE GRADO SUPERIOR, PUEDES SOLICITAR LA DEVOLUCI\u00d3N En la Secretar\u00eda del ...","post_mailing_queue_ids":[],"_links":{"self":[{"href":"https:\/\/site.educa.madrid.org\/ies.salvadorallende.fuenlabrada\/index.php\/wp-json\/wp\/v2\/pages\/3055","targetHints":{"allow":["GET"]}}],"collection":[{"href":"https:\/\/site.educa.madrid.org\/ies.salvadorallende.fuenlabrada\/index.php\/wp-json\/wp\/v2\/pages"}],"about":[{"href":"https:\/\/site.educa.madrid.org\/ies.salvadorallende.fuenlabrada\/index.php\/wp-json\/wp\/v2\/types\/page"}],"author":[{"embeddable":true,"href":"https:\/\/site.educa.madrid.org\/ies.salvadorallende.fuenlabrada\/index.php\/wp-json\/wp\/v2\/users\/2"}],"replies":[{"embeddable":true,"href":"https:\/\/site.educa.madrid.org\/ies.salvadorallende.fuenlabrada\/index.php\/wp-json\/wp\/v2\/comments?post=3055"}],"version-history":[{"count":3,"href":"https:\/\/site.educa.madrid.org\/ies.salvadorallende.fuenlabrada\/index.php\/wp-json\/wp\/v2\/pages\/3055\/revisions"}],"predecessor-version":[{"id":3060,"href":"https:\/\/site.educa.madrid.org\/ies.salvadorallende.fuenlabrada\/index.php\/wp-json\/wp\/v2\/pages\/3055\/revisions\/3060"}],"wp:attachment":[{"href":"https:\/\/site.educa.madrid.org\/ies.salvadorallende.fuenlabrada\/index.php\/wp-json\/wp\/v2\/media?parent=3055"}],"wp:term":[{"taxonomy":"folder","embeddable":true,"href":"https:\/\/site.educa.madrid.org\/ies.salvadorallende.fuenlabrada\/index.php\/wp-json\/wp\/v2\/folder?post=3055"}],"curies":[{"name":"wp","href":"https:\/\/api.w.org\/{rel}","templated":true}]}}