{"id":3888,"date":"2024-07-23T17:40:07","date_gmt":"2024-07-23T15:40:07","guid":{"rendered":"https:\/\/site.educa.madrid.org\/ies.salvadorallende.fuenlabrada\/?page_id=3888"},"modified":"2025-09-16T23:57:21","modified_gmt":"2025-09-16T21:57:21","slug":"convaliadaciones","status":"publish","type":"page","link":"https:\/\/site.educa.madrid.org\/ies.salvadorallende.fuenlabrada\/index.php\/convaliadaciones\/","title":{"rendered":"Convalidaciones"},"content":{"rendered":"\n<div class=\"wp-block-group has-black-color has-text-color has-background has-link-color wp-elements-3204225352498a78f22694e07726db7d\" style=\"background-color:#d5e5f5\"><div class=\"wp-block-group__inner-container is-layout-constrained wp-block-group-is-layout-constrained\">\n<p class=\"has-text-align-center has-medium-font-size\"><strong>NOTA INFORMATIVA<\/strong><\/p>\n\n\n\n<p class=\"has-text-align-center\">PLAZO&nbsp; PRESENTACI\u00d3N SOLICITUDES:<\/p>\n\n\n\n<p class=\"has-text-align-center\"><em><u>Del 22 Septiembre al 30 de Septiembre de 2025<\/u><\/em><\/p>\n\n\n\n<p class=\"has-text-align-center\"><em><u>en Secretar\u00eda en horario de 10 a 12 horas<\/u><\/em><\/p>\n\n\n\n<p>En Secretar\u00eda no se har\u00e1n fotocopias ni se prestar\u00e1n bol\u00edgrafos<\/p>\n\n\n\n<p>DOCUMENTACI\u00d3N:<\/p>\n\n\n\n<ul class=\"wp-block-list\">\n<li>Solicitud cumplimentada (se descargar\u00e1 <a href=\"https:\/\/site.educa.madrid.org\/ies.salvadorallende.fuenlabrada\/\/wp-content\/uploads\/ies.salvadorallende.fuenlabrada\/2025\/09\/ANEXO-1_Solicitud-convalidacion_Editable-1.pdf\">aqu\u00ed<\/a>)<\/li>\n<\/ul>\n\n\n\n<p>Los nombres de los m\u00f3dulos se escribir\u00e1n correctamente (Ver m\u00e1s abajo el nombre y el c\u00f3digo).<\/p>\n\n\n\n<ul class=\"wp-block-list\">\n<li>Fotocopia D.N.I.<\/li>\n\n\n\n<li>Documentaci\u00f3n acreditativa de los estudios cursados (Presentar fotocopia y original)<\/li>\n\n\n\n<li>Certificaci\u00f3n Acad\u00e9mica de los estudios realizados, expedida por un Centro Oficial, en la que consten: las ense\u00f1anzas cursadas y cada una de las asignaturas, materias o, en su caso, m\u00f3dulos profesionales.<\/li>\n\n\n\n<li>Libro de Calificaciones de Formaci\u00f3n Profesional<\/li>\n\n\n\n<li>Programas de los Estudios Universitarios cursados, sellados por la Universidad donde los realiz\u00f3, de las materias (te\u00f3ricas y pr\u00e1cticas) en las que fundamenta su solicitud de convalidaci\u00f3n.<\/li>\n<\/ul>\n\n\n\n<p>Indicar que la resoluci\u00f3n de las convalidaciones de aplicaci\u00f3n directa por el director ser\u00e1 a partir del 27 de octubre y se avisar\u00e1 a los alumnos para que pasen a recogerla en Secretar\u00eda<\/p>\n\n\n\n<p><strong>Hasta que no se entregue la resoluci\u00f3n de convalidaci\u00f3n los alumnos est\u00e1n obligados a asistir a clase.<\/strong><\/p>\n<\/div><\/div>\n\n\n\n<p><\/p>\n\n\n\n<p>Encuentra el c\u00f3digo del m\u00f3dulo que quieres convalidar en los siguientes enlaces: <\/p>\n\n\n\n<ul class=\"wp-block-list\">\n<li>Si es de la familia profesional de Sanidad pulsa <a href=\"https:\/\/site.educa.madrid.org\/ies.salvadorallende.fuenlabrada\/\/wp-content\/uploads\/ies.salvadorallende.fuenlabrada\/2024\/09\/Fichas-Ciclos-Familia-Sanidad.pdf\">aqu\u00ed<\/a>, <\/li>\n\n\n\n<li>Si es de la familia profesional de Electricidad-Electr\u00f3nica pulsa <a href=\"https:\/\/site.educa.madrid.org\/ies.salvadorallende.fuenlabrada\/\/wp-content\/uploads\/ies.salvadorallende.fuenlabrada\/2024\/09\/Fichas-Ciclos-Familia-Electricidad-y-Electronica.pdf\">aqu\u00ed.<\/a><\/li>\n<\/ul>\n\n\n\n<div style=\"height:50px\" aria-hidden=\"true\" class=\"wp-block-spacer\"><\/div>\n\n\n\n<p><strong>INFORMACI\u00d3N SOBRE CONVALIDACIONES<\/strong><\/p>\n\n\n\n<p>Si tienes estudios previos es posible que se te pueda convalidar alg\u00fan m\u00f3dulo de los que est\u00e1s matriculado y no necesites cursarlos de nuevo.<\/p>\n\n\n\n<p><strong>Tipos de Convalidaciones<\/strong><\/p>\n\n\n\n<p><strong>CONVALIDACIONES EN EL CENTRO<\/strong><\/p>\n\n\n\n<p>El director del centro tramitar\u00e1 tu convalidaci\u00f3n si nos presentas estudios de Ciclos Formativos o certificados de profesionalidad.<\/p>\n\n\n\n<p><strong>CONVALIDACIONES EN EL MINISTERIO DE EDUCACI\u00d3N<\/strong><\/p>\n\n\n\n<p>Si tus estudios son universitarios, de FP II, o de ense\u00f1anzas art\u00edsticas la tramitaci\u00f3n debe resolverla el Ministerio.<\/p>\n\n\n\n<p><strong>\u00bfQu\u00e9 nota voy a tener si convalido?<\/strong><\/p>\n\n\n\n<p>Si, ya has estudiado un ciclo del plan de estudios LOE las notas de los m\u00f3dulos comunes se van a trasladar autom\u00e1ticamente a tu expediente y no se pueden modificar, es decir, no puedes subir nota. De estos m\u00f3dulos no hay que pagar tasas.<\/p>\n\n\n\n<p>Hay m\u00f3dulos que tienen c\u00f3digos distintos en cada ciclo, y por lo tanto, si los convalidas llevar\u00e1n CV delante de la nota; adem\u00e1s estos m\u00f3dulos s\u00ed puedes cursarlos para sacar una nota m\u00e1s alta.<\/p>\n\n\n\n<p>Si tienes estudios universitarios, certificados de idiomas, certificados de profesionalidad u otras titulaciones, constar\u00e1 como &#8216;convalidado&#8217;, sin especificar la calificaci\u00f3n.<\/p>\n\n\n\n<p><strong>Adem\u00e1s, tendr\u00e1n que tener en cuenta la siguiente informaci\u00f3n:<\/strong><\/p>\n\n\n\n<ul class=\"wp-block-list\">\n<li>Para poder solicitar la convalidaci\u00f3n de un m\u00f3dulo&nbsp;<strong>hay que matricularse en dicho m\u00f3dulo<\/strong>&nbsp;(y por tanto pagar tasas de ese m\u00f3dulo en el caso de que se trate de un Ciclo de Grado Superior).<\/li>\n\n\n\n<li>Seg\u00fan establece la normativa,&nbsp;<strong>las tasas abonadas no se devolver\u00e1n al alumno una vez reconocida la convalidaci\u00f3n.<\/strong><\/li>\n\n\n\n<li>Una vez iniciado el curso se publicar\u00e1n los plazos y el procedimiento a seguir para la solicitud de convalidaciones.<\/li>\n<\/ul>\n\n\n\n<p>Convalidaciones del plan nuevo<\/p>\n\n\n\n<p>El m\u00f3dulo profesional&nbsp;<strong>Itinerario personal para la empleabilidad I<\/strong>&nbsp;se podr\u00e1 convalidar:<\/p>\n\n\n\n<ul class=\"wp-block-list\">\n<li>Aportando el m\u00f3dulo profesional FOL en ense\u00f1anzas&nbsp;LOE.&nbsp;<\/li>\n\n\n\n<li>Aportando el m\u00f3dulo profesional FOL en ense\u00f1anzas LOGSE. Ser\u00e1 necesario acreditar, asimismo, estar en posesi\u00f3n de la formaci\u00f3n establecida para el desempe\u00f1o de las funciones de nivel b\u00e1sico de la actividad preventiva, expedida de acuerdo con lo dispuesto en el Real Decreto 39\/1997.&nbsp;<\/li>\n\n\n\n<li>Cualquier otro supuesto previsto en el Real Decreto 1085\/2020 que diera como resultado la convalidaci\u00f3n del m\u00f3dulo profesional FOL (LOE).&nbsp;<\/li>\n<\/ul>\n\n\n\n<p>El m\u00f3dulo profesional&nbsp;<strong>Itinerario personal para la empleabilidad II<\/strong>&nbsp;se podr\u00e1 convalidar:<\/p>\n\n\n\n<ul class=\"wp-block-list\">\n<li>Aportando el m\u00f3dulo profesional EIE en ense\u00f1anzas LOE.<\/li>\n\n\n\n<li>Acreditando la superaci\u00f3n del m\u00f3dulo profesional Administraci\u00f3n, gesti\u00f3n y comercializaci\u00f3n en la peque\u00f1a empresa, incluido en ense\u00f1anzas LOGSE.&nbsp;<\/li>\n\n\n\n<li>Cualquier otro supuesto previsto en el Real Decreto 1085\/2020 que diera como resultado la convalidaci\u00f3n del m\u00f3dulo profesional EIE.&nbsp;<\/li>\n\n\n\n<li>Acreditando la superaci\u00f3n de cualquier ciclo formativo de grado medio o superior de las&nbsp;familias profesionales de Administraci\u00f3n y Gesti\u00f3n o Comercio y Marketing.<\/li>\n<\/ul>\n\n\n\n<p><strong>M\u00e1s informaci\u00f3n:<\/strong><\/p>\n\n\n\n<p><a href=\"https:\/\/www.comunidad.madrid\/servicios\/educacion\/normativa-formacion-profesional\">https:\/\/www.comunidad.madrid\/servicios\/educacion\/normativa-formacion-profesional<\/a><\/p>\n\n\n\n<p><a href=\"https:\/\/www.todofp.es\/convalidaciones-equivalencias-homologaciones\/convalidaciones.html#cla-01-01\">https:\/\/www.todofp.es\/convalidaciones-equivalencias-homologaciones\/convalidaciones.html#cla-01-01<\/a> (El modelo de solicitud aparece dentro de este enlace)<\/p>\n\n\n\n<p><a href=\"https:\/\/site.educa.madrid.org\/ies.salvadorallende.fuenlabrada\/\/wp-content\/uploads\/ies.salvadorallende.fuenlabrada\/2024\/09\/Guia-convalidaciones-2024-2025.pdf\">Gu\u00eda convalidaciones Comunidad de Madrid 2024-25<\/a><\/p>\n","protected":false},"excerpt":{"rendered":"<p>NOTA INFORMATIVA PLAZO&nbsp; PRESENTACI\u00d3N SOLICITUDES: Del 22 Septiembre al 30 de Septiembre de 2025 en Secretar\u00eda en horario de 10 a 12 horas En Secretar\u00eda no se har\u00e1n fotocopias ni &#8230;<\/p>\n","protected":false},"author":2,"featured_media":0,"parent":0,"menu_order":0,"comment_status":"closed","ping_status":"closed","template":"","meta":{"footnotes":""},"folder":[],"class_list":["post-3888","page","type-page","status-publish","hentry"],"rttpg_featured_image_url":null,"rttpg_author":{"display_name":"tic.ies.salvadorallende.fuenlabrada","author_link":"https:\/\/site.educa.madrid.org\/ies.salvadorallende.fuenlabrada\/index.php\/author\/cuenta_tic-ies-salvadorallende-fuenlabrada\/"},"rttpg_comment":0,"rttpg_category":false,"rttpg_excerpt":"NOTA INFORMATIVA PLAZO&nbsp; PRESENTACI\u00d3N SOLICITUDES: Del 22 Septiembre al 30 de Septiembre de 2025 en Secretar\u00eda en horario de 10 a 12 horas En Secretar\u00eda no se har\u00e1n fotocopias ni ...","post_mailing_queue_ids":[],"_links":{"self":[{"href":"https:\/\/site.educa.madrid.org\/ies.salvadorallende.fuenlabrada\/index.php\/wp-json\/wp\/v2\/pages\/3888","targetHints":{"allow":["GET"]}}],"collection":[{"href":"https:\/\/site.educa.madrid.org\/ies.salvadorallende.fuenlabrada\/index.php\/wp-json\/wp\/v2\/pages"}],"about":[{"href":"https:\/\/site.educa.madrid.org\/ies.salvadorallende.fuenlabrada\/index.php\/wp-json\/wp\/v2\/types\/page"}],"author":[{"embeddable":true,"href":"https:\/\/site.educa.madrid.org\/ies.salvadorallende.fuenlabrada\/index.php\/wp-json\/wp\/v2\/users\/2"}],"replies":[{"embeddable":true,"href":"https:\/\/site.educa.madrid.org\/ies.salvadorallende.fuenlabrada\/index.php\/wp-json\/wp\/v2\/comments?post=3888"}],"version-history":[{"count":18,"href":"https:\/\/site.educa.madrid.org\/ies.salvadorallende.fuenlabrada\/index.php\/wp-json\/wp\/v2\/pages\/3888\/revisions"}],"predecessor-version":[{"id":7109,"href":"https:\/\/site.educa.madrid.org\/ies.salvadorallende.fuenlabrada\/index.php\/wp-json\/wp\/v2\/pages\/3888\/revisions\/7109"}],"wp:attachment":[{"href":"https:\/\/site.educa.madrid.org\/ies.salvadorallende.fuenlabrada\/index.php\/wp-json\/wp\/v2\/media?parent=3888"}],"wp:term":[{"taxonomy":"folder","embeddable":true,"href":"https:\/\/site.educa.madrid.org\/ies.salvadorallende.fuenlabrada\/index.php\/wp-json\/wp\/v2\/folder?post=3888"}],"curies":[{"name":"wp","href":"https:\/\/api.w.org\/{rel}","templated":true}]}}