{"id":4340,"date":"2024-12-01T14:10:35","date_gmt":"2024-12-01T13:10:35","guid":{"rendered":"https:\/\/site.educa.madrid.org\/ies.salvadorallende.fuenlabrada\/?page_id=4340"},"modified":"2024-12-19T19:38:25","modified_gmt":"2024-12-19T18:38:25","slug":"proyecto-huerto-y-protesis-dentales","status":"publish","type":"page","link":"https:\/\/site.educa.madrid.org\/ies.salvadorallende.fuenlabrada\/index.php\/proyecto-huerto-y-protesis-dentales\/","title":{"rendered":"Proyecto \u00abSalud bucodental\u00bb"},"content":{"rendered":"\n<figure class=\"wp-block-image size-large\"><img loading=\"lazy\" decoding=\"async\" width=\"1024\" height=\"256\" src=\"https:\/\/site.educa.madrid.org\/ies.salvadorallende.fuenlabrada\/\/wp-content\/uploads\/ies.salvadorallende.fuenlabrada\/2024\/12\/Banner-de-Linkedin-Asistente-Virtual-Aesthetic-Rosa-y-rojo-5-1024x256.png\" alt=\"\" class=\"wp-image-4350\" srcset=\"https:\/\/site.educa.madrid.org\/ies.salvadorallende.fuenlabrada\/\/wp-content\/uploads\/ies.salvadorallende.fuenlabrada\/2024\/12\/Banner-de-Linkedin-Asistente-Virtual-Aesthetic-Rosa-y-rojo-5-1024x256.png 1024w, https:\/\/site.educa.madrid.org\/ies.salvadorallende.fuenlabrada\/\/wp-content\/uploads\/ies.salvadorallende.fuenlabrada\/2024\/12\/Banner-de-Linkedin-Asistente-Virtual-Aesthetic-Rosa-y-rojo-5-300x75.png 300w, https:\/\/site.educa.madrid.org\/ies.salvadorallende.fuenlabrada\/\/wp-content\/uploads\/ies.salvadorallende.fuenlabrada\/2024\/12\/Banner-de-Linkedin-Asistente-Virtual-Aesthetic-Rosa-y-rojo-5-768x192.png 768w, https:\/\/site.educa.madrid.org\/ies.salvadorallende.fuenlabrada\/\/wp-content\/uploads\/ies.salvadorallende.fuenlabrada\/2024\/12\/Banner-de-Linkedin-Asistente-Virtual-Aesthetic-Rosa-y-rojo-5-1536x384.png 1536w, https:\/\/site.educa.madrid.org\/ies.salvadorallende.fuenlabrada\/\/wp-content\/uploads\/ies.salvadorallende.fuenlabrada\/2024\/12\/Banner-de-Linkedin-Asistente-Virtual-Aesthetic-Rosa-y-rojo-5.png 1584w\" sizes=\"auto, (max-width: 1024px) 100vw, 1024px\" \/><\/figure>\n\n\n\n<p class=\"has-text-align-left\">Este curso 2024-2025 se inicia un proyecto que nos encanta. En \u00e9l colaboran los alumnos y profesores que trabajan el huerto del Instituto y los alumnos y profesores de Ciclo Formativo de Grado Superior Pr\u00f3tesis Dentales.<\/p>\n\n\n\n<div style=\"height:100px\" aria-hidden=\"true\" class=\"wp-block-spacer\"><\/div>\n\n\n\n<div class=\"wp-block-columns is-layout-flex wp-container-core-columns-is-layout-9d6595d7 wp-block-columns-is-layout-flex\">\n<div class=\"wp-block-column is-layout-flow wp-block-column-is-layout-flow\" style=\"flex-basis:33.33%\">\n<figure class=\"wp-block-image size-large\"><img loading=\"lazy\" decoding=\"async\" width=\"1536\" height=\"864\" src=\"https:\/\/site.educa.madrid.org\/ies.salvadorallende.fuenlabrada\/\/wp-content\/uploads\/ies.salvadorallende.fuenlabrada\/2024\/12\/IMG-20241201-WA0010-edited-1.jpg\" alt=\"\" class=\"wp-image-4358\" srcset=\"https:\/\/site.educa.madrid.org\/ies.salvadorallende.fuenlabrada\/\/wp-content\/uploads\/ies.salvadorallende.fuenlabrada\/2024\/12\/IMG-20241201-WA0010-edited-1.jpg 1536w, https:\/\/site.educa.madrid.org\/ies.salvadorallende.fuenlabrada\/\/wp-content\/uploads\/ies.salvadorallende.fuenlabrada\/2024\/12\/IMG-20241201-WA0010-edited-1-300x169.jpg 300w, https:\/\/site.educa.madrid.org\/ies.salvadorallende.fuenlabrada\/\/wp-content\/uploads\/ies.salvadorallende.fuenlabrada\/2024\/12\/IMG-20241201-WA0010-edited-1-1024x576.jpg 1024w, https:\/\/site.educa.madrid.org\/ies.salvadorallende.fuenlabrada\/\/wp-content\/uploads\/ies.salvadorallende.fuenlabrada\/2024\/12\/IMG-20241201-WA0010-edited-1-768x432.jpg 768w\" sizes=\"auto, (max-width: 1536px) 100vw, 1536px\" \/><\/figure>\n\n\n\n<hr class=\"wp-block-separator has-alpha-channel-opacity\"\/>\n\n\n\n<figure class=\"wp-block-image size-large\"><img loading=\"lazy\" decoding=\"async\" width=\"1536\" height=\"864\" src=\"https:\/\/site.educa.madrid.org\/ies.salvadorallende.fuenlabrada\/\/wp-content\/uploads\/ies.salvadorallende.fuenlabrada\/2024\/12\/IMG-20241201-WA0013-edited-1.jpg\" alt=\"\" class=\"wp-image-4359\" srcset=\"https:\/\/site.educa.madrid.org\/ies.salvadorallende.fuenlabrada\/\/wp-content\/uploads\/ies.salvadorallende.fuenlabrada\/2024\/12\/IMG-20241201-WA0013-edited-1.jpg 1536w, https:\/\/site.educa.madrid.org\/ies.salvadorallende.fuenlabrada\/\/wp-content\/uploads\/ies.salvadorallende.fuenlabrada\/2024\/12\/IMG-20241201-WA0013-edited-1-300x169.jpg 300w, https:\/\/site.educa.madrid.org\/ies.salvadorallende.fuenlabrada\/\/wp-content\/uploads\/ies.salvadorallende.fuenlabrada\/2024\/12\/IMG-20241201-WA0013-edited-1-1024x576.jpg 1024w, https:\/\/site.educa.madrid.org\/ies.salvadorallende.fuenlabrada\/\/wp-content\/uploads\/ies.salvadorallende.fuenlabrada\/2024\/12\/IMG-20241201-WA0013-edited-1-768x432.jpg 768w\" sizes=\"auto, (max-width: 1536px) 100vw, 1536px\" \/><\/figure>\n\n\n\n<hr class=\"wp-block-separator has-alpha-channel-opacity\"\/>\n\n\n\n<figure class=\"wp-block-image size-large\"><img loading=\"lazy\" decoding=\"async\" width=\"1536\" height=\"1152\" src=\"https:\/\/site.educa.madrid.org\/ies.salvadorallende.fuenlabrada\/\/wp-content\/uploads\/ies.salvadorallende.fuenlabrada\/2024\/12\/image-edited.png\" alt=\"\" class=\"wp-image-4353\" srcset=\"https:\/\/site.educa.madrid.org\/ies.salvadorallende.fuenlabrada\/\/wp-content\/uploads\/ies.salvadorallende.fuenlabrada\/2024\/12\/image-edited.png 1536w, https:\/\/site.educa.madrid.org\/ies.salvadorallende.fuenlabrada\/\/wp-content\/uploads\/ies.salvadorallende.fuenlabrada\/2024\/12\/image-edited-300x225.png 300w, https:\/\/site.educa.madrid.org\/ies.salvadorallende.fuenlabrada\/\/wp-content\/uploads\/ies.salvadorallende.fuenlabrada\/2024\/12\/image-edited-1024x768.png 1024w, https:\/\/site.educa.madrid.org\/ies.salvadorallende.fuenlabrada\/\/wp-content\/uploads\/ies.salvadorallende.fuenlabrada\/2024\/12\/image-edited-768x576.png 768w\" sizes=\"auto, (max-width: 1536px) 100vw, 1536px\" \/><\/figure>\n<\/div>\n\n\n\n<div class=\"wp-block-column is-layout-flow wp-block-column-is-layout-flow\" style=\"flex-basis:66.66%\">\n<p>Nutrici\u00f3n y salud dental<\/p>\n\n\n\n<ul class=\"wp-block-list\">\n<li><strong>Relaci\u00f3n con pr\u00f3tesis dentales<\/strong>: El huerto puede servir como base para hablar sobre la nutrici\u00f3n y c\u00f3mo influye en la salud bucal. Por ejemplo, se pueden discutir los beneficios de ciertos alimentos cultivados en el huerto (frutas, verduras) en relaci\u00f3n con la salud dental y el mantenimiento de pr\u00f3tesis.<\/li>\n\n\n\n<li><strong>Actividad<\/strong>: Taller sobre los alimentos saludables para la salud dental, utilizando los productos del huerto como ejemplos y destacando c\u00f3mo algunos de ellos pueden prevenir enfermedades bucales y mejorar la funci\u00f3n de las pr\u00f3tesis.<\/li>\n<\/ul>\n\n\n\n<p>Algunas de las variedades que hemos elegido por sus beneficios en la salud bucodental son las siguientes:<\/p>\n\n\n\n<ul class=\"wp-block-list\">\n<li><strong>An\u00eds, manzanilla o romero<\/strong>: las infusiones hechas&nbsp;&nbsp;&nbsp;&nbsp; con estas plantas ayudan a aliviar la inflamaci\u00f3n de las enc\u00edas<\/li>\n\n\n\n<li><strong>An\u00eds: <\/strong>masticar semillas de esta planta ayuda a reducir el mal aliento<\/li>\n\n\n\n<li><strong>Clavo: <\/strong>el aceite esencial del clavo, diluido en aceite de oliva y aplicado sobre las enc\u00edas puede ayudar a reducir la inflamaci\u00f3n<\/li>\n\n\n\n<li><strong>Bardana<\/strong>: la infusi\u00f3n de bardana combate la tensi\u00f3n muscular y el dolor de cabeza ocasionado por problemas con la articulaci\u00f3n de la mand\u00edbula<\/li>\n\n\n\n<li><strong>Cola de caballo<\/strong>: el enjuague con la infusi\u00f3n de esta planta calma los dolores que produce la periodontitis<\/li>\n\n\n\n<li><strong>Regaliz: <\/strong>la infusi\u00f3n de regaliz bebida o en enjuague dificulta e incluso evita que se produzca la placa bacteriana<\/li>\n\n\n\n<li><strong>Salvia: <\/strong>la infusi\u00f3n de salvia es muy eficaz para tratar las \u00falceras bucales<\/li>\n\n\n\n<li><strong>Tomillo<\/strong>: Las g\u00e1rgaras con infusi\u00f3n de tomillo reduce las inflamaciones de garganta y de la boca<\/li>\n\n\n\n<li><strong>Violeta: <\/strong>Su infusi\u00f3n, aplicada con un bastoncillo de algod\u00f3n, es un buen remedio contra las llagas.<\/li>\n<\/ul>\n\n\n\n<p>Los alumnos se encargar\u00e1n de sembrar, cuidar y recolectar estas plantas. Una vez recolectadas los alumnos de farmacia podr\u00edan elaborar f\u00f3rmulas magistrales adecuadas para el tratamiento de la salud bucodental.<\/p>\n<\/div>\n<\/div>\n\n\n\n<p><\/p>\n","protected":false},"excerpt":{"rendered":"<p>Este curso 2024-2025 se inicia un proyecto que nos encanta. En \u00e9l colaboran los alumnos y profesores que trabajan el huerto del Instituto y los alumnos y profesores de Ciclo &#8230;<\/p>\n","protected":false},"author":2,"featured_media":0,"parent":0,"menu_order":0,"comment_status":"closed","ping_status":"closed","template":"","meta":{"footnotes":""},"folder":[],"class_list":["post-4340","page","type-page","status-publish","hentry"],"rttpg_featured_image_url":null,"rttpg_author":{"display_name":"tic.ies.salvadorallende.fuenlabrada","author_link":"https:\/\/site.educa.madrid.org\/ies.salvadorallende.fuenlabrada\/index.php\/author\/cuenta_tic-ies-salvadorallende-fuenlabrada\/"},"rttpg_comment":0,"rttpg_category":false,"rttpg_excerpt":"Este curso 2024-2025 se inicia un proyecto que nos encanta. En \u00e9l colaboran los alumnos y profesores que trabajan el huerto del Instituto y los alumnos y profesores de Ciclo ...","post_mailing_queue_ids":[],"_links":{"self":[{"href":"https:\/\/site.educa.madrid.org\/ies.salvadorallende.fuenlabrada\/index.php\/wp-json\/wp\/v2\/pages\/4340","targetHints":{"allow":["GET"]}}],"collection":[{"href":"https:\/\/site.educa.madrid.org\/ies.salvadorallende.fuenlabrada\/index.php\/wp-json\/wp\/v2\/pages"}],"about":[{"href":"https:\/\/site.educa.madrid.org\/ies.salvadorallende.fuenlabrada\/index.php\/wp-json\/wp\/v2\/types\/page"}],"author":[{"embeddable":true,"href":"https:\/\/site.educa.madrid.org\/ies.salvadorallende.fuenlabrada\/index.php\/wp-json\/wp\/v2\/users\/2"}],"replies":[{"embeddable":true,"href":"https:\/\/site.educa.madrid.org\/ies.salvadorallende.fuenlabrada\/index.php\/wp-json\/wp\/v2\/comments?post=4340"}],"version-history":[{"count":14,"href":"https:\/\/site.educa.madrid.org\/ies.salvadorallende.fuenlabrada\/index.php\/wp-json\/wp\/v2\/pages\/4340\/revisions"}],"predecessor-version":[{"id":4482,"href":"https:\/\/site.educa.madrid.org\/ies.salvadorallende.fuenlabrada\/index.php\/wp-json\/wp\/v2\/pages\/4340\/revisions\/4482"}],"wp:attachment":[{"href":"https:\/\/site.educa.madrid.org\/ies.salvadorallende.fuenlabrada\/index.php\/wp-json\/wp\/v2\/media?parent=4340"}],"wp:term":[{"taxonomy":"folder","embeddable":true,"href":"https:\/\/site.educa.madrid.org\/ies.salvadorallende.fuenlabrada\/index.php\/wp-json\/wp\/v2\/folder?post=4340"}],"curies":[{"name":"wp","href":"https:\/\/api.w.org\/{rel}","templated":true}]}}