{"id":4508,"date":"2024-12-19T19:58:24","date_gmt":"2024-12-19T18:58:24","guid":{"rendered":"https:\/\/site.educa.madrid.org\/ies.salvadorallende.fuenlabrada\/?page_id=4508"},"modified":"2024-12-19T20:05:23","modified_gmt":"2024-12-19T19:05:23","slug":"madridskills","status":"publish","type":"page","link":"https:\/\/site.educa.madrid.org\/ies.salvadorallende.fuenlabrada\/index.php\/madridskills\/","title":{"rendered":"Madridskills"},"content":{"rendered":"\n<div style=\"height:100px\" aria-hidden=\"true\" class=\"wp-block-spacer\"><\/div>\n\n\n\n<div class=\"wp-block-group is-vertical is-content-justification-center is-layout-flex wp-container-core-group-is-layout-4b2eccd6 wp-block-group-is-layout-flex\">\n<div class=\"wp-block-group wp-container-content-9cfa9a5a\"><div class=\"wp-block-group__inner-container is-layout-constrained wp-block-group-is-layout-constrained\">\n<p class=\"has-text-align-left wp-container-content-9cfa9a5a\">MadridSkills son las competiciones u olimpiadas de la Formaci\u00f3n Profesional en la Comunidad de Madrid.<\/p>\n\n\n\n<p class=\"has-text-align-left wp-container-content-9cfa9a5a\">Se organizan desde la Direcci\u00f3n General de Educaci\u00f3n Secundaria, Formaci\u00f3n Profesional y R\u00e9gimen Especial.<\/p>\n\n\n\n<p class=\"has-text-align-left wp-container-content-9cfa9a5a\">El objetivo de estas competiciones es fomentar el conocimiento de las ense\u00f1anzas de Formaci\u00f3n Profesional y ser un punto de encuentro entre alumnos, profesores y profesionales del sector promocionando dichas ense\u00f1anzas y reconociendo el trabajo realizado en los centros educativos.<\/p>\n\n\n\n<p class=\"has-text-align-left wp-container-content-9cfa9a5a\">Los ganadores de estas competiciones participan posteriormente en las SpainSkills, y a su vez los ganadores en esta segunda competici\u00f3n participan en las WorldSkills.<\/p>\n\n\n\n<p class=\"has-text-align-left wp-container-content-9cfa9a5a\">MadridSkills 2025 se celebrar\u00e1 en marzo de 2025 y desde el ciclo de Farmacia y Parafarmacia participaremos en la competici\u00f3n, en la primera edici\u00f3n que se realiza para esta modalidad.<\/p>\n<\/div><\/div>\n<\/div>\n","protected":false},"excerpt":{"rendered":"<p>MadridSkills son las competiciones u olimpiadas de la Formaci\u00f3n Profesional en la Comunidad de Madrid. Se organizan desde la Direcci\u00f3n General de Educaci\u00f3n Secundaria, Formaci\u00f3n Profesional y R\u00e9gimen Especial. El &#8230;<\/p>\n","protected":false},"author":2,"featured_media":4474,"parent":0,"menu_order":0,"comment_status":"closed","ping_status":"closed","template":"","meta":{"footnotes":""},"folder":[],"class_list":["post-4508","page","type-page","status-publish","has-post-thumbnail","hentry"],"rttpg_featured_image_url":{"full":["https:\/\/site.educa.madrid.org\/ies.salvadorallende.fuenlabrada\/\/wp-content\/uploads\/ies.salvadorallende.fuenlabrada\/2024\/12\/madrid-skills.png",1908,376,false],"landscape":["https:\/\/site.educa.madrid.org\/ies.salvadorallende.fuenlabrada\/\/wp-content\/uploads\/ies.salvadorallende.fuenlabrada\/2024\/12\/madrid-skills.png",1908,376,false],"portraits":["https:\/\/site.educa.madrid.org\/ies.salvadorallende.fuenlabrada\/\/wp-content\/uploads\/ies.salvadorallende.fuenlabrada\/2024\/12\/madrid-skills.png",1908,376,false],"thumbnail":["https:\/\/site.educa.madrid.org\/ies.salvadorallende.fuenlabrada\/\/wp-content\/uploads\/ies.salvadorallende.fuenlabrada\/2024\/12\/madrid-skills-150x150.png",150,150,true],"medium":["https:\/\/site.educa.madrid.org\/ies.salvadorallende.fuenlabrada\/\/wp-content\/uploads\/ies.salvadorallende.fuenlabrada\/2024\/12\/madrid-skills-300x59.png",300,59,true],"large":["https:\/\/site.educa.madrid.org\/ies.salvadorallende.fuenlabrada\/\/wp-content\/uploads\/ies.salvadorallende.fuenlabrada\/2024\/12\/madrid-skills-1024x202.png",800,158,true],"thumblist":["https:\/\/site.educa.madrid.org\/ies.salvadorallende.fuenlabrada\/\/wp-content\/uploads\/ies.salvadorallende.fuenlabrada\/2024\/12\/madrid-skills-300x300.png",300,300,true],"thumbrelated":["https:\/\/site.educa.madrid.org\/ies.salvadorallende.fuenlabrada\/\/wp-content\/uploads\/ies.salvadorallende.fuenlabrada\/2024\/12\/madrid-skills-500x376.png",500,376,true],"meccarouselthumb":["https:\/\/site.educa.madrid.org\/ies.salvadorallende.fuenlabrada\/\/wp-content\/uploads\/ies.salvadorallende.fuenlabrada\/2024\/12\/madrid-skills-474x324.png",474,324,true],"gridsquare":["https:\/\/site.educa.madrid.org\/ies.salvadorallende.fuenlabrada\/\/wp-content\/uploads\/ies.salvadorallende.fuenlabrada\/2024\/12\/madrid-skills-391x260.png",391,260,true],"tileview":["https:\/\/site.educa.madrid.org\/ies.salvadorallende.fuenlabrada\/\/wp-content\/uploads\/ies.salvadorallende.fuenlabrada\/2024\/12\/madrid-skills-300x376.png",300,376,true],"1536x1536":["https:\/\/site.educa.madrid.org\/ies.salvadorallende.fuenlabrada\/\/wp-content\/uploads\/ies.salvadorallende.fuenlabrada\/2024\/12\/madrid-skills-1536x303.png",1536,303,true],"2048x2048":["https:\/\/site.educa.madrid.org\/ies.salvadorallende.fuenlabrada\/\/wp-content\/uploads\/ies.salvadorallende.fuenlabrada\/2024\/12\/madrid-skills.png",1908,376,false],"onepress-blog-small":["https:\/\/site.educa.madrid.org\/ies.salvadorallende.fuenlabrada\/\/wp-content\/uploads\/ies.salvadorallende.fuenlabrada\/2024\/12\/madrid-skills.png",300,59,false],"onepress-small":["https:\/\/site.educa.madrid.org\/ies.salvadorallende.fuenlabrada\/\/wp-content\/uploads\/ies.salvadorallende.fuenlabrada\/2024\/12\/madrid-skills.png",480,95,false],"onepress-medium":["https:\/\/site.educa.madrid.org\/ies.salvadorallende.fuenlabrada\/\/wp-content\/uploads\/ies.salvadorallende.fuenlabrada\/2024\/12\/madrid-skills.png",640,126,false],"sow-carousel-default":["https:\/\/site.educa.madrid.org\/ies.salvadorallende.fuenlabrada\/\/wp-content\/uploads\/ies.salvadorallende.fuenlabrada\/2024\/12\/madrid-skills-272x182.png",272,182,true],"sow-post-carousel-overlay-theme":["https:\/\/site.educa.madrid.org\/ies.salvadorallende.fuenlabrada\/\/wp-content\/uploads\/ies.salvadorallende.fuenlabrada\/2024\/12\/madrid-skills.png",360,71,false],"sow-post-carousel-cards-theme":["https:\/\/site.educa.madrid.org\/ies.salvadorallende.fuenlabrada\/\/wp-content\/uploads\/ies.salvadorallende.fuenlabrada\/2024\/12\/madrid-skills.png",360,71,false],"rt_custom":["https:\/\/site.educa.madrid.org\/ies.salvadorallende.fuenlabrada\/\/wp-content\/uploads\/ies.salvadorallende.fuenlabrada\/2024\/12\/madrid-skills.png",1908,376,false]},"rttpg_author":{"display_name":"tic.ies.salvadorallende.fuenlabrada","author_link":"https:\/\/site.educa.madrid.org\/ies.salvadorallende.fuenlabrada\/index.php\/author\/cuenta_tic-ies-salvadorallende-fuenlabrada\/"},"rttpg_comment":0,"rttpg_category":false,"rttpg_excerpt":"MadridSkills son las competiciones u olimpiadas de la Formaci\u00f3n Profesional en la Comunidad de Madrid. Se organizan desde la Direcci\u00f3n General de Educaci\u00f3n Secundaria, Formaci\u00f3n Profesional y R\u00e9gimen Especial. El ...","post_mailing_queue_ids":[],"_links":{"self":[{"href":"https:\/\/site.educa.madrid.org\/ies.salvadorallende.fuenlabrada\/index.php\/wp-json\/wp\/v2\/pages\/4508","targetHints":{"allow":["GET"]}}],"collection":[{"href":"https:\/\/site.educa.madrid.org\/ies.salvadorallende.fuenlabrada\/index.php\/wp-json\/wp\/v2\/pages"}],"about":[{"href":"https:\/\/site.educa.madrid.org\/ies.salvadorallende.fuenlabrada\/index.php\/wp-json\/wp\/v2\/types\/page"}],"author":[{"embeddable":true,"href":"https:\/\/site.educa.madrid.org\/ies.salvadorallende.fuenlabrada\/index.php\/wp-json\/wp\/v2\/users\/2"}],"replies":[{"embeddable":true,"href":"https:\/\/site.educa.madrid.org\/ies.salvadorallende.fuenlabrada\/index.php\/wp-json\/wp\/v2\/comments?post=4508"}],"version-history":[{"count":9,"href":"https:\/\/site.educa.madrid.org\/ies.salvadorallende.fuenlabrada\/index.php\/wp-json\/wp\/v2\/pages\/4508\/revisions"}],"predecessor-version":[{"id":4518,"href":"https:\/\/site.educa.madrid.org\/ies.salvadorallende.fuenlabrada\/index.php\/wp-json\/wp\/v2\/pages\/4508\/revisions\/4518"}],"wp:featuredmedia":[{"embeddable":true,"href":"https:\/\/site.educa.madrid.org\/ies.salvadorallende.fuenlabrada\/index.php\/wp-json\/wp\/v2\/media\/4474"}],"wp:attachment":[{"href":"https:\/\/site.educa.madrid.org\/ies.salvadorallende.fuenlabrada\/index.php\/wp-json\/wp\/v2\/media?parent=4508"}],"wp:term":[{"taxonomy":"folder","embeddable":true,"href":"https:\/\/site.educa.madrid.org\/ies.salvadorallende.fuenlabrada\/index.php\/wp-json\/wp\/v2\/folder?post=4508"}],"curies":[{"name":"wp","href":"https:\/\/api.w.org\/{rel}","templated":true}]}}