{"id":482,"date":"2023-05-14T19:15:16","date_gmt":"2023-05-14T17:15:16","guid":{"rendered":"https:\/\/site.educa.madrid.org\/ies.salvadorallende.fuenlabrada\/?page_id=482"},"modified":"2025-07-08T23:42:30","modified_gmt":"2025-07-08T21:42:30","slug":"tecnico-superior-en-dietetica","status":"publish","type":"page","link":"https:\/\/site.educa.madrid.org\/ies.salvadorallende.fuenlabrada\/index.php\/tecnico-superior-en-dietetica\/","title":{"rendered":"T\u00e9cnico Superior en Diet\u00e9tica"},"content":{"rendered":"\n<div class=\"wp-block-columns is-layout-flex wp-container-core-columns-is-layout-9d6595d7 wp-block-columns-is-layout-flex\">\n<div class=\"wp-block-column is-layout-flow wp-block-column-is-layout-flow\" style=\"flex-basis:33.33%\">\n<figure class=\"wp-block-image size-full is-resized\"><img loading=\"lazy\" decoding=\"async\" width=\"77\" height=\"80\" src=\"https:\/\/site.educa.madrid.org\/ies.salvadorallende.fuenlabrada\/\/wp-content\/uploads\/ies.salvadorallende.fuenlabrada\/2024\/02\/CAE3.png\" alt=\"\" class=\"wp-image-2110\" style=\"width:84px;height:87px\"\/><\/figure>\n<\/div>\n\n\n\n<div class=\"wp-block-column is-layout-flow wp-block-column-is-layout-flow\" style=\"flex-basis:66.66%\">\n<p class=\"has-text-align-center has-large-font-size\"><strong>Turno diurno<\/strong><\/p>\n<\/div>\n\n\n\n<div class=\"wp-block-column is-vertically-aligned-center is-layout-flow wp-block-column-is-layout-flow\" style=\"flex-basis:210px\">\n<p class=\"has-medium-font-size\"><strong>C\u00d3DIGO: SAN302<\/strong><\/p>\n<\/div>\n<\/div>\n\n\n<div\n\t\t\t\n\t\t\tclass=\"so-widget-sow-accordion so-widget-sow-accordion-default-65b7e56ac4bb\"\n\t\t\t data-max-open-panels=\"0\" data-initial-scroll-panel=\"0\"\n\t\t><div>\n\t<div class=\"sow-accordion\">\n\t\t\t<div class=\"sow-accordion-panel\"\n\t\t\t data-anchor=\"duraci%c3%b3n-del-estudio\">\n\t\t\t\t<div class=\"sow-accordion-panel-header-container\" role=\"heading\" aria-level=\"2\">\n\t\t\t\t\t<div class=\"sow-accordion-panel-header\" tabindex=\"0\" role=\"button\" id=\"accordion-label-duraci%c3%b3n-del-estudio\" aria-controls=\"accordion-content-duraci%c3%b3n-del-estudio\" aria-expanded=\"false\">\n\t\t\t\t\t\t<div class=\"sow-accordion-title sow-accordion-title-icon-left\">\n\t\t\t\t\t\t\t\t\t\t\t\t\t\tDuraci\u00f3n del estudio\t\t\t\t\t\t\t\t\t\t\t\t\t<\/div>\n\t\t\t\t\t\t<div class=\"sow-accordion-open-close-button\">\n\t\t\t\t\t\t\t<div class=\"sow-accordion-open-button\">\n\t\t\t\t\t\t\t\t<span class=\"sow-icon-fontawesome sow-fas\" data-sow-icon=\"&#x2b;\"\n\t\t \n\t\taria-hidden=\"true\"><\/span>\t\t\t\t\t\t\t<\/div>\n\t\t\t\t\t\t\t<div class=\"sow-accordion-close-button\">\n\t\t\t\t\t\t\t\t<span class=\"sow-icon-fontawesome sow-fas\" data-sow-icon=\"&#xf068;\"\n\t\t \n\t\taria-hidden=\"true\"><\/span>\t\t\t\t\t\t\t<\/div>\n\t\t\t\t\t\t<\/div>\n\t\t\t\t\t<\/div>\n\t\t\t\t<\/div>\n\n\t\t\t<div\n\t\t\t\tclass=\"sow-accordion-panel-content\"\n\t\t\t\trole=\"region\"\n\t\t\t\taria-labelledby=\"accordion-label-duraci%c3%b3n-del-estudio\"\n\t\t\t\tid=\"accordion-content-duraci%c3%b3n-del-estudio\"\n\t\t\t\tstyle=\"display: none;\"\t\t\t>\n\t\t\t\t<div class=\"sow-accordion-panel-border\">\n\t\t\t\t\t<p>2000 horas: 2 cursos acad\u00e9micos, incluida la F.C.T.<\/p>\n\t\t\t\t<\/div>\n\t\t\t<\/div>\n\t\t<\/div>\n\t\t\t<div class=\"sow-accordion-panel\"\n\t\t\t data-anchor=\"requisitos-de-acceso\">\n\t\t\t\t<div class=\"sow-accordion-panel-header-container\" role=\"heading\" aria-level=\"2\">\n\t\t\t\t\t<div class=\"sow-accordion-panel-header\" tabindex=\"0\" role=\"button\" id=\"accordion-label-requisitos-de-acceso\" aria-controls=\"accordion-content-requisitos-de-acceso\" aria-expanded=\"false\">\n\t\t\t\t\t\t<div class=\"sow-accordion-title sow-accordion-title-icon-left\">\n\t\t\t\t\t\t\t\t\t\t\t\t\t\tRequisitos de acceso\t\t\t\t\t\t\t\t\t\t\t\t\t<\/div>\n\t\t\t\t\t\t<div class=\"sow-accordion-open-close-button\">\n\t\t\t\t\t\t\t<div class=\"sow-accordion-open-button\">\n\t\t\t\t\t\t\t\t<span class=\"sow-icon-fontawesome sow-fas\" data-sow-icon=\"&#x2b;\"\n\t\t \n\t\taria-hidden=\"true\"><\/span>\t\t\t\t\t\t\t<\/div>\n\t\t\t\t\t\t\t<div class=\"sow-accordion-close-button\">\n\t\t\t\t\t\t\t\t<span class=\"sow-icon-fontawesome sow-fas\" data-sow-icon=\"&#xf068;\"\n\t\t \n\t\taria-hidden=\"true\"><\/span>\t\t\t\t\t\t\t<\/div>\n\t\t\t\t\t\t<\/div>\n\t\t\t\t\t<\/div>\n\t\t\t\t<\/div>\n\n\t\t\t<div\n\t\t\t\tclass=\"sow-accordion-panel-content\"\n\t\t\t\trole=\"region\"\n\t\t\t\taria-labelledby=\"accordion-label-requisitos-de-acceso\"\n\t\t\t\tid=\"accordion-content-requisitos-de-acceso\"\n\t\t\t\tstyle=\"display: none;\"\t\t\t>\n\t\t\t\t<div class=\"sow-accordion-panel-border\">\n\t\t\t\t\t<p>Cumplir <strong>alguno<\/strong> de los siguientes requisitos:<\/p>\n<ul>\n<li><strong>T\u00edtulo de Bachiller<\/strong>, o de un certificado acreditativo de haber superado todas las materias del Bachillerato.<\/li>\n<li>T\u00edtulo de T\u00e9cnico\/a (Formaci\u00f3n Profesional de Grado Medio).<\/li>\n<li>T\u00edtulo de T\u00e9cnico\/a Superior, T\u00e9cnico Especialista o equivalente a efectos acad\u00e9micos.<\/li>\n<li>T\u00e9cnico o T\u00e9cnica de Artes Pl\u00e1sticas y Dise\u00f1o (art\u00edculo 53.1 de la Ley Org\u00e1nica 2\/2006, de 3 de mayo, de Educaci\u00f3n, modificada por la Ley Org\u00e1nica 3\/2020, de 29 de diciembre).<\/li>\n<li>Titulaci\u00f3n Universitaria o equivalente.<\/li>\n<\/ul>\n<p>Haber superado:<\/p>\n<ul>\n<li>3\u00ba de BUP (Bachillerato Unificado Polivalente): Acreditaci\u00f3n mediante certificaci\u00f3n acad\u00e9mica de haber superado todas las asignaturas conducentes a la obtenci\u00f3n del t\u00edtulo de Bachiller regulado por la Ley 14\/1970, de 4 de agosto, General de Educaci\u00f3n y Financiamiento de la Reforma Educativa, tras la finalizaci\u00f3n del tercer curso de dichas ense\u00f1anzas.\u00a0<a href=\"https:\/\/www.boe.es\/boe\/dias\/2021\/11\/08\/pdfs\/BOE-A-2021-18189.pdf\">Orden EFP\/1210\/2021, de 2 de noviembreEnlace externo, se abre en ventana nueva<\/a>\u00a0por la que se establece la equivalencia, a los efectos de acceso a ense\u00f1anzas de formaci\u00f3n profesional, de determinados estudios y t\u00edtulos anteriores al actual sistema educativo.<\/li>\n<li>2\u00ba curso de cualquier modalidad de Bachillerato experimental.<\/li>\n<li>COU; Curso de Orientaci\u00f3n Universitaria.<\/li>\n<li><a href=\"https:\/\/www.todofp.es\/como-cuando-y-donde-estudiar\/acceso-fp-desde-fp\/ciclos-grado-superior.html\">Prueba de acceso a ciclos formativos de grado superior<\/a>(se requiere tener al menos 19 a\u00f1os en el a\u00f1o que se realiza la prueba o 18 para quienes poseen el t\u00edtulo de T\u00e9cnico\/a).<\/li>\n<li>Prueba de acceso a la Universidad para mayores de 25 a\u00f1os (la superaci\u00f3n de las pruebas de acceso a la Universidad para mayores de 40 y 45 a\u00f1os no es un requisito v\u00e1lido para acceder a FP).<\/li>\n<\/ul>\n<p>Haber superado:<\/p>\n<ul>\n<li>Un curso de formaci\u00f3n espec\u00edfico preparatorio y gratuito para el acceso a ciclos formativos de grado superior en centros expresamente autorizados por la Administraci\u00f3n educativa.<\/li>\n<\/ul>\n\t\t\t\t<\/div>\n\t\t\t<\/div>\n\t\t<\/div>\n\t\t\t<div class=\"sow-accordion-panel\"\n\t\t\t data-anchor=\"%c2%bfqu%c3%a9-voy-a-aprender-y-hacer\">\n\t\t\t\t<div class=\"sow-accordion-panel-header-container\" role=\"heading\" aria-level=\"2\">\n\t\t\t\t\t<div class=\"sow-accordion-panel-header\" tabindex=\"0\" role=\"button\" id=\"accordion-label-%c2%bfqu%c3%a9-voy-a-aprender-y-hacer\" aria-controls=\"accordion-content-%c2%bfqu%c3%a9-voy-a-aprender-y-hacer\" aria-expanded=\"false\">\n\t\t\t\t\t\t<div class=\"sow-accordion-title sow-accordion-title-icon-left\">\n\t\t\t\t\t\t\t\t\t\t\t\t\t\t\u00bfQu\u00e9 voy a aprender y hacer?\t\t\t\t\t\t\t\t\t\t\t\t\t<\/div>\n\t\t\t\t\t\t<div class=\"sow-accordion-open-close-button\">\n\t\t\t\t\t\t\t<div class=\"sow-accordion-open-button\">\n\t\t\t\t\t\t\t\t<span class=\"sow-icon-fontawesome sow-fas\" data-sow-icon=\"&#x2b;\"\n\t\t \n\t\taria-hidden=\"true\"><\/span>\t\t\t\t\t\t\t<\/div>\n\t\t\t\t\t\t\t<div class=\"sow-accordion-close-button\">\n\t\t\t\t\t\t\t\t<span class=\"sow-icon-fontawesome sow-fas\" data-sow-icon=\"&#xf068;\"\n\t\t \n\t\taria-hidden=\"true\"><\/span>\t\t\t\t\t\t\t<\/div>\n\t\t\t\t\t\t<\/div>\n\t\t\t\t\t<\/div>\n\t\t\t\t<\/div>\n\n\t\t\t<div\n\t\t\t\tclass=\"sow-accordion-panel-content\"\n\t\t\t\trole=\"region\"\n\t\t\t\taria-labelledby=\"accordion-label-%c2%bfqu%c3%a9-voy-a-aprender-y-hacer\"\n\t\t\t\tid=\"accordion-content-%c2%bfqu%c3%a9-voy-a-aprender-y-hacer\"\n\t\t\t\tstyle=\"display: none;\"\t\t\t>\n\t\t\t\t<div class=\"sow-accordion-panel-border\">\n\t\t\t\t\t<p><strong>Este profesional ser\u00e1 capaz de:<\/strong><\/p>\n<p><!-- wp:list --><\/p>\n<ul>\n<li style=\"list-style-type: none\">\n<ul><!-- wp:list-item -->\n<li>Organizar y gestionar, a su nivel, el \u00e1rea de trabajo asignada en la unidad\/gabinete.<\/li>\n<\/ul>\n<\/li>\n<\/ul>\n<p><!-- \/wp:list-item --> <!-- wp:list-item --><\/p>\n<ul>\n<li style=\"list-style-type: none\">\n<ul>\n<li>Elaborar y supervisar dietas adaptadas a personas y colectivos, seg\u00fan sus necesidades nutricionales.<\/li>\n<\/ul>\n<\/li>\n<\/ul>\n<p><!-- \/wp:list-item --> <!-- wp:list-item --><\/p>\n<ul>\n<li style=\"list-style-type: none\">\n<ul>\n<li>Elaborar y supervisar dietas adaptadas a pacientes y colectivos, seg\u00fan su patolog\u00eda espec\u00edfica.<\/li>\n<\/ul>\n<\/li>\n<\/ul>\n<p><!-- \/wp:list-item --> <!-- wp:list-item --><\/p>\n<ul>\n<li style=\"list-style-type: none\">\n<ul>\n<li>Controlar y supervisar la composici\u00f3n cualitativa de los alimentos para determinar su calidad higi\u00e9nico-diet\u00e9tica.<\/li>\n<\/ul>\n<\/li>\n<\/ul>\n<p><!-- \/wp:list-item --> <!-- wp:list-item --><\/p>\n<ul>\n<li style=\"list-style-type: none\">\n<ul>\n<li>Supervisar la conservaci\u00f3n, manipulaci\u00f3n y transformaci\u00f3n de los alimentos de consumo humano.<\/li>\n<\/ul>\n<\/li>\n<\/ul>\n<p><!-- \/wp:list-item --> <!-- wp:list-item --><\/p>\n<ul>\n<li style=\"list-style-type: none\">\n<ul>\n<li>Promover la salud de las personas y de la comunidad a trav\u00e9s de la educaci\u00f3n alimentaria, mediante actividades de promoci\u00f3n y educaci\u00f3n para la salud.<\/li>\n<\/ul>\n<\/li>\n<\/ul>\n<p><!-- \/wp:list-item --><\/p>\n<p><!-- \/wp:list --><\/p>\n\t\t\t\t<\/div>\n\t\t\t<\/div>\n\t\t<\/div>\n\t\t\t<div class=\"sow-accordion-panel\"\n\t\t\t data-anchor=\"plan-de-formaci%c3%b3n\">\n\t\t\t\t<div class=\"sow-accordion-panel-header-container\" role=\"heading\" aria-level=\"2\">\n\t\t\t\t\t<div class=\"sow-accordion-panel-header\" tabindex=\"0\" role=\"button\" id=\"accordion-label-plan-de-formaci%c3%b3n\" aria-controls=\"accordion-content-plan-de-formaci%c3%b3n\" aria-expanded=\"false\">\n\t\t\t\t\t\t<div class=\"sow-accordion-title sow-accordion-title-icon-left\">\n\t\t\t\t\t\t\t\t\t\t\t\t\t\tPlan de formaci\u00f3n\t\t\t\t\t\t\t\t\t\t\t\t\t<\/div>\n\t\t\t\t\t\t<div class=\"sow-accordion-open-close-button\">\n\t\t\t\t\t\t\t<div class=\"sow-accordion-open-button\">\n\t\t\t\t\t\t\t\t<span class=\"sow-icon-fontawesome sow-fas\" data-sow-icon=\"&#x2b;\"\n\t\t \n\t\taria-hidden=\"true\"><\/span>\t\t\t\t\t\t\t<\/div>\n\t\t\t\t\t\t\t<div class=\"sow-accordion-close-button\">\n\t\t\t\t\t\t\t\t<span class=\"sow-icon-fontawesome sow-fas\" data-sow-icon=\"&#xf068;\"\n\t\t \n\t\taria-hidden=\"true\"><\/span>\t\t\t\t\t\t\t<\/div>\n\t\t\t\t\t\t<\/div>\n\t\t\t\t\t<\/div>\n\t\t\t\t<\/div>\n\n\t\t\t<div\n\t\t\t\tclass=\"sow-accordion-panel-content\"\n\t\t\t\trole=\"region\"\n\t\t\t\taria-labelledby=\"accordion-label-plan-de-formaci%c3%b3n\"\n\t\t\t\tid=\"accordion-content-plan-de-formaci%c3%b3n\"\n\t\t\t\tstyle=\"display: none;\"\t\t\t>\n\t\t\t\t<div class=\"sow-accordion-panel-border\">\n\t\t\t\t\t<p>En el centro educativo, a trav\u00e9s de una formaci\u00f3n te\u00f3rico-pr\u00e1ctica. Los contenidos se agrupan en los siguientes m\u00f3dulos profesionales:<\/p>\n<p>&#8211; Organizaci\u00f3n y gesti\u00f3n del \u00e1rea de trabajo asignada en la unidad\/gabinete de diet\u00e9tica<\/p>\n<p>&#8211; Alimentaci\u00f3n equilibrada<\/p>\n<p>&#8211; Dietoterapia<\/p>\n<p>&#8211; Control alimentario<\/p>\n<p>&#8211; Microbiolog\u00eda e higiene alimentaria<\/p>\n<p>&#8211; Educaci\u00f3n sanitaria y promoci\u00f3n de la salud<\/p>\n<p>&#8211; Fisiopatolog\u00eda aplicada a la diet\u00e9tica<\/p>\n<p>&#8211; Relaciones en el entorno de trabajo<\/p>\n<p>&#8211; Formaci\u00f3n y orientaci\u00f3n laboral<\/p>\n<p>-M\u00f3dulo de Formaci\u00f3n en Centros de Trabajo (F.C.T.) que se realiza en colaboraci\u00f3n con empresas<\/p>\n\t\t\t\t<\/div>\n\t\t\t<\/div>\n\t\t<\/div>\n\t\t\t<div class=\"sow-accordion-panel\"\n\t\t\t data-anchor=\"al-finalizar-mis-estudios-%c2%bfqu%c3%a9-puedo-hacer\">\n\t\t\t\t<div class=\"sow-accordion-panel-header-container\" role=\"heading\" aria-level=\"2\">\n\t\t\t\t\t<div class=\"sow-accordion-panel-header\" tabindex=\"0\" role=\"button\" id=\"accordion-label-al-finalizar-mis-estudios-%c2%bfqu%c3%a9-puedo-hacer\" aria-controls=\"accordion-content-al-finalizar-mis-estudios-%c2%bfqu%c3%a9-puedo-hacer\" aria-expanded=\"false\">\n\t\t\t\t\t\t<div class=\"sow-accordion-title sow-accordion-title-icon-left\">\n\t\t\t\t\t\t\t\t\t\t\t\t\t\tAl finalizar mis estudios, \u00bfQu\u00e9 puedo hacer?\t\t\t\t\t\t\t\t\t\t\t\t\t<\/div>\n\t\t\t\t\t\t<div class=\"sow-accordion-open-close-button\">\n\t\t\t\t\t\t\t<div class=\"sow-accordion-open-button\">\n\t\t\t\t\t\t\t\t<span class=\"sow-icon-fontawesome sow-fas\" data-sow-icon=\"&#x2b;\"\n\t\t \n\t\taria-hidden=\"true\"><\/span>\t\t\t\t\t\t\t<\/div>\n\t\t\t\t\t\t\t<div class=\"sow-accordion-close-button\">\n\t\t\t\t\t\t\t\t<span class=\"sow-icon-fontawesome sow-fas\" data-sow-icon=\"&#xf068;\"\n\t\t \n\t\taria-hidden=\"true\"><\/span>\t\t\t\t\t\t\t<\/div>\n\t\t\t\t\t\t<\/div>\n\t\t\t\t\t<\/div>\n\t\t\t\t<\/div>\n\n\t\t\t<div\n\t\t\t\tclass=\"sow-accordion-panel-content\"\n\t\t\t\trole=\"region\"\n\t\t\t\taria-labelledby=\"accordion-label-al-finalizar-mis-estudios-%c2%bfqu%c3%a9-puedo-hacer\"\n\t\t\t\tid=\"accordion-content-al-finalizar-mis-estudios-%c2%bfqu%c3%a9-puedo-hacer\"\n\t\t\t\tstyle=\"display: none;\"\t\t\t>\n\t\t\t\t<div class=\"sow-accordion-panel-border\">\n\t\t\t\t\t<p><!-- wp:paragraph --><\/p>\n<p><strong>Trabajar en:<\/strong><\/p>\n<p><!-- \/wp:paragraph --> <!-- wp:paragraph --><\/p>\n<p>Ejercer mi actividad profesional en el sector sanitario p\u00fablico y privado, en empresas privadas del sector o creando mi propia empresa.<\/p>\n<p><!-- \/wp:paragraph --> <!-- wp:paragraph --><\/p>\n<p><strong>Seguir estudiando:<\/strong><\/p>\n<p><!-- wp:list --><\/p>\n<ul><!-- wp:list-item -->\n<li>Cursos de especializaci\u00f3n profesional.<\/li>\n<p><!-- \/wp:list-item --> <!-- wp:list-item --><\/p>\n<li>Otro Ciclo de Formaci\u00f3n Profesional con la posibilidad de establecer convalidaciones de m\u00f3dulos profesionales de acuerdo a la normativa vigente.<\/li>\n<p><!-- \/wp:list-item --> <!-- wp:list-item --><\/p>\n<li><strong>Preparaci\u00f3n de las Pruebas de Evaluaci\u00f3n de Bachillerato (\u00fanicamente las asignaturas troncales)<\/strong><\/li>\n<p><!-- \/wp:list-item --> <!-- wp:list-item --><\/p>\n<li>Ense\u00f1anzas Universitarias con la posibilidad de establecer convalidaciones de acuerdo con la normativa vigente<\/li>\n<p><!-- \/wp:list-item --><\/p><\/ul>\n<p><!-- \/wp:list --><\/p>\n<p><!-- \/wp:paragraph --><\/p>\n\t\t\t\t<\/div>\n\t\t\t<\/div>\n\t\t<\/div>\n\t\t\t<div class=\"sow-accordion-panel\"\n\t\t\t data-anchor=\"cuales-son-las-salidas-profesionales\">\n\t\t\t\t<div class=\"sow-accordion-panel-header-container\" role=\"heading\" aria-level=\"2\">\n\t\t\t\t\t<div class=\"sow-accordion-panel-header\" tabindex=\"0\" role=\"button\" id=\"accordion-label-cuales-son-las-salidas-profesionales\" aria-controls=\"accordion-content-cuales-son-las-salidas-profesionales\" aria-expanded=\"false\">\n\t\t\t\t\t\t<div class=\"sow-accordion-title sow-accordion-title-icon-left\">\n\t\t\t\t\t\t\t\t\t\t\t\t\t\tCuales son las salidas profesionales\t\t\t\t\t\t\t\t\t\t\t\t\t<\/div>\n\t\t\t\t\t\t<div class=\"sow-accordion-open-close-button\">\n\t\t\t\t\t\t\t<div class=\"sow-accordion-open-button\">\n\t\t\t\t\t\t\t\t<span class=\"sow-icon-fontawesome sow-fas\" data-sow-icon=\"&#x2b;\"\n\t\t \n\t\taria-hidden=\"true\"><\/span>\t\t\t\t\t\t\t<\/div>\n\t\t\t\t\t\t\t<div class=\"sow-accordion-close-button\">\n\t\t\t\t\t\t\t\t<span class=\"sow-icon-fontawesome sow-fas\" data-sow-icon=\"&#xf068;\"\n\t\t \n\t\taria-hidden=\"true\"><\/span>\t\t\t\t\t\t\t<\/div>\n\t\t\t\t\t\t<\/div>\n\t\t\t\t\t<\/div>\n\t\t\t\t<\/div>\n\n\t\t\t<div\n\t\t\t\tclass=\"sow-accordion-panel-content\"\n\t\t\t\trole=\"region\"\n\t\t\t\taria-labelledby=\"accordion-label-cuales-son-las-salidas-profesionales\"\n\t\t\t\tid=\"accordion-content-cuales-son-las-salidas-profesionales\"\n\t\t\t\tstyle=\"display: none;\"\t\t\t>\n\t\t\t\t<div class=\"sow-accordion-panel-border\">\n\t\t\t\t\t<p><!-- wp:list --><\/p>\n<ul><!-- wp:list-item -->\n<li>T\u00e9cnico en Diet\u00e9tica y Nutrici\u00f3n.<\/li>\n<p><!-- \/wp:list-item --> <!-- wp:list-item --><\/p>\n<li>Responsable de alimentaci\u00f3n en empresas de catering.<\/li>\n<p><!-- \/wp:list-item --> <!-- wp:list-item --><\/p>\n<li>T\u00e9cnico en higiene de los alimentos.<\/li>\n<p><!-- \/wp:list-item --> <!-- wp:list-item --><\/p>\n<li>Consultor de alimentaci\u00f3n.<\/li>\n<p><!-- \/wp:list-item --> <!-- wp:list-item --><\/p>\n<li>Educador sanitario.<\/li>\n<p><!-- \/wp:list-item --> <!-- wp:list-item --><\/p>\n<li>Podr\u00e1n trabajar tanto en atenci\u00f3n primaria como en los servicios generales de promoci\u00f3n de la salud. Tambi\u00e9n en los sectores de hosteler\u00eda, restauraci\u00f3n e industrias alimentarias.<\/li>\n<p><!-- \/wp:list-item --> <!-- wp:list-item --><\/p>\n<li>Los principales subsectores donde<!-- wp:list -->\n<ul><!-- wp:list-item -->\n<li>Atenci\u00f3n primaria y comunitaria: promoci\u00f3n de la salud, consultas, unidades de apoyo (salud mental, pediatr\u00eda, higiene bucodental y geriatr\u00eda).<\/li>\n<p><!-- \/wp:list-item --> <!-- wp:list-item --><\/p>\n<li>Salud p\u00fablica: servicios de higiene de los alimentos.<\/li>\n<p><!-- \/wp:list-item --> <!-- wp:list-item --><\/p>\n<li>Servicios generales hospitalarios: unidades\/servicios de diet\u00e9tica y nutrici\u00f3n.<\/li>\n<p><!-- \/wp:list-item --> <!-- wp:list-item --><\/p>\n<li>Servicios de Restauraci\u00f3n: cocinas de hospitales, empresas de c\u00e1tering, restaurantes y hoteles, comedores colectivos.<\/li>\n<p><!-- \/wp:list-item --><\/p><\/ul>\n<p><!-- \/wp:list --><\/p><\/li>\n<p><!-- \/wp:list-item --><\/p><\/ul>\n<p><!-- \/wp:list --><\/p>\n\t\t\t\t<\/div>\n\t\t\t<\/div>\n\t\t<\/div>\n\t\t<\/div>\n<\/div>\n<\/div>","protected":false},"excerpt":{"rendered":"<p>Turno diurno C\u00d3DIGO: SAN302<\/p>\n","protected":false},"author":2,"featured_media":0,"parent":0,"menu_order":0,"comment_status":"closed","ping_status":"closed","template":"","meta":{"footnotes":""},"folder":[],"class_list":["post-482","page","type-page","status-publish","hentry"],"rttpg_featured_image_url":null,"rttpg_author":{"display_name":"tic.ies.salvadorallende.fuenlabrada","author_link":"https:\/\/site.educa.madrid.org\/ies.salvadorallende.fuenlabrada\/index.php\/author\/cuenta_tic-ies-salvadorallende-fuenlabrada\/"},"rttpg_comment":0,"rttpg_category":false,"rttpg_excerpt":"Turno diurno C\u00d3DIGO: SAN302","post_mailing_queue_ids":[],"_links":{"self":[{"href":"https:\/\/site.educa.madrid.org\/ies.salvadorallende.fuenlabrada\/index.php\/wp-json\/wp\/v2\/pages\/482","targetHints":{"allow":["GET"]}}],"collection":[{"href":"https:\/\/site.educa.madrid.org\/ies.salvadorallende.fuenlabrada\/index.php\/wp-json\/wp\/v2\/pages"}],"about":[{"href":"https:\/\/site.educa.madrid.org\/ies.salvadorallende.fuenlabrada\/index.php\/wp-json\/wp\/v2\/types\/page"}],"author":[{"embeddable":true,"href":"https:\/\/site.educa.madrid.org\/ies.salvadorallende.fuenlabrada\/index.php\/wp-json\/wp\/v2\/users\/2"}],"replies":[{"embeddable":true,"href":"https:\/\/site.educa.madrid.org\/ies.salvadorallende.fuenlabrada\/index.php\/wp-json\/wp\/v2\/comments?post=482"}],"version-history":[{"count":15,"href":"https:\/\/site.educa.madrid.org\/ies.salvadorallende.fuenlabrada\/index.php\/wp-json\/wp\/v2\/pages\/482\/revisions"}],"predecessor-version":[{"id":6799,"href":"https:\/\/site.educa.madrid.org\/ies.salvadorallende.fuenlabrada\/index.php\/wp-json\/wp\/v2\/pages\/482\/revisions\/6799"}],"wp:attachment":[{"href":"https:\/\/site.educa.madrid.org\/ies.salvadorallende.fuenlabrada\/index.php\/wp-json\/wp\/v2\/media?parent=482"}],"wp:term":[{"taxonomy":"folder","embeddable":true,"href":"https:\/\/site.educa.madrid.org\/ies.salvadorallende.fuenlabrada\/index.php\/wp-json\/wp\/v2\/folder?post=482"}],"curies":[{"name":"wp","href":"https:\/\/api.w.org\/{rel}","templated":true}]}}