{"id":486,"date":"2023-05-14T19:17:28","date_gmt":"2023-05-14T17:17:28","guid":{"rendered":"https:\/\/site.educa.madrid.org\/ies.salvadorallende.fuenlabrada\/?page_id=486"},"modified":"2025-07-08T23:45:10","modified_gmt":"2025-07-08T21:45:10","slug":"tecnico-superior-en-protesis-dentales","status":"publish","type":"page","link":"https:\/\/site.educa.madrid.org\/ies.salvadorallende.fuenlabrada\/index.php\/tecnico-superior-en-protesis-dentales\/","title":{"rendered":"T\u00e9cnico Superior en Pr\u00f3tesis Dentales"},"content":{"rendered":"\n<div class=\"wp-block-columns is-layout-flex wp-container-core-columns-is-layout-9d6595d7 wp-block-columns-is-layout-flex\">\n<div class=\"wp-block-column is-vertically-aligned-center is-layout-flow wp-block-column-is-layout-flow\" style=\"flex-basis:25%\">\n<figure class=\"wp-block-image size-full\"><img loading=\"lazy\" decoding=\"async\" width=\"77\" height=\"80\" src=\"https:\/\/site.educa.madrid.org\/ies.salvadorallende.fuenlabrada\/\/wp-content\/uploads\/ies.salvadorallende.fuenlabrada\/2024\/02\/CAE3.png\" alt=\"\" class=\"wp-image-2110\"\/><\/figure>\n<\/div>\n\n\n\n<div class=\"wp-block-column is-vertically-aligned-center is-layout-flow wp-block-column-is-layout-flow\" style=\"flex-basis:66.66%\">\n<p class=\"has-text-align-center has-large-font-size\"><strong>Turno diurno y vespertino<\/strong><\/p>\n<\/div>\n\n\n\n<div class=\"wp-block-column is-vertically-aligned-center is-layout-flow wp-block-column-is-layout-flow\" style=\"flex-basis:210px\">\n<p class=\"has-text-align-center has-medium-font-size\"><strong>SANS02<\/strong><\/p>\n<\/div>\n<\/div>\n\n\n<div\n\t\t\t\n\t\t\tclass=\"so-widget-sow-accordion so-widget-sow-accordion-default-65b7e56ac4bb\"\n\t\t\t data-max-open-panels=\"0\" data-initial-scroll-panel=\"0\"\n\t\t><div>\n\t<div class=\"sow-accordion\">\n\t\t\t<div class=\"sow-accordion-panel\"\n\t\t\t data-anchor=\"duraci%c3%b3n-del-estudio\">\n\t\t\t\t<div class=\"sow-accordion-panel-header-container\" role=\"heading\" aria-level=\"2\">\n\t\t\t\t\t<div class=\"sow-accordion-panel-header\" tabindex=\"0\" role=\"button\" id=\"accordion-label-duraci%c3%b3n-del-estudio\" aria-controls=\"accordion-content-duraci%c3%b3n-del-estudio\" aria-expanded=\"false\">\n\t\t\t\t\t\t<div class=\"sow-accordion-title sow-accordion-title-icon-left\">\n\t\t\t\t\t\t\t\t\t\t\t\t\t\tDuraci\u00f3n del estudio\t\t\t\t\t\t\t\t\t\t\t\t\t<\/div>\n\t\t\t\t\t\t<div class=\"sow-accordion-open-close-button\">\n\t\t\t\t\t\t\t<div class=\"sow-accordion-open-button\">\n\t\t\t\t\t\t\t\t<span class=\"sow-icon-fontawesome sow-fas\" data-sow-icon=\"&#x2b;\"\n\t\t \n\t\taria-hidden=\"true\"><\/span>\t\t\t\t\t\t\t<\/div>\n\t\t\t\t\t\t\t<div class=\"sow-accordion-close-button\">\n\t\t\t\t\t\t\t\t<span class=\"sow-icon-fontawesome sow-fas\" data-sow-icon=\"&#xf068;\"\n\t\t \n\t\taria-hidden=\"true\"><\/span>\t\t\t\t\t\t\t<\/div>\n\t\t\t\t\t\t<\/div>\n\t\t\t\t\t<\/div>\n\t\t\t\t<\/div>\n\n\t\t\t<div\n\t\t\t\tclass=\"sow-accordion-panel-content\"\n\t\t\t\trole=\"region\"\n\t\t\t\taria-labelledby=\"accordion-label-duraci%c3%b3n-del-estudio\"\n\t\t\t\tid=\"accordion-content-duraci%c3%b3n-del-estudio\"\n\t\t\t\tstyle=\"display: none;\"\t\t\t>\n\t\t\t\t<div class=\"sow-accordion-panel-border\">\n\t\t\t\t\t<p>2000 horas: 2 cursos acad\u00e9micos, incluida la F.C.T.<\/p>\n\t\t\t\t<\/div>\n\t\t\t<\/div>\n\t\t<\/div>\n\t\t\t<div class=\"sow-accordion-panel\"\n\t\t\t data-anchor=\"requisitos-de-acceso\">\n\t\t\t\t<div class=\"sow-accordion-panel-header-container\" role=\"heading\" aria-level=\"2\">\n\t\t\t\t\t<div class=\"sow-accordion-panel-header\" tabindex=\"0\" role=\"button\" id=\"accordion-label-requisitos-de-acceso\" aria-controls=\"accordion-content-requisitos-de-acceso\" aria-expanded=\"false\">\n\t\t\t\t\t\t<div class=\"sow-accordion-title sow-accordion-title-icon-left\">\n\t\t\t\t\t\t\t\t\t\t\t\t\t\tRequisitos de acceso\t\t\t\t\t\t\t\t\t\t\t\t\t<\/div>\n\t\t\t\t\t\t<div class=\"sow-accordion-open-close-button\">\n\t\t\t\t\t\t\t<div class=\"sow-accordion-open-button\">\n\t\t\t\t\t\t\t\t<span class=\"sow-icon-fontawesome sow-fas\" data-sow-icon=\"&#x2b;\"\n\t\t \n\t\taria-hidden=\"true\"><\/span>\t\t\t\t\t\t\t<\/div>\n\t\t\t\t\t\t\t<div class=\"sow-accordion-close-button\">\n\t\t\t\t\t\t\t\t<span class=\"sow-icon-fontawesome sow-fas\" data-sow-icon=\"&#xf068;\"\n\t\t \n\t\taria-hidden=\"true\"><\/span>\t\t\t\t\t\t\t<\/div>\n\t\t\t\t\t\t<\/div>\n\t\t\t\t\t<\/div>\n\t\t\t\t<\/div>\n\n\t\t\t<div\n\t\t\t\tclass=\"sow-accordion-panel-content\"\n\t\t\t\trole=\"region\"\n\t\t\t\taria-labelledby=\"accordion-label-requisitos-de-acceso\"\n\t\t\t\tid=\"accordion-content-requisitos-de-acceso\"\n\t\t\t\tstyle=\"display: none;\"\t\t\t>\n\t\t\t\t<div class=\"sow-accordion-panel-border\">\n\t\t\t\t\t<p>Debes cumplir<strong>\u00a0alguno\u00a0<\/strong>de los siguientes requisitos:<\/p>\n<ul>\n<li>Tener alguno de los siguientes t\u00edtulos:\n<ul>\n<li><strong>T\u00edtulo de Bachiller<\/strong>, o de un certificado acreditativo de haber superado todas las materias del Bachillerato.<\/li>\n<li>T\u00edtulo de T\u00e9cnico\/a (Formaci\u00f3n Profesional de Grado Medio).<\/li>\n<li>T\u00edtulo de T\u00e9cnico\/a Superior, T\u00e9cnico Especialista o equivalente a efectos acad\u00e9micos.<\/li>\n<li>T\u00e9cnico o T\u00e9cnica de Artes Pl\u00e1sticas y Dise\u00f1o (art\u00edculo 53.1 de la Ley Org\u00e1nica 2\/2006, de 3 de mayo, de Educaci\u00f3n, modificada por la Ley Org\u00e1nica 3\/2020, de 29 de diciembre).<\/li>\n<li>Titulaci\u00f3n Universitaria o equivalente.<\/li>\n<\/ul>\n<\/li>\n<\/ul>\n<p>Haber superado:<\/p>\n<ul>\n<li>3\u00ba de BUP (Bachillerato Unificado Polivalente): Acreditaci\u00f3n mediante certificaci\u00f3n acad\u00e9mica de haber superado todas las asignaturas conducentes a la obtenci\u00f3n del t\u00edtulo de Bachiller regulado por la Ley 14\/1970, de 4 de agosto, General de Educaci\u00f3n y Financiamiento de la Reforma Educativa, tras la finalizaci\u00f3n del tercer curso de dichas ense\u00f1anzas.\u00a0<a href=\"https:\/\/www.boe.es\/boe\/dias\/2021\/11\/08\/pdfs\/BOE-A-2021-18189.pdf\">Orden EFP\/1210\/2021, de 2 de noviembreEnlace externo, se abre en ventana nueva<\/a>\u00a0por la que se establece la equivalencia, a los efectos de acceso a ense\u00f1anzas de formaci\u00f3n profesional, de determinados estudios y t\u00edtulos anteriores al actual sistema educativo.<\/li>\n<li>2\u00ba curso de cualquier modalidad de Bachillerato experimental.<\/li>\n<li>COU; Curso de Orientaci\u00f3n Universitaria.<\/li>\n<li><a href=\"https:\/\/www.todofp.es\/como-cuando-y-donde-estudiar\/acceso-fp-desde-fp\/ciclos-grado-superior.html\">Prueba de acceso a ciclos formativos de grado superior<\/a>(se requiere tener al menos 19 a\u00f1os en el a\u00f1o que se realiza la prueba o 18 para quienes poseen el t\u00edtulo de T\u00e9cnico\/a).<\/li>\n<li>Prueba de acceso a la Universidad para mayores de 25 a\u00f1os (la superaci\u00f3n de las pruebas de acceso a la Universidad para mayores de 40 y 45 a\u00f1os no es un requisito v\u00e1lido para acceder a FP).<\/li>\n<\/ul>\n<p>Haber superado:<\/p>\n<ul>\n<li>Uno o varios Grados C integrados en el ciclo formativo.<\/li>\n<li>Un curso de formaci\u00f3n espec\u00edfico preparatorio y gratuito para el acceso a ciclos formativos de grado superior en centros expresamente autorizados por la Administraci\u00f3n educativa.<\/li>\n<\/ul>\n\t\t\t\t<\/div>\n\t\t\t<\/div>\n\t\t<\/div>\n\t\t\t<div class=\"sow-accordion-panel\"\n\t\t\t data-anchor=\"%c2%bfqu%c3%a9-voy-a-aprender-y-hacer\">\n\t\t\t\t<div class=\"sow-accordion-panel-header-container\" role=\"heading\" aria-level=\"2\">\n\t\t\t\t\t<div class=\"sow-accordion-panel-header\" tabindex=\"0\" role=\"button\" id=\"accordion-label-%c2%bfqu%c3%a9-voy-a-aprender-y-hacer\" aria-controls=\"accordion-content-%c2%bfqu%c3%a9-voy-a-aprender-y-hacer\" aria-expanded=\"false\">\n\t\t\t\t\t\t<div class=\"sow-accordion-title sow-accordion-title-icon-left\">\n\t\t\t\t\t\t\t\t\t\t\t\t\t\t\u00bfQu\u00e9 voy a aprender y hacer?\t\t\t\t\t\t\t\t\t\t\t\t\t<\/div>\n\t\t\t\t\t\t<div class=\"sow-accordion-open-close-button\">\n\t\t\t\t\t\t\t<div class=\"sow-accordion-open-button\">\n\t\t\t\t\t\t\t\t<span class=\"sow-icon-fontawesome sow-fas\" data-sow-icon=\"&#x2b;\"\n\t\t \n\t\taria-hidden=\"true\"><\/span>\t\t\t\t\t\t\t<\/div>\n\t\t\t\t\t\t\t<div class=\"sow-accordion-close-button\">\n\t\t\t\t\t\t\t\t<span class=\"sow-icon-fontawesome sow-fas\" data-sow-icon=\"&#xf068;\"\n\t\t \n\t\taria-hidden=\"true\"><\/span>\t\t\t\t\t\t\t<\/div>\n\t\t\t\t\t\t<\/div>\n\t\t\t\t\t<\/div>\n\t\t\t\t<\/div>\n\n\t\t\t<div\n\t\t\t\tclass=\"sow-accordion-panel-content\"\n\t\t\t\trole=\"region\"\n\t\t\t\taria-labelledby=\"accordion-label-%c2%bfqu%c3%a9-voy-a-aprender-y-hacer\"\n\t\t\t\tid=\"accordion-content-%c2%bfqu%c3%a9-voy-a-aprender-y-hacer\"\n\t\t\t\tstyle=\"display: none;\"\t\t\t>\n\t\t\t\t<div class=\"sow-accordion-panel-border\">\n\t\t\t\t\t<p><!-- wp:list --><\/p>\n<ul><!-- wp:list-item -->\n<li>Planificar los servicios que presta el establecimiento prot\u00e9sico dental, realizando o supervisando la gesti\u00f3n derivada de las operaciones administrativas y del control econ\u00f3mico.<\/li>\n<p><!-- \/wp:list-item --> <!-- wp:list-item --><\/p>\n<li>Gestionar la documentaci\u00f3n administrativa y sanitaria generada en el establecimiento para dar respuesta a las necesidades de atenci\u00f3n de los usuarios.<\/li>\n<p><!-- \/wp:list-item --> <!-- wp:list-item --><\/p>\n<li>Gestionar la adquisici\u00f3n, el almacenamiento y la reposici\u00f3n de materiales, equipos e instrumental para poder atender las demandas de usuarios.<\/li>\n<p><!-- \/wp:list-item --> <!-- wp:list-item --><\/p>\n<li>Dise\u00f1ar pr\u00f3tesis dentofaciales, aparatos de ortodoncia y f\u00e9rulas oclusalesales, adaptadas a las caracter\u00edsticas anamotofuncionales del modelo, ajust\u00e1ndose a la prescripci\u00f3n facultativa.<\/li>\n<p><!-- \/wp:list-item --> <!-- wp:list-item --><\/p>\n<li>Preparar equipos y materiales siguiendo instrucciones t\u00e9cnicas y planes de mantenimiento.<\/li>\n<p><!-- \/wp:list-item --> <!-- wp:list-item --><\/p>\n<li>Elaborar y fabricar pr\u00f3tesis dentofaciales, aparatos de ortodoncia y f\u00e9rulas oclusales, aplicando los procedimientos normalizados de trabajo y manejando con destreza los equipos, \u00fatiles y herramientas.<\/li>\n<p><!-- \/wp:list-item --> <!-- wp:list-item --><\/p>\n<li>Verificar los elementos de los productos prot\u00e9sicos, aparatos de ortodoncia y f\u00e9rulas oclusales, detectando los fallos e identificando las medidas de correcci\u00f3n.<\/li>\n<p><!-- \/wp:list-item --> <!-- wp:list-item --><\/p>\n<li>Reparar pr\u00f3tesis dentofaciales, aparatos de ortodoncia y f\u00e9rulas oclusales, identificando las caracter\u00edsticas del producto y las alteraciones presentadas.<\/li>\n<p><!-- \/wp:list-item --> <!-- wp:list-item --><\/p>\n<li>Informar sobre el uso y mantenimiento de las pr\u00f3tesis dentofaciales, aparatos de ortodoncia y f\u00e9rulas oclusales, relacionando sus caracter\u00edsticas y funciones.<\/li>\n<p><!-- \/wp:list-item --><\/p><\/ul>\n<p><!-- \/wp:list --><\/p>\n\t\t\t\t<\/div>\n\t\t\t<\/div>\n\t\t<\/div>\n\t\t\t<div class=\"sow-accordion-panel\"\n\t\t\t data-anchor=\"plan-de-formaci%c3%b3n\">\n\t\t\t\t<div class=\"sow-accordion-panel-header-container\" role=\"heading\" aria-level=\"2\">\n\t\t\t\t\t<div class=\"sow-accordion-panel-header\" tabindex=\"0\" role=\"button\" id=\"accordion-label-plan-de-formaci%c3%b3n\" aria-controls=\"accordion-content-plan-de-formaci%c3%b3n\" aria-expanded=\"false\">\n\t\t\t\t\t\t<div class=\"sow-accordion-title sow-accordion-title-icon-left\">\n\t\t\t\t\t\t\t\t\t\t\t\t\t\tPlan de formaci\u00f3n\t\t\t\t\t\t\t\t\t\t\t\t\t<\/div>\n\t\t\t\t\t\t<div class=\"sow-accordion-open-close-button\">\n\t\t\t\t\t\t\t<div class=\"sow-accordion-open-button\">\n\t\t\t\t\t\t\t\t<span class=\"sow-icon-fontawesome sow-fas\" data-sow-icon=\"&#x2b;\"\n\t\t \n\t\taria-hidden=\"true\"><\/span>\t\t\t\t\t\t\t<\/div>\n\t\t\t\t\t\t\t<div class=\"sow-accordion-close-button\">\n\t\t\t\t\t\t\t\t<span class=\"sow-icon-fontawesome sow-fas\" data-sow-icon=\"&#xf068;\"\n\t\t \n\t\taria-hidden=\"true\"><\/span>\t\t\t\t\t\t\t<\/div>\n\t\t\t\t\t\t<\/div>\n\t\t\t\t\t<\/div>\n\t\t\t\t<\/div>\n\n\t\t\t<div\n\t\t\t\tclass=\"sow-accordion-panel-content\"\n\t\t\t\trole=\"region\"\n\t\t\t\taria-labelledby=\"accordion-label-plan-de-formaci%c3%b3n\"\n\t\t\t\tid=\"accordion-content-plan-de-formaci%c3%b3n\"\n\t\t\t\tstyle=\"display: none;\"\t\t\t>\n\t\t\t\t<div class=\"sow-accordion-panel-border\">\n\t\t\t\t\t<table>\n<tbody>\n<tr>\n<td width=\"99\">\n<p><strong>C\u00f3digo <\/strong><\/p>\n<\/td>\n<td width=\"155\">\n<p><strong>Denominaci\u00f3n<\/strong><\/p>\n<\/td>\n<td width=\"97\">\n<p><strong>Horas<\/strong><\/p>\n<\/td>\n<td width=\"107\">\n<p><strong>Curso 1\u00ba<\/strong><\/p>\n<p><strong>(horas semanales)<\/strong><\/p>\n<\/td>\n<td width=\"107\">\n<p><strong>Curso 2\u00ba<\/strong><\/p>\n<p><strong>(horas semanales)<\/strong><\/p>\n<\/td>\n<\/tr>\n<tr>\n<td width=\"99\">\n<p><strong>0525<\/strong><\/p>\n<\/td>\n<td width=\"155\">\n<p><strong>Aparatos de ortodoncia y f\u00e9rulas oclusales<\/strong><\/p>\n<\/td>\n<td width=\"97\">\n<p><strong>235<\/strong><\/p>\n<\/td>\n<td width=\"107\">\n<p><strong>7<\/strong><\/p>\n<\/td>\n<td width=\"107\">\n<p><strong>\u00a0<\/strong><\/p>\n<\/td>\n<\/tr>\n<tr>\n<td width=\"99\">\n<p><strong>0854<\/strong><\/p>\n<\/td>\n<td width=\"155\">\n<p><strong>Dise\u00f1o funcional de pr\u00f3tesis<\/strong><\/p>\n<\/td>\n<td width=\"97\">\n<p><strong>135<\/strong><\/p>\n<\/td>\n<td width=\"107\">\n<p><strong>4<\/strong><\/p>\n<\/td>\n<td width=\"107\">\n<p><strong>\u00a0<\/strong><\/p>\n<\/td>\n<\/tr>\n<tr>\n<td width=\"99\">\n<p><strong>0821<\/strong><\/p>\n<\/td>\n<td width=\"155\">\n<p><strong>Laboratorio de pr\u00f3tesis dentales<\/strong><\/p>\n<\/td>\n<td width=\"97\">\n<p><strong>100<\/strong><\/p>\n<\/td>\n<td width=\"107\">\n<p><strong>3<\/strong><\/p>\n<\/td>\n<td width=\"107\">\n<p><strong>\u00a0<\/strong><\/p>\n<\/td>\n<\/tr>\n<tr>\n<td width=\"99\">\n<p><strong>0855<\/strong><\/p>\n<\/td>\n<td width=\"155\">\n<p><strong>Pr\u00f3tesis completas<\/strong><\/p>\n<\/td>\n<td width=\"97\">\n<p><strong>175<\/strong><\/p>\n<\/td>\n<td width=\"107\">\n<p><strong>5<\/strong><\/p>\n<\/td>\n<td width=\"107\">\n<p><strong>\u00a0<\/strong><\/p>\n<\/td>\n<\/tr>\n<tr>\n<td width=\"99\">\n<p><strong>0858<\/strong><\/p>\n<\/td>\n<td width=\"155\">\n<p><strong>Pr\u00f3tesis parciales y removibles met\u00e1licas, de resina y mixta<\/strong><\/p>\n<\/td>\n<td width=\"97\">\n<p><strong>205<\/strong><\/p>\n<\/td>\n<td width=\"107\">\n<p><strong>6<\/strong><\/p>\n<\/td>\n<td width=\"107\">\n<p><strong>\u00a0<\/strong><\/p>\n<\/td>\n<\/tr>\n<tr>\n<td width=\"99\">\n<p><strong>CMO<\/strong><\/p>\n<\/td>\n<td width=\"155\">\n<p><strong>M\u00f3dulo profesional optativo: Introducci\u00f3n a las pr\u00f3tesis sobre implantes<\/strong><\/p>\n<p>\u00a0<\/p>\n<p><strong>\u00a0<\/strong><\/p>\n<\/td>\n<td width=\"97\">\n<p><strong>50<\/strong><\/p>\n<\/td>\n<td width=\"107\">\n<p><strong>2<\/strong><\/p>\n<\/td>\n<td width=\"107\">\n<p><strong>\u00a0<\/strong><\/p>\n<\/td>\n<\/tr>\n<tr>\n<td width=\"99\">\n<p><strong>1709<\/strong><\/p>\n<\/td>\n<td width=\"155\">\n<p><strong>Itinerario personal para la empleabilidad I<\/strong><\/p>\n<\/td>\n<td width=\"97\">\n<p><strong>100<\/strong><\/p>\n<\/td>\n<td width=\"107\">\n<p><strong>3<\/strong><\/p>\n<\/td>\n<td width=\"107\">\n<p><strong>\u00a0<\/strong><\/p>\n<p><strong>\u00a0<\/strong><\/p>\n<p><strong>\u00a0<\/strong><\/p>\n<\/td>\n<\/tr>\n<tr>\n<td width=\"99\">\n<p><strong>0860<\/strong><\/p>\n<\/td>\n<td width=\"155\">\n<p><strong>Pr\u00f3tesis sobre implantes<\/strong><\/p>\n<\/td>\n<td width=\"97\">\n<p><strong>170<\/strong><\/p>\n<\/td>\n<td width=\"107\">\n<p><strong>\u00a0<\/strong><\/p>\n<\/td>\n<td width=\"107\">\n<p><strong>5<\/strong><\/p>\n<\/td>\n<\/tr>\n<tr>\n<td width=\"99\">\n<p><strong>0857<\/strong><\/p>\n<\/td>\n<td width=\"155\">\n<p><strong>Restauraciones y estructuras met\u00e1licas en pr\u00f3tesis fija<\/strong><\/p>\n<\/td>\n<td width=\"97\">\n<p><strong>255<\/strong><\/p>\n<\/td>\n<td width=\"107\">\n<p><strong>\u00a0<\/strong><\/p>\n<\/td>\n<td width=\"107\">\n<p><strong>8<\/strong><\/p>\n<\/td>\n<\/tr>\n<tr>\n<td width=\"99\">\n<p><strong>0859<\/strong><\/p>\n<\/td>\n<td width=\"155\">\n<p><strong>Restauraciones y recubrimientos est\u00e9ticos<\/strong><\/p>\n<\/td>\n<td width=\"97\">\n<p><strong>255<\/strong><\/p>\n<\/td>\n<td width=\"107\">\n<p><strong>\u00a0<\/strong><\/p>\n<\/td>\n<td width=\"107\">\n<p><strong>8<\/strong><\/p>\n<\/td>\n<\/tr>\n<tr>\n<td width=\"99\">\n<p><strong>0179<\/strong><\/p>\n<\/td>\n<td width=\"155\">\n<p><strong>Ingl\u00e9s profesional (GS)<\/strong><\/p>\n<\/td>\n<td width=\"97\">\n<p><strong>50<\/strong><\/p>\n<\/td>\n<td width=\"107\">\n<p><strong>\u00a0<\/strong><\/p>\n<\/td>\n<td width=\"107\">\n<p><strong>2<\/strong><\/p>\n<\/td>\n<\/tr>\n<tr>\n<td width=\"99\">\n<p><strong>1710<\/strong><\/p>\n<\/td>\n<td width=\"155\">\n<p><strong>Itinerario personal para la empleabilidad II<\/strong><\/p>\n<\/td>\n<td width=\"97\">\n<p><strong>70<\/strong><\/p>\n<\/td>\n<td width=\"107\">\n<p><strong>\u00a0<\/strong><\/p>\n<\/td>\n<td width=\"107\">\n<p><strong>2<\/strong><\/p>\n<\/td>\n<\/tr>\n<tr>\n<td width=\"99\">\n<p><strong>1665<\/strong><\/p>\n<\/td>\n<td width=\"155\">\n<p><strong>Digitalizaci\u00f3n aplicada a los sectores productivos (GS)<\/strong><\/p>\n<\/td>\n<td width=\"97\">\n<p><strong>30<\/strong><\/p>\n<\/td>\n<td width=\"107\">\n<p><strong>\u00a0<\/strong><\/p>\n<\/td>\n<td width=\"107\">\n<p><strong>1<\/strong><\/p>\n<\/td>\n<\/tr>\n<tr>\n<td width=\"99\">\n<p><strong>1708<\/strong><\/p>\n<\/td>\n<td width=\"155\">\n<p><strong>Sostenibilidad aplicada al sistema productivo<\/strong><\/p>\n<\/td>\n<td width=\"97\">\n<p><strong>30<\/strong><\/p>\n<\/td>\n<td width=\"107\">\n<p><strong>\u00a0<\/strong><\/p>\n<\/td>\n<td width=\"107\">\n<p><strong>1<\/strong><\/p>\n<\/td>\n<\/tr>\n<tr>\n<td width=\"99\">\n<p><strong>CMO<\/strong><\/p>\n<\/td>\n<td width=\"155\">\n<p><strong>M\u00f3dulo profesional optativo:Ampliaci\u00f3n de aparatos de ortodoncia y f\u00e9rulas oclusales<\/strong><\/p>\n<\/td>\n<td width=\"97\">\n<p><strong>90<\/strong><\/p>\n<\/td>\n<td width=\"107\">\n<p><strong>\u00a0<\/strong><\/p>\n<\/td>\n<td width=\"107\">\n<p><strong>3<\/strong><\/p>\n<\/td>\n<\/tr>\n<tr>\n<td width=\"99\">\n<p><strong>0861<\/strong><\/p>\n<\/td>\n<td width=\"155\">\n<p><strong>Proyecto intermodular de pr\u00f3tesis dentales<\/strong><\/p>\n<\/td>\n<td width=\"97\">\n<p><strong>50<\/strong><\/p>\n<\/td>\n<td width=\"107\">\n<p><strong>\u00a0<\/strong><\/p>\n<\/td>\n<td width=\"107\">\n<p><strong>\u00a0<\/strong><\/p>\n<\/td>\n<\/tr>\n<\/tbody>\n<\/table>\n\t\t\t\t<\/div>\n\t\t\t<\/div>\n\t\t<\/div>\n\t\t\t<div class=\"sow-accordion-panel\"\n\t\t\t data-anchor=\"al-finalizar-mis-estudios-%c2%bfqu%c3%a9-puedo-hacer\">\n\t\t\t\t<div class=\"sow-accordion-panel-header-container\" role=\"heading\" aria-level=\"2\">\n\t\t\t\t\t<div class=\"sow-accordion-panel-header\" tabindex=\"0\" role=\"button\" id=\"accordion-label-al-finalizar-mis-estudios-%c2%bfqu%c3%a9-puedo-hacer\" aria-controls=\"accordion-content-al-finalizar-mis-estudios-%c2%bfqu%c3%a9-puedo-hacer\" aria-expanded=\"false\">\n\t\t\t\t\t\t<div class=\"sow-accordion-title sow-accordion-title-icon-left\">\n\t\t\t\t\t\t\t\t\t\t\t\t\t\tAl finalizar mis estudios, \u00bfQu\u00e9 puedo hacer?\t\t\t\t\t\t\t\t\t\t\t\t\t<\/div>\n\t\t\t\t\t\t<div class=\"sow-accordion-open-close-button\">\n\t\t\t\t\t\t\t<div class=\"sow-accordion-open-button\">\n\t\t\t\t\t\t\t\t<span class=\"sow-icon-fontawesome sow-fas\" data-sow-icon=\"&#x2b;\"\n\t\t \n\t\taria-hidden=\"true\"><\/span>\t\t\t\t\t\t\t<\/div>\n\t\t\t\t\t\t\t<div class=\"sow-accordion-close-button\">\n\t\t\t\t\t\t\t\t<span class=\"sow-icon-fontawesome sow-fas\" data-sow-icon=\"&#xf068;\"\n\t\t \n\t\taria-hidden=\"true\"><\/span>\t\t\t\t\t\t\t<\/div>\n\t\t\t\t\t\t<\/div>\n\t\t\t\t\t<\/div>\n\t\t\t\t<\/div>\n\n\t\t\t<div\n\t\t\t\tclass=\"sow-accordion-panel-content\"\n\t\t\t\trole=\"region\"\n\t\t\t\taria-labelledby=\"accordion-label-al-finalizar-mis-estudios-%c2%bfqu%c3%a9-puedo-hacer\"\n\t\t\t\tid=\"accordion-content-al-finalizar-mis-estudios-%c2%bfqu%c3%a9-puedo-hacer\"\n\t\t\t\tstyle=\"display: none;\"\t\t\t>\n\t\t\t\t<div class=\"sow-accordion-panel-border\">\n\t\t\t\t\t<p><strong data-rich-text-format-boundary=\"true\">Trabajar como:<\/strong><\/p>\n<p><!-- wp:list --><\/p>\n<ul><!-- wp:list-item -->\n<li>T\u00e9cnica \/ t\u00e9cnico superior en pr\u00f3tesis dentales.<\/li>\n<p><!-- \/wp:list-item --> <!-- wp:list-item --><\/p>\n<li>T\u00e9cnica \/ t\u00e9cnico especialista en pr\u00f3tesis dental.<\/li>\n<p><!-- \/wp:list-item --> <!-- wp:list-item --><\/p>\n<li>Responsable t\u00e9cnico de un laboratorio de pr\u00f3tesis dental.<\/li>\n<p><!-- \/wp:list-item --> <!-- wp:list-item --><\/p>\n<li>Comercial en la industria dental o dep\u00f3sitos dentales.<\/li>\n<p><!-- \/wp:list-item --> <!-- wp:list-item --><\/p>\n<li>Responsable t\u00e9cnico en departamentos de investigaci\u00f3n y desarrollo de productos en la industria dental.<\/li>\n<p><!-- \/wp:list-item --><\/p><\/ul>\n<p><!-- \/wp:list --><\/p>\n<p><strong data-rich-text-format-boundary=\"true\">Seguir estudiando:<\/strong><\/p>\n<p><!-- wp:list --><\/p>\n<ul><!-- wp:list-item -->\n<li>Cursos de especializaci\u00f3n profesional.<\/li>\n<p><!-- \/wp:list-item --> <!-- wp:list-item --><\/p>\n<li>Otro Ciclo de Formaci\u00f3n Profesional con la posibilidad de establecer convalidaciones de m\u00f3dulos profesionales de acuerdo a la normativa vigente.<\/li>\n<p><!-- \/wp:list-item --> <!-- wp:list-item --><\/p>\n<li><strong>Preparaci\u00f3n de las Pruebas de Evaluaci\u00f3n de Bachillerato (\u00fanicamente las materias de opci\u00f3n del bloque de las troncales)<\/strong><\/li>\n<p><!-- \/wp:list-item --> <!-- wp:list-item --><\/p>\n<li>Ense\u00f1anzas Universitarias con la posibilidad de establecer convalidaciones de acuerdo con la normativa vigente<\/li>\n<p><!-- \/wp:list-item --><\/p><\/ul>\n<p><!-- \/wp:list --><\/p>\n\t\t\t\t<\/div>\n\t\t\t<\/div>\n\t\t<\/div>\n\t\t\t<div class=\"sow-accordion-panel\"\n\t\t\t data-anchor=\"cuales-son-las-salidas-profesionales\">\n\t\t\t\t<div class=\"sow-accordion-panel-header-container\" role=\"heading\" aria-level=\"2\">\n\t\t\t\t\t<div class=\"sow-accordion-panel-header\" tabindex=\"0\" role=\"button\" id=\"accordion-label-cuales-son-las-salidas-profesionales\" aria-controls=\"accordion-content-cuales-son-las-salidas-profesionales\" aria-expanded=\"false\">\n\t\t\t\t\t\t<div class=\"sow-accordion-title sow-accordion-title-icon-left\">\n\t\t\t\t\t\t\t\t\t\t\t\t\t\tCuales son las salidas profesionales\t\t\t\t\t\t\t\t\t\t\t\t\t<\/div>\n\t\t\t\t\t\t<div class=\"sow-accordion-open-close-button\">\n\t\t\t\t\t\t\t<div class=\"sow-accordion-open-button\">\n\t\t\t\t\t\t\t\t<span class=\"sow-icon-fontawesome sow-fas\" data-sow-icon=\"&#x2b;\"\n\t\t \n\t\taria-hidden=\"true\"><\/span>\t\t\t\t\t\t\t<\/div>\n\t\t\t\t\t\t\t<div class=\"sow-accordion-close-button\">\n\t\t\t\t\t\t\t\t<span class=\"sow-icon-fontawesome sow-fas\" data-sow-icon=\"&#xf068;\"\n\t\t \n\t\taria-hidden=\"true\"><\/span>\t\t\t\t\t\t\t<\/div>\n\t\t\t\t\t\t<\/div>\n\t\t\t\t\t<\/div>\n\t\t\t\t<\/div>\n\n\t\t\t<div\n\t\t\t\tclass=\"sow-accordion-panel-content\"\n\t\t\t\trole=\"region\"\n\t\t\t\taria-labelledby=\"accordion-label-cuales-son-las-salidas-profesionales\"\n\t\t\t\tid=\"accordion-content-cuales-son-las-salidas-profesionales\"\n\t\t\t\tstyle=\"display: none;\"\t\t\t>\n\t\t\t\t<div class=\"sow-accordion-panel-border\">\n\t\t\t\t\t<p>Este profesional ejerce su actividad en el sector sanitario, en empresas privadas o en instituciones asistenciales, como fabricante de productos sanitarios dentales a medida en laboratorios de pr\u00f3tesis dental, como trabajador aut\u00f3nomo o por cuenta ajena, y en empresas de la industria dental, como f\u00e1bricas proveedoras de materiales y maquinaria, o en dep\u00f3sitos dentales, participando en las actividades de formaci\u00f3n espec\u00edficas de la empresa. Tambi\u00e9n puede desarrollar su actividad en el campo de la investigaci\u00f3n tecnol\u00f3gica dentro de empresas del sector dental y como instructores en la industria dental impartiendo cursos b\u00e1sicos o avanzados sobre nuevos materiales y t\u00e9cnicas. Su actividad est\u00e1 sometida a regulaci\u00f3n por la Administraci\u00f3n sanitaria estatal.<\/p>\n\t\t\t\t<\/div>\n\t\t\t<\/div>\n\t\t<\/div>\n\t\t<\/div>\n<\/div>\n<\/div>","protected":false},"excerpt":{"rendered":"<p>Turno diurno y vespertino SANS02<\/p>\n","protected":false},"author":2,"featured_media":0,"parent":0,"menu_order":0,"comment_status":"closed","ping_status":"closed","template":"","meta":{"footnotes":""},"folder":[],"class_list":["post-486","page","type-page","status-publish","hentry"],"rttpg_featured_image_url":null,"rttpg_author":{"display_name":"tic.ies.salvadorallende.fuenlabrada","author_link":"https:\/\/site.educa.madrid.org\/ies.salvadorallende.fuenlabrada\/index.php\/author\/cuenta_tic-ies-salvadorallende-fuenlabrada\/"},"rttpg_comment":0,"rttpg_category":false,"rttpg_excerpt":"Turno diurno y vespertino SANS02","post_mailing_queue_ids":[],"_links":{"self":[{"href":"https:\/\/site.educa.madrid.org\/ies.salvadorallende.fuenlabrada\/index.php\/wp-json\/wp\/v2\/pages\/486","targetHints":{"allow":["GET"]}}],"collection":[{"href":"https:\/\/site.educa.madrid.org\/ies.salvadorallende.fuenlabrada\/index.php\/wp-json\/wp\/v2\/pages"}],"about":[{"href":"https:\/\/site.educa.madrid.org\/ies.salvadorallende.fuenlabrada\/index.php\/wp-json\/wp\/v2\/types\/page"}],"author":[{"embeddable":true,"href":"https:\/\/site.educa.madrid.org\/ies.salvadorallende.fuenlabrada\/index.php\/wp-json\/wp\/v2\/users\/2"}],"replies":[{"embeddable":true,"href":"https:\/\/site.educa.madrid.org\/ies.salvadorallende.fuenlabrada\/index.php\/wp-json\/wp\/v2\/comments?post=486"}],"version-history":[{"count":11,"href":"https:\/\/site.educa.madrid.org\/ies.salvadorallende.fuenlabrada\/index.php\/wp-json\/wp\/v2\/pages\/486\/revisions"}],"predecessor-version":[{"id":6801,"href":"https:\/\/site.educa.madrid.org\/ies.salvadorallende.fuenlabrada\/index.php\/wp-json\/wp\/v2\/pages\/486\/revisions\/6801"}],"wp:attachment":[{"href":"https:\/\/site.educa.madrid.org\/ies.salvadorallende.fuenlabrada\/index.php\/wp-json\/wp\/v2\/media?parent=486"}],"wp:term":[{"taxonomy":"folder","embeddable":true,"href":"https:\/\/site.educa.madrid.org\/ies.salvadorallende.fuenlabrada\/index.php\/wp-json\/wp\/v2\/folder?post=486"}],"curies":[{"name":"wp","href":"https:\/\/api.w.org\/{rel}","templated":true}]}}