{"id":492,"date":"2023-05-14T19:24:34","date_gmt":"2023-05-14T17:24:34","guid":{"rendered":"https:\/\/site.educa.madrid.org\/ies.salvadorallende.fuenlabrada\/?page_id=492"},"modified":"2025-07-08T23:38:10","modified_gmt":"2025-07-08T21:38:10","slug":"tecnico-en-cuidados-auxiliares-de-enfermeria","status":"publish","type":"page","link":"https:\/\/site.educa.madrid.org\/ies.salvadorallende.fuenlabrada\/index.php\/tecnico-en-cuidados-auxiliares-de-enfermeria\/","title":{"rendered":"T\u00e9cnico en Cuidados Auxiliares de Enfermer\u00eda"},"content":{"rendered":"\n<div class=\"wp-block-columns is-layout-flex wp-container-core-columns-is-layout-9d6595d7 wp-block-columns-is-layout-flex\">\n<div class=\"wp-block-column is-vertically-aligned-center is-layout-flow wp-block-column-is-layout-flow\" style=\"flex-basis:25%\">\n<figure class=\"wp-block-image size-full\"><img loading=\"lazy\" decoding=\"async\" width=\"77\" height=\"80\" src=\"https:\/\/site.educa.madrid.org\/ies.salvadorallende.fuenlabrada\/\/wp-content\/uploads\/ies.salvadorallende.fuenlabrada\/2024\/02\/CAE3.png\" alt=\"\" class=\"wp-image-2110\"\/><\/figure>\n<\/div>\n\n\n\n<div class=\"wp-block-column is-vertically-aligned-center is-layout-flow wp-block-column-is-layout-flow\" style=\"flex-basis:70%\">\n<p class=\"has-large-font-size\"><strong>Turnos Diurno y vespertino<\/strong><\/p>\n<\/div>\n\n\n\n<div class=\"wp-block-column is-vertically-aligned-center is-layout-flow wp-block-column-is-layout-flow\" style=\"flex-basis:25%\">\n<p class=\"has-text-align-center has-medium-font-size\"><strong>C\u00d3DIGO: SAN201<\/strong><\/p>\n<\/div>\n<\/div>\n\n\n\n<div class=\"wp-block-group\"><div class=\"wp-block-group__inner-container is-layout-constrained wp-block-group-is-layout-constrained\"><div\n\t\t\t\n\t\t\tclass=\"so-widget-sow-accordion so-widget-sow-accordion-default-65b7e56ac4bb\"\n\t\t\t data-max-open-panels=\"0\" data-initial-scroll-panel=\"0\"\n\t\t><div>\n\t<div class=\"sow-accordion\">\n\t\t\t<div class=\"sow-accordion-panel\"\n\t\t\t data-anchor=\"duraci%c3%b3n-del-estudio\">\n\t\t\t\t<div class=\"sow-accordion-panel-header-container\" role=\"heading\" aria-level=\"2\">\n\t\t\t\t\t<div class=\"sow-accordion-panel-header\" tabindex=\"0\" role=\"button\" id=\"accordion-label-duraci%c3%b3n-del-estudio\" aria-controls=\"accordion-content-duraci%c3%b3n-del-estudio\" aria-expanded=\"false\">\n\t\t\t\t\t\t<div class=\"sow-accordion-title sow-accordion-title-icon-left\">\n\t\t\t\t\t\t\t\t\t\t\t\t\t\tDuraci\u00f3n del estudio\t\t\t\t\t\t\t\t\t\t\t\t\t<\/div>\n\t\t\t\t\t\t<div class=\"sow-accordion-open-close-button\">\n\t\t\t\t\t\t\t<div class=\"sow-accordion-open-button\">\n\t\t\t\t\t\t\t\t<span class=\"sow-icon-fontawesome sow-fas\" data-sow-icon=\"&#x2b;\"\n\t\t \n\t\taria-hidden=\"true\"><\/span>\t\t\t\t\t\t\t<\/div>\n\t\t\t\t\t\t\t<div class=\"sow-accordion-close-button\">\n\t\t\t\t\t\t\t\t<span class=\"sow-icon-fontawesome sow-fas\" data-sow-icon=\"&#xf068;\"\n\t\t \n\t\taria-hidden=\"true\"><\/span>\t\t\t\t\t\t\t<\/div>\n\t\t\t\t\t\t<\/div>\n\t\t\t\t\t<\/div>\n\t\t\t\t<\/div>\n\n\t\t\t<div\n\t\t\t\tclass=\"sow-accordion-panel-content\"\n\t\t\t\trole=\"region\"\n\t\t\t\taria-labelledby=\"accordion-label-duraci%c3%b3n-del-estudio\"\n\t\t\t\tid=\"accordion-content-duraci%c3%b3n-del-estudio\"\n\t\t\t\tstyle=\"display: none;\"\t\t\t>\n\t\t\t\t<div class=\"sow-accordion-panel-border\">\n\t\t\t\t\t<p>1400 horas: 1 curso acad\u00e9mico + la F.C.T.<\/p>\n\t\t\t\t<\/div>\n\t\t\t<\/div>\n\t\t<\/div>\n\t\t\t<div class=\"sow-accordion-panel\"\n\t\t\t data-anchor=\"requisitos-de-acceso\">\n\t\t\t\t<div class=\"sow-accordion-panel-header-container\" role=\"heading\" aria-level=\"2\">\n\t\t\t\t\t<div class=\"sow-accordion-panel-header\" tabindex=\"0\" role=\"button\" id=\"accordion-label-requisitos-de-acceso\" aria-controls=\"accordion-content-requisitos-de-acceso\" aria-expanded=\"false\">\n\t\t\t\t\t\t<div class=\"sow-accordion-title sow-accordion-title-icon-left\">\n\t\t\t\t\t\t\t\t\t\t\t\t\t\tRequisitos de acceso\t\t\t\t\t\t\t\t\t\t\t\t\t<\/div>\n\t\t\t\t\t\t<div class=\"sow-accordion-open-close-button\">\n\t\t\t\t\t\t\t<div class=\"sow-accordion-open-button\">\n\t\t\t\t\t\t\t\t<span class=\"sow-icon-fontawesome sow-fas\" data-sow-icon=\"&#x2b;\"\n\t\t \n\t\taria-hidden=\"true\"><\/span>\t\t\t\t\t\t\t<\/div>\n\t\t\t\t\t\t\t<div class=\"sow-accordion-close-button\">\n\t\t\t\t\t\t\t\t<span class=\"sow-icon-fontawesome sow-fas\" data-sow-icon=\"&#xf068;\"\n\t\t \n\t\taria-hidden=\"true\"><\/span>\t\t\t\t\t\t\t<\/div>\n\t\t\t\t\t\t<\/div>\n\t\t\t\t\t<\/div>\n\t\t\t\t<\/div>\n\n\t\t\t<div\n\t\t\t\tclass=\"sow-accordion-panel-content\"\n\t\t\t\trole=\"region\"\n\t\t\t\taria-labelledby=\"accordion-label-requisitos-de-acceso\"\n\t\t\t\tid=\"accordion-content-requisitos-de-acceso\"\n\t\t\t\tstyle=\"display: none;\"\t\t\t>\n\t\t\t\t<div class=\"sow-accordion-panel-border\">\n\t\t\t\t\t<p>Debes cumplir\u00a0<strong>alguno<\/strong>\u00a0de los siguientes requisitos:<\/p>\n<ul>\n<li>Tener alguno de los siguientes t\u00edtulos:\n<ul>\n<li>T\u00edtulo de\u00a0<strong>Graduado\/a en Educaci\u00f3n Secundaria Obligatoria<\/strong>o de un nivel acad\u00e9mico superior.<\/li>\n<li>T\u00edtulo Profesional B\u00e1sico (Formaci\u00f3n Profesional de Grado B\u00e1sico).<\/li>\n<li>T\u00edtulo de T\u00e9cnico\/a o de T\u00e9cnico\/a Auxiliar o equivalente a efectos acad\u00e9micos.<\/li>\n<\/ul>\n<\/li>\n<li>Haber superado:\n<ul>\n<li>2\u00ba curso del Bachillerato Unificado y Polivalente (BUP).<\/li>\n<li><a href=\"https:\/\/www.todofp.es\/como-cuando-y-donde-estudiar\/acceso-fp-desde-fp\/ciclos-grado-medio.html\">Prueba de acceso a ciclos formativos de grado medio<\/a>(se requerir\u00e1 tener, al menos, diecisiete a\u00f1os, cumplidos en el a\u00f1o de realizaci\u00f3n de la prueba).<\/li>\n<li>Prueba de acceso a la Universidad para mayores de 25 a\u00f1os (la superaci\u00f3n de las pruebas de acceso a la Universidad para mayores de 40 y 45 a\u00f1os no es un requisito v\u00e1lido para acceder a FP).<\/li>\n<\/ul>\n<\/li>\n<li>Haber superado:\n<ul>\n<li>Un curso de formaci\u00f3n espec\u00edfico preparatorio y gratuito para el acceso a ciclos formativos de grado medio en centros expresamente autorizados por la Administraci\u00f3n educativa<\/li>\n<\/ul>\n<\/li>\n<\/ul>\n\t\t\t\t<\/div>\n\t\t\t<\/div>\n\t\t<\/div>\n\t\t\t<div class=\"sow-accordion-panel\"\n\t\t\t data-anchor=\"%c2%bfqu%c3%a9-voy-a-aprender-y-hacer\">\n\t\t\t\t<div class=\"sow-accordion-panel-header-container\" role=\"heading\" aria-level=\"2\">\n\t\t\t\t\t<div class=\"sow-accordion-panel-header\" tabindex=\"0\" role=\"button\" id=\"accordion-label-%c2%bfqu%c3%a9-voy-a-aprender-y-hacer\" aria-controls=\"accordion-content-%c2%bfqu%c3%a9-voy-a-aprender-y-hacer\" aria-expanded=\"false\">\n\t\t\t\t\t\t<div class=\"sow-accordion-title sow-accordion-title-icon-left\">\n\t\t\t\t\t\t\t\t\t\t\t\t\t\t\u00bfQu\u00e9 voy a aprender y hacer?\t\t\t\t\t\t\t\t\t\t\t\t\t<\/div>\n\t\t\t\t\t\t<div class=\"sow-accordion-open-close-button\">\n\t\t\t\t\t\t\t<div class=\"sow-accordion-open-button\">\n\t\t\t\t\t\t\t\t<span class=\"sow-icon-fontawesome sow-fas\" data-sow-icon=\"&#x2b;\"\n\t\t \n\t\taria-hidden=\"true\"><\/span>\t\t\t\t\t\t\t<\/div>\n\t\t\t\t\t\t\t<div class=\"sow-accordion-close-button\">\n\t\t\t\t\t\t\t\t<span class=\"sow-icon-fontawesome sow-fas\" data-sow-icon=\"&#xf068;\"\n\t\t \n\t\taria-hidden=\"true\"><\/span>\t\t\t\t\t\t\t<\/div>\n\t\t\t\t\t\t<\/div>\n\t\t\t\t\t<\/div>\n\t\t\t\t<\/div>\n\n\t\t\t<div\n\t\t\t\tclass=\"sow-accordion-panel-content\"\n\t\t\t\trole=\"region\"\n\t\t\t\taria-labelledby=\"accordion-label-%c2%bfqu%c3%a9-voy-a-aprender-y-hacer\"\n\t\t\t\tid=\"accordion-content-%c2%bfqu%c3%a9-voy-a-aprender-y-hacer\"\n\t\t\t\tstyle=\"display: none;\"\t\t\t>\n\t\t\t\t<div class=\"sow-accordion-panel-border\">\n\t\t\t\t\t<p>Este profesional ser\u00e1 capaz de:<\/p>\n<ul>\n<li>Preparar los materiales y procesar la informaci\u00f3n de la consulta\/unidad en las \u00e1reas de su competencia.<\/li>\n<li>Aplicar cuidados auxiliares de enfermer\u00eda al paciente\/cliente.<\/li>\n<li>Cuidar las condiciones sanitarias del entorno del paciente y del material\/instrumental sanitario utilizado en las distintas consultas\/unidades\/servicios.<\/li>\n<li>Colaborar en la prestaci\u00f3n de cuidados ps\u00edquicos al paciente\/cliente realizando, a su nivel, la aplicaci\u00f3n de t\u00e9cnicas de apoyo psicol\u00f3gico y de educaci\u00f3n sanitaria.<\/li>\n<li>Realizar tareas de instrumentaci\u00f3n en equipos de salud bucodental.<\/li>\n<\/ul>\n\t\t\t\t<\/div>\n\t\t\t<\/div>\n\t\t<\/div>\n\t\t\t<div class=\"sow-accordion-panel\"\n\t\t\t data-anchor=\"plan-de-formaci%c3%b3n\">\n\t\t\t\t<div class=\"sow-accordion-panel-header-container\" role=\"heading\" aria-level=\"2\">\n\t\t\t\t\t<div class=\"sow-accordion-panel-header\" tabindex=\"0\" role=\"button\" id=\"accordion-label-plan-de-formaci%c3%b3n\" aria-controls=\"accordion-content-plan-de-formaci%c3%b3n\" aria-expanded=\"false\">\n\t\t\t\t\t\t<div class=\"sow-accordion-title sow-accordion-title-icon-left\">\n\t\t\t\t\t\t\t\t\t\t\t\t\t\tPlan de formaci\u00f3n\t\t\t\t\t\t\t\t\t\t\t\t\t<\/div>\n\t\t\t\t\t\t<div class=\"sow-accordion-open-close-button\">\n\t\t\t\t\t\t\t<div class=\"sow-accordion-open-button\">\n\t\t\t\t\t\t\t\t<span class=\"sow-icon-fontawesome sow-fas\" data-sow-icon=\"&#x2b;\"\n\t\t \n\t\taria-hidden=\"true\"><\/span>\t\t\t\t\t\t\t<\/div>\n\t\t\t\t\t\t\t<div class=\"sow-accordion-close-button\">\n\t\t\t\t\t\t\t\t<span class=\"sow-icon-fontawesome sow-fas\" data-sow-icon=\"&#xf068;\"\n\t\t \n\t\taria-hidden=\"true\"><\/span>\t\t\t\t\t\t\t<\/div>\n\t\t\t\t\t\t<\/div>\n\t\t\t\t\t<\/div>\n\t\t\t\t<\/div>\n\n\t\t\t<div\n\t\t\t\tclass=\"sow-accordion-panel-content\"\n\t\t\t\trole=\"region\"\n\t\t\t\taria-labelledby=\"accordion-label-plan-de-formaci%c3%b3n\"\n\t\t\t\tid=\"accordion-content-plan-de-formaci%c3%b3n\"\n\t\t\t\tstyle=\"display: none;\"\t\t\t>\n\t\t\t\t<div class=\"sow-accordion-panel-border\">\n\t\t\t\t\t<p>En el centro educativo, a trav\u00e9s de una formaci\u00f3n te\u00f3rico-pr\u00e1ctica. Los contenidos se agrupan en los siguientes m\u00f3dulos profesionales:<\/p>\n<ul>\n<li>Operaciones administrativas y documentaci\u00f3n sanitaria<\/li>\n<li>T\u00e9cnicas b\u00e1sicas de enfermer\u00eda<\/li>\n<li>Higiene del medio hospitalario y limpieza del material<\/li>\n<li>Promoci\u00f3n de la salud y apoyo psicol\u00f3gico al paciente<\/li>\n<li>T\u00e9cnicas de ayuda odontol\u00f3gica\/estomatol\u00f3gica<\/li>\n<li>Relaciones en el equipo de trabajo<\/li>\n<li>Formaci\u00f3n y Orientaci\u00f3n laboral<\/li>\n<li>Modulo de Formaci\u00f3n en Centros de Trabajo (F.C.T.) que se realiza en colaboraci\u00f3n con empresas<\/li>\n<\/ul>\n\t\t\t\t<\/div>\n\t\t\t<\/div>\n\t\t<\/div>\n\t\t\t<div class=\"sow-accordion-panel\"\n\t\t\t data-anchor=\"al-finalizar-mis-estudios-%c2%bfqu%c3%a9-puedo-hacer\">\n\t\t\t\t<div class=\"sow-accordion-panel-header-container\" role=\"heading\" aria-level=\"2\">\n\t\t\t\t\t<div class=\"sow-accordion-panel-header\" tabindex=\"0\" role=\"button\" id=\"accordion-label-al-finalizar-mis-estudios-%c2%bfqu%c3%a9-puedo-hacer\" aria-controls=\"accordion-content-al-finalizar-mis-estudios-%c2%bfqu%c3%a9-puedo-hacer\" aria-expanded=\"false\">\n\t\t\t\t\t\t<div class=\"sow-accordion-title sow-accordion-title-icon-left\">\n\t\t\t\t\t\t\t\t\t\t\t\t\t\tAl finalizar mis estudios, \u00bfQu\u00e9 puedo hacer?\t\t\t\t\t\t\t\t\t\t\t\t\t<\/div>\n\t\t\t\t\t\t<div class=\"sow-accordion-open-close-button\">\n\t\t\t\t\t\t\t<div class=\"sow-accordion-open-button\">\n\t\t\t\t\t\t\t\t<span class=\"sow-icon-fontawesome sow-fas\" data-sow-icon=\"&#x2b;\"\n\t\t \n\t\taria-hidden=\"true\"><\/span>\t\t\t\t\t\t\t<\/div>\n\t\t\t\t\t\t\t<div class=\"sow-accordion-close-button\">\n\t\t\t\t\t\t\t\t<span class=\"sow-icon-fontawesome sow-fas\" data-sow-icon=\"&#xf068;\"\n\t\t \n\t\taria-hidden=\"true\"><\/span>\t\t\t\t\t\t\t<\/div>\n\t\t\t\t\t\t<\/div>\n\t\t\t\t\t<\/div>\n\t\t\t\t<\/div>\n\n\t\t\t<div\n\t\t\t\tclass=\"sow-accordion-panel-content\"\n\t\t\t\trole=\"region\"\n\t\t\t\taria-labelledby=\"accordion-label-al-finalizar-mis-estudios-%c2%bfqu%c3%a9-puedo-hacer\"\n\t\t\t\tid=\"accordion-content-al-finalizar-mis-estudios-%c2%bfqu%c3%a9-puedo-hacer\"\n\t\t\t\tstyle=\"display: none;\"\t\t\t>\n\t\t\t\t<div class=\"sow-accordion-panel-border\">\n\t\t\t\t\t<p><strong>Trabajar en:<\/strong><\/p>\n<p>Ejercer mi actividad profesional en el sector sanitario en empresas privadas o p\u00fablicas del sector o creando mi propia empresa.<\/p>\n<p><strong>Seguir estudiando:<\/strong><\/p>\n<ul>\n<li>Cursos de especializaci\u00f3n profesional<\/li>\n<li>Otro ciclo de Formaci\u00f3n Profesional con la posibilidad de establecer convalidaciones de m\u00f3dulos profesionales de acuerdo a la normativa vigente.<\/li>\n<li>El Bachillerato en cualquiera de sus modalidades<\/li>\n<li><strong>Preparaci\u00f3n de las Pruebas de Evaluaci\u00f3n de Bachillerato (\u00fanicamente las asignaturas troncales)<\/strong><\/li>\n<\/ul>\n<p>\u00a0<\/p>\n<p>\u00bfCu\u00e1les son las salidas profesionales?<\/p>\n<ul>\n<li>Atenci\u00f3n primaria y comunitaria: domiciliaria, promoci\u00f3n de la salud, salud bucodental, consultas y residencias de ancianos.<\/li>\n<li>Atenci\u00f3n especializada: consultas, hospitalizaci\u00f3n, urgencias, pediatr\u00eda, unidades especiales (UVI, UCI, etc.) geriatr\u00eda, etc.<\/li>\n<li>Centros sanitarios, centros balneoter\u00e1picos, departamentos de asuntos sociales de Ministerios, Comunidades Aut\u00f3nomas y Ayuntamientos.<\/li>\n<\/ul>\n\t\t\t\t<\/div>\n\t\t\t<\/div>\n\t\t<\/div>\n\t\t\t<div class=\"sow-accordion-panel\"\n\t\t\t data-anchor=\"cuales-son-las-salidas-profesionales\">\n\t\t\t\t<div class=\"sow-accordion-panel-header-container\" role=\"heading\" aria-level=\"2\">\n\t\t\t\t\t<div class=\"sow-accordion-panel-header\" tabindex=\"0\" role=\"button\" id=\"accordion-label-cuales-son-las-salidas-profesionales\" aria-controls=\"accordion-content-cuales-son-las-salidas-profesionales\" aria-expanded=\"false\">\n\t\t\t\t\t\t<div class=\"sow-accordion-title sow-accordion-title-icon-left\">\n\t\t\t\t\t\t\t\t\t\t\t\t\t\tCuales son las salidas profesionales\t\t\t\t\t\t\t\t\t\t\t\t\t<\/div>\n\t\t\t\t\t\t<div class=\"sow-accordion-open-close-button\">\n\t\t\t\t\t\t\t<div class=\"sow-accordion-open-button\">\n\t\t\t\t\t\t\t\t<span class=\"sow-icon-fontawesome sow-fas\" data-sow-icon=\"&#x2b;\"\n\t\t \n\t\taria-hidden=\"true\"><\/span>\t\t\t\t\t\t\t<\/div>\n\t\t\t\t\t\t\t<div class=\"sow-accordion-close-button\">\n\t\t\t\t\t\t\t\t<span class=\"sow-icon-fontawesome sow-fas\" data-sow-icon=\"&#xf068;\"\n\t\t \n\t\taria-hidden=\"true\"><\/span>\t\t\t\t\t\t\t<\/div>\n\t\t\t\t\t\t<\/div>\n\t\t\t\t\t<\/div>\n\t\t\t\t<\/div>\n\n\t\t\t<div\n\t\t\t\tclass=\"sow-accordion-panel-content\"\n\t\t\t\trole=\"region\"\n\t\t\t\taria-labelledby=\"accordion-label-cuales-son-las-salidas-profesionales\"\n\t\t\t\tid=\"accordion-content-cuales-son-las-salidas-profesionales\"\n\t\t\t\tstyle=\"display: none;\"\t\t\t>\n\t\t\t\t<div class=\"sow-accordion-panel-border\">\n\t\t\t\t\t<ul>\n<li>Atenci\u00f3n primaria y comunitaria: domiciliaria, promoci\u00f3n de la salud, salud bucodental, consultas y residencias de ancianos.<\/li>\n<li>Atenci\u00f3n especializada: consultas, hospitalizaci\u00f3n, urgencias, pediatr\u00eda, unidades especiales (UVI, UCI, etc.) geriatr\u00eda, etc.<\/li>\n<li>Centros sanitarios, centros balneoter\u00e1picos, departamentos de asuntos sociales de Ministerios, Comunidades Aut\u00f3nomas y Ayuntamientos.<\/li>\n<\/ul>\n\t\t\t\t<\/div>\n\t\t\t<\/div>\n\t\t<\/div>\n\t\t<\/div>\n<\/div>\n<\/div><\/div><\/div>\n\n\n\n<p><\/p>\n","protected":false},"excerpt":{"rendered":"<p>Turnos Diurno y vespertino C\u00d3DIGO: SAN201<\/p>\n","protected":false},"author":2,"featured_media":0,"parent":0,"menu_order":0,"comment_status":"closed","ping_status":"closed","template":"","meta":{"footnotes":""},"folder":[],"class_list":["post-492","page","type-page","status-publish","hentry"],"rttpg_featured_image_url":null,"rttpg_author":{"display_name":"tic.ies.salvadorallende.fuenlabrada","author_link":"https:\/\/site.educa.madrid.org\/ies.salvadorallende.fuenlabrada\/index.php\/author\/cuenta_tic-ies-salvadorallende-fuenlabrada\/"},"rttpg_comment":0,"rttpg_category":false,"rttpg_excerpt":"Turnos Diurno y vespertino C\u00d3DIGO: SAN201","post_mailing_queue_ids":[],"_links":{"self":[{"href":"https:\/\/site.educa.madrid.org\/ies.salvadorallende.fuenlabrada\/index.php\/wp-json\/wp\/v2\/pages\/492","targetHints":{"allow":["GET"]}}],"collection":[{"href":"https:\/\/site.educa.madrid.org\/ies.salvadorallende.fuenlabrada\/index.php\/wp-json\/wp\/v2\/pages"}],"about":[{"href":"https:\/\/site.educa.madrid.org\/ies.salvadorallende.fuenlabrada\/index.php\/wp-json\/wp\/v2\/types\/page"}],"author":[{"embeddable":true,"href":"https:\/\/site.educa.madrid.org\/ies.salvadorallende.fuenlabrada\/index.php\/wp-json\/wp\/v2\/users\/2"}],"replies":[{"embeddable":true,"href":"https:\/\/site.educa.madrid.org\/ies.salvadorallende.fuenlabrada\/index.php\/wp-json\/wp\/v2\/comments?post=492"}],"version-history":[{"count":14,"href":"https:\/\/site.educa.madrid.org\/ies.salvadorallende.fuenlabrada\/index.php\/wp-json\/wp\/v2\/pages\/492\/revisions"}],"predecessor-version":[{"id":6795,"href":"https:\/\/site.educa.madrid.org\/ies.salvadorallende.fuenlabrada\/index.php\/wp-json\/wp\/v2\/pages\/492\/revisions\/6795"}],"wp:attachment":[{"href":"https:\/\/site.educa.madrid.org\/ies.salvadorallende.fuenlabrada\/index.php\/wp-json\/wp\/v2\/media?parent=492"}],"wp:term":[{"taxonomy":"folder","embeddable":true,"href":"https:\/\/site.educa.madrid.org\/ies.salvadorallende.fuenlabrada\/index.php\/wp-json\/wp\/v2\/folder?post=492"}],"curies":[{"name":"wp","href":"https:\/\/api.w.org\/{rel}","templated":true}]}}