{"id":508,"date":"2023-05-14T19:34:46","date_gmt":"2023-05-14T17:34:46","guid":{"rendered":"https:\/\/site.educa.madrid.org\/ies.salvadorallende.fuenlabrada\/?page_id=508"},"modified":"2024-06-07T10:55:24","modified_gmt":"2024-06-07T08:55:24","slug":"titulo-profesional-basico-en-informatica-y-comunicaciones","status":"publish","type":"page","link":"https:\/\/site.educa.madrid.org\/ies.salvadorallende.fuenlabrada\/index.php\/titulo-profesional-basico-en-informatica-y-comunicaciones\/","title":{"rendered":"T\u00edtulo Profesional B\u00e1sico en Inform\u00e1tica y Comunicaciones"},"content":{"rendered":"\n<div class=\"wp-block-columns is-layout-flex wp-container-core-columns-is-layout-9d6595d7 wp-block-columns-is-layout-flex\">\n<div class=\"wp-block-column is-layout-flow wp-block-column-is-layout-flow\" style=\"flex-basis:22.22%\">\n<figure class=\"wp-block-image size-full is-resized\"><img loading=\"lazy\" decoding=\"async\" src=\"https:\/\/site.educa.madrid.org\/ies.salvadorallende.fuenlabrada\/\/wp-content\/uploads\/ies.salvadorallende.fuenlabrada\/2024\/03\/logo-electricidad.png\" alt=\"\" class=\"wp-image-2645\" width=\"89\" height=\"86\"\/><\/figure>\n<\/div>\n\n\n\n<div class=\"wp-block-column is-vertically-aligned-center is-layout-flow wp-block-column-is-layout-flow\" style=\"flex-basis:44.45%\">\n<p class=\"has-text-align-left has-large-font-size\"><strong>Turno diurno<\/strong><\/p>\n<\/div>\n\n\n\n<div class=\"wp-block-column is-vertically-aligned-center is-layout-flow wp-block-column-is-layout-flow\" style=\"flex-basis:33.33%\">\n<p class=\"has-text-align-center has-medium-font-size\"><strong>C\u00f3digo: IFCB01<\/strong><\/p>\n<\/div>\n<\/div>\n\n\n<div\n\t\t\t\n\t\t\tclass=\"so-widget-sow-accordion so-widget-sow-accordion-default-65b7e56ac4bb\"\n\t\t\t data-max-open-panels=\"0\" data-initial-scroll-panel=\"0\"\n\t\t><div>\n\t<div class=\"sow-accordion\">\n\t\t\t<div class=\"sow-accordion-panel\"\n\t\t\t data-anchor=\"duraci%c3%b3n-del-estudio\">\n\t\t\t\t<div class=\"sow-accordion-panel-header-container\" role=\"heading\" aria-level=\"2\">\n\t\t\t\t\t<div class=\"sow-accordion-panel-header\" tabindex=\"0\" role=\"button\" id=\"accordion-label-duraci%c3%b3n-del-estudio\" aria-controls=\"accordion-content-duraci%c3%b3n-del-estudio\" aria-expanded=\"false\">\n\t\t\t\t\t\t<div class=\"sow-accordion-title sow-accordion-title-icon-left\">\n\t\t\t\t\t\t\t\t\t\t\t\t\t\tDuraci\u00f3n del estudio\t\t\t\t\t\t\t\t\t\t\t\t\t<\/div>\n\t\t\t\t\t\t<div class=\"sow-accordion-open-close-button\">\n\t\t\t\t\t\t\t<div class=\"sow-accordion-open-button\">\n\t\t\t\t\t\t\t\t<span class=\"sow-icon-fontawesome sow-fas\" data-sow-icon=\"&#x2b;\"\n\t\t \n\t\taria-hidden=\"true\"><\/span>\t\t\t\t\t\t\t<\/div>\n\t\t\t\t\t\t\t<div class=\"sow-accordion-close-button\">\n\t\t\t\t\t\t\t\t<span class=\"sow-icon-fontawesome sow-fas\" data-sow-icon=\"&#xf068;\"\n\t\t \n\t\taria-hidden=\"true\"><\/span>\t\t\t\t\t\t\t<\/div>\n\t\t\t\t\t\t<\/div>\n\t\t\t\t\t<\/div>\n\t\t\t\t<\/div>\n\n\t\t\t<div\n\t\t\t\tclass=\"sow-accordion-panel-content\"\n\t\t\t\trole=\"region\"\n\t\t\t\taria-labelledby=\"accordion-label-duraci%c3%b3n-del-estudio\"\n\t\t\t\tid=\"accordion-content-duraci%c3%b3n-del-estudio\"\n\t\t\t\tstyle=\"display: none;\"\t\t\t>\n\t\t\t\t<div class=\"sow-accordion-panel-border\">\n\t\t\t\t\t<p>Duraci\u00f3n del estudio<\/p>\n<p>2000 horas.<\/p>\n\t\t\t\t<\/div>\n\t\t\t<\/div>\n\t\t<\/div>\n\t\t\t<div class=\"sow-accordion-panel\"\n\t\t\t data-anchor=\"requisitos-de-acceso\">\n\t\t\t\t<div class=\"sow-accordion-panel-header-container\" role=\"heading\" aria-level=\"2\">\n\t\t\t\t\t<div class=\"sow-accordion-panel-header\" tabindex=\"0\" role=\"button\" id=\"accordion-label-requisitos-de-acceso\" aria-controls=\"accordion-content-requisitos-de-acceso\" aria-expanded=\"false\">\n\t\t\t\t\t\t<div class=\"sow-accordion-title sow-accordion-title-icon-left\">\n\t\t\t\t\t\t\t\t\t\t\t\t\t\tRequisitos de acceso\t\t\t\t\t\t\t\t\t\t\t\t\t<\/div>\n\t\t\t\t\t\t<div class=\"sow-accordion-open-close-button\">\n\t\t\t\t\t\t\t<div class=\"sow-accordion-open-button\">\n\t\t\t\t\t\t\t\t<span class=\"sow-icon-fontawesome sow-fas\" data-sow-icon=\"&#x2b;\"\n\t\t \n\t\taria-hidden=\"true\"><\/span>\t\t\t\t\t\t\t<\/div>\n\t\t\t\t\t\t\t<div class=\"sow-accordion-close-button\">\n\t\t\t\t\t\t\t\t<span class=\"sow-icon-fontawesome sow-fas\" data-sow-icon=\"&#xf068;\"\n\t\t \n\t\taria-hidden=\"true\"><\/span>\t\t\t\t\t\t\t<\/div>\n\t\t\t\t\t\t<\/div>\n\t\t\t\t\t<\/div>\n\t\t\t\t<\/div>\n\n\t\t\t<div\n\t\t\t\tclass=\"sow-accordion-panel-content\"\n\t\t\t\trole=\"region\"\n\t\t\t\taria-labelledby=\"accordion-label-requisitos-de-acceso\"\n\t\t\t\tid=\"accordion-content-requisitos-de-acceso\"\n\t\t\t\tstyle=\"display: none;\"\t\t\t>\n\t\t\t\t<div class=\"sow-accordion-panel-border\">\n\t\t\t\t\t<p>Puedes acceder a los ciclos formativos de Grado B\u00e1sico si cumples <strong>todos<\/strong> los siguientes requisitos:<\/p>\n<ul>\n<li>Tener cumplidos quince a\u00f1os, o cumplirlos durante el a\u00f1o natural en curso.<\/li>\n<li>Haber cursado el tercer curso o, excepcionalmente y a criterio del equipo docente y el responsable de la orientaci\u00f3n en el centro, el segundo curso de educaci\u00f3n secundaria obligatoria.<\/li>\n<li>Ser objeto de propuesta o solicitar a petici\u00f3n propia, junto con los padres, madres o tutores legales, la incorporaci\u00f3n a un ciclo formativo de grado b\u00e1sico, cuando el perfil vocacional del alumno o alumna as\u00ed lo aconseje.<\/li>\n<\/ul>\n\t\t\t\t<\/div>\n\t\t\t<\/div>\n\t\t<\/div>\n\t\t\t<div class=\"sow-accordion-panel\"\n\t\t\t data-anchor=\"%c2%bfqu%c3%a9-voy-a-aprender-y-hacer\">\n\t\t\t\t<div class=\"sow-accordion-panel-header-container\" role=\"heading\" aria-level=\"2\">\n\t\t\t\t\t<div class=\"sow-accordion-panel-header\" tabindex=\"0\" role=\"button\" id=\"accordion-label-%c2%bfqu%c3%a9-voy-a-aprender-y-hacer\" aria-controls=\"accordion-content-%c2%bfqu%c3%a9-voy-a-aprender-y-hacer\" aria-expanded=\"false\">\n\t\t\t\t\t\t<div class=\"sow-accordion-title sow-accordion-title-icon-left\">\n\t\t\t\t\t\t\t\t\t\t\t\t\t\t\u00bfQu\u00e9 voy a aprender y hacer?\t\t\t\t\t\t\t\t\t\t\t\t\t<\/div>\n\t\t\t\t\t\t<div class=\"sow-accordion-open-close-button\">\n\t\t\t\t\t\t\t<div class=\"sow-accordion-open-button\">\n\t\t\t\t\t\t\t\t<span class=\"sow-icon-fontawesome sow-fas\" data-sow-icon=\"&#x2b;\"\n\t\t \n\t\taria-hidden=\"true\"><\/span>\t\t\t\t\t\t\t<\/div>\n\t\t\t\t\t\t\t<div class=\"sow-accordion-close-button\">\n\t\t\t\t\t\t\t\t<span class=\"sow-icon-fontawesome sow-fas\" data-sow-icon=\"&#xf068;\"\n\t\t \n\t\taria-hidden=\"true\"><\/span>\t\t\t\t\t\t\t<\/div>\n\t\t\t\t\t\t<\/div>\n\t\t\t\t\t<\/div>\n\t\t\t\t<\/div>\n\n\t\t\t<div\n\t\t\t\tclass=\"sow-accordion-panel-content\"\n\t\t\t\trole=\"region\"\n\t\t\t\taria-labelledby=\"accordion-label-%c2%bfqu%c3%a9-voy-a-aprender-y-hacer\"\n\t\t\t\tid=\"accordion-content-%c2%bfqu%c3%a9-voy-a-aprender-y-hacer\"\n\t\t\t\tstyle=\"display: none;\"\t\t\t>\n\t\t\t\t<div class=\"sow-accordion-panel-border\">\n\t\t\t\t\t<ul>\n<li>Acopiar los materiales para acometer el montaje y\/o mantenimiento en sistemas microinform\u00e1ticos y redes de transmisi\u00f3n de datos.<\/li>\n<li>Realizar operaciones auxiliares de montaje de sistemas microinform\u00e1ticos y dispositivos auxiliares en condiciones de calidad.<\/li>\n<li>Realizar operaciones auxiliares de mantenimiento y reparaci\u00f3n de sistemas microinform\u00e1ticos garantizando su funcionamiento.<\/li>\n<li>Realizar las operaciones para el almacenamiento y transporte de sistemas, perif\u00e9ricos y consumibles, siguiendo criterios de seguridad y catalogaci\u00f3n.<\/li>\n<li>Realizar comprobaciones rutinarias de verificaci\u00f3n en el montaje y mantenimiento de sistemas y\/o instalaciones.<\/li>\n<li>Montar canalizaciones para cableado de datos en condiciones de calidad y seguridad.<\/li>\n<li>Tender el cableado de redes de datos aplicando las t\u00e9cnicas y procedimientos normalizados.<\/li>\n<li>Manejar las herramientas del entorno usuario proporcionadas por el sistema operativo y los dispositivos de almacenamiento de informaci\u00f3n.<\/li>\n<li>Manejar aplicaciones ofim\u00e1ticas de procesador de textos para realizar documentos sencillos.<\/li>\n<li>Realizar las tareas de su responsabilidad tanto individualmente como en equipo, con autonom\u00eda e iniciativa, adapt\u00e1ndose a las situaciones producidas por cambios tecnol\u00f3gicos u organizativos.<\/li>\n<li>Adquirir h\u00e1bitos de responsabilidad y autonom\u00eda basados en la pr\u00e1ctica de valores, favoreciendo las relaciones interpersonales y profesionales, trabajando en equipo y generando un ambiente favorable de convivencia que permita integrarse en los distintos \u00e1mbitos de la sociedad.<\/li>\n<li>Desarrollar h\u00e1bitos y valores acordes con la conservaci\u00f3n y sostenibilidad del patrimonio natural, analizando la interacci\u00f3n entre las sociedades humanas y el medio natural y valorando las consecuencias que se derivan de la acci\u00f3n humana sobre el medio.<\/li>\n<li>Valorar las diferentes manifestaciones art\u00edsticas y culturales de forma fundamentada utiliz\u00e1ndolas como fuente de enriquecimiento personal y social y desarrollando actitudes est\u00e9ticas y sensibles hacia la diversidad cultural y el patrimonio art\u00edstico.<\/li>\n<li>Comunicarse en diferentes situaciones laborales o sociales utilizando recursos ling\u00fc\u00edsticos con precisi\u00f3n y claridad, teniendo en cuenta el contexto y utilizando formas orales y escritas b\u00e1sicas tanto de la propia lengua como de alguna lengua extranjera.<\/li>\n<li>Resolver problemas predecibles relacionados con su entorno social y productivo utilizando los elementos proporcionados por las ciencias aplicadas y sociales y respetando la diversidad de opiniones como fuente de enriquecimiento en la toma de decisiones.<\/li>\n<li>Ejercer de manera activa y responsable los derechos y deberes derivados tanto de su actividad profesional como de su condici\u00f3n de ciudadano<\/li>\n<\/ul>\n\t\t\t\t<\/div>\n\t\t\t<\/div>\n\t\t<\/div>\n\t\t\t<div class=\"sow-accordion-panel\"\n\t\t\t data-anchor=\"plan-de-formaci%c3%b3n\">\n\t\t\t\t<div class=\"sow-accordion-panel-header-container\" role=\"heading\" aria-level=\"2\">\n\t\t\t\t\t<div class=\"sow-accordion-panel-header\" tabindex=\"0\" role=\"button\" id=\"accordion-label-plan-de-formaci%c3%b3n\" aria-controls=\"accordion-content-plan-de-formaci%c3%b3n\" aria-expanded=\"false\">\n\t\t\t\t\t\t<div class=\"sow-accordion-title sow-accordion-title-icon-left\">\n\t\t\t\t\t\t\t\t\t\t\t\t\t\tPlan de formaci\u00f3n\t\t\t\t\t\t\t\t\t\t\t\t\t<\/div>\n\t\t\t\t\t\t<div class=\"sow-accordion-open-close-button\">\n\t\t\t\t\t\t\t<div class=\"sow-accordion-open-button\">\n\t\t\t\t\t\t\t\t<span class=\"sow-icon-fontawesome sow-fas\" data-sow-icon=\"&#x2b;\"\n\t\t \n\t\taria-hidden=\"true\"><\/span>\t\t\t\t\t\t\t<\/div>\n\t\t\t\t\t\t\t<div class=\"sow-accordion-close-button\">\n\t\t\t\t\t\t\t\t<span class=\"sow-icon-fontawesome sow-fas\" data-sow-icon=\"&#xf068;\"\n\t\t \n\t\taria-hidden=\"true\"><\/span>\t\t\t\t\t\t\t<\/div>\n\t\t\t\t\t\t<\/div>\n\t\t\t\t\t<\/div>\n\t\t\t\t<\/div>\n\n\t\t\t<div\n\t\t\t\tclass=\"sow-accordion-panel-content\"\n\t\t\t\trole=\"region\"\n\t\t\t\taria-labelledby=\"accordion-label-plan-de-formaci%c3%b3n\"\n\t\t\t\tid=\"accordion-content-plan-de-formaci%c3%b3n\"\n\t\t\t\tstyle=\"display: none;\"\t\t\t>\n\t\t\t\t<div class=\"sow-accordion-panel-border\">\n\t\t\t\t\t<table>\n<tbody>\n<tr>\n<td colspan=\"8\" width=\"640\">Familia profesional: <strong>Inform\u00e1tica y Comunicaciones<\/strong><\/td>\n<\/tr>\n<tr>\n<td colspan=\"8\" width=\"640\">Ciclo Formativo: <strong>Inform\u00e1tica y Comunicaciones<\/strong><\/td>\n<\/tr>\n<tr>\n<td colspan=\"2\" width=\"217\">Grado: <strong>B\u00e1sico<\/strong><\/td>\n<td colspan=\"2\" width=\"196\">Duraci\u00f3n: <strong>2000 <\/strong>horas<\/td>\n<td colspan=\"4\" width=\"227\">C\u00f3digo: <strong>IFCB01<\/strong><\/td>\n<\/tr>\n<tr>\n<td colspan=\"4\" width=\"413\"><em>M\u00f3dulos profesionales<\/em><\/td>\n<td width=\"57\"><em>Centro Educativo<\/em><\/td>\n<td width=\"57\"><em>Centro de Trabajo<\/em><\/td>\n<td width=\"57\"><em>Centro Educativo<\/em><\/td>\n<td width=\"57\"><em>Centro de Trabajo<\/em><\/td>\n<\/tr>\n<tr>\n<td rowspan=\"2\" width=\"47\">\n<p><strong>\u00a0<\/strong><\/p>\n<p><em>C\u00f3digo<\/em><\/p>\n<\/td>\n<td colspan=\"2\" rowspan=\"2\" width=\"309\">\n<p><strong>\u00a0<\/strong><\/p>\n<p><em>Denominaci\u00f3n<\/em><\/p>\n<\/td>\n<td rowspan=\"2\" width=\"57\"><em>Duraci\u00f3n <\/em><em>del curr\u00edculo (horas)<\/em><\/td>\n<td colspan=\"2\" width=\"113\"><em>Curso 1\u00ba<\/em><\/td>\n<td colspan=\"2\" width=\"113\"><em>Curso 2\u00ba<\/em><\/td>\n<\/tr>\n<tr>\n<td width=\"57\"><em>horas\/semana<\/em><\/td>\n<td width=\"57\"><em>4 semanas (horas)<\/em><\/td>\n<td width=\"57\"><em>horas\/semana<\/em><\/td>\n<td width=\"57\"><em>4 semanas (horas)<\/em><\/td>\n<\/tr>\n<tr>\n<td width=\"47\">3009<\/td>\n<td colspan=\"2\" width=\"309\">Ciencias Aplicadas I<\/td>\n<td width=\"57\">130<\/td>\n<td width=\"57\">5<\/td>\n<td width=\"57\">\u00a0<\/td>\n<td width=\"57\">\u00a0<\/td>\n<td width=\"57\">\u00a0<\/td>\n<\/tr>\n<tr>\n<td width=\"47\">3011<\/td>\n<td colspan=\"2\" width=\"309\">Comunicaci\u00f3n y Sociedad I <strong>(1)<\/strong><\/td>\n<td width=\"57\">190<\/td>\n<td width=\"57\">7<\/td>\n<td width=\"57\">\u00a0<\/td>\n<td width=\"57\">\u00a0<\/td>\n<td width=\"57\">\u00a0<\/td>\n<\/tr>\n<tr>\n<td width=\"47\">3029<\/td>\n<td colspan=\"2\" width=\"309\">Montaje y mantenimiento de sistemas y componentes inform\u00e1ticos.<\/td>\n<td width=\"57\">260<\/td>\n<td width=\"57\">9<\/td>\n<td width=\"57\">\u00a0<\/td>\n<td width=\"57\">\u00a0<\/td>\n<td width=\"57\">\u00a0<\/td>\n<\/tr>\n<tr>\n<td width=\"47\">3030<\/td>\n<td colspan=\"2\" width=\"309\">Operaciones auxiliares para la configuraci\u00f3n y la explotaci\u00f3n.<\/td>\n<td width=\"57\">170<\/td>\n<td width=\"57\">6<\/td>\n<td width=\"57\">\u00a0<\/td>\n<td width=\"57\">\u00a0<\/td>\n<td width=\"57\">\u00a0<\/td>\n<\/tr>\n<tr>\n<td width=\"47\">3032<\/td>\n<td colspan=\"2\" width=\"309\">UF05: Prevenci\u00f3n de riesgos laborables<\/td>\n<td width=\"57\">60<\/td>\n<td width=\"57\">2<\/td>\n<td width=\"57\">\u00a0<\/td>\n<td width=\"57\">\u00a0<\/td>\n<td width=\"57\">\u00a0<\/td>\n<\/tr>\n<tr>\n<td width=\"47\">\u00a0<\/td>\n<td colspan=\"2\" width=\"309\">Tutor\u00eda<\/td>\n<td width=\"57\">30<\/td>\n<td width=\"57\">1<\/td>\n<td width=\"57\">\u00a0<\/td>\n<td width=\"57\">\u00a0<\/td>\n<td width=\"57\">\u00a0<\/td>\n<\/tr>\n<tr>\n<td width=\"47\">3032<\/td>\n<td colspan=\"2\" width=\"309\">UF12: Formaci\u00f3n en centros de trabajo configuraci\u00f3n, mantenimiento y explotaci\u00f3n de sistemas<\/td>\n<td width=\"57\">160<\/td>\n<td width=\"57\">\u00a0<\/td>\n<td width=\"57\">160<\/td>\n<td width=\"57\">\u00a0<\/td>\n<td width=\"57\">\u00a0<\/td>\n<\/tr>\n<tr>\n<td width=\"47\">3019<\/td>\n<td colspan=\"2\" width=\"309\">Cienciasl Aplicadas II<\/td>\n<td width=\"57\">130<\/td>\n<td width=\"57\">\u00a0<\/td>\n<td width=\"57\">\u00a0<\/td>\n<td width=\"57\">5<\/td>\n<td width=\"57\">\u00a0<\/td>\n<\/tr>\n<tr>\n<td width=\"47\">3012<\/td>\n<td colspan=\"2\" width=\"309\">Comunicaci\u00f3n y Sociedad II <strong>(1)<\/strong><\/td>\n<td width=\"57\">190<\/td>\n<td width=\"57\">\u00a0<\/td>\n<td width=\"57\">\u00a0<\/td>\n<td width=\"57\">7<\/td>\n<td width=\"57\">\u00a0<\/td>\n<\/tr>\n<tr>\n<td width=\"47\">3015<\/td>\n<td colspan=\"2\" width=\"309\">Equipos el\u00e9ctricos y electr\u00f3nicos<\/td>\n<td width=\"57\">260<\/td>\n<td width=\"57\">\u00a0<\/td>\n<td width=\"57\">\u00a0<\/td>\n<td width=\"57\">9<\/td>\n<td width=\"57\">\u00a0<\/td>\n<\/tr>\n<tr>\n<td width=\"47\">3016<\/td>\n<td colspan=\"2\" width=\"309\">Instalaci\u00f3n y mantenimiento de redes para transmisi\u00f3n de datos<\/td>\n<td width=\"57\">230<\/td>\n<td width=\"57\">\u00a0<\/td>\n<td width=\"57\">\u00a0<\/td>\n<td width=\"57\">8<\/td>\n<td width=\"57\">\u00a0<\/td>\n<\/tr>\n<tr>\n<td width=\"47\">\u00a0<\/td>\n<td colspan=\"2\" width=\"309\">Tutor\u00eda<\/td>\n<td width=\"57\">30<\/td>\n<td width=\"57\">\u00a0<\/td>\n<td width=\"57\">\u00a0<\/td>\n<td width=\"57\">1<\/td>\n<td width=\"57\">\u00a0<\/td>\n<\/tr>\n<tr>\n<td width=\"47\">3032<\/td>\n<td colspan=\"2\" width=\"309\">UF13: Formaci\u00f3n en centros de trabajo montaje y mantenimiento de equipos y redes<\/td>\n<td width=\"57\">160<\/td>\n<td width=\"57\">\u00a0<\/td>\n<td width=\"57\">\u00a0<\/td>\n<td width=\"57\">\u00a0<\/td>\n<td width=\"57\">160<\/td>\n<\/tr>\n<tr>\n<td colspan=\"3\" width=\"356\"><strong>H<\/strong><strong>ORAS TOTALES<\/strong><\/td>\n<td width=\"57\"><strong>2.000<\/strong><\/td>\n<td width=\"57\"><strong>30<\/strong><\/td>\n<td width=\"57\"><strong>160<\/strong><\/td>\n<td width=\"57\"><strong>30<\/strong><\/td>\n<td width=\"57\"><strong>160<\/strong><\/td>\n<\/tr>\n<tr>\n<td width=\"95\">\u00a0<\/td>\n<td width=\"339\">\u00a0<\/td>\n<td width=\"279\">\u00a0<\/td>\n<td width=\"113\">\u00a0<\/td>\n<td width=\"113\">\u00a0<\/td>\n<td width=\"113\">\u00a0<\/td>\n<td width=\"113\">\u00a0<\/td>\n<td width=\"113\">\u00a0<\/td>\n<\/tr>\n<\/tbody>\n<\/table>\n\t\t\t\t<\/div>\n\t\t\t<\/div>\n\t\t<\/div>\n\t\t\t<div class=\"sow-accordion-panel\"\n\t\t\t data-anchor=\"al-finalizar-mis-estudios-%c2%bfqu%c3%a9-puedo-hacer\">\n\t\t\t\t<div class=\"sow-accordion-panel-header-container\" role=\"heading\" aria-level=\"2\">\n\t\t\t\t\t<div class=\"sow-accordion-panel-header\" tabindex=\"0\" role=\"button\" id=\"accordion-label-al-finalizar-mis-estudios-%c2%bfqu%c3%a9-puedo-hacer\" aria-controls=\"accordion-content-al-finalizar-mis-estudios-%c2%bfqu%c3%a9-puedo-hacer\" aria-expanded=\"false\">\n\t\t\t\t\t\t<div class=\"sow-accordion-title sow-accordion-title-icon-left\">\n\t\t\t\t\t\t\t\t\t\t\t\t\t\tAl finalizar mis estudios, \u00bfQu\u00e9 puedo hacer?\t\t\t\t\t\t\t\t\t\t\t\t\t<\/div>\n\t\t\t\t\t\t<div class=\"sow-accordion-open-close-button\">\n\t\t\t\t\t\t\t<div class=\"sow-accordion-open-button\">\n\t\t\t\t\t\t\t\t<span class=\"sow-icon-fontawesome sow-fas\" data-sow-icon=\"&#x2b;\"\n\t\t \n\t\taria-hidden=\"true\"><\/span>\t\t\t\t\t\t\t<\/div>\n\t\t\t\t\t\t\t<div class=\"sow-accordion-close-button\">\n\t\t\t\t\t\t\t\t<span class=\"sow-icon-fontawesome sow-fas\" data-sow-icon=\"&#xf068;\"\n\t\t \n\t\taria-hidden=\"true\"><\/span>\t\t\t\t\t\t\t<\/div>\n\t\t\t\t\t\t<\/div>\n\t\t\t\t\t<\/div>\n\t\t\t\t<\/div>\n\n\t\t\t<div\n\t\t\t\tclass=\"sow-accordion-panel-content\"\n\t\t\t\trole=\"region\"\n\t\t\t\taria-labelledby=\"accordion-label-al-finalizar-mis-estudios-%c2%bfqu%c3%a9-puedo-hacer\"\n\t\t\t\tid=\"accordion-content-al-finalizar-mis-estudios-%c2%bfqu%c3%a9-puedo-hacer\"\n\t\t\t\tstyle=\"display: none;\"\t\t\t>\n\t\t\t\t<div class=\"sow-accordion-panel-border\">\n\t\t\t\t\t<p><strong>Trabajar como:<\/strong><\/p>\n<ul>\n<li>Ayudante de montador \/ montadora de antenas receptoras\/ televisi\u00f3n sat\u00e9lites.<\/li>\n<li>Ayudante de instalador-reparador \/ instaladora-reparadora de equipos telef\u00f3nicos y telegr\u00e1ficos.<\/li>\n<li>Ayudante de instalador \/ instaladora de equipos y sistemas de comunicaci\u00f3n.<\/li>\n<li>Ayudante de instalador-reparador \/ instaladora-reparadora de instalaciones telef\u00f3nicas.<\/li>\n<li>Ayudante de montador \/ montadora de sistemas microinform\u00e1ticos.<\/li>\n<li>Ayudante de mantenimiento de sistemas inform\u00e1ticos.<\/li>\n<li>Ayudante de instalador \/ instaladora de sistemas inform\u00e1ticos.<\/li>\n<li>Ayudante de instalador \/ instaladora de sistemas para transmisi\u00f3n de datos<\/li>\n<\/ul>\n<p><strong>Seguir estudiando:<\/strong><\/p>\n<ul>\n<li>Un ciclo formativo de grado medio (Este t\u00edtulo tendr\u00e1 preferencia para la admisi\u00f3n a todos los t\u00edtulos de grado medio de las familias profesionales de Electricidad y Electr\u00f3nica, Inform\u00e1tica y Comunicaciones, Fabricaci\u00f3n Mec\u00e1nica, Instalaci\u00f3n y Mantenimiento, Energ\u00eda y Agua, Industrias Extractivas, Mar\u00edtimo-Pesquera, Qu\u00edmica, Transporte y Mantenimiento de Veh\u00edculos, Madera, Mueble y Corcho y Edificaci\u00f3n y Obra Civil<\/li>\n<\/ul>\n\t\t\t\t<\/div>\n\t\t\t<\/div>\n\t\t<\/div>\n\t\t\t<div class=\"sow-accordion-panel\"\n\t\t\t data-anchor=\"cuales-son-las-salidas-profesionales\">\n\t\t\t\t<div class=\"sow-accordion-panel-header-container\" role=\"heading\" aria-level=\"2\">\n\t\t\t\t\t<div class=\"sow-accordion-panel-header\" tabindex=\"0\" role=\"button\" id=\"accordion-label-cuales-son-las-salidas-profesionales\" aria-controls=\"accordion-content-cuales-son-las-salidas-profesionales\" aria-expanded=\"false\">\n\t\t\t\t\t\t<div class=\"sow-accordion-title sow-accordion-title-icon-left\">\n\t\t\t\t\t\t\t\t\t\t\t\t\t\tCuales son las salidas profesionales\t\t\t\t\t\t\t\t\t\t\t\t\t<\/div>\n\t\t\t\t\t\t<div class=\"sow-accordion-open-close-button\">\n\t\t\t\t\t\t\t<div class=\"sow-accordion-open-button\">\n\t\t\t\t\t\t\t\t<span class=\"sow-icon-fontawesome sow-fas\" data-sow-icon=\"&#x2b;\"\n\t\t \n\t\taria-hidden=\"true\"><\/span>\t\t\t\t\t\t\t<\/div>\n\t\t\t\t\t\t\t<div class=\"sow-accordion-close-button\">\n\t\t\t\t\t\t\t\t<span class=\"sow-icon-fontawesome sow-fas\" data-sow-icon=\"&#xf068;\"\n\t\t \n\t\taria-hidden=\"true\"><\/span>\t\t\t\t\t\t\t<\/div>\n\t\t\t\t\t\t<\/div>\n\t\t\t\t\t<\/div>\n\t\t\t\t<\/div>\n\n\t\t\t<div\n\t\t\t\tclass=\"sow-accordion-panel-content\"\n\t\t\t\trole=\"region\"\n\t\t\t\taria-labelledby=\"accordion-label-cuales-son-las-salidas-profesionales\"\n\t\t\t\tid=\"accordion-content-cuales-son-las-salidas-profesionales\"\n\t\t\t\tstyle=\"display: none;\"\t\t\t>\n\t\t\t\t<div class=\"sow-accordion-panel-border\">\n\t\t\t\t\t<p>Este profesional ejerce su actividad por cuenta ajena en empresas dedicadas a la comercializaci\u00f3n, montaje, mantenimiento y reparaci\u00f3n de sistemas microinform\u00e1ticos, equipos el\u00e9ctricos o electr\u00f3nicos y en empresas que utilicen sistemas inform\u00e1ticos, para su gesti\u00f3n.<\/p>\n<p>\u00a0<\/p>\n\t\t\t\t<\/div>\n\t\t\t<\/div>\n\t\t<\/div>\n\t\t<\/div>\n<\/div>\n<\/div>","protected":false},"excerpt":{"rendered":"<p>Turno diurno C\u00f3digo: IFCB01<\/p>\n","protected":false},"author":2,"featured_media":0,"parent":0,"menu_order":0,"comment_status":"closed","ping_status":"closed","template":"","meta":{"footnotes":""},"folder":[],"class_list":["post-508","page","type-page","status-publish","hentry"],"rttpg_featured_image_url":null,"rttpg_author":{"display_name":"tic.ies.salvadorallende.fuenlabrada","author_link":"https:\/\/site.educa.madrid.org\/ies.salvadorallende.fuenlabrada\/index.php\/author\/cuenta_tic-ies-salvadorallende-fuenlabrada\/"},"rttpg_comment":0,"rttpg_category":false,"rttpg_excerpt":"Turno diurno C\u00f3digo: IFCB01","post_mailing_queue_ids":[],"_links":{"self":[{"href":"https:\/\/site.educa.madrid.org\/ies.salvadorallende.fuenlabrada\/index.php\/wp-json\/wp\/v2\/pages\/508","targetHints":{"allow":["GET"]}}],"collection":[{"href":"https:\/\/site.educa.madrid.org\/ies.salvadorallende.fuenlabrada\/index.php\/wp-json\/wp\/v2\/pages"}],"about":[{"href":"https:\/\/site.educa.madrid.org\/ies.salvadorallende.fuenlabrada\/index.php\/wp-json\/wp\/v2\/types\/page"}],"author":[{"embeddable":true,"href":"https:\/\/site.educa.madrid.org\/ies.salvadorallende.fuenlabrada\/index.php\/wp-json\/wp\/v2\/users\/2"}],"replies":[{"embeddable":true,"href":"https:\/\/site.educa.madrid.org\/ies.salvadorallende.fuenlabrada\/index.php\/wp-json\/wp\/v2\/comments?post=508"}],"version-history":[{"count":8,"href":"https:\/\/site.educa.madrid.org\/ies.salvadorallende.fuenlabrada\/index.php\/wp-json\/wp\/v2\/pages\/508\/revisions"}],"predecessor-version":[{"id":3647,"href":"https:\/\/site.educa.madrid.org\/ies.salvadorallende.fuenlabrada\/index.php\/wp-json\/wp\/v2\/pages\/508\/revisions\/3647"}],"wp:attachment":[{"href":"https:\/\/site.educa.madrid.org\/ies.salvadorallende.fuenlabrada\/index.php\/wp-json\/wp\/v2\/media?parent=508"}],"wp:term":[{"taxonomy":"folder","embeddable":true,"href":"https:\/\/site.educa.madrid.org\/ies.salvadorallende.fuenlabrada\/index.php\/wp-json\/wp\/v2\/folder?post=508"}],"curies":[{"name":"wp","href":"https:\/\/api.w.org\/{rel}","templated":true}]}}