{"id":513,"date":"2023-05-14T19:38:05","date_gmt":"2023-05-14T17:38:05","guid":{"rendered":"https:\/\/site.educa.madrid.org\/ies.salvadorallende.fuenlabrada\/?page_id=513"},"modified":"2025-05-28T22:56:04","modified_gmt":"2025-05-28T20:56:04","slug":"4o-eso","status":"publish","type":"page","link":"https:\/\/site.educa.madrid.org\/ies.salvadorallende.fuenlabrada\/index.php\/4o-eso\/","title":{"rendered":"ESO 4\u00ba"},"content":{"rendered":"\n<p><\/p>\n\n\n\n<div class=\"wp-block-buttons is-layout-flex wp-block-buttons-is-layout-flex\">\n<div class=\"wp-block-button is-style-outline is-style-outline--1\"><a class=\"wp-block-button__link wp-element-button\" href=\"https:\/\/site.educa.madrid.org\/ies.salvadorallende.fuenlabrada\/index.php\/eso-1o\/\">ESO 1\u00ba <\/a><\/div>\n\n\n\n<div class=\"wp-block-button is-style-outline is-style-outline--2\"><a class=\"wp-block-button__link wp-element-button\" href=\"https:\/\/site.educa.madrid.org\/ies.salvadorallende.fuenlabrada\/index.php\/eso-2o\/\">ESO 2\u00ba <\/a><\/div>\n\n\n\n<div class=\"wp-block-button is-style-outline is-style-outline--3\"><a class=\"wp-block-button__link wp-element-button\" href=\"https:\/\/site.educa.madrid.org\/ies.salvadorallende.fuenlabrada\/index.php\/eso-3o\/\">ESO 3\u00ba <\/a><\/div>\n\n\n\n<div class=\"wp-block-button\"><a class=\"wp-block-button__link wp-element-button\">ESO 4\u00ba <\/a><\/div>\n<\/div>\n\n\n\n<div class=\"wp-block-group\"><div class=\"wp-block-group__inner-container is-layout-flow wp-block-group-is-layout-flow\">\n<p><\/p>\n\n\n\n<p class=\"has-text-align-center\"><strong>Comunes obligatorias:<\/strong><br><\/p>\n\n\n\n<p class=\"has-text-align-center\">Educaci\u00f3n F\u00edsica<br>Geograf\u00eda e Historia,<br>Ingl\u00e9s,<br>Lengua Castellana y Literatura<br>Religi\u00f3n\/Atenci\u00f3n Educativa<\/p>\n<\/div><\/div>\n\n\n\n<div class=\"wp-block-columns is-layout-flex wp-container-core-columns-is-layout-9d6595d7 wp-block-columns-is-layout-flex\">\n<div class=\"wp-block-column is-layout-flow wp-block-column-is-layout-flow\" style=\"flex-basis:100%\">\n<div class=\"wp-block-group\"><div class=\"wp-block-group__inner-container is-layout-flow wp-block-group-is-layout-flow\">\n<div class=\"wp-block-columns is-layout-flex wp-container-core-columns-is-layout-9d6595d7 wp-block-columns-is-layout-flex\">\n<div class=\"wp-block-column is-layout-flow wp-block-column-is-layout-flow\" style=\"flex-basis:100%\">\n<div class=\"wp-block-columns is-layout-flex wp-container-core-columns-is-layout-9d6595d7 wp-block-columns-is-layout-flex\">\n<div class=\"wp-block-column is-layout-flow wp-block-column-is-layout-flow\">\n<figure class=\"wp-block-table\"><table><tbody><tr><td><strong>OPCI\u00d3N CIENT\u00cdFICA<\/strong><\/td><\/tr><tr><td>Matem\u00e1ticas B F\u00edsica y Qu\u00edmica Biolog\u00eda y Geolog\u00eda<\/td><\/tr><tr><\/tr><tr><td>Elegir 1 <br>Digitalizaci\u00f3n<br> Econom\u00eda y Emprendimiento<\/td><\/tr><\/tbody><\/table><\/figure>\n<\/div>\n\n\n\n<div class=\"wp-block-column is-layout-flow wp-block-column-is-layout-flow\">\n<figure class=\"wp-block-table\"><table><tbody><tr><td><strong>OPCI\u00d3N TECNOL\u00d3GICA<\/strong><\/td><\/tr><tr><td>MAT A                 MAT B<\/td><\/tr><tr><td>Tecnolog\u00eda <br>Digitalizaci\u00f3n<\/td><\/tr><tr><td>Elegir 1 <br>F\u00edsica y Qu\u00edmica (con Mat. B) Econom\u00eda y Emprendimiento<\/td><\/tr><\/tbody><\/table><\/figure>\n<\/div>\n\n\n\n<div class=\"wp-block-column is-layout-flow wp-block-column-is-layout-flow\">\n<figure class=\"wp-block-table\"><table><tbody><tr><td><strong>OPCI\u00d3N PROFESIONAL<\/strong><\/td><\/tr><tr><td>Matem\u00e1ticas A <br>Econom\u00eda y Emprendimiento Formaci\u00f3n y Orientaci\u00f3n Personal y Profesional<\/td><\/tr><tr><\/tr><tr><td>Elegir 1 <br>Digitalizaci\u00f3n<br> Tecnolog\u00eda<\/td><\/tr><\/tbody><\/table><\/figure>\n<\/div>\n<\/div>\n<\/div>\n<\/div>\n<\/div><\/div>\n<\/div>\n<\/div>\n\n\n\n<div class=\"wp-block-columns is-layout-flex wp-container-core-columns-is-layout-9d6595d7 wp-block-columns-is-layout-flex\">\n<div class=\"wp-block-column is-layout-flow wp-block-column-is-layout-flow\">\n<figure class=\"wp-block-table\"><table><tbody><tr><td><strong>OPCI\u00d3N HUMANIDADES<\/strong><\/td><\/tr><tr><td>MAT A                             MAT B<\/td><\/tr><tr><td>Lat\u00edn<br>Econom\u00eda y Emprendimiento <br>Digitalizaci\u00f3n<\/td><\/tr><\/tbody><\/table><\/figure>\n<\/div>\n\n\n\n<div class=\"wp-block-column is-layout-flow wp-block-column-is-layout-flow\">\n<figure class=\"wp-block-table\"><table><tbody><tr><td><strong>OPTATIVA<\/strong> (Elegir 1)<\/td><\/tr><tr><td>&#8211; Filosof\u00eda <a href=\"https:\/\/site.educa.madrid.org\/ies.salvadorallende.fuenlabrada\/index.php\/dpto-filosofia\/\">(m\u00e1s informaci\u00f3n)<\/a><br>&#8211; Cultura Cl\u00e1sica <a href=\"https:\/\/site.educa.madrid.org\/ies.salvadorallende.fuenlabrada\/index.php\/dpto-cultura-clasica\/\">(m\u00e1s informaci\u00f3n)<\/a><br>&#8211; Comunicaci\u00f3n oral en lengua inglesa <a href=\"https:\/\/site.educa.madrid.org\/ies.salvadorallende.fuenlabrada\/index.php\/dpto-ingles\/\">(m\u00e1s informaci\u00f3n)<\/a><br>&#8211; Proyecto en creaci\u00f3n audiovisual. Dise\u00f1o 2D y 3D<a href=\"https:\/\/site.educa.madrid.org\/ies.salvadorallende.fuenlabrada\/\/wp-content\/uploads\/ies.salvadorallende.fuenlabrada\/2025\/05\/proyecto-en-creacion-audiovisual.-Diseno-en-2D-y-3D.pdf.png\"> (m\u00e1s informaci\u00f3n)<\/a><\/td><\/tr><\/tbody><\/table><\/figure>\n<\/div>\n<\/div>\n\n\n\n<p><strong>Recomendaciones<\/strong><\/p>\n\n\n\n<figure class=\"wp-block-table\"><table><tbody><tr><td>Bachillerato de Ciencias de la Naturaleza<\/td><td>Bachillerato Tecnol\u00f3gico<\/td><td>Bachillerato CC Sociales<\/td><\/tr><tr><td>Matem\u00e1ticas B F\u00edsica y Qu\u00edmica Biolog\u00eda y Geolog\u00eda<\/td><td>Matem\u00e1ticas B F\u00edsica y Qu\u00edmica<\/td><td>Matem\u00e1ticas B Econom\u00eda y Emprendimiento<\/td><\/tr><\/tbody><\/table><\/figure>\n","protected":false},"excerpt":{"rendered":"<p>Comunes obligatorias: Educaci\u00f3n F\u00edsicaGeograf\u00eda e Historia,Ingl\u00e9s,Lengua Castellana y LiteraturaReligi\u00f3n\/Atenci\u00f3n Educativa OPCI\u00d3N CIENT\u00cdFICA Matem\u00e1ticas B F\u00edsica y Qu\u00edmica Biolog\u00eda y Geolog\u00eda Elegir 1 Digitalizaci\u00f3n Econom\u00eda y Emprendimiento OPCI\u00d3N TECNOL\u00d3GICA MAT A &#8230;<\/p>\n","protected":false},"author":2,"featured_media":0,"parent":0,"menu_order":0,"comment_status":"closed","ping_status":"closed","template":"","meta":{"footnotes":""},"folder":[],"class_list":["post-513","page","type-page","status-publish","hentry"],"rttpg_featured_image_url":null,"rttpg_author":{"display_name":"tic.ies.salvadorallende.fuenlabrada","author_link":"https:\/\/site.educa.madrid.org\/ies.salvadorallende.fuenlabrada\/index.php\/author\/cuenta_tic-ies-salvadorallende-fuenlabrada\/"},"rttpg_comment":0,"rttpg_category":false,"rttpg_excerpt":"Comunes obligatorias: Educaci\u00f3n F\u00edsicaGeograf\u00eda e Historia,Ingl\u00e9s,Lengua Castellana y LiteraturaReligi\u00f3n\/Atenci\u00f3n Educativa OPCI\u00d3N CIENT\u00cdFICA Matem\u00e1ticas B F\u00edsica y Qu\u00edmica Biolog\u00eda y Geolog\u00eda Elegir 1 Digitalizaci\u00f3n Econom\u00eda y Emprendimiento OPCI\u00d3N TECNOL\u00d3GICA MAT A ...","post_mailing_queue_ids":[],"_links":{"self":[{"href":"https:\/\/site.educa.madrid.org\/ies.salvadorallende.fuenlabrada\/index.php\/wp-json\/wp\/v2\/pages\/513","targetHints":{"allow":["GET"]}}],"collection":[{"href":"https:\/\/site.educa.madrid.org\/ies.salvadorallende.fuenlabrada\/index.php\/wp-json\/wp\/v2\/pages"}],"about":[{"href":"https:\/\/site.educa.madrid.org\/ies.salvadorallende.fuenlabrada\/index.php\/wp-json\/wp\/v2\/types\/page"}],"author":[{"embeddable":true,"href":"https:\/\/site.educa.madrid.org\/ies.salvadorallende.fuenlabrada\/index.php\/wp-json\/wp\/v2\/users\/2"}],"replies":[{"embeddable":true,"href":"https:\/\/site.educa.madrid.org\/ies.salvadorallende.fuenlabrada\/index.php\/wp-json\/wp\/v2\/comments?post=513"}],"version-history":[{"count":20,"href":"https:\/\/site.educa.madrid.org\/ies.salvadorallende.fuenlabrada\/index.php\/wp-json\/wp\/v2\/pages\/513\/revisions"}],"predecessor-version":[{"id":6567,"href":"https:\/\/site.educa.madrid.org\/ies.salvadorallende.fuenlabrada\/index.php\/wp-json\/wp\/v2\/pages\/513\/revisions\/6567"}],"wp:attachment":[{"href":"https:\/\/site.educa.madrid.org\/ies.salvadorallende.fuenlabrada\/index.php\/wp-json\/wp\/v2\/media?parent=513"}],"wp:term":[{"taxonomy":"folder","embeddable":true,"href":"https:\/\/site.educa.madrid.org\/ies.salvadorallende.fuenlabrada\/index.php\/wp-json\/wp\/v2\/folder?post=513"}],"curies":[{"name":"wp","href":"https:\/\/api.w.org\/{rel}","templated":true}]}}