{"id":5939,"date":"2025-03-18T10:21:18","date_gmt":"2025-03-18T09:21:18","guid":{"rendered":"https:\/\/site.educa.madrid.org\/ies.salvadorallende.fuenlabrada\/?page_id=5939"},"modified":"2025-03-18T21:41:05","modified_gmt":"2025-03-18T20:41:05","slug":"plan-regional-contra-las-drogas-de-la-comunidad-de-madrid","status":"publish","type":"page","link":"https:\/\/site.educa.madrid.org\/ies.salvadorallende.fuenlabrada\/index.php\/plan-regional-contra-las-drogas-de-la-comunidad-de-madrid\/","title":{"rendered":"PLAN REGIONAL CONTRA LAS DROGAS DE LA COMUNIDAD DE MADRID"},"content":{"rendered":"\n<figure class=\"wp-block-image alignwide size-large\"><a href=\"https:\/\/www.comunidad.madrid\/plancontralasdrogas\"><img loading=\"lazy\" decoding=\"async\" width=\"1024\" height=\"272\" src=\"https:\/\/site.educa.madrid.org\/ies.salvadorallende.fuenlabrada\/\/wp-content\/uploads\/ies.salvadorallende.fuenlabrada\/2025\/03\/banner-contra-las-drogas-1024x272.png\" alt=\"\" class=\"wp-image-5941\" srcset=\"https:\/\/site.educa.madrid.org\/ies.salvadorallende.fuenlabrada\/\/wp-content\/uploads\/ies.salvadorallende.fuenlabrada\/2025\/03\/banner-contra-las-drogas-1024x272.png 1024w, https:\/\/site.educa.madrid.org\/ies.salvadorallende.fuenlabrada\/\/wp-content\/uploads\/ies.salvadorallende.fuenlabrada\/2025\/03\/banner-contra-las-drogas-300x80.png 300w, https:\/\/site.educa.madrid.org\/ies.salvadorallende.fuenlabrada\/\/wp-content\/uploads\/ies.salvadorallende.fuenlabrada\/2025\/03\/banner-contra-las-drogas-768x204.png 768w, https:\/\/site.educa.madrid.org\/ies.salvadorallende.fuenlabrada\/\/wp-content\/uploads\/ies.salvadorallende.fuenlabrada\/2025\/03\/banner-contra-las-drogas-1536x407.png 1536w, https:\/\/site.educa.madrid.org\/ies.salvadorallende.fuenlabrada\/\/wp-content\/uploads\/ies.salvadorallende.fuenlabrada\/2025\/03\/banner-contra-las-drogas.png 1750w\" sizes=\"auto, (max-width: 1024px) 100vw, 1024px\" \/><\/a><\/figure>\n\n\n\n<div class=\"wp-block-columns is-layout-flex wp-container-core-columns-is-layout-9d6595d7 wp-block-columns-is-layout-flex\">\n<div class=\"wp-block-column is-layout-flow wp-block-column-is-layout-flow\" style=\"flex-basis:66.66%\">\n<p>Desde el IES Salvador Allende queremos informarles sobre la puesta en marcha del buz\u00f3n de denuncias an\u00f3nimo, una iniciativa de la Comunidad de Madrid dentro del plan regional contra las drogas. Su objetivo es facilitar la comunicaci\u00f3n de cualquier situaci\u00f3n de posible riesgo, sospecha o evidencia de consumo de drogas dentro del \u00e1mbito escolar, garantizando el anonimato y la confidencialidad.<\/p>\n\n\n\n<p class=\"has-black-color has-text-color has-link-color wp-elements-3d37fdbfca372792ed24f2ad22803312\" style=\"font-size:15px\">\ud83d\udccc<strong> \u00bfC\u00f3mo se puede presentar una denuncia?<\/strong><\/p>\n\n\n\n<p>\ud83d\udd39 Buz\u00f3n f\u00edsico: Ubicado en una zona visible del centro, accesible para todos los alumnos.<br>\ud83d\udd39 Correo electr\u00f3nico: Enviando la informaci\u00f3n a <strong>buzonfueradrogas@educa.madrid.org<\/strong><br>\ud83d\udd39 C\u00f3digo QR: Disponible aqu\u00ed al lado, enlazando a un formulario an\u00f3nimo.<\/p>\n\n\n\n<p class=\"has-black-color has-text-color has-link-color wp-elements-5613303e9ace8ff82ae6026f2c73c671\" style=\"font-size:14px\">\ud83d\udd0e<strong> Marco normativo:<\/strong><\/p>\n\n\n\n<p>\u2714\ufe0f Decreto 32\/2019, de 9 de abril, del Consejo de Gobierno, que regula la convivencia en los centros docentes y tipifica como falta muy grave el uso, incitaci\u00f3n, introducci\u00f3n o comercio de sustancias perjudiciales para la salud.<br>\u2714\ufe0f Ley 4\/2023, de 22 de marzo, de Derechos, Garant\u00edas y Protecci\u00f3n Integral de la Infancia y la Adolescencia de la Comunidad de Madrid, que establece la obligaci\u00f3n de proteger a los menores frente a conductas adictivas, incluyendo el consumo de drogas.<br>\u2714\ufe0f Resoluci\u00f3n de 26 de noviembre de 2024, de la Viceconsejer\u00eda de Pol\u00edtica y Organizaci\u00f3n Educativa, que da publicidad a los protocolos de actuaci\u00f3n ante cualquier tipo de violencia en los centros educativos.<br>Todas las denuncias ser\u00e1n gestionadas por la unidad de convivencia y contra el acoso escolar, que tomar\u00e1 las medidas necesarias en cada caso y, si procede, derivar\u00e1 la informaci\u00f3n a las autoridades competentes.<\/p>\n\n\n\n<p>\ud83d\udce2 Es responsabilidad de todos velar por un entorno escolar seguro y libre de drogas. Agradecemos la colaboraci\u00f3n de toda la comunidad educativa en esta importante iniciativa.<br><\/p>\n<\/div>\n\n\n\n<div class=\"wp-block-column is-vertically-aligned-center is-layout-flow wp-block-column-is-layout-flow\" style=\"flex-basis:33.33%\">\n<figure class=\"wp-block-image size-full\"><a href=\"https:\/\/buzonanonimo.educa.madrid.org\/\"><img loading=\"lazy\" decoding=\"async\" width=\"300\" height=\"384\" src=\"https:\/\/site.educa.madrid.org\/ies.salvadorallende.fuenlabrada\/\/wp-content\/uploads\/ies.salvadorallende.fuenlabrada\/2025\/03\/buzon_digital_denuncias_drogas_comunidad_madrid.webp\" alt=\"\" class=\"wp-image-5944\" srcset=\"https:\/\/site.educa.madrid.org\/ies.salvadorallende.fuenlabrada\/\/wp-content\/uploads\/ies.salvadorallende.fuenlabrada\/2025\/03\/buzon_digital_denuncias_drogas_comunidad_madrid.webp 300w, https:\/\/site.educa.madrid.org\/ies.salvadorallende.fuenlabrada\/\/wp-content\/uploads\/ies.salvadorallende.fuenlabrada\/2025\/03\/buzon_digital_denuncias_drogas_comunidad_madrid-234x300.webp 234w\" sizes=\"auto, (max-width: 300px) 100vw, 300px\" \/><\/a><\/figure>\n<\/div>\n<\/div>\n","protected":false},"excerpt":{"rendered":"<p>Desde el IES Salvador Allende queremos informarles sobre la puesta en marcha del buz\u00f3n de denuncias an\u00f3nimo, una iniciativa de la Comunidad de Madrid dentro del plan regional contra las &#8230;<\/p>\n","protected":false},"author":2,"featured_media":0,"parent":0,"menu_order":0,"comment_status":"closed","ping_status":"closed","template":"","meta":{"footnotes":""},"folder":[],"class_list":["post-5939","page","type-page","status-publish","hentry"],"rttpg_featured_image_url":null,"rttpg_author":{"display_name":"tic.ies.salvadorallende.fuenlabrada","author_link":"https:\/\/site.educa.madrid.org\/ies.salvadorallende.fuenlabrada\/index.php\/author\/cuenta_tic-ies-salvadorallende-fuenlabrada\/"},"rttpg_comment":0,"rttpg_category":false,"rttpg_excerpt":"Desde el IES Salvador Allende queremos informarles sobre la puesta en marcha del buz\u00f3n de denuncias an\u00f3nimo, una iniciativa de la Comunidad de Madrid dentro del plan regional contra las ...","post_mailing_queue_ids":[],"_links":{"self":[{"href":"https:\/\/site.educa.madrid.org\/ies.salvadorallende.fuenlabrada\/index.php\/wp-json\/wp\/v2\/pages\/5939","targetHints":{"allow":["GET"]}}],"collection":[{"href":"https:\/\/site.educa.madrid.org\/ies.salvadorallende.fuenlabrada\/index.php\/wp-json\/wp\/v2\/pages"}],"about":[{"href":"https:\/\/site.educa.madrid.org\/ies.salvadorallende.fuenlabrada\/index.php\/wp-json\/wp\/v2\/types\/page"}],"author":[{"embeddable":true,"href":"https:\/\/site.educa.madrid.org\/ies.salvadorallende.fuenlabrada\/index.php\/wp-json\/wp\/v2\/users\/2"}],"replies":[{"embeddable":true,"href":"https:\/\/site.educa.madrid.org\/ies.salvadorallende.fuenlabrada\/index.php\/wp-json\/wp\/v2\/comments?post=5939"}],"version-history":[{"count":10,"href":"https:\/\/site.educa.madrid.org\/ies.salvadorallende.fuenlabrada\/index.php\/wp-json\/wp\/v2\/pages\/5939\/revisions"}],"predecessor-version":[{"id":5966,"href":"https:\/\/site.educa.madrid.org\/ies.salvadorallende.fuenlabrada\/index.php\/wp-json\/wp\/v2\/pages\/5939\/revisions\/5966"}],"wp:attachment":[{"href":"https:\/\/site.educa.madrid.org\/ies.salvadorallende.fuenlabrada\/index.php\/wp-json\/wp\/v2\/media?parent=5939"}],"wp:term":[{"taxonomy":"folder","embeddable":true,"href":"https:\/\/site.educa.madrid.org\/ies.salvadorallende.fuenlabrada\/index.php\/wp-json\/wp\/v2\/folder?post=5939"}],"curies":[{"name":"wp","href":"https:\/\/api.w.org\/{rel}","templated":true}]}}